{"id":5696,"date":"2026-01-14T12:55:51","date_gmt":"2026-01-14T12:55:51","guid":{"rendered":"https:\/\/turkishtrade.co\/product\/men-s-leather-ankle-boots-2\/"},"modified":"2026-04-09T19:26:49","modified_gmt":"2026-04-09T19:26:49","slug":"mens-leather-ankle-boots","status":"publish","type":"product","link":"https:\/\/turkishtrade.co\/fr\/shop\/mens-leather-ankle-boots\/","title":{"rendered":"Premium Black Calf Leather Men's Ankle Boots"},"content":{"rendered":"<p><strong>Bottes en cuir pour hommes<\/strong><\/p>\n<p>Entrez dans un style intemporel et un confort in\u00e9gal\u00e9 gr\u00e2ce \u00e0 notre <strong>Premium Black Calf Leather Men's Ankle Boots<\/strong>. Con\u00e7ues pour le gentleman moderne, ces bottes polyvalentes t\u00e9moignent d'une qualit\u00e9 et d'un design sophistiqu\u00e9s. Que vous vous rendiez \u00e0 une r\u00e9union d'affaires d\u00e9contract\u00e9e ou que vous sortiez le week-end, ces bottes vous permettront de vous sentir \u00e0 l'aise. <strong>bottines en cuir pour hommes<\/strong> offrent un m\u00e9lange parfait d'\u00e9l\u00e9gance et de durabilit\u00e9.<\/p>\n<p><h3>Un savoir-faire et des mat\u00e9riaux in\u00e9gal\u00e9s<\/h3>\n<\/p>\n<p>L'ext\u00e9rieur de ces bottes exceptionnelles est fabriqu\u00e9 en cuir de veau de qualit\u00e9 sup\u00e9rieure, r\u00e9put\u00e9 pour sa texture souple et sa r\u00e9sistance durable. Le design incorpore judicieusement une finition polie et lisse sur l'empeigne et les orteils, ainsi qu'une texture raffin\u00e9e et mate sur la tige de la cheville, ce qui ajoute une profondeur visuelle sophistiqu\u00e9e. Cette utilisation m\u00e9ticuleuse du cuir de veau de premi\u00e8re qualit\u00e9 ne se contente pas de rehausser l'attrait esth\u00e9tique de ces chaussures, mais elle garantit \u00e9galement qu'elles ne se d\u00e9pr\u00e9cieront pas au fil du temps. <strong>bottines en cuir pour hommes<\/strong> vieillira magnifiquement, d\u00e9veloppant une patine unique au fil du temps.<\/p>\n<p>\u00c0 l'int\u00e9rieur, vos pieds b\u00e9n\u00e9ficieront de la douceur luxueuse d'une doublure en cuir de ch\u00e8vre v\u00e9ritable, offrant une respirabilit\u00e9 et un confort sup\u00e9rieurs pour une utilisation tout au long de la journ\u00e9e. Cet engagement en faveur de mat\u00e9riaux de qualit\u00e9 garantit un environnement confortable et sain pour vos pieds.<\/p>\n<p><h3>Con\u00e7u pour le confort et la polyvalence<\/h3>\n<\/p>\n<p>Con\u00e7ues avec la forme et la fonction \u00e0 l'esprit, ces bottes sont dot\u00e9es d'une fermeture \u00e0 lacets classique pour un ajustement s\u00fbr et ajustable. La semelle EVA, \u00e0 la fois robuste et l\u00e9g\u00e8re, offre un excellent amorti et une traction fiable, pour que chaque pas soit un plaisir. Avec une hauteur de talon confortable de 1 \u00e0 3 cm, ces bottes sont con\u00e7ues pour un confort durable sans compromis sur le style.<\/p>\n<p>Disponibles dans une large gamme de tailles allant de l'UE 39 \u00e0 l'UE 45, il est facile de trouver la chaussure id\u00e9ale. Ces chaussures <strong>bottines en cuir pour hommes<\/strong> sont le choix id\u00e9al pour rehausser les ensembles \u00e9l\u00e9gants et d\u00e9contract\u00e9s, apportant une touche sophistiqu\u00e9e \u00e0 toute tenue.<\/p>\n<p><h3>Opportunit\u00e9 de vente en gros de chaussures haut de gamme<\/h3>\n<\/p>\n<p>Id\u00e9ales pour les d\u00e9taillants et les entreprises \u00e0 la recherche de chaussures de haute qualit\u00e9, ces <strong>bottines en cuir pour hommes<\/strong> sont disponibles \u00e0 l'achat en gros avec une commande minimum de 8 paires. Nous garantissons un traitement efficace, les commandes \u00e9tant g\u00e9n\u00e9ralement exp\u00e9di\u00e9es dans les 12 jours, plus le d\u00e9lai d'exp\u00e9dition, ce qui vous permet de vous approvisionner en toute confiance. Investissez dans des chaussures qui allient savoir-faire artisanal et style durable, et offrez \u00e0 vos clients un produit qui se d\u00e9marque.<\/p>\n<p>Am\u00e9liorez votre collection avec ces produits essentiels et \u00e9l\u00e9gants. <strong>bottines en cuir pour hommes<\/strong>, Un atout pour tout acqu\u00e9reur exigeant.<\/p>","protected":false},"excerpt":{"rendered":"<ul>\n<li><strong>Mat\u00e9riau ext\u00e9rieur :<\/strong> Cuir de veau de premi\u00e8re qualit\u00e9 pour un style sophistiqu\u00e9 et une grande durabilit\u00e9, avec des textures \u00e0 la fois polies et mates.<\/li>\n<li><strong>Mat\u00e9riau int\u00e9rieur :<\/strong> Doublure en cuir de ch\u00e8vre luxueux pour un confort ultime et une bonne respirabilit\u00e9.<\/li>\n<li><strong>Semelle :<\/strong> Semelle EVA l\u00e9g\u00e8re mais durable pour un confort tout au long de la journ\u00e9e et une excellente traction.<\/li>\n<li><strong>Hauteur du talon :<\/strong> Talon bas classique (environ 1-3 cm), id\u00e9al pour un confort durable.<\/li>\n<li><strong>Tailles disponibles :<\/strong> La gamme compl\u00e8te s'\u00e9tend de l'UE 39 \u00e0 l'UE 45 pour r\u00e9pondre \u00e0 des besoins divers.<\/li>\n<li><strong>Commande minimale :<\/strong> Commande en vrac pratique avec un minimum de 8 paires.<\/li>\n<li><strong>D\u00e9lai de livraison :<\/strong> Les commandes sont exp\u00e9di\u00e9es dans un d\u00e9lai de 12 jours + frais de port pour un approvisionnement efficace.<\/li>\n<\/ul>","protected":false},"featured_media":3818,"template":"","meta":{"_acf_changed":false,"_uag_custom_page_level_css":"","site-sidebar-layout":"default","site-content-layout":"","ast-site-content-layout":"default","site-content-style":"default","site-sidebar-style":"default","ast-global-header-display":"","ast-banner-title-visibility":"","ast-main-header-display":"","ast-hfb-above-header-display":"","ast-hfb-below-header-display":"","ast-hfb-mobile-header-display":"","site-post-title":"","ast-breadcrumbs-content":"","ast-featured-img":"","footer-sml-layout":"","ast-disable-related-posts":"","theme-transparent-header-meta":"","adv-header-id-meta":"","stick-header-meta":"","header-above-stick-meta":"","header-main-stick-meta":"","header-below-stick-meta":"","astra-migrate-meta-layouts":"default","ast-page-background-enabled":"default","ast-page-background-meta":{"desktop":{"background-color":"var(--ast-global-color-4)","background-image":"","background-repeat":"repeat","background-position":"center center","background-size":"auto","background-attachment":"scroll","background-type":"","background-media":"","overlay-type":"","overlay-color":"","overlay-opacity":"","overlay-gradient":""},"tablet":{"background-color":"","background-image":"","background-repeat":"repeat","background-position":"center center","background-size":"auto","background-attachment":"scroll","background-type":"","background-media":"","overlay-type":"","overlay-color":"","overlay-opacity":"","overlay-gradient":""},"mobile":{"background-color":"","background-image":"","background-repeat":"repeat","background-position":"center center","background-size":"auto","background-attachment":"scroll","background-type":"","background-media":"","overlay-type":"","overlay-color":"","overlay-opacity":"","overlay-gradient":""}},"ast-content-background-meta":{"desktop":{"background-color":"var(--ast-global-color-5)","background-image":"","background-repeat":"repeat","background-position":"center center","background-size":"auto","background-attachment":"scroll","background-type":"","background-media":"","overlay-type":"","overlay-color":"","overlay-opacity":"","overlay-gradient":""},"tablet":{"background-color":"var(--ast-global-color-5)","background-image":"","background-repeat":"repeat","background-position":"center center","background-size":"auto","background-attachment":"scroll","background-type":"","background-media":"","overlay-type":"","overlay-color":"","overlay-opacity":"","overlay-gradient":""},"mobile":{"background-color":"var(--ast-global-color-5)","background-image":"","background-repeat":"repeat","background-position":"center center","background-size":"auto","background-attachment":"scroll","background-type":"","background-media":"","overlay-type":"","overlay-color":"","overlay-opacity":"","overlay-gradient":""}}},"product_brand":[],"product_cat":[52,47,430,40],"product_tag":[463,1008,200,202,474,545,438,437,994,476,461,198,362,210,473],"class_list":{"0":"post-5696","1":"product","2":"type-product","3":"status-publish","4":"has-post-thumbnail","6":"product_cat-boots","7":"product_cat-classic","8":"product_cat-men","9":"product_cat-mens-shoes","10":"product_tag-ankle-boots","11":"product_tag-black-boots","12":"product_tag-business-casual","13":"product_tag-calf-leather","14":"product_tag-comfortable-boots","15":"product_tag-eu-39-45","16":"product_tag-eva-sole","17":"product_tag-goat-leather","18":"product_tag-lace-up-boots","19":"product_tag-leather-boots","20":"product_tag-mens-boots","21":"product_tag-mens-fashion","22":"product_tag-premium-footwear","23":"product_tag-smart-casual","24":"product_tag-wholesale-boots","25":"desktop-align-center","26":"tablet-align-center","27":"mobile-align-center","29":"first","30":"instock","31":"shipping-taxable","32":"purchasable","33":"product-type-variable","34":"has-default-attributes"},"acf":[],"uagb_featured_image_src":{"full":["https:\/\/turkishtrade.co\/wp-content\/uploads\/2026\/01\/2400EJOMN00275-BROWN-Y_433.png",453,250,false],"thumbnail":["https:\/\/turkishtrade.co\/wp-content\/uploads\/2026\/01\/2400EJOMN00275-BROWN-Y_433-150x150.png",150,150,true],"medium":["https:\/\/turkishtrade.co\/wp-content\/uploads\/2026\/01\/2400EJOMN00275-BROWN-Y_433-300x166.png",300,166,true],"medium_large":["https:\/\/turkishtrade.co\/wp-content\/uploads\/2026\/01\/2400EJOMN00275-BROWN-Y_433.png",453,250,false],"large":["https:\/\/turkishtrade.co\/wp-content\/uploads\/2026\/01\/2400EJOMN00275-BROWN-Y_433.png",453,250,false],"1536x1536":["https:\/\/turkishtrade.co\/wp-content\/uploads\/2026\/01\/2400EJOMN00275-BROWN-Y_433.png",453,250,false],"2048x2048":["https:\/\/turkishtrade.co\/wp-content\/uploads\/2026\/01\/2400EJOMN00275-BROWN-Y_433.png",453,250,false],"trp-custom-language-flag":["https:\/\/turkishtrade.co\/wp-content\/uploads\/2026\/01\/2400EJOMN00275-BROWN-Y_433-18x10.png",18,10,true],"woocommerce_thumbnail":["https:\/\/turkishtrade.co\/wp-content\/uploads\/2026\/01\/2400EJOMN00275-BROWN-Y_433-400x250.png",400,250,true],"woocommerce_single":["https:\/\/turkishtrade.co\/wp-content\/uploads\/2026\/01\/2400EJOMN00275-BROWN-Y_433.png",453,250,false],"woocommerce_gallery_thumbnail":["https:\/\/turkishtrade.co\/wp-content\/uploads\/2026\/01\/2400EJOMN00275-BROWN-Y_433-100x100.png",100,100,true]},"uagb_author_info":{"display_name":"yaser olabi","author_link":"https:\/\/turkishtrade.co\/fr\/author\/"},"uagb_comment_info":0,"uagb_excerpt":"Outer Material: Premium Calf Leather for sophisticated style and durability, featuring both polished and matte textures. Inner Material: Luxurious Goat Leather lining for ultimate comfort and breathability. Sole: Lightweight yet durable EVA sole for all-day comfort and excellent traction. Heel Height: Classic low heel (approximately 1-3 cm), ideal for sustained comfort. Available Sizes: Comprehensive range\u2026","_links":{"self":[{"href":"https:\/\/turkishtrade.co\/fr\/wp-json\/wp\/v2\/product\/5696","targetHints":{"allow":["GET"]}}],"collection":[{"href":"https:\/\/turkishtrade.co\/fr\/wp-json\/wp\/v2\/product"}],"about":[{"href":"https:\/\/turkishtrade.co\/fr\/wp-json\/wp\/v2\/types\/product"}],"wp:featuredmedia":[{"embeddable":true,"href":"https:\/\/turkishtrade.co\/fr\/wp-json\/wp\/v2\/media\/3818"}],"wp:attachment":[{"href":"https:\/\/turkishtrade.co\/fr\/wp-json\/wp\/v2\/media?parent=5696"}],"wp:term":[{"taxonomy":"product_brand","embeddable":true,"href":"https:\/\/turkishtrade.co\/fr\/wp-json\/wp\/v2\/product_brand?post=5696"},{"taxonomy":"product_cat","embeddable":true,"href":"https:\/\/turkishtrade.co\/fr\/wp-json\/wp\/v2\/product_cat?post=5696"},{"taxonomy":"product_tag","embeddable":true,"href":"https:\/\/turkishtrade.co\/fr\/wp-json\/wp\/v2\/product_tag?post=5696"}],"curies":[{"name":"wp","href":"https:\/\/api.w.org\/{rel}","templated":true}]}}