{"id":5693,"date":"2026-01-14T12:55:29","date_gmt":"2026-01-14T12:55:29","guid":{"rendered":"https:\/\/turkishtrade.co\/product\/men-s-leather-ankle-boots\/"},"modified":"2026-04-09T19:26:55","modified_gmt":"2026-04-09T19:26:55","slug":"mens-leather-ankle-boots-2","status":"publish","type":"product","link":"https:\/\/turkishtrade.co\/fr\/shop\/mens-leather-ankle-boots-2\/","title":{"rendered":"Bottines en cuir de premi\u00e8re qualit\u00e9 pour hommes, fabriqu\u00e9es \u00e0 la main"},"content":{"rendered":"<p><strong>Bottes en cuir pour hommes<\/strong><\/p>\n<p>D\u00e9couvrez l'incarnation de la sophistication classique et du confort moderne avec notre collection d'objets fabriqu\u00e9s \u00e0 la main. <strong>Bottes en cuir pour hommes<\/strong>. M\u00e9ticuleusement con\u00e7ues pour le gentleman exigeant, ces bottes de qualit\u00e9 sup\u00e9rieure allient harmonieusement l'\u00e9l\u00e9gance intemporelle \u00e0 un savoir-faire de qualit\u00e9 sup\u00e9rieure, ce qui en fait un compl\u00e9ment indispensable \u00e0 toute garde-robe. Chaque paire de <strong>Bottes en cuir pour hommes<\/strong> refl\u00e8te une volont\u00e9 de qualit\u00e9 et de style qui r\u00e9siste \u00e0 l'\u00e9preuve du temps.<\/p>\n<p><h3>Un savoir-faire in\u00e9gal\u00e9 et des mat\u00e9riaux de premi\u00e8re qualit\u00e9<\/h3>\n<\/p>\n<p>Notre engagement en faveur de l'excellence commence par la s\u00e9lection des meilleurs mat\u00e9riaux. L'ext\u00e9rieur de ces maisons d'exception <strong>Bottes en cuir pour hommes<\/strong> est fabriqu\u00e9e en cuir de veau v\u00e9ritable 100%, r\u00e9put\u00e9 pour sa texture souple, sa durabilit\u00e9 et sa brillance luxueuse. Ce cuir de qualit\u00e9 ne se contente pas d'avoir un aspect exquis, il se moule \u00e9galement \u00e0 votre pied au fil du temps, garantissant un ajustement sur mesure.<\/p>\n<p>\u00c0 l'int\u00e9rieur, vos pieds sont berc\u00e9s par une somptueuse doublure en cuir de ch\u00e8vre, offrant une respirabilit\u00e9 et un confort in\u00e9gal\u00e9 d\u00e8s le moment o\u00f9 vous les enfilez. Les coutures m\u00e9ticuleuses et l'attention port\u00e9e aux d\u00e9tails soulignent la nature artisanale de ces chaussures. <strong>Bottes en cuir pour hommes<\/strong>, Le personnel de l'entreprise s'assure que chaque couture et chaque finition r\u00e9pondent aux normes les plus strictes.<\/p>\n<p><h3>Con\u00e7u pour le style et le confort tout au long de la journ\u00e9e<\/h3>\n<\/p>\n<p>La conception de notre <strong>Bottes en cuir pour hommes<\/strong> se caract\u00e9rise par un bout pointu distingu\u00e9 avec d'\u00e9l\u00e9gants d\u00e9tails de broderie, une fermeture \u00e0 lacets classique et un talon bas robuste mais confortable (environ 1-3 cm).<\/p>\n<p>Cette esth\u00e9tique intemporelle les rend incroyablement polyvalentes, adapt\u00e9es \u00e0 une myriade d'occasions. Que ce soit pour une journ\u00e9e de travail charg\u00e9e, un \u00e9v\u00e9nement formel ou une sortie d\u00e9contract\u00e9e, ces bottes rehausseront votre tenue. La semelle l\u00e9g\u00e8re en EVA est con\u00e7ue pour un amorti et une flexibilit\u00e9 sup\u00e9rieurs, offrant une excellente absorption des chocs et r\u00e9duisant la fatigue du pied, vous permettant de rester \u00e0 l'aise et confiant tout au long de la journ\u00e9e.<\/p>\n<p>D\u00e9couvrez des chaussures qui ne font aucun compromis en mati\u00e8re de style ou de confort gr\u00e2ce \u00e0 nos chaussures con\u00e7ues par des experts. <strong>Bottes en cuir pour hommes<\/strong>.<\/p>\n<p><h3>Une polyvalence pour toutes les occasions<\/h3>\n<\/p>\n<p>Ces produits polyvalents <strong>Bottes en cuir pour hommes<\/strong> sont disponibles dans des teintes classiques et riches telles que le marine profond (comme on le voit sur l'image principale) et le marron fonc\u00e9 sophistiqu\u00e9, offrant des options pour compl\u00e9ter n'importe quelle tenue.<\/p>\n<p>Associez-les \u00e0 des costumes cintr\u00e9s pour une allure professionnelle soign\u00e9e, ou habillez-les d'un pantalon chino et d'un blazer pour une allure d\u00e9contract\u00e9e et raffin\u00e9e. La nature adaptable de nos <strong>Bottes en cuir pour hommes<\/strong> en font un investissement judicieux pour tout homme cherchant \u00e0 enrichir sa collection de chaussures avec des options durables, \u00e9l\u00e9gantes et confortables.<\/p>\n<p><h3>Disponibilit\u00e9 en vrac pour les d\u00e9taillants<\/h3>\n<\/p>\n<p>Pour les entreprises et les d\u00e9taillants qui cherchent \u00e0 stocker des chaussures artisanales de haute qualit\u00e9, nos chaussures premium <strong>Bottes en cuir pour hommes<\/strong> sont disponibles pour les commandes en gros. Nous demandons une quantit\u00e9 minimale de 8 paires, avec un d\u00e9lai de production et de livraison d'environ 12 jours, plus les frais d'exp\u00e9dition. Faites \u00e9quipe avec nous pour offrir \u00e0 vos clients des chaussures exceptionnelles qui incarnent le luxe, l'artisanat et un style durable.<\/p>\n<p>Investir dans les primes <strong>Bottes en cuir pour hommes<\/strong> qui promettent satisfaction et fid\u00e9lisation.<\/p>","protected":false},"excerpt":{"rendered":"<ul>\n<li>Fabriqu\u00e9 \u00e0 la main avec un ext\u00e9rieur en cuir de veau luxueux et une doublure en cuir de ch\u00e8vre somptueusement douce pour un confort ultime.<\/li>\n<li>Dot\u00e9e d'une semelle EVA l\u00e9g\u00e8re mais tr\u00e8s r\u00e9sistante, con\u00e7ue pour \u00eatre port\u00e9e toute la journ\u00e9e et offrir une traction fiable.<\/li>\n<li>Con\u00e7u avec un talon bas classique et intemporel (environ 1-3 cm), il offre un style sophistiqu\u00e9 et un soutien stable.<\/li>\n<li>Disponible dans une large gamme de tailles europ\u00e9ennes : 39, 40, 41, 42, 43, 44, 45 pour garantir un ajustement parfait.<\/li>\n<li>Id\u00e9al pour la vente en gros, avec une quantit\u00e9 minimale de commande de 8 paires.<\/li>\n<li>D\u00e9lai de production et de livraison : 12 jours plus les frais d'exp\u00e9dition.<\/li>\n<\/ul>","protected":false},"featured_media":3817,"template":"","meta":{"_acf_changed":false,"_uag_custom_page_level_css":"","site-sidebar-layout":"default","site-content-layout":"","ast-site-content-layout":"default","site-content-style":"default","site-sidebar-style":"default","ast-global-header-display":"","ast-banner-title-visibility":"","ast-main-header-display":"","ast-hfb-above-header-display":"","ast-hfb-below-header-display":"","ast-hfb-mobile-header-display":"","site-post-title":"","ast-breadcrumbs-content":"","ast-featured-img":"","footer-sml-layout":"","ast-disable-related-posts":"","theme-transparent-header-meta":"","adv-header-id-meta":"","stick-header-meta":"","header-above-stick-meta":"","header-main-stick-meta":"","header-below-stick-meta":"","astra-migrate-meta-layouts":"default","ast-page-background-enabled":"default","ast-page-background-meta":{"desktop":{"background-color":"var(--ast-global-color-4)","background-image":"","background-repeat":"repeat","background-position":"center center","background-size":"auto","background-attachment":"scroll","background-type":"","background-media":"","overlay-type":"","overlay-color":"","overlay-opacity":"","overlay-gradient":""},"tablet":{"background-color":"","background-image":"","background-repeat":"repeat","background-position":"center center","background-size":"auto","background-attachment":"scroll","background-type":"","background-media":"","overlay-type":"","overlay-color":"","overlay-opacity":"","overlay-gradient":""},"mobile":{"background-color":"","background-image":"","background-repeat":"repeat","background-position":"center center","background-size":"auto","background-attachment":"scroll","background-type":"","background-media":"","overlay-type":"","overlay-color":"","overlay-opacity":"","overlay-gradient":""}},"ast-content-background-meta":{"desktop":{"background-color":"var(--ast-global-color-5)","background-image":"","background-repeat":"repeat","background-position":"center center","background-size":"auto","background-attachment":"scroll","background-type":"","background-media":"","overlay-type":"","overlay-color":"","overlay-opacity":"","overlay-gradient":""},"tablet":{"background-color":"var(--ast-global-color-5)","background-image":"","background-repeat":"repeat","background-position":"center center","background-size":"auto","background-attachment":"scroll","background-type":"","background-media":"","overlay-type":"","overlay-color":"","overlay-opacity":"","overlay-gradient":""},"mobile":{"background-color":"var(--ast-global-color-5)","background-image":"","background-repeat":"repeat","background-position":"center center","background-size":"auto","background-attachment":"scroll","background-type":"","background-media":"","overlay-type":"","overlay-color":"","overlay-opacity":"","overlay-gradient":""}}},"product_brand":[],"product_cat":[52,47,430,40],"product_tag":[463,993,1009,202,1012,999,995,464,438,478,437,1017,476,461,1018,472],"class_list":{"0":"post-5693","1":"product","2":"type-product","3":"status-publish","4":"has-post-thumbnail","6":"product_cat-boots","7":"product_cat-classic","8":"product_cat-men","9":"product_cat-mens-shoes","10":"product_tag-ankle-boots","11":"product_tag-brogue-boots","12":"product_tag-brown-boots","13":"product_tag-calf-leather","14":"product_tag-cap-toe-boots","15":"product_tag-casual-boots","16":"product_tag-classic-boots","17":"product_tag-dress-boots","18":"product_tag-eva-sole","19":"product_tag-formal-boots","20":"product_tag-goat-leather","21":"product_tag-handcrafted-boots","22":"product_tag-leather-boots","23":"product_tag-mens-boots","24":"product_tag-navy-boots","25":"product_tag-premium-boots","26":"desktop-align-center","27":"tablet-align-center","28":"mobile-align-center","30":"first","31":"instock","32":"shipping-taxable","33":"purchasable","34":"product-type-variable","35":"has-default-attributes"},"acf":[],"uagb_featured_image_src":{"full":["https:\/\/turkishtrade.co\/wp-content\/uploads\/2026\/01\/2400EJOMN00274-DARK-BROWN-X_874.png",453,250,false],"thumbnail":["https:\/\/turkishtrade.co\/wp-content\/uploads\/2026\/01\/2400EJOMN00274-DARK-BROWN-X_874-150x150.png",150,150,true],"medium":["https:\/\/turkishtrade.co\/wp-content\/uploads\/2026\/01\/2400EJOMN00274-DARK-BROWN-X_874-300x166.png",300,166,true],"medium_large":["https:\/\/turkishtrade.co\/wp-content\/uploads\/2026\/01\/2400EJOMN00274-DARK-BROWN-X_874.png",453,250,false],"large":["https:\/\/turkishtrade.co\/wp-content\/uploads\/2026\/01\/2400EJOMN00274-DARK-BROWN-X_874.png",453,250,false],"1536x1536":["https:\/\/turkishtrade.co\/wp-content\/uploads\/2026\/01\/2400EJOMN00274-DARK-BROWN-X_874.png",453,250,false],"2048x2048":["https:\/\/turkishtrade.co\/wp-content\/uploads\/2026\/01\/2400EJOMN00274-DARK-BROWN-X_874.png",453,250,false],"trp-custom-language-flag":["https:\/\/turkishtrade.co\/wp-content\/uploads\/2026\/01\/2400EJOMN00274-DARK-BROWN-X_874-18x10.png",18,10,true],"woocommerce_thumbnail":["https:\/\/turkishtrade.co\/wp-content\/uploads\/2026\/01\/2400EJOMN00274-DARK-BROWN-X_874-400x250.png",400,250,true],"woocommerce_single":["https:\/\/turkishtrade.co\/wp-content\/uploads\/2026\/01\/2400EJOMN00274-DARK-BROWN-X_874.png",453,250,false],"woocommerce_gallery_thumbnail":["https:\/\/turkishtrade.co\/wp-content\/uploads\/2026\/01\/2400EJOMN00274-DARK-BROWN-X_874-100x100.png",100,100,true]},"uagb_author_info":{"display_name":"yaser olabi","author_link":"https:\/\/turkishtrade.co\/fr\/author\/"},"uagb_comment_info":0,"uagb_excerpt":"Handcrafted with a luxurious Calf Leather exterior and sumptuously soft Goat Leather lining for ultimate comfort. Features a lightweight yet highly durable EVA sole, engineered for all-day wearability and reliable traction. Designed with a timeless classic low block heel (approximately 1-3 cm) offering sophisticated style and stable support. Available in a comprehensive range of EU\u2026","_links":{"self":[{"href":"https:\/\/turkishtrade.co\/fr\/wp-json\/wp\/v2\/product\/5693","targetHints":{"allow":["GET"]}}],"collection":[{"href":"https:\/\/turkishtrade.co\/fr\/wp-json\/wp\/v2\/product"}],"about":[{"href":"https:\/\/turkishtrade.co\/fr\/wp-json\/wp\/v2\/types\/product"}],"wp:featuredmedia":[{"embeddable":true,"href":"https:\/\/turkishtrade.co\/fr\/wp-json\/wp\/v2\/media\/3817"}],"wp:attachment":[{"href":"https:\/\/turkishtrade.co\/fr\/wp-json\/wp\/v2\/media?parent=5693"}],"wp:term":[{"taxonomy":"product_brand","embeddable":true,"href":"https:\/\/turkishtrade.co\/fr\/wp-json\/wp\/v2\/product_brand?post=5693"},{"taxonomy":"product_cat","embeddable":true,"href":"https:\/\/turkishtrade.co\/fr\/wp-json\/wp\/v2\/product_cat?post=5693"},{"taxonomy":"product_tag","embeddable":true,"href":"https:\/\/turkishtrade.co\/fr\/wp-json\/wp\/v2\/product_tag?post=5693"}],"curies":[{"name":"wp","href":"https:\/\/api.w.org\/{rel}","templated":true}]}}