{"id":5689,"date":"2026-01-14T12:55:01","date_gmt":"2026-01-14T12:55:01","guid":{"rendered":"https:\/\/turkishtrade.co\/product\/mens-leather-buckle-boots\/"},"modified":"2026-04-09T19:27:01","modified_gmt":"2026-04-09T19:27:01","slug":"mens-leather-buckle-boots","status":"publish","type":"product","link":"https:\/\/turkishtrade.co\/fr\/shop\/mens-leather-buckle-boots\/","title":{"rendered":"Bottes \u00e0 double boucle en cuir v\u00e9ritable pour hommes"},"content":{"rendered":"<p><strong>Bottes \u00e0 boucles en cuir pour hommes<\/strong><\/p>\n<p>\u00c9levez votre collection de chaussures gr\u00e2ce \u00e0 nos chaussures exquises. <b>Bottes \u00e0 boucles en cuir pour hommes<\/b>, Ces bottes ont \u00e9t\u00e9 m\u00e9ticuleusement con\u00e7ues pour le gentleman exigeant. Ces bottes haut de gamme allient \u00e9l\u00e9gance intemporelle et savoir-faire moderne, offrant \u00e0 la fois un style sophistiqu\u00e9 et un confort exceptionnel. Fabriqu\u00e9es en cuir bovin de haute qualit\u00e9 pour la surface ext\u00e9rieure, ces bottes pr\u00e9sentent un look \u00e9l\u00e9gant et poli, disponible en noir classique et en brun riche, parfait pour toutes les occasions.<\/p>\n<p>Le design distinctif de la double boucle est plus qu'un simple choix esth\u00e9tique ; il s\u00e9curise le port tout en ajoutant une touche de charme monacal classique, ce qui fait de ces chaussures un produit de qualit\u00e9. <b>bottes \u00e0 boucle en cuir pour hommes<\/b> se distinguent des chaussures ordinaires. Le subtil d\u00e9tail du bout de la chaussure renforce leur attrait formel, garantissant qu'elles sont suffisamment polyvalentes pour les environnements professionnels et les sorties d\u00e9contract\u00e9es et \u00e9l\u00e9gantes. Chaque paire t\u00e9moigne d'une qualit\u00e9 artistique sup\u00e9rieure, promettant durabilit\u00e9 et style durable.<\/p>\n<p><h3>Un confort in\u00e9gal\u00e9 et des mat\u00e9riaux de qualit\u00e9<\/h3>\n<\/p>\n<p>Faites l'exp\u00e9rience d'un confort in\u00e9gal\u00e9 avec ces <b>bottes \u00e0 boucle en cuir pour hommes<\/b>, Ce mod\u00e8le est dot\u00e9 d'une luxueuse doublure en cuir de ch\u00e8vre. Cet int\u00e9rieur doux et respirant berce vos pieds, offrant un confort tout au long de la journ\u00e9e et r\u00e9duisant la fatigue, une caract\u00e9ristique cruciale pour tous ceux qui passent de longues heures debout. La semelle en EVA, \u00e0 la fois robuste et l\u00e9g\u00e8re, offre une excellente adh\u00e9rence et un bon amorti, contribuant ainsi \u00e0 une foul\u00e9e confortable \u00e0 chaque pas. Le talon subtil et confortable assure la stabilit\u00e9 sans compromettre le style.<\/p>\n<p><h3>Polyvalence et disponibilit\u00e9 en vrac<\/h3>\n<\/p>\n<p>Notre <b>bottes \u00e0 boucle en cuir pour hommes<\/b> ne sont pas seulement une question de style, mais aussi un investissement dans des chaussures de qualit\u00e9. Id\u00e9ales pour les grossistes et les d\u00e9taillants, nous proposons des commandes en gros \u00e0 partir d'un minimum de 8 paires. Avec un d\u00e9lai de production et de livraison d'environ 12 jours plus les frais d'exp\u00e9dition, vous pouvez vous approvisionner efficacement en ces articles recherch\u00e9s.<\/p>\n<p>Disponibles dans une large gamme de tailles allant de 39 \u00e0 45, ces <b>bottes \u00e0 boucle en cuir pour hommes<\/b> r\u00e9pondre aux besoins d'une large client\u00e8le, en garantissant une forte demande et la satisfaction des clients.<\/p>\n<p>Qu'il s'agisse d'un \u00e9v\u00e9nement formel, d'une r\u00e9union d'affaires ou d'un ensemble \u00e9l\u00e9gant pour le week-end, ces <b>bottes \u00e0 boucle en cuir pour hommes<\/b> sont con\u00e7us pour compl\u00e9ter diverses tenues. Leur fabrication en cuir v\u00e9ritable est un gage de long\u00e9vit\u00e9 et s'am\u00e9liore avec l'\u00e2ge, d\u00e9veloppant une patine unique qui raconte votre histoire. Investissez dans la qualit\u00e9, le confort et un design sophistiqu\u00e9 avec notre collection exceptionnelle de chaussures de sport. <b>bottes \u00e0 boucle en cuir pour hommes<\/b>.<\/p>\n<p><h3>Commandez votre collection d\u00e8s aujourd'hui<\/h3>\n<\/p>\n<p>D\u00e9couvrez pourquoi ces <b>bottes \u00e0 boucle en cuir pour hommes<\/b> sont un compl\u00e9ment indispensable \u00e0 toute offre de chaussures haut de gamme. Contactez-nous pour obtenir les prix d\u00e9taill\u00e9s de notre liste de prix et profitez de nos options de commande en gros. \u00c9quipez vos clients avec des chaussures qui allient luxe, confort et attrait intemporel. Ces chaussures <b>bottes \u00e0 boucle en cuir pour hommes<\/b> sont pr\u00eats \u00e0 se faire remarquer.<\/p>","protected":false},"excerpt":{"rendered":"<ul>\n<li>Fabriqu\u00e9 en cuir bovin luxueux pour un ext\u00e9rieur raffin\u00e9.<\/li>\n<li>Doublure en cuir de ch\u00e8vre souple et respirant pour un confort sup\u00e9rieur.<\/li>\n<li>Semelle EVA l\u00e9g\u00e8re et durable.<\/li>\n<li>Design classique \u00e0 double boucle pour un attrait intemporel.<\/li>\n<li>Disponible dans une large gamme de tailles allant de 39 \u00e0 45.<\/li>\n<li>Disponible pour des commandes en vrac \u00e0 partir de 8 paires \u00e0 des prix comp\u00e9titifs.<\/li>\n<\/ul>","protected":false},"featured_media":3815,"template":"","meta":{"_acf_changed":false,"_uag_custom_page_level_css":"","site-sidebar-layout":"default","site-content-layout":"","ast-site-content-layout":"default","site-content-style":"default","site-sidebar-style":"default","ast-global-header-display":"","ast-banner-title-visibility":"","ast-main-header-display":"","ast-hfb-above-header-display":"","ast-hfb-below-header-display":"","ast-hfb-mobile-header-display":"","site-post-title":"","ast-breadcrumbs-content":"","ast-featured-img":"","footer-sml-layout":"","ast-disable-related-posts":"","theme-transparent-header-meta":"","adv-header-id-meta":"","stick-header-meta":"","header-above-stick-meta":"","header-main-stick-meta":"","header-below-stick-meta":"","astra-migrate-meta-layouts":"default","ast-page-background-enabled":"default","ast-page-background-meta":{"desktop":{"background-color":"var(--ast-global-color-4)","background-image":"","background-repeat":"repeat","background-position":"center center","background-size":"auto","background-attachment":"scroll","background-type":"","background-media":"","overlay-type":"","overlay-color":"","overlay-opacity":"","overlay-gradient":""},"tablet":{"background-color":"","background-image":"","background-repeat":"repeat","background-position":"center center","background-size":"auto","background-attachment":"scroll","background-type":"","background-media":"","overlay-type":"","overlay-color":"","overlay-opacity":"","overlay-gradient":""},"mobile":{"background-color":"","background-image":"","background-repeat":"repeat","background-position":"center center","background-size":"auto","background-attachment":"scroll","background-type":"","background-media":"","overlay-type":"","overlay-color":"","overlay-opacity":"","overlay-gradient":""}},"ast-content-background-meta":{"desktop":{"background-color":"var(--ast-global-color-5)","background-image":"","background-repeat":"repeat","background-position":"center center","background-size":"auto","background-attachment":"scroll","background-type":"","background-media":"","overlay-type":"","overlay-color":"","overlay-opacity":"","overlay-gradient":""},"tablet":{"background-color":"var(--ast-global-color-5)","background-image":"","background-repeat":"repeat","background-position":"center center","background-size":"auto","background-attachment":"scroll","background-type":"","background-media":"","overlay-type":"","overlay-color":"","overlay-opacity":"","overlay-gradient":""},"mobile":{"background-color":"var(--ast-global-color-5)","background-image":"","background-repeat":"repeat","background-position":"center center","background-size":"auto","background-attachment":"scroll","background-type":"","background-media":"","overlay-type":"","overlay-color":"","overlay-opacity":"","overlay-gradient":""}}},"product_brand":[],"product_cat":[52,47,430,40],"product_tag":[1008,1016,1009,477,999,1015,464,438,478,221,189,1017,476,461,1014,210],"class_list":{"0":"post-5689","1":"product","2":"type-product","3":"status-publish","4":"has-post-thumbnail","6":"product_cat-boots","7":"product_cat-classic","8":"product_cat-men","9":"product_cat-mens-shoes","10":"product_tag-black-boots","11":"product_tag-bovine-leather","12":"product_tag-brown-boots","13":"product_tag-buckle-boots","14":"product_tag-casual-boots","15":"product_tag-double-buckle-boots","16":"product_tag-dress-boots","17":"product_tag-eva-sole","18":"product_tag-formal-boots","19":"product_tag-genuine-leather","20":"product_tag-goat-leather-lining","21":"product_tag-handcrafted-boots","22":"product_tag-leather-boots","23":"product_tag-mens-boots","24":"product_tag-monk-strap-boots","25":"product_tag-smart-casual","26":"desktop-align-center","27":"tablet-align-center","28":"mobile-align-center","30":"first","31":"instock","32":"shipping-taxable","33":"purchasable","34":"product-type-variable","35":"has-default-attributes"},"acf":[],"uagb_featured_image_src":{"full":["https:\/\/turkishtrade.co\/wp-content\/uploads\/2026\/01\/2400EJOMN00273-DARK-BROWN-X_12582.png",453,250,false],"thumbnail":["https:\/\/turkishtrade.co\/wp-content\/uploads\/2026\/01\/2400EJOMN00273-DARK-BROWN-X_12582-150x150.png",150,150,true],"medium":["https:\/\/turkishtrade.co\/wp-content\/uploads\/2026\/01\/2400EJOMN00273-DARK-BROWN-X_12582-300x166.png",300,166,true],"medium_large":["https:\/\/turkishtrade.co\/wp-content\/uploads\/2026\/01\/2400EJOMN00273-DARK-BROWN-X_12582.png",453,250,false],"large":["https:\/\/turkishtrade.co\/wp-content\/uploads\/2026\/01\/2400EJOMN00273-DARK-BROWN-X_12582.png",453,250,false],"1536x1536":["https:\/\/turkishtrade.co\/wp-content\/uploads\/2026\/01\/2400EJOMN00273-DARK-BROWN-X_12582.png",453,250,false],"2048x2048":["https:\/\/turkishtrade.co\/wp-content\/uploads\/2026\/01\/2400EJOMN00273-DARK-BROWN-X_12582.png",453,250,false],"trp-custom-language-flag":["https:\/\/turkishtrade.co\/wp-content\/uploads\/2026\/01\/2400EJOMN00273-DARK-BROWN-X_12582-18x10.png",18,10,true],"woocommerce_thumbnail":["https:\/\/turkishtrade.co\/wp-content\/uploads\/2026\/01\/2400EJOMN00273-DARK-BROWN-X_12582-400x250.png",400,250,true],"woocommerce_single":["https:\/\/turkishtrade.co\/wp-content\/uploads\/2026\/01\/2400EJOMN00273-DARK-BROWN-X_12582.png",453,250,false],"woocommerce_gallery_thumbnail":["https:\/\/turkishtrade.co\/wp-content\/uploads\/2026\/01\/2400EJOMN00273-DARK-BROWN-X_12582-100x100.png",100,100,true]},"uagb_author_info":{"display_name":"yaser olabi","author_link":"https:\/\/turkishtrade.co\/fr\/author\/"},"uagb_comment_info":0,"uagb_excerpt":"Crafted from luxurious Bovine Leather for a refined exterior. Lined with soft, breathable Goat Leather for superior comfort. Features a lightweight and durable EVA sole. Classic double buckle design for a timeless appeal. Available in a comprehensive size range from 39 to 45. Available for bulk orders starting from 8 pairs with competitive pricing.","_links":{"self":[{"href":"https:\/\/turkishtrade.co\/fr\/wp-json\/wp\/v2\/product\/5689","targetHints":{"allow":["GET"]}}],"collection":[{"href":"https:\/\/turkishtrade.co\/fr\/wp-json\/wp\/v2\/product"}],"about":[{"href":"https:\/\/turkishtrade.co\/fr\/wp-json\/wp\/v2\/types\/product"}],"wp:featuredmedia":[{"embeddable":true,"href":"https:\/\/turkishtrade.co\/fr\/wp-json\/wp\/v2\/media\/3815"}],"wp:attachment":[{"href":"https:\/\/turkishtrade.co\/fr\/wp-json\/wp\/v2\/media?parent=5689"}],"wp:term":[{"taxonomy":"product_brand","embeddable":true,"href":"https:\/\/turkishtrade.co\/fr\/wp-json\/wp\/v2\/product_brand?post=5689"},{"taxonomy":"product_cat","embeddable":true,"href":"https:\/\/turkishtrade.co\/fr\/wp-json\/wp\/v2\/product_cat?post=5689"},{"taxonomy":"product_tag","embeddable":true,"href":"https:\/\/turkishtrade.co\/fr\/wp-json\/wp\/v2\/product_tag?post=5689"}],"curies":[{"name":"wp","href":"https:\/\/api.w.org\/{rel}","templated":true}]}}