{"id":5686,"date":"2026-01-14T12:54:32","date_gmt":"2026-01-14T12:54:32","guid":{"rendered":"https:\/\/turkishtrade.co\/product\/mens-leather-zip-boots\/"},"modified":"2026-04-09T19:27:07","modified_gmt":"2026-04-09T19:27:07","slug":"mens-leather-zip-boots","status":"publish","type":"product","link":"https:\/\/turkishtrade.co\/fr\/shop\/mens-leather-zip-boots\/","title":{"rendered":"Bottines \u00e0 fermeture \u00e9clair en cuir de premi\u00e8re qualit\u00e9 pour hommes"},"content":{"rendered":"<p><strong>Bottes zipp\u00e9es en cuir pour hommes<\/strong><\/p>\n<p>Entrez dans une sophistication et un confort in\u00e9gal\u00e9s gr\u00e2ce \u00e0 nos magnifiques chambres d'h\u00f4tes. <strong>Bottines \u00e0 fermeture \u00e9clair en cuir de premi\u00e8re qualit\u00e9 pour hommes<\/strong>. Con\u00e7ues pour le gentleman exigeant, ces bottes allient harmonieusement l'artisanat classique et le style contemporain, ce qui en fait un compl\u00e9ment indispensable \u00e0 toute garde-robe. Que vous vous habilliez pour un \u00e9v\u00e9nement formel, une r\u00e9union d'affaires ou que vous souhaitiez simplement rehausser votre tenue de tous les jours, ces bottes sont id\u00e9ales. <strong>Bottes zipp\u00e9es en cuir pour hommes<\/strong> offrent une combinaison parfaite d'\u00e9l\u00e9gance et de praticit\u00e9.<\/p>\n<p><h3>Un savoir-faire in\u00e9gal\u00e9 et des mat\u00e9riaux de qualit\u00e9 sup\u00e9rieure<\/h3>\n<\/p>\n<p>Notre engagement en faveur de la qualit\u00e9 commence par la s\u00e9lection des mat\u00e9riaux. L'ext\u00e9rieur de ces magnifiques <strong>Bottes en cuir \u00e0 fermeture \u00e9clair pour hommes<\/strong> est fabriqu\u00e9 en cuir de veau de premi\u00e8re qualit\u00e9, r\u00e9put\u00e9 pour sa texture lisse, sa remarquable durabilit\u00e9 et sa capacit\u00e9 \u00e0 d\u00e9velopper une belle patine au fil du temps.<\/p>\n<p>Cela garantit non seulement un aspect luxueux, mais aussi une botte qui r\u00e9siste \u00e0 l'\u00e9preuve du temps. \u00c0 l'int\u00e9rieur, vos pieds seront envelopp\u00e9s par la douceur d'une doublure en cuir de ch\u00e8vre v\u00e9ritable, offrant une respirabilit\u00e9 exceptionnelle et une sensation de peluche qui fait de chaque pas un plaisir. Ce souci du d\u00e9tail dans la s\u00e9lection des mat\u00e9riaux est la cl\u00e9 de vo\u00fbte de notre gamme de bottes. <strong>Bottes zipp\u00e9es en cuir pour hommes<\/strong> \u00e0 l'\u00e9cart des autres.<\/p>\n<p><h3>Con\u00e7u pour le confort et la polyvalence<\/h3>\n<\/p>\n<p>Le confort est primordial dans notre philosophie de conception. La semelle EVA, \u00e0 la fois l\u00e9g\u00e8re et robuste, offre une absorption des chocs et une flexibilit\u00e9 sup\u00e9rieures, ce qui vous permet de porter ces bottes confortablement du matin au soir. Le talon classique de 1 \u00e0 3 cm apporte une \u00e9l\u00e9vation subtile sans compromettre la stabilit\u00e9, ce qui permet de conserver une silhouette \u00e9l\u00e9gante et sophistiqu\u00e9e.<\/p>\n<p>La fermeture \u00e0 glissi\u00e8re permet de les enfiler et de les retirer facilement, ce qui ajoute au c\u00f4t\u00e9 pratique de ces bottes \u00e9l\u00e9gantes. Disponibles dans une palette polyvalente, y compris le noir classique et le marron riche, comme on peut le voir dans notre collection, ces bottes sont tr\u00e8s faciles \u00e0 porter. <strong>Bottes zipp\u00e9es en cuir pour hommes<\/strong> sont incroyablement adaptables, s'associant sans effort avec des costumes, des chinos ou m\u00eame des jeans de qualit\u00e9 sup\u00e9rieure.<\/p>\n<p><h3>D\u00e9couvrez la diff\u00e9rence avec nos bottes zipp\u00e9es en cuir pour hommes<\/h3>\n<\/p>\n<p>Nous comprenons les besoins des particuliers et des entreprises. C'est la raison pour laquelle ces <strong>Bottes en cuir \u00e0 fermeture \u00e9clair pour hommes<\/strong> sont disponibles dans une large gamme de tailles allant de 39 \u00e0 45. Pour nos partenaires grossistes, nous proposons une quantit\u00e9 minimale de commande de 8 paires, avec un d\u00e9lai de livraison fiable de 12 jours plus les frais d'exp\u00e9dition, ce qui vous permet de vous approvisionner en toute confiance.<\/p>\n<p>Investissez dans une paire de bottes qui vous promet non seulement un style exceptionnel, mais aussi une qualit\u00e9 durable et un confort supr\u00eame. Rehaussez votre collection de chaussures avec ces magnifiques <strong>Bottes zipp\u00e9es en cuir pour hommes<\/strong> et d\u00e9couvrez la fusion parfaite de la tradition et de l'\u00e9l\u00e9gance moderne.<\/p>","protected":false},"excerpt":{"rendered":"<ul>\n<li>Ext\u00e9rieur en cuir de veau de premi\u00e8re qualit\u00e9 pour une durabilit\u00e9 et un style sophistiqu\u00e9.<\/li>\n<li>La doublure int\u00e9rieure en cuir de ch\u00e8vre luxueux assure un confort et une respirabilit\u00e9 exceptionnels.<\/li>\n<li>La semelle EVA l\u00e9g\u00e8re et flexible offre un amorti sup\u00e9rieur pour une utilisation tout au long de la journ\u00e9e.<\/li>\n<li>Le talon classique de 1 \u00e0 3 cm de hauteur offre un profil raffin\u00e9 et \u00e9l\u00e9gant.<\/li>\n<li>Disponible dans une large gamme de tailles allant de 39 \u00e0 45 pour un ajustement parfait.<\/li>\n<li>Quantit\u00e9 minimale de commande : 8 paires (id\u00e9al pour les d\u00e9taillants et les acheteurs en gros).<\/li>\n<li>D\u00e9lai de livraison : 12 jours + frais d'exp\u00e9dition (garantissant l'arriv\u00e9e \u00e0 temps de vos commandes).<\/li>\n<\/ul>","protected":false},"featured_media":3813,"template":"","meta":{"_acf_changed":false,"_uag_custom_page_level_css":"","site-sidebar-layout":"default","site-content-layout":"","ast-site-content-layout":"default","site-content-style":"default","site-sidebar-style":"default","ast-global-header-display":"","ast-banner-title-visibility":"","ast-main-header-display":"","ast-hfb-above-header-display":"","ast-hfb-below-header-display":"","ast-hfb-mobile-header-display":"","site-post-title":"","ast-breadcrumbs-content":"","ast-featured-img":"","footer-sml-layout":"","ast-disable-related-posts":"","theme-transparent-header-meta":"","adv-header-id-meta":"","stick-header-meta":"","header-above-stick-meta":"","header-main-stick-meta":"","header-below-stick-meta":"","astra-migrate-meta-layouts":"default","ast-page-background-enabled":"default","ast-page-background-meta":{"desktop":{"background-color":"var(--ast-global-color-4)","background-image":"","background-repeat":"repeat","background-position":"center center","background-size":"auto","background-attachment":"scroll","background-type":"","background-media":"","overlay-type":"","overlay-color":"","overlay-opacity":"","overlay-gradient":""},"tablet":{"background-color":"","background-image":"","background-repeat":"repeat","background-position":"center center","background-size":"auto","background-attachment":"scroll","background-type":"","background-media":"","overlay-type":"","overlay-color":"","overlay-opacity":"","overlay-gradient":""},"mobile":{"background-color":"","background-image":"","background-repeat":"repeat","background-position":"center center","background-size":"auto","background-attachment":"scroll","background-type":"","background-media":"","overlay-type":"","overlay-color":"","overlay-opacity":"","overlay-gradient":""}},"ast-content-background-meta":{"desktop":{"background-color":"var(--ast-global-color-5)","background-image":"","background-repeat":"repeat","background-position":"center center","background-size":"auto","background-attachment":"scroll","background-type":"","background-media":"","overlay-type":"","overlay-color":"","overlay-opacity":"","overlay-gradient":""},"tablet":{"background-color":"var(--ast-global-color-5)","background-image":"","background-repeat":"repeat","background-position":"center center","background-size":"auto","background-attachment":"scroll","background-type":"","background-media":"","overlay-type":"","overlay-color":"","overlay-opacity":"","overlay-gradient":""},"mobile":{"background-color":"var(--ast-global-color-5)","background-image":"","background-repeat":"repeat","background-position":"center center","background-size":"auto","background-attachment":"scroll","background-type":"","background-media":"","overlay-type":"","overlay-color":"","overlay-opacity":"","overlay-gradient":""}}},"product_brand":[],"product_cat":[52,47,430,40],"product_tag":[463,1008,1009,202,1012,999,474,464,438,1011,189,997,476,465,461,198,1013,472,471,1004,473,1010,1007],"class_list":{"0":"post-5686","1":"product","2":"type-product","3":"status-publish","4":"has-post-thumbnail","6":"product_cat-boots","7":"product_cat-classic","8":"product_cat-men","9":"product_cat-mens-shoes","10":"product_tag-ankle-boots","11":"product_tag-black-boots","12":"product_tag-brown-boots","13":"product_tag-calf-leather","14":"product_tag-cap-toe-boots","15":"product_tag-casual-boots","16":"product_tag-comfortable-boots","17":"product_tag-dress-boots","18":"product_tag-eva-sole","19":"product_tag-footwear-for-men","20":"product_tag-goat-leather-lining","21":"product_tag-handmade-boots","22":"product_tag-leather-boots","23":"product_tag-luxury-boots","24":"product_tag-mens-boots","25":"product_tag-mens-fashion","26":"product_tag-mens-leather-zip-boots","27":"product_tag-premium-boots","28":"product_tag-smart-casual-boots","29":"product_tag-stylish-boots","30":"product_tag-wholesale-boots","31":"product_tag-zip-up-boots","32":"product_tag-zipper-boots","33":"desktop-align-center","34":"tablet-align-center","35":"mobile-align-center","37":"first","38":"instock","39":"shipping-taxable","40":"purchasable","41":"product-type-variable","42":"has-default-attributes"},"acf":[],"uagb_featured_image_src":{"full":["https:\/\/turkishtrade.co\/wp-content\/uploads\/2026\/01\/2400EJOMN00272-DARK-BROWN-X_12580.png",453,250,false],"thumbnail":["https:\/\/turkishtrade.co\/wp-content\/uploads\/2026\/01\/2400EJOMN00272-DARK-BROWN-X_12580-150x150.png",150,150,true],"medium":["https:\/\/turkishtrade.co\/wp-content\/uploads\/2026\/01\/2400EJOMN00272-DARK-BROWN-X_12580-300x166.png",300,166,true],"medium_large":["https:\/\/turkishtrade.co\/wp-content\/uploads\/2026\/01\/2400EJOMN00272-DARK-BROWN-X_12580.png",453,250,false],"large":["https:\/\/turkishtrade.co\/wp-content\/uploads\/2026\/01\/2400EJOMN00272-DARK-BROWN-X_12580.png",453,250,false],"1536x1536":["https:\/\/turkishtrade.co\/wp-content\/uploads\/2026\/01\/2400EJOMN00272-DARK-BROWN-X_12580.png",453,250,false],"2048x2048":["https:\/\/turkishtrade.co\/wp-content\/uploads\/2026\/01\/2400EJOMN00272-DARK-BROWN-X_12580.png",453,250,false],"trp-custom-language-flag":["https:\/\/turkishtrade.co\/wp-content\/uploads\/2026\/01\/2400EJOMN00272-DARK-BROWN-X_12580-18x10.png",18,10,true],"woocommerce_thumbnail":["https:\/\/turkishtrade.co\/wp-content\/uploads\/2026\/01\/2400EJOMN00272-DARK-BROWN-X_12580-400x250.png",400,250,true],"woocommerce_single":["https:\/\/turkishtrade.co\/wp-content\/uploads\/2026\/01\/2400EJOMN00272-DARK-BROWN-X_12580.png",453,250,false],"woocommerce_gallery_thumbnail":["https:\/\/turkishtrade.co\/wp-content\/uploads\/2026\/01\/2400EJOMN00272-DARK-BROWN-X_12580-100x100.png",100,100,true]},"uagb_author_info":{"display_name":"yaser olabi","author_link":"https:\/\/turkishtrade.co\/fr\/author\/"},"uagb_comment_info":0,"uagb_excerpt":"Premium Calf Leather Exterior for durability and sophisticated style. Luxurious Goat Leather Interior lining ensures exceptional comfort and breathability. Lightweight and flexible EVA Sole provides superior cushioning for all-day wear. Classic 1-3 cm Heel Height offers a refined, elegant profile. Available in a wide range of sizes from 39 to 45 for the perfect fit.\u2026","_links":{"self":[{"href":"https:\/\/turkishtrade.co\/fr\/wp-json\/wp\/v2\/product\/5686","targetHints":{"allow":["GET"]}}],"collection":[{"href":"https:\/\/turkishtrade.co\/fr\/wp-json\/wp\/v2\/product"}],"about":[{"href":"https:\/\/turkishtrade.co\/fr\/wp-json\/wp\/v2\/types\/product"}],"wp:featuredmedia":[{"embeddable":true,"href":"https:\/\/turkishtrade.co\/fr\/wp-json\/wp\/v2\/media\/3813"}],"wp:attachment":[{"href":"https:\/\/turkishtrade.co\/fr\/wp-json\/wp\/v2\/media?parent=5686"}],"wp:term":[{"taxonomy":"product_brand","embeddable":true,"href":"https:\/\/turkishtrade.co\/fr\/wp-json\/wp\/v2\/product_brand?post=5686"},{"taxonomy":"product_cat","embeddable":true,"href":"https:\/\/turkishtrade.co\/fr\/wp-json\/wp\/v2\/product_cat?post=5686"},{"taxonomy":"product_tag","embeddable":true,"href":"https:\/\/turkishtrade.co\/fr\/wp-json\/wp\/v2\/product_tag?post=5686"}],"curies":[{"name":"wp","href":"https:\/\/api.w.org\/{rel}","templated":true}]}}