{"id":5683,"date":"2026-01-14T12:53:55","date_gmt":"2026-01-14T12:53:55","guid":{"rendered":"https:\/\/turkishtrade.co\/product\/mens-leather-brogue-boots\/"},"modified":"2026-04-09T19:27:13","modified_gmt":"2026-04-09T19:27:13","slug":"mens-leather-brogue-boots","status":"publish","type":"product","link":"https:\/\/turkishtrade.co\/fr\/shop\/mens-leather-brogue-boots\/","title":{"rendered":"Bottes de chelsea en cuir de qualit\u00e9 sup\u00e9rieure pour hommes avec boucle"},"content":{"rendered":"<p><strong>Bottes brogue en cuir pour hommes<\/strong><\/p>\n<p>Entrez dans un style sophistiqu\u00e9 avec notre collection de <b>Bottes de chelsea en cuir de qualit\u00e9 sup\u00e9rieure pour hommes avec boucle<\/b>. Ces bottes exceptionnelles sont m\u00e9ticuleusement con\u00e7ues pour le gentleman moderne qui appr\u00e9cie \u00e0 la fois l'\u00e9l\u00e9gance classique et le confort contemporain. Chaque paire est le fruit d'un travail artisanal de qualit\u00e9 sup\u00e9rieure, ce qui en fait une pi\u00e8ce ma\u00eetresse de toute garde-robe exigeante.<\/p>\n<p>Que vous vous habilliez pour un \u00e9v\u00e9nement formel ou que vous apportiez une touche de classe \u00e0 votre tenue d\u00e9contract\u00e9e, ces bottes sont con\u00e7ues pour impressionner.<\/p>\n<p><h3>Un savoir-faire in\u00e9gal\u00e9 et des mat\u00e9riaux de premi\u00e8re qualit\u00e9<\/h3>\n<\/p>\n<p>Notre <b>Bottes brogue en cuir pour hommes<\/b> sont un gage de qualit\u00e9 et sont fabriqu\u00e9es \u00e0 partir des mat\u00e9riaux les plus nobles. L'ext\u00e9rieur est en cuir de veau souple et durable, connu pour sa texture lisse et sa capacit\u00e9 \u00e0 vieillir en beaut\u00e9, ce qui garantit que vos bottes resteront magnifiques pendant des ann\u00e9es. \u00c0 l'int\u00e9rieur, vos pieds seront berc\u00e9s par la douceur luxueuse de la doublure en cuir de ch\u00e8vre, qui offre une respirabilit\u00e9 et un confort exceptionnels tout au long de la journ\u00e9e.<\/p>\n<p>La semelle EVA, \u00e0 la fois robuste et l\u00e9g\u00e8re, offre une excellente absorption des chocs et une grande flexibilit\u00e9, garantissant une foul\u00e9e confortable \u00e0 chaque pas. Avec une hauteur de talon classique de 1 \u00e0 3 cm, ces bottes offrent une \u00e9l\u00e9vation parfaite sans compromettre la stabilit\u00e9 ou le confort.<\/p>\n<p><h3>Un design intemporel pour une polyvalence moderne<\/h3>\n<\/p>\n<p>Ce ne sont pas des bottes comme les autres, ce sont des bottes de style. Les d\u00e9tails embl\u00e9matiques des brogues, avec leurs perforations complexes, ajoutent une touche d'\u00e9l\u00e9gance traditionnelle, tandis que l'\u00e9l\u00e9gante boucle lat\u00e9rale apporte une touche contemporaine. La fermeture \u00e9lastiqu\u00e9e, caract\u00e9ristique des bottes Chelsea, assure une grande facilit\u00e9 d'utilisation, vous permettant de les enfiler et de les retirer sans effort.<\/p>\n<p>Disponibles dans des tailles allant de 39 \u00e0 45, ces bottes s'adressent \u00e0 un large public. Le design polyvalent de ces <b>Bottes brogue en cuir pour hommes<\/b> les rend adapt\u00e9s \u00e0 une vari\u00e9t\u00e9 d'occasions, de la vie professionnelle d\u00e9contract\u00e9e aux sorties du week-end, s'associant parfaitement avec des pantalons de tailleur, des chinos, ou m\u00eame des jeans fonc\u00e9s.<\/p>\n<p><h3>Durabilit\u00e9 et confort pour le gentleman exigeant<\/h3>\n<\/p>\n<p>Investir dans notre <b>Bottes brogue en cuir pour hommes<\/b> signifie investir dans une qualit\u00e9 durable. La combinaison de cuir de veau et de ch\u00e8vre de premi\u00e8re qualit\u00e9, ainsi que la semelle EVA durable, garantissent que ces bottes sont con\u00e7ues pour r\u00e9sister aux rigueurs de l'usure quotidienne tout en conservant leur aspect raffin\u00e9.<\/p>\n<p>D\u00e9couvrez le m\u00e9lange parfait de soutien et de flexibilit\u00e9, vous permettant de vous d\u00e9placer avec confiance et aisance. Nous comprenons l'importance du style et de la substance, et ces bottes r\u00e9pondent \u00e0 ces deux crit\u00e8res, vous offrant une exp\u00e9rience luxueuse d\u00e8s le moment o\u00f9 vous les enfilez.<\/p>\n<p>Pour les d\u00e9taillants et les entreprises, ces bottes de qualit\u00e9 sup\u00e9rieure sont disponibles \u00e0 l'achat en gros avec une commande minimum de 8 paires. Nous offrons une livraison efficace dans un d\u00e9lai de 12 jours, plus le temps d'exp\u00e9dition, ce qui vous permet d'approvisionner votre stock avec ces bottes brogue en cuir pour hommes tr\u00e8s recherch\u00e9es sans d\u00e9lai. Am\u00e9liorez votre collection de chaussures ou offrez \u00e0 vos clients un produit qui illustre la sophistication, le confort et le style durable.<\/p>","protected":false},"excerpt":{"rendered":"<ul>\n<li>L'ext\u00e9rieur est en cuir de veau de premi\u00e8re qualit\u00e9 pour un look sophistiqu\u00e9 et une usure durable.<\/li>\n<li>Doublure luxueuse en cuir de ch\u00e8vre souple pour un confort et une respirabilit\u00e9 in\u00e9gal\u00e9s.<\/li>\n<li>Semelle EVA l\u00e9g\u00e8re et flexible, assurant un confort tout au long de la journ\u00e9e et une excellente adh\u00e9rence.<\/li>\n<li>Elle pr\u00e9sente d'\u00e9l\u00e9gants d\u00e9tails de type brogue et une \u00e9l\u00e9gante boucle lat\u00e9rale, alliant le charme classique \u00e0 l'attrait moderne.<\/li>\n<li>Con\u00e7ue avec des panneaux \u00e9lastiques pratiques pour un enfilage facile et un ajustement parfait.<\/li>\n<li>Disponible dans une large gamme de tailles allant de 39 \u00e0 45.<\/li>\n<li>Quantit\u00e9 minimale de commande : 8 paires, id\u00e9al pour les achats en gros et en masse.<\/li>\n<li>Livraison dans un d\u00e9lai de 12 jours plus le temps d'exp\u00e9dition.<\/li>\n<\/ul>","protected":false},"featured_media":3811,"template":"","meta":{"_acf_changed":false,"_uag_custom_page_level_css":"","site-sidebar-layout":"default","site-content-layout":"","ast-site-content-layout":"default","site-content-style":"default","site-sidebar-style":"default","ast-global-header-display":"","ast-banner-title-visibility":"","ast-main-header-display":"","ast-hfb-above-header-display":"","ast-hfb-below-header-display":"","ast-hfb-mobile-header-display":"","site-post-title":"","ast-breadcrumbs-content":"","ast-featured-img":"","footer-sml-layout":"","ast-disable-related-posts":"","theme-transparent-header-meta":"","adv-header-id-meta":"","stick-header-meta":"","header-above-stick-meta":"","header-main-stick-meta":"","header-below-stick-meta":"","astra-migrate-meta-layouts":"default","ast-page-background-enabled":"default","ast-page-background-meta":{"desktop":{"background-color":"var(--ast-global-color-4)","background-image":"","background-repeat":"repeat","background-position":"center center","background-size":"auto","background-attachment":"scroll","background-type":"","background-media":"","overlay-type":"","overlay-color":"","overlay-opacity":"","overlay-gradient":""},"tablet":{"background-color":"","background-image":"","background-repeat":"repeat","background-position":"center center","background-size":"auto","background-attachment":"scroll","background-type":"","background-media":"","overlay-type":"","overlay-color":"","overlay-opacity":"","overlay-gradient":""},"mobile":{"background-color":"","background-image":"","background-repeat":"repeat","background-position":"center center","background-size":"auto","background-attachment":"scroll","background-type":"","background-media":"","overlay-type":"","overlay-color":"","overlay-opacity":"","overlay-gradient":""}},"ast-content-background-meta":{"desktop":{"background-color":"var(--ast-global-color-5)","background-image":"","background-repeat":"repeat","background-position":"center center","background-size":"auto","background-attachment":"scroll","background-type":"","background-media":"","overlay-type":"","overlay-color":"","overlay-opacity":"","overlay-gradient":""},"tablet":{"background-color":"var(--ast-global-color-5)","background-image":"","background-repeat":"repeat","background-position":"center center","background-size":"auto","background-attachment":"scroll","background-type":"","background-media":"","overlay-type":"","overlay-color":"","overlay-opacity":"","overlay-gradient":""},"mobile":{"background-color":"var(--ast-global-color-5)","background-image":"","background-repeat":"repeat","background-position":"center center","background-size":"auto","background-attachment":"scroll","background-type":"","background-media":"","overlay-type":"","overlay-color":"","overlay-opacity":"","overlay-gradient":""}}},"product_brand":[],"product_cat":[52,47,430,40],"product_tag":[1000,993,1001,477,996,999,1003,474,1005,998,438,478,437,476,461,1006,198,362,210,1004,473],"class_list":{"0":"post-5683","1":"product","2":"type-product","3":"status-publish","4":"has-post-thumbnail","6":"product_cat-boots","7":"product_cat-classic","8":"product_cat-men","9":"product_cat-mens-shoes","10":"product_tag-black-leather-boots","11":"product_tag-brogue-boots","12":"product_tag-brown-leather-boots","13":"product_tag-buckle-boots","14":"product_tag-calfskin-boots","15":"product_tag-casual-boots","16":"product_tag-chelsea-boots","17":"product_tag-comfortable-boots","18":"product_tag-durable-boots","19":"product_tag-elegant-boots","20":"product_tag-eva-sole","21":"product_tag-formal-boots","22":"product_tag-goat-leather","23":"product_tag-leather-boots","24":"product_tag-mens-boots","25":"product_tag-mens-dress-boots","26":"product_tag-mens-fashion","27":"product_tag-premium-footwear","28":"product_tag-smart-casual","29":"product_tag-stylish-boots","30":"product_tag-wholesale-boots","31":"desktop-align-center","32":"tablet-align-center","33":"mobile-align-center","35":"first","36":"instock","37":"shipping-taxable","38":"purchasable","39":"product-type-variable","40":"has-default-attributes"},"acf":[],"uagb_featured_image_src":{"full":["https:\/\/turkishtrade.co\/wp-content\/uploads\/2026\/01\/2400EJOMN00271-BROWN-X_875.png",453,250,false],"thumbnail":["https:\/\/turkishtrade.co\/wp-content\/uploads\/2026\/01\/2400EJOMN00271-BROWN-X_875-150x150.png",150,150,true],"medium":["https:\/\/turkishtrade.co\/wp-content\/uploads\/2026\/01\/2400EJOMN00271-BROWN-X_875-300x166.png",300,166,true],"medium_large":["https:\/\/turkishtrade.co\/wp-content\/uploads\/2026\/01\/2400EJOMN00271-BROWN-X_875.png",453,250,false],"large":["https:\/\/turkishtrade.co\/wp-content\/uploads\/2026\/01\/2400EJOMN00271-BROWN-X_875.png",453,250,false],"1536x1536":["https:\/\/turkishtrade.co\/wp-content\/uploads\/2026\/01\/2400EJOMN00271-BROWN-X_875.png",453,250,false],"2048x2048":["https:\/\/turkishtrade.co\/wp-content\/uploads\/2026\/01\/2400EJOMN00271-BROWN-X_875.png",453,250,false],"trp-custom-language-flag":["https:\/\/turkishtrade.co\/wp-content\/uploads\/2026\/01\/2400EJOMN00271-BROWN-X_875-18x10.png",18,10,true],"woocommerce_thumbnail":["https:\/\/turkishtrade.co\/wp-content\/uploads\/2026\/01\/2400EJOMN00271-BROWN-X_875-400x250.png",400,250,true],"woocommerce_single":["https:\/\/turkishtrade.co\/wp-content\/uploads\/2026\/01\/2400EJOMN00271-BROWN-X_875.png",453,250,false],"woocommerce_gallery_thumbnail":["https:\/\/turkishtrade.co\/wp-content\/uploads\/2026\/01\/2400EJOMN00271-BROWN-X_875-100x100.png",100,100,true]},"uagb_author_info":{"display_name":"yaser olabi","author_link":"https:\/\/turkishtrade.co\/fr\/author\/"},"uagb_comment_info":0,"uagb_excerpt":"Expertly crafted with a premium Calfskin exterior for a sophisticated look and durable wear. Luxuriously lined with soft Goat Leather for unparalleled comfort and breathability. Features a lightweight and flexible EVA sole, ensuring all-day comfort and excellent grip. Boasts elegant brogue detailing and a stylish side buckle accent, combining classic charm with modern appeal. Designed\u2026","_links":{"self":[{"href":"https:\/\/turkishtrade.co\/fr\/wp-json\/wp\/v2\/product\/5683","targetHints":{"allow":["GET"]}}],"collection":[{"href":"https:\/\/turkishtrade.co\/fr\/wp-json\/wp\/v2\/product"}],"about":[{"href":"https:\/\/turkishtrade.co\/fr\/wp-json\/wp\/v2\/types\/product"}],"wp:featuredmedia":[{"embeddable":true,"href":"https:\/\/turkishtrade.co\/fr\/wp-json\/wp\/v2\/media\/3811"}],"wp:attachment":[{"href":"https:\/\/turkishtrade.co\/fr\/wp-json\/wp\/v2\/media?parent=5683"}],"wp:term":[{"taxonomy":"product_brand","embeddable":true,"href":"https:\/\/turkishtrade.co\/fr\/wp-json\/wp\/v2\/product_brand?post=5683"},{"taxonomy":"product_cat","embeddable":true,"href":"https:\/\/turkishtrade.co\/fr\/wp-json\/wp\/v2\/product_cat?post=5683"},{"taxonomy":"product_tag","embeddable":true,"href":"https:\/\/turkishtrade.co\/fr\/wp-json\/wp\/v2\/product_tag?post=5683"}],"curies":[{"name":"wp","href":"https:\/\/api.w.org\/{rel}","templated":true}]}}