{"id":5679,"date":"2026-01-14T12:53:27","date_gmt":"2026-01-14T12:53:27","guid":{"rendered":"https:\/\/turkishtrade.co\/product\/classic-leather-brogue-boots\/"},"modified":"2026-04-09T19:27:22","modified_gmt":"2026-04-09T19:27:22","slug":"classic-leather-brogue-boots","status":"publish","type":"product","link":"https:\/\/turkishtrade.co\/fr\/shop\/classic-leather-brogue-boots\/","title":{"rendered":"Premium Classic Bottes \u00e0 lacets en cuir pour hommes"},"content":{"rendered":"<p><strong>Bottes classiques en cuir<\/strong><\/p>\n<p>Entrez dans un style in\u00e9gal\u00e9 et une qualit\u00e9 durable avec notre <strong>Premium Classic Bottes \u00e0 lacets en cuir pour hommes<\/strong>. M\u00e9ticuleusement fabriqu\u00e9es \u00e0 la main, ces bottes sont con\u00e7ues pour les personnes exigeantes qui appr\u00e9cient le m\u00e9lange de l'artisanat traditionnel et de l'\u00e9l\u00e9gance contemporaine. Nos bottes classiques en cuir sont plus que de simples chaussures ; elles sont une d\u00e9claration de sophistication et un t\u00e9moignage de la s\u00e9lection de mat\u00e9riaux de qualit\u00e9 sup\u00e9rieure.<\/p>\n<p><h3>Un savoir-faire et des mat\u00e9riaux in\u00e9gal\u00e9s<\/h3>\n<\/p>\n<p>Chaque paire de ces bottes exquises commence par un engagement de qualit\u00e9. La surface ext\u00e9rieure est fabriqu\u00e9e de mani\u00e8re experte \u00e0 partir de cuir de veau v\u00e9ritable, connu pour sa texture souple, sa durabilit\u00e9 et sa finition riche qui ne fait que s'am\u00e9liorer avec le temps. Les d\u00e9tails brogue embl\u00e9matiques, avec des perforations d\u00e9coratives le long des coutures et de l'embout, ajoutent une touche de charme intemporel qui d\u00e9finit ces bottes. <strong>Bottes classiques en cuir<\/strong>.<\/p>\n<p>\u00c0 l'int\u00e9rieur, vos pieds seront envelopp\u00e9s dans le confort luxueux d'une doublure en cuir de ch\u00e8vre v\u00e9ritable, garantissant une bonne respirabilit\u00e9 et une sensation de douceur \u00e0 chaque pas. Cette combinaison m\u00e9ticuleuse de cuirs de qualit\u00e9 sup\u00e9rieure offre non seulement un confort exceptionnel, mais aussi une longue dur\u00e9e de vie, ce qui en fait un investissement digne d'int\u00e9r\u00eat.<\/p>\n<p><h3>Con\u00e7u pour le confort et la polyvalence<\/h3>\n<\/p>\n<p>Le confort est primordial, c'est pourquoi ces bottes sont \u00e9quip\u00e9es d'une semelle EVA l\u00e9g\u00e8re mais robuste. Ce mat\u00e9riau innovant offre une excellente absorption des chocs, r\u00e9duisant la fatigue et assurant une foul\u00e9e confortable tout au long de la journ\u00e9e. Le talon subtil de 1 \u00e0 3 cm de hauteur assure un profil classique \u00e0 la fois \u00e9l\u00e9gant et pratique.<\/p>\n<p>Que vous naviguiez dans les rues de la ville, que vous assistiez \u00e0 un \u00e9v\u00e9nement formel ou que vous optiez pour une tenue \u00e9l\u00e9gante et d\u00e9contract\u00e9e, nos bottes classiques en cuir s'adaptent parfaitement. Disponibles dans une large gamme de tailles allant de 39 \u00e0 45 (EU), ces bottes r\u00e9pondent \u00e0 un large \u00e9ventail de pr\u00e9f\u00e9rences, garantissant un ajustement parfait pour chaque client.<\/p>\n<p><h3>Votre solution de vente de chaussures en gros<\/h3>\n<\/p>\n<p>Pour les d\u00e9taillants et les entreprises \u00e0 la recherche de chaussures pour hommes de haute qualit\u00e9, nos bottes classiques en cuir repr\u00e9sentent une opportunit\u00e9 exceptionnelle de vente en gros. Nous sommes fiers de nos d\u00e9lais de production et de livraison, avec une quantit\u00e9 minimale de commande de seulement 8 paires et un d\u00e9lai de livraison standard de 12 jours plus les frais d'exp\u00e9dition. D\u00e9couvrez des prix de gros comp\u00e9titifs et offrez \u00e0 votre client\u00e8le un produit qui incarne l'\u00e9l\u00e9gance, la durabilit\u00e9 et le confort.<\/p>\n<p>Ces <strong>Bottes classiques en cuir<\/strong> sont un compl\u00e9ment essentiel \u00e0 toute collection, promettant une satisfaction \u00e0 la fois pour vous et pour vos clients.<\/p>","protected":false},"excerpt":{"rendered":"<ul>\n<li><strong>Excellence mat\u00e9rielle :<\/strong> Fabriqu\u00e9 avec un ext\u00e9rieur en cuir de veau v\u00e9ritable et une doublure en cuir de ch\u00e8vre luxueux pour un confort et une durabilit\u00e9 ultimes.<\/li>\n<li><strong>Semelle confortable :<\/strong> La semelle en EVA r\u00e9siliente offre un amorti et un soutien sup\u00e9rieurs pour une utilisation tout au long de la journ\u00e9e.<\/li>\n<li><strong>Profil de talon classique :<\/strong> Con\u00e7u avec un talon subtil de 1 \u00e0 3 cm de hauteur, il est parfait pour une silhouette \u00e9l\u00e9gante et intemporelle.<\/li>\n<li><strong>Tailles disponibles :<\/strong> Une gamme compl\u00e8te de tailles allant de 39 \u00e0 45 (taille europ\u00e9enne) pour r\u00e9pondre aux besoins d'une client\u00e8le diversifi\u00e9e.<\/li>\n<li><strong>Disponibilit\u00e9 en gros :<\/strong> Commande minimum de 8 paires, avec un d\u00e9lai de livraison de 12 jours plus les frais de port. Prix de gros comp\u00e9titifs disponibles sur demande.<\/li>\n<\/ul>","protected":false},"featured_media":3809,"template":"","meta":{"_acf_changed":false,"_uag_custom_page_level_css":"","site-sidebar-layout":"default","site-content-layout":"","ast-site-content-layout":"default","site-content-style":"default","site-sidebar-style":"default","ast-global-header-display":"","ast-banner-title-visibility":"","ast-main-header-display":"","ast-hfb-above-header-display":"","ast-hfb-below-header-display":"","ast-hfb-mobile-header-display":"","site-post-title":"","ast-breadcrumbs-content":"","ast-featured-img":"","footer-sml-layout":"","ast-disable-related-posts":"","theme-transparent-header-meta":"","adv-header-id-meta":"","stick-header-meta":"","header-above-stick-meta":"","header-main-stick-meta":"","header-below-stick-meta":"","astra-migrate-meta-layouts":"default","ast-page-background-enabled":"default","ast-page-background-meta":{"desktop":{"background-color":"var(--ast-global-color-4)","background-image":"","background-repeat":"repeat","background-position":"center center","background-size":"auto","background-attachment":"scroll","background-type":"","background-media":"","overlay-type":"","overlay-color":"","overlay-opacity":"","overlay-gradient":""},"tablet":{"background-color":"","background-image":"","background-repeat":"repeat","background-position":"center center","background-size":"auto","background-attachment":"scroll","background-type":"","background-media":"","overlay-type":"","overlay-color":"","overlay-opacity":"","overlay-gradient":""},"mobile":{"background-color":"","background-image":"","background-repeat":"repeat","background-position":"center center","background-size":"auto","background-attachment":"scroll","background-type":"","background-media":"","overlay-type":"","overlay-color":"","overlay-opacity":"","overlay-gradient":""}},"ast-content-background-meta":{"desktop":{"background-color":"var(--ast-global-color-5)","background-image":"","background-repeat":"repeat","background-position":"center center","background-size":"auto","background-attachment":"scroll","background-type":"","background-media":"","overlay-type":"","overlay-color":"","overlay-opacity":"","overlay-gradient":""},"tablet":{"background-color":"var(--ast-global-color-5)","background-image":"","background-repeat":"repeat","background-position":"center center","background-size":"auto","background-attachment":"scroll","background-type":"","background-media":"","overlay-type":"","overlay-color":"","overlay-opacity":"","overlay-gradient":""},"mobile":{"background-color":"var(--ast-global-color-5)","background-image":"","background-repeat":"repeat","background-position":"center center","background-size":"auto","background-attachment":"scroll","background-type":"","background-media":"","overlay-type":"","overlay-color":"","overlay-opacity":"","overlay-gradient":""}}},"product_brand":[],"product_cat":[52,47,430,40],"product_tag":[1000,993,1001,996,999,995,998,438,478,189,997,994,476,461,198,362,473,1002],"class_list":{"0":"post-5679","1":"product","2":"type-product","3":"status-publish","4":"has-post-thumbnail","6":"product_cat-boots","7":"product_cat-classic","8":"product_cat-men","9":"product_cat-mens-shoes","10":"product_tag-black-leather-boots","11":"product_tag-brogue-boots","12":"product_tag-brown-leather-boots","13":"product_tag-calfskin-boots","14":"product_tag-casual-boots","15":"product_tag-classic-boots","16":"product_tag-elegant-boots","17":"product_tag-eva-sole","18":"product_tag-formal-boots","19":"product_tag-goat-leather-lining","20":"product_tag-handmade-boots","21":"product_tag-lace-up-boots","22":"product_tag-leather-boots","23":"product_tag-mens-boots","24":"product_tag-mens-fashion","25":"product_tag-premium-footwear","26":"product_tag-wholesale-boots","27":"product_tag-wingtip-boots","28":"desktop-align-center","29":"tablet-align-center","30":"mobile-align-center","32":"first","33":"instock","34":"shipping-taxable","35":"purchasable","36":"product-type-variable","37":"has-default-attributes"},"acf":[],"uagb_featured_image_src":{"full":["https:\/\/turkishtrade.co\/wp-content\/uploads\/2026\/01\/2400EJOMN00270-DARK-BROWN-X_76.png",453,250,false],"thumbnail":["https:\/\/turkishtrade.co\/wp-content\/uploads\/2026\/01\/2400EJOMN00270-DARK-BROWN-X_76-150x150.png",150,150,true],"medium":["https:\/\/turkishtrade.co\/wp-content\/uploads\/2026\/01\/2400EJOMN00270-DARK-BROWN-X_76-300x166.png",300,166,true],"medium_large":["https:\/\/turkishtrade.co\/wp-content\/uploads\/2026\/01\/2400EJOMN00270-DARK-BROWN-X_76.png",453,250,false],"large":["https:\/\/turkishtrade.co\/wp-content\/uploads\/2026\/01\/2400EJOMN00270-DARK-BROWN-X_76.png",453,250,false],"1536x1536":["https:\/\/turkishtrade.co\/wp-content\/uploads\/2026\/01\/2400EJOMN00270-DARK-BROWN-X_76.png",453,250,false],"2048x2048":["https:\/\/turkishtrade.co\/wp-content\/uploads\/2026\/01\/2400EJOMN00270-DARK-BROWN-X_76.png",453,250,false],"trp-custom-language-flag":["https:\/\/turkishtrade.co\/wp-content\/uploads\/2026\/01\/2400EJOMN00270-DARK-BROWN-X_76-18x10.png",18,10,true],"woocommerce_thumbnail":["https:\/\/turkishtrade.co\/wp-content\/uploads\/2026\/01\/2400EJOMN00270-DARK-BROWN-X_76-400x250.png",400,250,true],"woocommerce_single":["https:\/\/turkishtrade.co\/wp-content\/uploads\/2026\/01\/2400EJOMN00270-DARK-BROWN-X_76.png",453,250,false],"woocommerce_gallery_thumbnail":["https:\/\/turkishtrade.co\/wp-content\/uploads\/2026\/01\/2400EJOMN00270-DARK-BROWN-X_76-100x100.png",100,100,true]},"uagb_author_info":{"display_name":"yaser olabi","author_link":"https:\/\/turkishtrade.co\/fr\/author\/"},"uagb_comment_info":0,"uagb_excerpt":"Material Excellence: Crafted with a genuine calfskin leather exterior and a luxurious goat leather lining for ultimate comfort and durability. Comfort-Driven Sole: Features a resilient EVA sole, offering superior cushioning and support for all-day wear. Classic Heel Profile: Designed with a subtle 1-3 cm heel height, perfect for a timeless, elegant silhouette. Available Sizes: Comprehensive\u2026","_links":{"self":[{"href":"https:\/\/turkishtrade.co\/fr\/wp-json\/wp\/v2\/product\/5679","targetHints":{"allow":["GET"]}}],"collection":[{"href":"https:\/\/turkishtrade.co\/fr\/wp-json\/wp\/v2\/product"}],"about":[{"href":"https:\/\/turkishtrade.co\/fr\/wp-json\/wp\/v2\/types\/product"}],"wp:featuredmedia":[{"embeddable":true,"href":"https:\/\/turkishtrade.co\/fr\/wp-json\/wp\/v2\/media\/3809"}],"wp:attachment":[{"href":"https:\/\/turkishtrade.co\/fr\/wp-json\/wp\/v2\/media?parent=5679"}],"wp:term":[{"taxonomy":"product_brand","embeddable":true,"href":"https:\/\/turkishtrade.co\/fr\/wp-json\/wp\/v2\/product_brand?post=5679"},{"taxonomy":"product_cat","embeddable":true,"href":"https:\/\/turkishtrade.co\/fr\/wp-json\/wp\/v2\/product_cat?post=5679"},{"taxonomy":"product_tag","embeddable":true,"href":"https:\/\/turkishtrade.co\/fr\/wp-json\/wp\/v2\/product_tag?post=5679"}],"curies":[{"name":"wp","href":"https:\/\/api.w.org\/{rel}","templated":true}]}}