{"id":5676,"date":"2026-01-14T12:53:06","date_gmt":"2026-01-14T12:53:06","guid":{"rendered":"https:\/\/turkishtrade.co\/product\/mens-leather-monk-strap-loafers-2\/"},"modified":"2026-04-09T19:27:25","modified_gmt":"2026-04-09T19:27:25","slug":"mens-leather-monk-strap-loafers-2","status":"publish","type":"product","link":"https:\/\/turkishtrade.co\/fr\/shop\/mens-leather-monk-strap-loafers-2\/","title":{"rendered":"Mocassins en cuir de premi\u00e8re qualit\u00e9 pour hommes"},"content":{"rendered":"<p><strong>Mocassins en cuir pour hommes<\/strong><\/p>\n<p>\u00c9levez votre collection de chaussures gr\u00e2ce \u00e0 nos chaussures exquises. <strong>Mocassins en cuir de premi\u00e8re qualit\u00e9 pour hommes<\/strong>, Ces mocassins sont un v\u00e9ritable t\u00e9moignage d'un style classique et d'un confort moderne. Con\u00e7us pour l'homme exigeant, ces mocassins allient harmonieusement sophistication et facilit\u00e9 d'utilisation au quotidien. Chaque paire de <strong>Mocassins en cuir pour hommes<\/strong> est m\u00e9ticuleusement con\u00e7u pour offrir une qualit\u00e9 in\u00e9gal\u00e9e et une esth\u00e9tique distingu\u00e9e qui vous permettra de vous d\u00e9marquer.<\/p>\n<p><h3>Une qualit\u00e9 in\u00e9gal\u00e9e dans les moindres d\u00e9tails<\/h3>\n<\/p>\n<p>L'exp\u00e9rience du luxe commence d\u00e8s l'instant o\u00f9 vous vous glissez dans ces chambres d'exception. <strong>Mocassins en cuir pour hommes<\/strong>. L'ext\u00e9rieur est en cuir de veau de premi\u00e8re qualit\u00e9, r\u00e9put\u00e9 pour sa texture douce, sa durabilit\u00e9 et sa capacit\u00e9 \u00e0 d\u00e9velopper une belle patine au fil du temps. En compl\u00e9ment, l'int\u00e9rieur est doubl\u00e9 de cuir de ch\u00e8vre souple, offrant un environnement incroyablement doux et respirant pour vos pieds, garantissant le confort m\u00eame en cas de port prolong\u00e9.<\/p>\n<p>La semelle robuste en EVA offre un amorti et une flexibilit\u00e9 sup\u00e9rieurs. <strong>Mocassins en cuir pour hommes<\/strong> incroyablement l\u00e9g\u00e8res et confortables, parfaites pour naviguer dans tout paysage urbain ou \u00e9v\u00e9nement formel. Avec une hauteur de talon subtile de 1 \u00e0 3 cm, elles offrent un profil classique \u00e0 la fois \u00e9l\u00e9gant et pratique.<\/p>\n<p><h3>Un style polyvalent pour toutes les occasions<\/h3>\n<\/p>\n<p>Le design distinctif de la lani\u00e8re monacale ajoute une touche d'\u00e9l\u00e9gance raffin\u00e9e \u00e0 ces chaussures. <strong>Mocassins en cuir pour hommes<\/strong>, Ils sont donc incroyablement polyvalents. Que vous vous habilliez pour une r\u00e9union d'affaires d\u00e9contract\u00e9e, que vous assistiez \u00e0 un \u00e9v\u00e9nement sp\u00e9cial ou que vous profitiez simplement d'une sortie sophistiqu\u00e9e le week-end, ces mocassins sont le choix id\u00e9al. Leur design intemporel leur permet de s'associer sans effort \u00e0 des pantalons de tailleur, des chinos ou m\u00eame des jeans \u00e9l\u00e9gants, ce qui en fait un \u00e9l\u00e9ment indispensable de toute garde-robe moderne.<\/p>\n<p>Il ne s'agit pas de simples chaussures, mais d'une d\u00e9claration de go\u00fbt sophistiqu\u00e9.<\/p>\n<p><h3>Con\u00e7u pour le confort et la durabilit\u00e9<\/h3>\n<\/p>\n<p>Au-del\u00e0 de leur beaut\u00e9, nos <strong>Mocassins en cuir pour hommes<\/strong> sont con\u00e7ues pour durer. La combinaison de cuir de veau et de ch\u00e8vre de qualit\u00e9 sup\u00e9rieure, associ\u00e9e \u00e0 une semelle en EVA fabriqu\u00e9e de mani\u00e8re experte, garantit la long\u00e9vit\u00e9 et un confort durable. Chaque point de couture t\u00e9moigne du d\u00e9vouement de nos artisans, garantissant un produit non seulement superbe, mais aussi r\u00e9sistant \u00e0 l'\u00e9preuve du temps.<\/p>\n<p>Nous sommes convaincus qu'il faut fournir des chaussures qui offrent \u00e0 la fois un style durable et des performances exceptionnelles \u00e0 nos clients estim\u00e9s.<\/p>\n<p><h3>Disponibilit\u00e9 et commande<\/h3>\n<\/p>\n<p>Ces primes <strong>Mocassins en cuir pour hommes<\/strong> sont disponibles dans une gamme compl\u00e8te de tailles allant de 39 \u00e0 45. Pour nos partenaires grossistes et d\u00e9taillants, veuillez noter qu'il y a une quantit\u00e9 minimale de commande de 8 paires, avec un d\u00e9lai de livraison typique de 12 jours plus les frais d'exp\u00e9dition. Consultez notre liste de prix pour obtenir des informations d\u00e9taill\u00e9es sur les prix.<\/p>\n<p>Investissez dans une paire de ces mocassins exquis et d\u00e9couvrez la fusion parfaite d'un design classique, de mat\u00e9riaux luxueux et d'un confort exceptionnel.<\/p>","protected":false},"excerpt":{"rendered":"<ul>\n<li>Fabriqu\u00e9 de mani\u00e8re experte en cuir de veau luxueux \u00e0 l'ext\u00e9rieur et en peau de ch\u00e8vre douce \u00e0 l'int\u00e9rieur.<\/li>\n<li>Il est dot\u00e9 d'une bride monacale sophistiqu\u00e9e et d'une boucle r\u00e9sistante.<\/li>\n<li>\u00c9quip\u00e9e d'une semelle EVA l\u00e9g\u00e8re et confortable pour une utilisation tout au long de la journ\u00e9e.<\/li>\n<li>Talon classique de 1 \u00e0 3 cm de hauteur, parfait pour les occasions d\u00e9contract\u00e9es et semi-formelles.<\/li>\n<li>Disponible dans une large gamme de tailles : 39, 40, 41, 42, 43, 44, 45.<\/li>\n<li>Quantit\u00e9 minimale de commande : 8 paires.<\/li>\n<li>D\u00e9lai de livraison estim\u00e9 : 12 jours + frais de port.<\/li>\n<\/ul>","protected":false},"featured_media":3679,"template":"","meta":{"_acf_changed":false,"_uag_custom_page_level_css":"","site-sidebar-layout":"default","site-content-layout":"","ast-site-content-layout":"default","site-content-style":"default","site-sidebar-style":"default","ast-global-header-display":"","ast-banner-title-visibility":"","ast-main-header-display":"","ast-hfb-above-header-display":"","ast-hfb-below-header-display":"","ast-hfb-mobile-header-display":"","site-post-title":"","ast-breadcrumbs-content":"","ast-featured-img":"","footer-sml-layout":"","ast-disable-related-posts":"","theme-transparent-header-meta":"","adv-header-id-meta":"","stick-header-meta":"","header-above-stick-meta":"","header-main-stick-meta":"","header-below-stick-meta":"","astra-migrate-meta-layouts":"default","ast-page-background-enabled":"default","ast-page-background-meta":{"desktop":{"background-color":"var(--ast-global-color-4)","background-image":"","background-repeat":"repeat","background-position":"center center","background-size":"auto","background-attachment":"scroll","background-type":"","background-media":"","overlay-type":"","overlay-color":"","overlay-opacity":"","overlay-gradient":""},"tablet":{"background-color":"","background-image":"","background-repeat":"repeat","background-position":"center center","background-size":"auto","background-attachment":"scroll","background-type":"","background-media":"","overlay-type":"","overlay-color":"","overlay-opacity":"","overlay-gradient":""},"mobile":{"background-color":"","background-image":"","background-repeat":"repeat","background-position":"center center","background-size":"auto","background-attachment":"scroll","background-type":"","background-media":"","overlay-type":"","overlay-color":"","overlay-opacity":"","overlay-gradient":""}},"ast-content-background-meta":{"desktop":{"background-color":"var(--ast-global-color-5)","background-image":"","background-repeat":"repeat","background-position":"center center","background-size":"auto","background-attachment":"scroll","background-type":"","background-media":"","overlay-type":"","overlay-color":"","overlay-opacity":"","overlay-gradient":""},"tablet":{"background-color":"var(--ast-global-color-5)","background-image":"","background-repeat":"repeat","background-position":"center center","background-size":"auto","background-attachment":"scroll","background-type":"","background-media":"","overlay-type":"","overlay-color":"","overlay-opacity":"","overlay-gradient":""},"mobile":{"background-color":"var(--ast-global-color-5)","background-image":"","background-repeat":"repeat","background-position":"center center","background-size":"auto","background-attachment":"scroll","background-type":"","background-media":"","overlay-type":"","overlay-color":"","overlay-opacity":"","overlay-gradient":""}}},"product_brand":[],"product_cat":[47,430,40],"product_tag":[635,582,512,145,737,454,438,583,215,198,261,374,281],"class_list":{"0":"post-5676","1":"product","2":"type-product","3":"status-publish","4":"has-post-thumbnail","6":"product_cat-classic","7":"product_cat-men","8":"product_cat-mens-shoes","9":"product_tag-blue-loafers","10":"product_tag-calfskin","11":"product_tag-casual-loafers","12":"product_tag-classic-shoes","13":"product_tag-dress-loafers","14":"product_tag-elegant-footwear","15":"product_tag-eva-sole","16":"product_tag-goatskin","17":"product_tag-leather-loafers","18":"product_tag-mens-fashion","19":"product_tag-monk-strap-shoes","20":"product_tag-premium-loafers","21":"product_tag-wholesale-shoes","22":"desktop-align-center","23":"tablet-align-center","24":"mobile-align-center","26":"first","27":"instock","28":"shipping-taxable","29":"purchasable","30":"product-type-variable","31":"has-default-attributes"},"acf":[],"uagb_featured_image_src":{"full":["https:\/\/turkishtrade.co\/wp-content\/uploads\/2026\/01\/2400EJOMN00493-DARK-BLUE-X_78.png",453,250,false],"thumbnail":["https:\/\/turkishtrade.co\/wp-content\/uploads\/2026\/01\/2400EJOMN00493-DARK-BLUE-X_78-150x150.png",150,150,true],"medium":["https:\/\/turkishtrade.co\/wp-content\/uploads\/2026\/01\/2400EJOMN00493-DARK-BLUE-X_78-300x166.png",300,166,true],"medium_large":["https:\/\/turkishtrade.co\/wp-content\/uploads\/2026\/01\/2400EJOMN00493-DARK-BLUE-X_78.png",453,250,false],"large":["https:\/\/turkishtrade.co\/wp-content\/uploads\/2026\/01\/2400EJOMN00493-DARK-BLUE-X_78.png",453,250,false],"1536x1536":["https:\/\/turkishtrade.co\/wp-content\/uploads\/2026\/01\/2400EJOMN00493-DARK-BLUE-X_78.png",453,250,false],"2048x2048":["https:\/\/turkishtrade.co\/wp-content\/uploads\/2026\/01\/2400EJOMN00493-DARK-BLUE-X_78.png",453,250,false],"trp-custom-language-flag":["https:\/\/turkishtrade.co\/wp-content\/uploads\/2026\/01\/2400EJOMN00493-DARK-BLUE-X_78-18x10.png",18,10,true],"woocommerce_thumbnail":["https:\/\/turkishtrade.co\/wp-content\/uploads\/2026\/01\/2400EJOMN00493-DARK-BLUE-X_78-400x250.png",400,250,true],"woocommerce_single":["https:\/\/turkishtrade.co\/wp-content\/uploads\/2026\/01\/2400EJOMN00493-DARK-BLUE-X_78.png",453,250,false],"woocommerce_gallery_thumbnail":["https:\/\/turkishtrade.co\/wp-content\/uploads\/2026\/01\/2400EJOMN00493-DARK-BLUE-X_78-100x100.png",100,100,true]},"uagb_author_info":{"display_name":"yaser olabi","author_link":"https:\/\/turkishtrade.co\/fr\/author\/"},"uagb_comment_info":0,"uagb_excerpt":"Expertly crafted from luxurious calfskin leather exterior and soft goatskin interior. Features a sophisticated single monk strap design with a durable buckle. Equipped with a lightweight and comfortable EVA sole for all-day wear. Classic 1-3 cm heel height, perfect for both casual and semi-formal occasions. Available in a wide range of sizes: 39, 40, 41,\u2026","_links":{"self":[{"href":"https:\/\/turkishtrade.co\/fr\/wp-json\/wp\/v2\/product\/5676","targetHints":{"allow":["GET"]}}],"collection":[{"href":"https:\/\/turkishtrade.co\/fr\/wp-json\/wp\/v2\/product"}],"about":[{"href":"https:\/\/turkishtrade.co\/fr\/wp-json\/wp\/v2\/types\/product"}],"wp:featuredmedia":[{"embeddable":true,"href":"https:\/\/turkishtrade.co\/fr\/wp-json\/wp\/v2\/media\/3679"}],"wp:attachment":[{"href":"https:\/\/turkishtrade.co\/fr\/wp-json\/wp\/v2\/media?parent=5676"}],"wp:term":[{"taxonomy":"product_brand","embeddable":true,"href":"https:\/\/turkishtrade.co\/fr\/wp-json\/wp\/v2\/product_brand?post=5676"},{"taxonomy":"product_cat","embeddable":true,"href":"https:\/\/turkishtrade.co\/fr\/wp-json\/wp\/v2\/product_cat?post=5676"},{"taxonomy":"product_tag","embeddable":true,"href":"https:\/\/turkishtrade.co\/fr\/wp-json\/wp\/v2\/product_tag?post=5676"}],"curies":[{"name":"wp","href":"https:\/\/api.w.org\/{rel}","templated":true}]}}