{"id":5672,"date":"2026-01-14T12:52:29","date_gmt":"2026-01-14T12:52:29","guid":{"rendered":"https:\/\/turkishtrade.co\/product\/mens-black-leather-derbies\/"},"modified":"2026-04-09T19:27:31","modified_gmt":"2026-04-09T19:27:31","slug":"mens-black-leather-derbies","status":"publish","type":"product","link":"https:\/\/turkishtrade.co\/fr\/shop\/mens-black-leather-derbies\/","title":{"rendered":"Derbies classiques en cuir noir pour hommes avec semelle EVA"},"content":{"rendered":"<p><strong>Derbies en cuir noir pour hommes<\/strong><\/p>\n<p>D\u00e9couvrez l'incarnation d'un style classique et d'un confort in\u00e9gal\u00e9 avec nos produits de qualit\u00e9 sup\u00e9rieure. <strong>Derbies en cuir noir pour hommes<\/strong>. Ces chaussures \u00e0 lacets sophistiqu\u00e9es sont m\u00e9ticuleusement fabriqu\u00e9es pour offrir \u00e0 la fois \u00e9l\u00e9gance et portabilit\u00e9 exceptionnelle au quotidien, ce qui en fait un ajout essentiel \u00e0 la garde-robe de tout gentleman exigeant. La tige est en cuir de veau v\u00e9ritable et pr\u00e9sente un jeu raffin\u00e9 de cuir lisse sur le bout et les panneaux lat\u00e9raux, magnifiquement contrast\u00e9 par une texture subtilement caillout\u00e9e sur l'empeigne et les quartiers.<\/p>\n<p>Ce d\u00e9tail distinctif et les coutures moc-toe classiques font de notre <strong>Derbies en cuir noir pour hommes<\/strong> et offre un attrait visuel unique qui s'harmonise parfaitement avec les tenues habill\u00e9es et les ensembles d\u00e9contract\u00e9s.<\/p>\n<p><h3>Un confort in\u00e9gal\u00e9 et une qualit\u00e9 de fabrication sup\u00e9rieure<\/h3>\n<\/p>\n<p>Profitez d'un confort sup\u00e9rieur d\u00e8s que vous les enfilez, gr\u00e2ce \u00e0 la luxueuse doublure en cuir de ch\u00e8vre. Cette mati\u00e8re int\u00e9rieure de qualit\u00e9 sup\u00e9rieure garantit respirabilit\u00e9, douceur et une forme de gant qui se moule confortablement \u00e0 vos pieds au fil du temps, r\u00e9duisant la fatigue m\u00eame apr\u00e8s de longues heures de travail. La semelle innovante en EVA offre un amorti l\u00e9ger exceptionnel, une flexibilit\u00e9 et une traction fiable, pour des foul\u00e9es sans effort tout au long de la journ\u00e9e.<\/p>\n<p>Contrairement aux chaussures de ville traditionnelles, ces derbies offrent une hauteur de talon confortable de 1 \u00e0 3 cm, ce qui permet d'obtenir un look soign\u00e9 sans compromettre le confort. Qu'il s'agisse de participer \u00e0 d'importantes r\u00e9unions d'affaires, \u00e0 des soir\u00e9es sophistiqu\u00e9es ou \u00e0 des sorties d\u00e9contract\u00e9es le week-end, ces chaussures polyvalentes sont id\u00e9ales pour les hommes et les femmes d'affaires. <strong>Derbies en cuir noir pour hommes<\/strong> sont con\u00e7us pour offrir un style in\u00e9branlable et un soutien in\u00e9branlable.<\/p>\n<p><h3>Opportunit\u00e9 de vente en gros de chaussures haut de gamme<\/h3>\n<\/p>\n<p>Disponibles dans une gamme compl\u00e8te de tailles europ\u00e9ennes allant de 39 \u00e0 45, nous nous adressons \u00e0 une large client\u00e8le \u00e0 la recherche de qualit\u00e9 et de style. Notre engagement in\u00e9branlable en faveur d'un savoir-faire artisanal garantit que chaque paire est con\u00e7ue pour durer, offrant une durabilit\u00e9 remarquable et un attrait intemporel. Pour les d\u00e9taillants et les entreprises qui cherchent \u00e0 stocker des chaussures pour hommes de haute qualit\u00e9, ces derbies exquis sont disponibles pour des achats en gros avec une commande minimum de 8 paires.<\/p>\n<p>C'est une excellente occasion d'offrir \u00e0 vos clients des produits de qualit\u00e9 sup\u00e9rieure qui allient l'esth\u00e9tique traditionnelle au confort moderne et \u00e0 des mat\u00e9riaux de qualit\u00e9 sup\u00e9rieure. Rehaussez votre collection de chaussures ou \u00e9largissez votre offre de vente au d\u00e9tail avec ces derbies exceptionnelles en cuir noir.<\/p>","protected":false},"excerpt":{"rendered":"<ul>\n<li>Tige en cuir de veau v\u00e9ritable de premi\u00e8re qualit\u00e9<\/li>\n<li>Doublure en cuir de ch\u00e8vre luxueux pour une meilleure respirabilit\u00e9<\/li>\n<li>Semelle EVA l\u00e9g\u00e8re et flexible<\/li>\n<li>Derby classique \u00e0 lacets avec surpiq\u00fbres Moc-Toe<\/li>\n<li>Hauteur de talon confortable de 1 \u00e0 3 cm<\/li>\n<li>Disponible en tailles UE : 39, 40, 41, 42, 43, 44, 45<\/li>\n<li>Quantit\u00e9 minimale de commande : 8 paires (en gros)<\/li>\n<\/ul>","protected":false},"featured_media":3804,"template":"","meta":{"_acf_changed":false,"_uag_custom_page_level_css":"","site-sidebar-layout":"default","site-content-layout":"","ast-site-content-layout":"default","site-content-style":"default","site-sidebar-style":"default","ast-global-header-display":"","ast-banner-title-visibility":"","ast-main-header-display":"","ast-hfb-above-header-display":"","ast-hfb-below-header-display":"","ast-hfb-mobile-header-display":"","site-post-title":"","ast-breadcrumbs-content":"","ast-featured-img":"","footer-sml-layout":"","ast-disable-related-posts":"","theme-transparent-header-meta":"","adv-header-id-meta":"","stick-header-meta":"","header-above-stick-meta":"","header-main-stick-meta":"","header-below-stick-meta":"","astra-migrate-meta-layouts":"default","ast-page-background-enabled":"default","ast-page-background-meta":{"desktop":{"background-color":"var(--ast-global-color-4)","background-image":"","background-repeat":"repeat","background-position":"center center","background-size":"auto","background-attachment":"scroll","background-type":"","background-media":"","overlay-type":"","overlay-color":"","overlay-opacity":"","overlay-gradient":""},"tablet":{"background-color":"","background-image":"","background-repeat":"repeat","background-position":"center center","background-size":"auto","background-attachment":"scroll","background-type":"","background-media":"","overlay-type":"","overlay-color":"","overlay-opacity":"","overlay-gradient":""},"mobile":{"background-color":"","background-image":"","background-repeat":"repeat","background-position":"center center","background-size":"auto","background-attachment":"scroll","background-type":"","background-media":"","overlay-type":"","overlay-color":"","overlay-opacity":"","overlay-gradient":""}},"ast-content-background-meta":{"desktop":{"background-color":"var(--ast-global-color-5)","background-image":"","background-repeat":"repeat","background-position":"center center","background-size":"auto","background-attachment":"scroll","background-type":"","background-media":"","overlay-type":"","overlay-color":"","overlay-opacity":"","overlay-gradient":""},"tablet":{"background-color":"var(--ast-global-color-5)","background-image":"","background-repeat":"repeat","background-position":"center center","background-size":"auto","background-attachment":"scroll","background-type":"","background-media":"","overlay-type":"","overlay-color":"","overlay-opacity":"","overlay-gradient":""},"mobile":{"background-color":"var(--ast-global-color-5)","background-image":"","background-repeat":"repeat","background-position":"center center","background-size":"auto","background-attachment":"scroll","background-type":"","background-media":"","overlay-type":"","overlay-color":"","overlay-opacity":"","overlay-gradient":""}}},"product_brand":[],"product_cat":[47,430,40],"product_tag":[196,200,202,754,290,284,438,251,437,396,281],"class_list":{"0":"post-5672","1":"product","2":"type-product","3":"status-publish","4":"has-post-thumbnail","6":"product_cat-classic","7":"product_cat-men","8":"product_cat-mens-shoes","9":"product_tag-black-leather-shoes","10":"product_tag-business-casual","11":"product_tag-calf-leather","12":"product_tag-classic-mens-shoes","13":"product_tag-comfortable-mens-shoes","14":"product_tag-dress-shoes","15":"product_tag-eva-sole","16":"product_tag-formal-shoes","17":"product_tag-goat-leather","18":"product_tag-mens-derbies","19":"product_tag-wholesale-shoes","20":"desktop-align-center","21":"tablet-align-center","22":"mobile-align-center","24":"first","25":"instock","26":"shipping-taxable","27":"purchasable","28":"product-type-variable","29":"has-default-attributes"},"acf":[],"uagb_featured_image_src":{"full":["https:\/\/turkishtrade.co\/wp-content\/uploads\/2026\/01\/2400EJOMN00484-BLACK-X_444-1-usd.png",453,250,false],"thumbnail":["https:\/\/turkishtrade.co\/wp-content\/uploads\/2026\/01\/2400EJOMN00484-BLACK-X_444-1-usd.png",150,83,false],"medium":["https:\/\/turkishtrade.co\/wp-content\/uploads\/2026\/01\/2400EJOMN00484-BLACK-X_444-1-usd.png",300,166,false],"medium_large":["https:\/\/turkishtrade.co\/wp-content\/uploads\/2026\/01\/2400EJOMN00484-BLACK-X_444-1-usd.png",453,250,false],"large":["https:\/\/turkishtrade.co\/wp-content\/uploads\/2026\/01\/2400EJOMN00484-BLACK-X_444-1-usd.png",453,250,false],"1536x1536":["https:\/\/turkishtrade.co\/wp-content\/uploads\/2026\/01\/2400EJOMN00484-BLACK-X_444-1-usd.png",453,250,false],"2048x2048":["https:\/\/turkishtrade.co\/wp-content\/uploads\/2026\/01\/2400EJOMN00484-BLACK-X_444-1-usd.png",453,250,false],"trp-custom-language-flag":["https:\/\/turkishtrade.co\/wp-content\/uploads\/2026\/01\/2400EJOMN00484-BLACK-X_444-1-usd.png",18,10,false],"woocommerce_thumbnail":["https:\/\/turkishtrade.co\/wp-content\/uploads\/2026\/01\/2400EJOMN00484-BLACK-X_444-1-usd-400x250.png",400,250,true],"woocommerce_single":["https:\/\/turkishtrade.co\/wp-content\/uploads\/2026\/01\/2400EJOMN00484-BLACK-X_444-1-usd.png",453,250,false],"woocommerce_gallery_thumbnail":["https:\/\/turkishtrade.co\/wp-content\/uploads\/2026\/01\/2400EJOMN00484-BLACK-X_444-1-usd-100x100.png",100,100,true]},"uagb_author_info":{"display_name":"yaser olabi","author_link":"https:\/\/turkishtrade.co\/fr\/author\/"},"uagb_comment_info":0,"uagb_excerpt":"Premium Genuine Calf Leather Upper Luxurious Goat Leather Lining for Breathability Lightweight and Flexible EVA Sole Classic Lace-Up Derby Style with Moc-Toe Stitching Comfortable 1-3cm Heel Height Available in EU Sizes: 39, 40, 41, 42, 43, 44, 45 Minimum Order Quantity: 8 Pairs (wholesale)","_links":{"self":[{"href":"https:\/\/turkishtrade.co\/fr\/wp-json\/wp\/v2\/product\/5672","targetHints":{"allow":["GET"]}}],"collection":[{"href":"https:\/\/turkishtrade.co\/fr\/wp-json\/wp\/v2\/product"}],"about":[{"href":"https:\/\/turkishtrade.co\/fr\/wp-json\/wp\/v2\/types\/product"}],"wp:featuredmedia":[{"embeddable":true,"href":"https:\/\/turkishtrade.co\/fr\/wp-json\/wp\/v2\/media\/3804"}],"wp:attachment":[{"href":"https:\/\/turkishtrade.co\/fr\/wp-json\/wp\/v2\/media?parent=5672"}],"wp:term":[{"taxonomy":"product_brand","embeddable":true,"href":"https:\/\/turkishtrade.co\/fr\/wp-json\/wp\/v2\/product_brand?post=5672"},{"taxonomy":"product_cat","embeddable":true,"href":"https:\/\/turkishtrade.co\/fr\/wp-json\/wp\/v2\/product_cat?post=5672"},{"taxonomy":"product_tag","embeddable":true,"href":"https:\/\/turkishtrade.co\/fr\/wp-json\/wp\/v2\/product_tag?post=5672"}],"curies":[{"name":"wp","href":"https:\/\/api.w.org\/{rel}","templated":true}]}}