{"id":5670,"date":"2026-01-14T12:52:11","date_gmt":"2026-01-14T12:52:11","guid":{"rendered":"https:\/\/turkishtrade.co\/product\/men-navy-leather-loafers\/"},"modified":"2026-04-09T19:27:34","modified_gmt":"2026-04-09T19:27:34","slug":"mens-navy-leather-loafers","status":"publish","type":"product","link":"https:\/\/turkishtrade.co\/fr\/shop\/mens-navy-leather-loafers\/","title":{"rendered":"Mocassins en cuir de veau bleu marine pour hommes"},"content":{"rendered":"<p><strong>Mocassins en cuir marine pour hommes<\/strong><\/p>\n<p>\u00c9levez votre collection de chaussures gr\u00e2ce \u00e0 nos chaussures exquises. <strong>Mocassins en cuir marine pour hommes<\/strong>, Ces chaussures sont un m\u00e9lange parfait de sophistication et de confort, con\u00e7u pour le gentleman moderne. Ces chaussures d\u00e9contract\u00e9es \u00e0 enfiler sont m\u00e9ticuleusement fabriqu\u00e9es pour offrir un style in\u00e9gal\u00e9, que ce soit lors d'une journ\u00e9e de travail charg\u00e9e ou d'un week-end d\u00e9contract\u00e9. Nos <strong>Mocassins en cuir marine pour hommes<\/strong> sont plus qu'une simple chaussure, c'est une d\u00e9claration de go\u00fbt raffin\u00e9 et de qualit\u00e9 durable.<\/p>\n<p><h3>Une qualit\u00e9 et un savoir-faire in\u00e9gal\u00e9s<\/h3>\n<\/p>\n<p>D\u00e9couvrez la sensation luxueuse des mat\u00e9riaux authentiques \u00e0 chaque pas. La surface ext\u00e9rieure de ces chaussures remarquables est fabriqu\u00e9e en cuir de veau de premi\u00e8re qualit\u00e9, connu pour sa texture souple et sa durabilit\u00e9 exceptionnelle. Le choix du cuir de veau ne garantit pas seulement une esth\u00e9tique sophistiqu\u00e9e, mais aussi une chaussure qui vieillira gracieusement, en s'adaptant parfaitement \u00e0 votre pied au fil du temps.<\/p>\n<p>En compl\u00e9ment de l'ext\u00e9rieur robuste, la doublure int\u00e9rieure est fabriqu\u00e9e en cuir de ch\u00e8vre incroyablement doux, offrant une respirabilit\u00e9 sup\u00e9rieure et un environnement moelleux et confortable pour vos pieds tout au long de la journ\u00e9e. Ces chaussures <strong>Mocassins en cuir marine pour hommes<\/strong> sont l'expression m\u00eame de l'artisanat haut de gamme.<\/p>\n<p><h3>Con\u00e7u pour le confort et le style<\/h3>\n<\/p>\n<p>Le confort est primordial dans la conception de ces <strong>Mocassins en cuir marine pour hommes<\/strong>. Elles sont dot\u00e9es d'une semelle EVA l\u00e9g\u00e8re et flexible, qui offre un excellent amorti et une bonne absorption des chocs. Ce mat\u00e9riau de semelle innovant assure une foul\u00e9e confortable, ce qui rend ces chaussures id\u00e9ales pour un usage prolong\u00e9.<\/p>\n<p>La silhouette classique du mocassin est rehauss\u00e9e d'un modeste talon de 1 \u00e0 3 cm, ce qui lui conf\u00e8re une \u00e9l\u00e9vation subtile et lui permet de conserver un profil \u00e9l\u00e9gant et intemporel. La conception \u00e0 enfiler garantit la commodit\u00e9 et une finition \u00e9l\u00e9gante, ce qui les rend faciles \u00e0 porter et \u00e9l\u00e9gants en toute occasion.<\/p>\n<p><h3>Une \u00e9l\u00e9gance polyvalente pour toutes les occasions<\/h3>\n<\/p>\n<p>Ces produits polyvalents <strong>Mocassins en cuir marine pour hommes<\/strong> sont un \u00e9l\u00e9ment de base qui passe sans probl\u00e8me d'un environnement professionnel d\u00e9contract\u00e9 \u00e0 des rencontres sociales plus d\u00e9contract\u00e9es. Leur riche teinte bleu marine ajoute une touche d'\u00e9l\u00e9gance discr\u00e8te qui s'associe \u00e0 merveille \u00e0 un large \u00e9ventail de tenues, des pantalons cintr\u00e9s aux chinos en passant par les jeans \u00e9l\u00e9gants. Que vous vous habilliez pour une r\u00e9union d'affaires, un d\u00eener au restaurant ou une journ\u00e9e d\u00e9contract\u00e9e en ville, ces mocassins sont le choix id\u00e9al pour compl\u00e9ter votre ensemble avec assurance et \u00e9l\u00e9gance.<\/p>\n<p>Investissez dans votre collection avec <strong>Mocassins en cuir marine pour hommes<\/strong> et d\u00e9couvrez le nec plus ultra en mati\u00e8re de style adaptable.<\/p>\n<p><h3>Opportunit\u00e9s pour le commerce de gros<\/h3>\n<\/p>\n<p>Pour les d\u00e9taillants et les entreprises qui souhaitent proposer des chaussures haut de gamme, nos <strong>Mocassins en cuir marine pour hommes<\/strong> sont disponibles pour les achats en gros. Nous demandons une quantit\u00e9 minimale de commande de 8 paires, ce qui vous permet de vous approvisionner dans ce style populaire. Avec des tailles allant de 39 \u00e0 45, vous pouvez r\u00e9pondre aux besoins d'une large client\u00e8le.<\/p>\n<p>Les commandes sont g\u00e9n\u00e9ralement trait\u00e9es et exp\u00e9di\u00e9es dans un d\u00e9lai de 12 jours, plus le d\u00e9lai d'exp\u00e9dition standard, ce qui permet une gestion efficace des stocks. Am\u00e9liorez votre collection avec ces produits essentiels. <strong>Mocassins en cuir marine pour hommes<\/strong> et offrez \u00e0 vos clients une qualit\u00e9 et un style qu'ils appr\u00e9cieront.<\/p>","protected":false},"excerpt":{"rendered":"<ul>\n<li>Mat\u00e9riau ext\u00e9rieur : Cuir de veau v\u00e9ritable<\/li>\n<li>Doublure int\u00e9rieure : Cuir de ch\u00e8vre souple<\/li>\n<li>Semelle : Semelle EVA confortable avec talon classique de 1 \u00e0 3 cm<\/li>\n<li>Tailles disponibles : 39, 40, 41, 42, 43, 44, 45<\/li>\n<li>Quantit\u00e9 minimale de commande : 8 paires<\/li>\n<li>D\u00e9lai de livraison : 12 jours + exp\u00e9dition<\/li>\n<\/ul>","protected":false},"featured_media":3803,"template":"","meta":{"_acf_changed":false,"_uag_custom_page_level_css":"","site-sidebar-layout":"default","site-content-layout":"","ast-site-content-layout":"default","site-content-style":"default","site-sidebar-style":"default","ast-global-header-display":"","ast-banner-title-visibility":"","ast-main-header-display":"","ast-hfb-above-header-display":"","ast-hfb-below-header-display":"","ast-hfb-mobile-header-display":"","site-post-title":"","ast-breadcrumbs-content":"","ast-featured-img":"","footer-sml-layout":"","ast-disable-related-posts":"","theme-transparent-header-meta":"","adv-header-id-meta":"","stick-header-meta":"","header-above-stick-meta":"","header-main-stick-meta":"","header-below-stick-meta":"","astra-migrate-meta-layouts":"default","ast-page-background-enabled":"default","ast-page-background-meta":{"desktop":{"background-color":"var(--ast-global-color-4)","background-image":"","background-repeat":"repeat","background-position":"center center","background-size":"auto","background-attachment":"scroll","background-type":"","background-media":"","overlay-type":"","overlay-color":"","overlay-opacity":"","overlay-gradient":""},"tablet":{"background-color":"","background-image":"","background-repeat":"repeat","background-position":"center center","background-size":"auto","background-attachment":"scroll","background-type":"","background-media":"","overlay-type":"","overlay-color":"","overlay-opacity":"","overlay-gradient":""},"mobile":{"background-color":"","background-image":"","background-repeat":"repeat","background-position":"center center","background-size":"auto","background-attachment":"scroll","background-type":"","background-media":"","overlay-type":"","overlay-color":"","overlay-opacity":"","overlay-gradient":""}},"ast-content-background-meta":{"desktop":{"background-color":"var(--ast-global-color-5)","background-image":"","background-repeat":"repeat","background-position":"center center","background-size":"auto","background-attachment":"scroll","background-type":"","background-media":"","overlay-type":"","overlay-color":"","overlay-opacity":"","overlay-gradient":""},"tablet":{"background-color":"var(--ast-global-color-5)","background-image":"","background-repeat":"repeat","background-position":"center center","background-size":"auto","background-attachment":"scroll","background-type":"","background-media":"","overlay-type":"","overlay-color":"","overlay-opacity":"","overlay-gradient":""},"mobile":{"background-color":"var(--ast-global-color-5)","background-image":"","background-repeat":"repeat","background-position":"center center","background-size":"auto","background-attachment":"scroll","background-type":"","background-media":"","overlay-type":"","overlay-color":"","overlay-opacity":"","overlay-gradient":""}}},"product_brand":[],"product_cat":[47,430,40],"product_tag":[513,202,512,439,544,438,437,227,198,186,479,374,184,281],"class_list":{"0":"post-5670","1":"product","2":"type-product","3":"status-publish","4":"has-post-thumbnail","6":"product_cat-classic","7":"product_cat-men","8":"product_cat-mens-shoes","9":"product_tag-business-casual-shoes","10":"product_tag-calf-leather","11":"product_tag-casual-loafers","12":"product_tag-durable-shoes","13":"product_tag-elegant-loafers","14":"product_tag-eva-sole","15":"product_tag-goat-leather","16":"product_tag-leather-shoes","17":"product_tag-mens-fashion","18":"product_tag-mens-loafers","19":"product_tag-navy-shoes","20":"product_tag-premium-loafers","21":"product_tag-slip-on-shoes","22":"product_tag-wholesale-shoes","23":"desktop-align-center","24":"tablet-align-center","25":"mobile-align-center","27":"first","28":"instock","29":"shipping-taxable","30":"purchasable","31":"product-type-variable","32":"has-default-attributes"},"acf":[],"uagb_featured_image_src":{"full":["https:\/\/turkishtrade.co\/wp-content\/uploads\/2026\/01\/2400EJOMN00482-BLUE-X_443.png",453,250,false],"thumbnail":["https:\/\/turkishtrade.co\/wp-content\/uploads\/2026\/01\/2400EJOMN00482-BLUE-X_443-150x150.png",150,150,true],"medium":["https:\/\/turkishtrade.co\/wp-content\/uploads\/2026\/01\/2400EJOMN00482-BLUE-X_443-300x166.png",300,166,true],"medium_large":["https:\/\/turkishtrade.co\/wp-content\/uploads\/2026\/01\/2400EJOMN00482-BLUE-X_443.png",453,250,false],"large":["https:\/\/turkishtrade.co\/wp-content\/uploads\/2026\/01\/2400EJOMN00482-BLUE-X_443.png",453,250,false],"1536x1536":["https:\/\/turkishtrade.co\/wp-content\/uploads\/2026\/01\/2400EJOMN00482-BLUE-X_443.png",453,250,false],"2048x2048":["https:\/\/turkishtrade.co\/wp-content\/uploads\/2026\/01\/2400EJOMN00482-BLUE-X_443.png",453,250,false],"trp-custom-language-flag":["https:\/\/turkishtrade.co\/wp-content\/uploads\/2026\/01\/2400EJOMN00482-BLUE-X_443-18x10.png",18,10,true],"woocommerce_thumbnail":["https:\/\/turkishtrade.co\/wp-content\/uploads\/2026\/01\/2400EJOMN00482-BLUE-X_443-400x250.png",400,250,true],"woocommerce_single":["https:\/\/turkishtrade.co\/wp-content\/uploads\/2026\/01\/2400EJOMN00482-BLUE-X_443.png",453,250,false],"woocommerce_gallery_thumbnail":["https:\/\/turkishtrade.co\/wp-content\/uploads\/2026\/01\/2400EJOMN00482-BLUE-X_443-100x100.png",100,100,true]},"uagb_author_info":{"display_name":"yaser olabi","author_link":"https:\/\/turkishtrade.co\/fr\/author\/"},"uagb_comment_info":0,"uagb_excerpt":"Outer Material: Genuine Calf Leather Inner Lining: Soft Goat Leather Sole: Comfortable EVA Sole with 1-3 cm Classic Heel Available Sizes: 39, 40, 41, 42, 43, 44, 45 Minimum Order Quantity: 8 Pairs Delivery Time: 12 Days + Shipping","_links":{"self":[{"href":"https:\/\/turkishtrade.co\/fr\/wp-json\/wp\/v2\/product\/5670","targetHints":{"allow":["GET"]}}],"collection":[{"href":"https:\/\/turkishtrade.co\/fr\/wp-json\/wp\/v2\/product"}],"about":[{"href":"https:\/\/turkishtrade.co\/fr\/wp-json\/wp\/v2\/types\/product"}],"wp:featuredmedia":[{"embeddable":true,"href":"https:\/\/turkishtrade.co\/fr\/wp-json\/wp\/v2\/media\/3803"}],"wp:attachment":[{"href":"https:\/\/turkishtrade.co\/fr\/wp-json\/wp\/v2\/media?parent=5670"}],"wp:term":[{"taxonomy":"product_brand","embeddable":true,"href":"https:\/\/turkishtrade.co\/fr\/wp-json\/wp\/v2\/product_brand?post=5670"},{"taxonomy":"product_cat","embeddable":true,"href":"https:\/\/turkishtrade.co\/fr\/wp-json\/wp\/v2\/product_cat?post=5670"},{"taxonomy":"product_tag","embeddable":true,"href":"https:\/\/turkishtrade.co\/fr\/wp-json\/wp\/v2\/product_tag?post=5670"}],"curies":[{"name":"wp","href":"https:\/\/api.w.org\/{rel}","templated":true}]}}