{"id":5664,"date":"2026-01-14T12:51:34","date_gmt":"2026-01-14T12:51:34","guid":{"rendered":"https:\/\/turkishtrade.co\/product\/men-s-navy-leather-loafers\/"},"modified":"2026-04-09T19:27:40","modified_gmt":"2026-04-09T19:27:40","slug":"mens-navy-leather-loafers-2","status":"publish","type":"product","link":"https:\/\/turkishtrade.co\/fr\/shop\/mens-navy-leather-loafers-2\/","title":{"rendered":"Mocassins en cuir marine de premi\u00e8re qualit\u00e9 pour hommes avec semelle en EVA"},"content":{"rendered":"<p><strong>Mocassins en cuir marine pour hommes<\/strong><\/p>\n<p>Entrez dans un style et un confort in\u00e9gal\u00e9s gr\u00e2ce \u00e0 nos magnifiques <strong>Mocassins en cuir marine pour hommes<\/strong>. Con\u00e7us pour les hommes exigeants, ces mocassins allient harmonieusement l'\u00e9l\u00e9gance classique \u00e0 la modernit\u00e9. Que vous vous rendiez \u00e0 une r\u00e9union d'affaires d\u00e9contract\u00e9e, que vous preniez un brunch le week-end ou que vous assistiez \u00e0 un \u00e9v\u00e9nement semi-formel, ces mocassins sophistiqu\u00e9s de couleur marine sont votre compagnon id\u00e9al.<\/p>\n<p>Leur design intemporel garantit que ces <strong>Mocassins en cuir marine pour hommes<\/strong> Les pantalons en cuir de la s\u00e9rie \" B \" resteront un \u00e9l\u00e9ment essentiel de votre garde-robe pour les saisons \u00e0 venir, offrant un look soign\u00e9 sans compromis sur le confort.<\/p>\n<p><h3>Une qualit\u00e9 et un savoir-faire in\u00e9gal\u00e9s<\/h3>\n<\/p>\n<p>Chaque paire de nos <strong>Mocassins en cuir marine pour hommes<\/strong> t\u00e9moigne d'un savoir-faire sup\u00e9rieur et d'un souci du d\u00e9tail. La surface ext\u00e9rieure est m\u00e9ticuleusement fabriqu\u00e9e en cuir de veau de premi\u00e8re qualit\u00e9, connu pour sa texture souple, sa durabilit\u00e9 exceptionnelle et sa finition \u00e9l\u00e9gante. Ce cuir de haute qualit\u00e9 n'a pas seulement un aspect luxueux, il se moule \u00e9galement \u00e0 votre pied au fil du temps, pour un ajustement personnalis\u00e9.<\/p>\n<p>En compl\u00e9ment de l'ext\u00e9rieur robuste, la doublure int\u00e9rieure de ces <strong>Mocassins en cuir marine pour hommes<\/strong> est fabriqu\u00e9e en cuir de ch\u00e8vre souple et respirant, ce qui garantit un maximum de confort et d'a\u00e9ration tout au long de la journ\u00e9e. Cette combinaison de mat\u00e9riaux de premier ordre garantit \u00e0 la fois la long\u00e9vit\u00e9 et une exp\u00e9rience de port incroyablement confortable, ce qui en fait la chaussure id\u00e9ale. <strong>Mocassins en cuir marine pour hommes<\/strong> pour la vie de tous les jours ou les occasions sp\u00e9ciales.<\/p>\n<p><h3>Con\u00e7u pour le confort et la durabilit\u00e9<\/h3>\n<\/p>\n<p>Le confort est primordial, et notre <strong>Mocassins en cuir marine pour hommes<\/strong> livrent. Dot\u00e9es d'une semelle EVA \u00e0 la fois l\u00e9g\u00e8re et robuste, ces chaussures offrent une excellente absorption des chocs et une grande souplesse, faisant de chaque pas un plaisir. La silhouette classique du mocassin est rehauss\u00e9e par un talon pratique de 1 \u00e0 3 cm de hauteur, offrant une \u00e9l\u00e9vation subtile sans sacrifier la stabilit\u00e9 ou la facilit\u00e9 de mouvement.<\/p>\n<p>La conception bien pens\u00e9e de la semelle assure \u00e9galement une adh\u00e9rence fiable, ce qui permet de se sentir en confiance sur diff\u00e9rentes surfaces. Ces chaussures <strong>Mocassins en cuir marine pour hommes<\/strong> sont con\u00e7ues pour les hommes qui exigent de leurs chaussures \u00e0 la fois une esth\u00e9tique sophistiqu\u00e9e et une fonctionnalit\u00e9 pratique.<\/p>\n<p><h3>Une polyvalence pour toutes les occasions<\/h3>\n<\/p>\n<p>La teinte marine profonde de ces produits d'exception <strong>Mocassins en cuir marine pour hommes<\/strong> offre une incroyable polyvalence, permettant de l'associer \u00e0 un large \u00e9ventail de tenues. Qu'il s'agisse d'un chino impeccable et d'un manteau de sport ou d'un jean ajust\u00e9 et d'une chemise d\u00e9contract\u00e9e, nos <strong>Mocassins en cuir marine pour hommes<\/strong> rehaussent sans effort n'importe quel ensemble. Disponible dans une large gamme de tailles allant du 39 au 45, il est facile de trouver la taille id\u00e9ale.<\/p>\n<p>Rehaussez votre collection de chaussures avec ces mocassins essentiels qui promettent \u00e0 la fois style et qualit\u00e9 durable. Pour les entreprises ou les d\u00e9taillants, veuillez noter que ces mocassins de qualit\u00e9 sup\u00e9rieure sont disponibles dans les deux langues officielles de l'Union europ\u00e9enne. <strong>Mocassins en cuir marine pour hommes<\/strong> sont disponibles pour un achat en gros avec une commande minimum de 8 paires, avec un d\u00e9lai de livraison estim\u00e9 \u00e0 12 jours plus les frais d'exp\u00e9dition.<\/p>","protected":false},"excerpt":{"rendered":"<ul>\n<li>Fabriqu\u00e9 en cuir de veau de premi\u00e8re qualit\u00e9 \u00e0 l'ext\u00e9rieur et en cuir de ch\u00e8vre souple \u00e0 l'int\u00e9rieur pour un confort ultime.<\/li>\n<li>La semelle EVA durable offre une flexibilit\u00e9 l\u00e9g\u00e8re et une excellente adh\u00e9rence.<\/li>\n<li>Mocassins classiques avec un talon subtil de 1 \u00e0 3 cm de hauteur pour une \u00e9l\u00e9gance intemporelle.<\/li>\n<li>Disponible dans une large gamme de tailles : 39, 40, 41, 42, 43, 44, 45.<\/li>\n<li>Id\u00e9al pour les commandes en gros : Quantit\u00e9 minimale de commande de 8 paires.<\/li>\n<li>Livraison estim\u00e9e : 12 jours plus le temps d'exp\u00e9dition.<\/li>\n<\/ul>","protected":false},"featured_media":3801,"template":"","meta":{"_acf_changed":false,"_uag_custom_page_level_css":"","site-sidebar-layout":"default","site-content-layout":"","ast-site-content-layout":"default","site-content-style":"default","site-sidebar-style":"default","ast-global-header-display":"","ast-banner-title-visibility":"","ast-main-header-display":"","ast-hfb-above-header-display":"","ast-hfb-below-header-display":"","ast-hfb-mobile-header-display":"","site-post-title":"","ast-breadcrumbs-content":"","ast-featured-img":"","footer-sml-layout":"","ast-disable-related-posts":"","theme-transparent-header-meta":"","adv-header-id-meta":"","stick-header-meta":"","header-above-stick-meta":"","header-main-stick-meta":"","header-below-stick-meta":"","astra-migrate-meta-layouts":"default","ast-page-background-enabled":"default","ast-page-background-meta":{"desktop":{"background-color":"var(--ast-global-color-4)","background-image":"","background-repeat":"repeat","background-position":"center center","background-size":"auto","background-attachment":"scroll","background-type":"","background-media":"","overlay-type":"","overlay-color":"","overlay-opacity":"","overlay-gradient":""},"tablet":{"background-color":"","background-image":"","background-repeat":"repeat","background-position":"center center","background-size":"auto","background-attachment":"scroll","background-type":"","background-media":"","overlay-type":"","overlay-color":"","overlay-opacity":"","overlay-gradient":""},"mobile":{"background-color":"","background-image":"","background-repeat":"repeat","background-position":"center center","background-size":"auto","background-attachment":"scroll","background-type":"","background-media":"","overlay-type":"","overlay-color":"","overlay-opacity":"","overlay-gradient":""}},"ast-content-background-meta":{"desktop":{"background-color":"var(--ast-global-color-5)","background-image":"","background-repeat":"repeat","background-position":"center center","background-size":"auto","background-attachment":"scroll","background-type":"","background-media":"","overlay-type":"","overlay-color":"","overlay-opacity":"","overlay-gradient":""},"tablet":{"background-color":"var(--ast-global-color-5)","background-image":"","background-repeat":"repeat","background-position":"center center","background-size":"auto","background-attachment":"scroll","background-type":"","background-media":"","overlay-type":"","overlay-color":"","overlay-opacity":"","overlay-gradient":""},"mobile":{"background-color":"var(--ast-global-color-5)","background-image":"","background-repeat":"repeat","background-position":"center center","background-size":"auto","background-attachment":"scroll","background-type":"","background-media":"","overlay-type":"","overlay-color":"","overlay-opacity":"","overlay-gradient":""}}},"product_brand":[],"product_cat":[47,430,40],"product_tag":[453,202,512,220,978,438,437,215,186,397,184,280,456],"class_list":{"0":"post-5664","1":"product","2":"type-product","3":"status-publish","4":"has-post-thumbnail","6":"product_cat-classic","7":"product_cat-men","8":"product_cat-mens-shoes","9":"product_tag-bulk-footwear","10":"product_tag-calf-leather","11":"product_tag-casual-loafers","12":"product_tag-comfortable-loafers","13":"product_tag-dress-casual-shoes","14":"product_tag-eva-sole","15":"product_tag-goat-leather","16":"product_tag-leather-loafers","17":"product_tag-mens-loafers","18":"product_tag-navy-leather-shoes","19":"product_tag-slip-on-shoes","20":"product_tag-smart-casual-shoes","21":"product_tag-wholesale-loafers","22":"desktop-align-center","23":"tablet-align-center","24":"mobile-align-center","26":"first","27":"instock","28":"shipping-taxable","29":"purchasable","30":"product-type-variable","31":"has-default-attributes"},"acf":[],"uagb_featured_image_src":{"full":["https:\/\/turkishtrade.co\/wp-content\/uploads\/2026\/01\/2400EJOMN00479-DARK-BLUE-DKS_02.png",453,250,false],"thumbnail":["https:\/\/turkishtrade.co\/wp-content\/uploads\/2026\/01\/2400EJOMN00479-DARK-BLUE-DKS_02-150x150.png",150,150,true],"medium":["https:\/\/turkishtrade.co\/wp-content\/uploads\/2026\/01\/2400EJOMN00479-DARK-BLUE-DKS_02-300x166.png",300,166,true],"medium_large":["https:\/\/turkishtrade.co\/wp-content\/uploads\/2026\/01\/2400EJOMN00479-DARK-BLUE-DKS_02.png",453,250,false],"large":["https:\/\/turkishtrade.co\/wp-content\/uploads\/2026\/01\/2400EJOMN00479-DARK-BLUE-DKS_02.png",453,250,false],"1536x1536":["https:\/\/turkishtrade.co\/wp-content\/uploads\/2026\/01\/2400EJOMN00479-DARK-BLUE-DKS_02.png",453,250,false],"2048x2048":["https:\/\/turkishtrade.co\/wp-content\/uploads\/2026\/01\/2400EJOMN00479-DARK-BLUE-DKS_02.png",453,250,false],"trp-custom-language-flag":["https:\/\/turkishtrade.co\/wp-content\/uploads\/2026\/01\/2400EJOMN00479-DARK-BLUE-DKS_02-18x10.png",18,10,true],"woocommerce_thumbnail":["https:\/\/turkishtrade.co\/wp-content\/uploads\/2026\/01\/2400EJOMN00479-DARK-BLUE-DKS_02-400x250.png",400,250,true],"woocommerce_single":["https:\/\/turkishtrade.co\/wp-content\/uploads\/2026\/01\/2400EJOMN00479-DARK-BLUE-DKS_02.png",453,250,false],"woocommerce_gallery_thumbnail":["https:\/\/turkishtrade.co\/wp-content\/uploads\/2026\/01\/2400EJOMN00479-DARK-BLUE-DKS_02-100x100.png",100,100,true]},"uagb_author_info":{"display_name":"yaser olabi","author_link":"https:\/\/turkishtrade.co\/fr\/author\/"},"uagb_comment_info":0,"uagb_excerpt":"Crafted from premium calf leather exterior and soft goat leather interior for ultimate comfort. Durable EVA sole provides lightweight flexibility and excellent grip. Classic loafer design with a subtle 1-3 cm heel height for timeless elegance. Available in a wide range of sizes: 39, 40, 41, 42, 43, 44, 45. Ideal for bulk orders: Minimum\u2026","_links":{"self":[{"href":"https:\/\/turkishtrade.co\/fr\/wp-json\/wp\/v2\/product\/5664","targetHints":{"allow":["GET"]}}],"collection":[{"href":"https:\/\/turkishtrade.co\/fr\/wp-json\/wp\/v2\/product"}],"about":[{"href":"https:\/\/turkishtrade.co\/fr\/wp-json\/wp\/v2\/types\/product"}],"wp:featuredmedia":[{"embeddable":true,"href":"https:\/\/turkishtrade.co\/fr\/wp-json\/wp\/v2\/media\/3801"}],"wp:attachment":[{"href":"https:\/\/turkishtrade.co\/fr\/wp-json\/wp\/v2\/media?parent=5664"}],"wp:term":[{"taxonomy":"product_brand","embeddable":true,"href":"https:\/\/turkishtrade.co\/fr\/wp-json\/wp\/v2\/product_brand?post=5664"},{"taxonomy":"product_cat","embeddable":true,"href":"https:\/\/turkishtrade.co\/fr\/wp-json\/wp\/v2\/product_cat?post=5664"},{"taxonomy":"product_tag","embeddable":true,"href":"https:\/\/turkishtrade.co\/fr\/wp-json\/wp\/v2\/product_tag?post=5664"}],"curies":[{"name":"wp","href":"https:\/\/api.w.org\/{rel}","templated":true}]}}