{"id":5654,"date":"2026-01-14T12:49:58","date_gmt":"2026-01-14T12:49:58","guid":{"rendered":"https:\/\/turkishtrade.co\/product\/mens-black-leather-loafer-2\/"},"modified":"2026-04-09T19:27:57","modified_gmt":"2026-04-09T19:27:57","slug":"mens-black-leather-loafer-2","status":"publish","type":"product","link":"https:\/\/turkishtrade.co\/fr\/shop\/mens-black-leather-loafer-2\/","title":{"rendered":"Mocassins classiques en cuir noir pour hommes"},"content":{"rendered":"<p><strong>Mocassins en cuir noir pour hommes<\/strong><\/p>\n<p>D\u00e9couvrez l'alliance parfaite d'un style intemporel et d'un confort in\u00e9gal\u00e9 avec notre <strong>Mocassins en cuir noir pour hommes<\/strong>. Con\u00e7u pour l'homme moderne, ce mocassin classique incarne la sophistication tout en offrant la d\u00e9contraction d'une chaussure d\u00e9contract\u00e9e. Qu'il s'agisse d'une journ\u00e9e de travail bien remplie ou d'un week-end de d\u00e9tente, ce mocassin est le meilleur choix. <strong>Mocassins en cuir noir pour hommes<\/strong> offre la polyvalence et la durabilit\u00e9 que vous attendez de vos chaussures, ce qui en fait un compl\u00e9ment indispensable \u00e0 toute garde-robe.<\/p>\n<p><h3>Des mat\u00e9riaux de premi\u00e8re qualit\u00e9 pour un confort sup\u00e9rieur<\/h3>\n<\/p>\n<p>Notre <strong>Mocassins en cuir noir pour hommes<\/strong> se distingue par son ext\u00e9rieur en cuir de veau v\u00e9ritable. Ce mat\u00e9riau de qualit\u00e9 sup\u00e9rieure offre non seulement un aspect riche et textur\u00e9, mais promet \u00e9galement une long\u00e9vit\u00e9 exceptionnelle et s'adapte parfaitement \u00e0 la forme de votre pied au fil du temps. \u00c0 l'int\u00e9rieur, vos pieds seront berc\u00e9s par la douceur luxueuse de la doublure en cuir de ch\u00e8vre, r\u00e9put\u00e9e pour sa respirabilit\u00e9 et ses propri\u00e9t\u00e9s d'\u00e9vacuation de l'humidit\u00e9, garantissant fra\u00eecheur et confort tout au long de la journ\u00e9e.<\/p>\n<p>Le design classique du mocassin est compl\u00e9t\u00e9 par un talon subtil de 1 \u00e0 3 cm, offrant juste la bonne \u00e9l\u00e9vation pour un look raffin\u00e9 sans compromis sur le confort ou la stabilit\u00e9.<\/p>\n<p><h3>Con\u00e7u pour une polyvalence quotidienne<\/h3>\n<\/p>\n<p>La semelle EVA, \u00e0 la fois robuste et l\u00e9g\u00e8re, offre un amorti et une flexibilit\u00e9 sup\u00e9rieurs, faisant de chaque pas un plaisir. Cette caract\u00e9ristique essentielle de nos <strong>Mocassins en cuir noir pour hommes<\/strong> garantit une excellente absorption des chocs et une traction fiable, que vous marchiez sur des trottoirs urbains ou des surfaces plus douces. La conception pratique \u00e0 enfiler garantit un port sans effort, ce qui rend cette chaussure tr\u00e8s pratique. <strong>Mocassins en cuir noir pour hommes<\/strong> un choix id\u00e9al pour les hommes qui recherchent \u00e0 la fois la commodit\u00e9 et l'\u00e9l\u00e9gance.<\/p>\n<p>Des environnements professionnels d\u00e9contract\u00e9s aux sorties en soir\u00e9e, cette chaussure s'int\u00e8gre parfaitement \u00e0 votre garde-robe, offrant un look soign\u00e9 en toute occasion.<\/p>\n<p><h3>Une qualit\u00e9 et une disponibilit\u00e9 sans compromis<\/h3>\n<\/p>\n<p>Nous sommes fiers de l'artisanat m\u00e9ticuleux qui entre dans la fabrication de chaque paire de nos produits. <strong>Mocassins en cuir noir pour hommes<\/strong> chaussures. Disponibles dans une gamme compl\u00e8te de tailles allant du 39 au 45, nous garantissons un ajustement parfait \u00e0 une large client\u00e8le. Pour les d\u00e9taillants et les entreprises, cette <strong>Mocassins en cuir noir pour hommes<\/strong> est disponible pour les commandes en gros, avec une quantit\u00e9 minimale de 8 paires, ce qui en fait un compl\u00e9ment parfait \u00e0 votre inventaire.<\/p>\n<p>Nous proposons des prix comp\u00e9titifs, dont les d\u00e9tails sont disponibles sur demande. Faites l'exp\u00e9rience du confort, du style et de la qualit\u00e9 durable qui d\u00e9finissent nos produits. <strong>Mocassins en cuir noir pour hommes<\/strong> collection. Am\u00e9liorez votre collection de chaussures avec une chaussure qui r\u00e9siste vraiment \u00e0 l'\u00e9preuve du temps et des tendances.<\/p>\n<p>Commandez votre paire de <strong>Mocassins en cuir noir pour hommes<\/strong> et entrez dans un monde de confort sophistiqu\u00e9 !<\/p>","protected":false},"excerpt":{"rendered":"<ul>\n<li><strong>Mati\u00e8re sup\u00e9rieure :<\/strong> Fabriqu\u00e9 en cuir de veau v\u00e9ritable de premi\u00e8re qualit\u00e9 pour un look sophistiqu\u00e9 et une durabilit\u00e9 \u00e0 toute \u00e9preuve.<\/li>\n<li><strong>Mati\u00e8re de la doublure :<\/strong> Int\u00e9rieur en cuir de ch\u00e8vre luxueusement doux et respirant pour un confort tout au long de la journ\u00e9e.<\/li>\n<li><strong>Semelle :<\/strong> Semelle EVA l\u00e9g\u00e8re et flexible, offrant un amorti et une traction sup\u00e9rieurs.<\/li>\n<li><strong>Hauteur du talon :<\/strong> Talon mocassin classique de 1 \u00e0 3 cm pour une \u00e9l\u00e9vation subtile et un style intemporel.<\/li>\n<li><strong>Tailles disponibles :<\/strong> Propos\u00e9 dans une gamme compl\u00e8te de 39, 40, 41, 42, 43, 44 et 45.<\/li>\n<li><strong>Polyvalence :<\/strong> Parfait pour les tenues d\u00e9contract\u00e9es de tous les jours et les environnements professionnels \u00e9l\u00e9gants.<\/li>\n<li><strong>Disponibilit\u00e9 en vrac :<\/strong> Quantit\u00e9 minimale de commande de 8 paires pour les clients en gros.<\/li>\n<li><strong>Informations sur la livraison :<\/strong> Le d\u00e9lai de livraison est estim\u00e9 \u00e0 12 jours, plus les frais de port.<\/li>\n<\/ul>","protected":false},"featured_media":3796,"template":"","meta":{"_acf_changed":false,"_uag_custom_page_level_css":"","site-sidebar-layout":"default","site-content-layout":"","ast-site-content-layout":"default","site-content-style":"default","site-sidebar-style":"default","ast-global-header-display":"","ast-banner-title-visibility":"","ast-main-header-display":"","ast-hfb-above-header-display":"","ast-hfb-below-header-display":"","ast-hfb-mobile-header-display":"","site-post-title":"","ast-breadcrumbs-content":"","ast-featured-img":"","footer-sml-layout":"","ast-disable-related-posts":"","theme-transparent-header-meta":"","adv-header-id-meta":"","stick-header-meta":"","header-above-stick-meta":"","header-main-stick-meta":"","header-below-stick-meta":"","astra-migrate-meta-layouts":"default","ast-page-background-enabled":"default","ast-page-background-meta":{"desktop":{"background-color":"var(--ast-global-color-4)","background-image":"","background-repeat":"repeat","background-position":"center center","background-size":"auto","background-attachment":"scroll","background-type":"","background-media":"","overlay-type":"","overlay-color":"","overlay-opacity":"","overlay-gradient":""},"tablet":{"background-color":"","background-image":"","background-repeat":"repeat","background-position":"center center","background-size":"auto","background-attachment":"scroll","background-type":"","background-media":"","overlay-type":"","overlay-color":"","overlay-opacity":"","overlay-gradient":""},"mobile":{"background-color":"","background-image":"","background-repeat":"repeat","background-position":"center center","background-size":"auto","background-attachment":"scroll","background-type":"","background-media":"","overlay-type":"","overlay-color":"","overlay-opacity":"","overlay-gradient":""}},"ast-content-background-meta":{"desktop":{"background-color":"var(--ast-global-color-5)","background-image":"","background-repeat":"repeat","background-position":"center center","background-size":"auto","background-attachment":"scroll","background-type":"","background-media":"","overlay-type":"","overlay-color":"","overlay-opacity":"","overlay-gradient":""},"tablet":{"background-color":"var(--ast-global-color-5)","background-image":"","background-repeat":"repeat","background-position":"center center","background-size":"auto","background-attachment":"scroll","background-type":"","background-media":"","overlay-type":"","overlay-color":"","overlay-opacity":"","overlay-gradient":""},"mobile":{"background-color":"var(--ast-global-color-5)","background-image":"","background-repeat":"repeat","background-position":"center center","background-size":"auto","background-attachment":"scroll","background-type":"","background-media":"","overlay-type":"","overlay-color":"","overlay-opacity":"","overlay-gradient":""}}},"product_brand":[],"product_cat":[47,430,40],"product_tag":[605,202,449,457,222,284,438,989,352,437,219,227,805,198,988],"class_list":{"0":"post-5654","1":"product","2":"type-product","3":"status-publish","4":"has-post-thumbnail","6":"product_cat-classic","7":"product_cat-men","8":"product_cat-mens-shoes","9":"product_tag-black-shoes","10":"product_tag-calf-leather","11":"product_tag-casual-shoes","12":"product_tag-classic-loafers","13":"product_tag-comfortable-shoes","14":"product_tag-dress-shoes","15":"product_tag-eva-sole","16":"product_tag-everyday-wear","17":"product_tag-formal-loafers","18":"product_tag-goat-leather","19":"product_tag-handmade-shoes","20":"product_tag-leather-shoes","21":"product_tag-loafer","22":"product_tag-mens-fashion","23":"product_tag-slip-on","24":"desktop-align-center","25":"tablet-align-center","26":"mobile-align-center","28":"first","29":"instock","30":"shipping-taxable","31":"purchasable","32":"product-type-variable","33":"has-default-attributes"},"acf":[],"uagb_featured_image_src":{"full":["https:\/\/turkishtrade.co\/wp-content\/uploads\/2026\/01\/2400EJOMN00437-BLACK-Y_12586-1-usd.png",453,250,false],"thumbnail":["https:\/\/turkishtrade.co\/wp-content\/uploads\/2026\/01\/2400EJOMN00437-BLACK-Y_12586-1-usd-150x150.png",150,150,true],"medium":["https:\/\/turkishtrade.co\/wp-content\/uploads\/2026\/01\/2400EJOMN00437-BLACK-Y_12586-1-usd-300x166.png",300,166,true],"medium_large":["https:\/\/turkishtrade.co\/wp-content\/uploads\/2026\/01\/2400EJOMN00437-BLACK-Y_12586-1-usd.png",453,250,false],"large":["https:\/\/turkishtrade.co\/wp-content\/uploads\/2026\/01\/2400EJOMN00437-BLACK-Y_12586-1-usd.png",453,250,false],"1536x1536":["https:\/\/turkishtrade.co\/wp-content\/uploads\/2026\/01\/2400EJOMN00437-BLACK-Y_12586-1-usd.png",453,250,false],"2048x2048":["https:\/\/turkishtrade.co\/wp-content\/uploads\/2026\/01\/2400EJOMN00437-BLACK-Y_12586-1-usd.png",453,250,false],"trp-custom-language-flag":["https:\/\/turkishtrade.co\/wp-content\/uploads\/2026\/01\/2400EJOMN00437-BLACK-Y_12586-1-usd-18x10.png",18,10,true],"woocommerce_thumbnail":["https:\/\/turkishtrade.co\/wp-content\/uploads\/2026\/01\/2400EJOMN00437-BLACK-Y_12586-1-usd-400x250.png",400,250,true],"woocommerce_single":["https:\/\/turkishtrade.co\/wp-content\/uploads\/2026\/01\/2400EJOMN00437-BLACK-Y_12586-1-usd.png",453,250,false],"woocommerce_gallery_thumbnail":["https:\/\/turkishtrade.co\/wp-content\/uploads\/2026\/01\/2400EJOMN00437-BLACK-Y_12586-1-usd-100x100.png",100,100,true]},"uagb_author_info":{"display_name":"yaser olabi","author_link":"https:\/\/turkishtrade.co\/fr\/author\/"},"uagb_comment_info":0,"uagb_excerpt":"Upper Material: Crafted from premium genuine calf leather for a sophisticated look and lasting durability. Lining Material: Luxuriously soft and breathable goat leather interior for all-day comfort. Sole: Lightweight and flexible EVA sole, providing superior cushioning and traction. Heel Height: Classic loafer heel of 1-3 cm for subtle elevation and timeless style. Sizes Available: Offered\u2026","_links":{"self":[{"href":"https:\/\/turkishtrade.co\/fr\/wp-json\/wp\/v2\/product\/5654","targetHints":{"allow":["GET"]}}],"collection":[{"href":"https:\/\/turkishtrade.co\/fr\/wp-json\/wp\/v2\/product"}],"about":[{"href":"https:\/\/turkishtrade.co\/fr\/wp-json\/wp\/v2\/types\/product"}],"wp:featuredmedia":[{"embeddable":true,"href":"https:\/\/turkishtrade.co\/fr\/wp-json\/wp\/v2\/media\/3796"}],"wp:attachment":[{"href":"https:\/\/turkishtrade.co\/fr\/wp-json\/wp\/v2\/media?parent=5654"}],"wp:term":[{"taxonomy":"product_brand","embeddable":true,"href":"https:\/\/turkishtrade.co\/fr\/wp-json\/wp\/v2\/product_brand?post=5654"},{"taxonomy":"product_cat","embeddable":true,"href":"https:\/\/turkishtrade.co\/fr\/wp-json\/wp\/v2\/product_cat?post=5654"},{"taxonomy":"product_tag","embeddable":true,"href":"https:\/\/turkishtrade.co\/fr\/wp-json\/wp\/v2\/product_tag?post=5654"}],"curies":[{"name":"wp","href":"https:\/\/api.w.org\/{rel}","templated":true}]}}