{"id":5651,"date":"2026-01-14T12:49:34","date_gmt":"2026-01-14T12:49:34","guid":{"rendered":"https:\/\/turkishtrade.co\/product\/mens-black-leather-brogue-shoes\/"},"modified":"2026-04-09T19:28:04","modified_gmt":"2026-04-09T19:28:04","slug":"mens-black-leather-brogue-shoes","status":"publish","type":"product","link":"https:\/\/turkishtrade.co\/fr\/shop\/mens-black-leather-brogue-shoes\/","title":{"rendered":"Premium Men's Black Leather Brogue Derby Shoes"},"content":{"rendered":"<p><strong>Chaussures richelieu en cuir noir pour hommes<\/strong><\/p>\n<p>D\u00e9couvrez l'incarnation d'un style classique et d'un confort sup\u00e9rieur avec nos chaussures Brogue en cuir noir pour hommes. Ces chaussures exceptionnelles ont \u00e9t\u00e9 m\u00e9ticuleusement con\u00e7ues pour le gentleman moderne qui appr\u00e9cie la qualit\u00e9 durable et l'esth\u00e9tique sophistiqu\u00e9e. Parfaites pour les r\u00e9unions d'affaires, les \u00e9v\u00e9nements formels ou pour rehausser votre look d\u00e9contract\u00e9 et \u00e9l\u00e9gant de tous les jours, ces chaussures ont \u00e9t\u00e9 con\u00e7ues pour les hommes modernes. <strong>Chaussures brogue en cuir noir pour hommes<\/strong> sont un compl\u00e9ment polyvalent \u00e0 toute garde-robe.<\/p>\n<p><h3>Un savoir-faire et des mat\u00e9riaux in\u00e9gal\u00e9s<\/h3>\n<\/p>\n<p>Chaque paire de nos <strong>Chaussures brogue en cuir noir pour hommes<\/strong> t\u00e9moigne d'un engagement en faveur de l'excellence. La surface ext\u00e9rieure est fabriqu\u00e9e de mani\u00e8re experte \u00e0 partir de cuir de veau v\u00e9ritable de haute qualit\u00e9, connu pour sa texture lisse, sa durabilit\u00e9 et son aspect luxueux. Ce cuir de qualit\u00e9 sup\u00e9rieure se moule \u00e0 votre pied au fil du temps, garantissant un ajustement personnalis\u00e9.<\/p>\n<p>En compl\u00e9ment de l'ext\u00e9rieur, la doublure int\u00e9rieure est en cuir de ch\u00e8vre souple, offrant une bonne respirabilit\u00e9 et une merveilleuse sensation de douceur sur la peau, \u00e9vitant tout inconfort m\u00eame en cas de port prolong\u00e9.<\/p>\n<p><h3>Con\u00e7u pour le confort et la durabilit\u00e9<\/h3>\n<\/p>\n<p>Au-del\u00e0 de leur apparence, ces <strong>Chaussures brogue en cuir noir pour hommes<\/strong> Priorit\u00e9 au confort. La semelle l\u00e9g\u00e8re en EVA offre un excellent amorti et une grande souplesse, absorbant les chocs \u00e0 chaque pas. Ce mat\u00e9riau de semelle moderne garantit une foul\u00e9e confortable, que vous naviguiez dans les rues de la ville ou que vous restiez debout pendant de longues p\u00e9riodes.<\/p>\n<p>Le talon classique de 1 \u00e0 3 cm de hauteur ajoute une \u00e9l\u00e9vation subtile sans compromettre la stabilit\u00e9, ce qui fait de ces derbies des chaussures id\u00e9ales \u00e0 porter tout au long de la journ\u00e9e. Les perforations complexes des brogues ajoutent une touche d'\u00e9l\u00e9gance intemporelle et t\u00e9moignent de la qualit\u00e9 artisanale de la chaussure.<\/p>\n<p><h3>Une polyvalence pour toutes les occasions<\/h3>\n<\/p>\n<p>Notre <strong>Chaussures brogue en cuir noir pour hommes<\/strong> sont con\u00e7ues pour \u00eatre incroyablement adaptables. Leur teinte noire sophistiqu\u00e9e permet de les associer \u00e0 un large \u00e9ventail de tenues, des costumes \u00e9l\u00e9gants aux pantalons de tailleur, en passant par les chinos \u00e9l\u00e9gants et m\u00eame les jeans sombres. Que vous assistiez \u00e0 une r\u00e9union formelle, que vous alliez au bureau ou que vous profitiez d'une soir\u00e9e raffin\u00e9e, ces chaussures derby vous permettront d'\u00eatre impeccablement habill\u00e9.<\/p>\n<p>Disponible dans une large gamme de tailles allant de l'UE 39 \u00e0 l'UE 45, il est facile de trouver la taille id\u00e9ale.<\/p>\n<p><h3>Commande transparente et livraison fiable<\/h3>\n<\/p>\n<p>Pour ceux qui souhaitent s'approvisionner ou pour les achats en gros, nous proposons ces produits exquis. <strong>Chaussures brogue en cuir noir pour hommes<\/strong> avec une quantit\u00e9 minimale de commande de seulement 8 paires. Nous comprenons l'importance d'une livraison rapide, c'est pourquoi nous veillons \u00e0 ce que les commandes soient exp\u00e9di\u00e9es dans les 12 jours, suivies d'une livraison efficace \u00e0 votre domicile. Investissez dans une paire de nos <strong>Chaussures brogue en cuir noir pour hommes<\/strong> et faites l'exp\u00e9rience d'un m\u00e9lange parfait de tradition, de confort et de style contemporain.<\/p>\n<p>Rehaussez votre collection de chaussures avec un classique qui ne se d\u00e9mode jamais.<\/p>","protected":false},"excerpt":{"rendered":"<ul>\n<li><strong>Mat\u00e9riaux exquis :<\/strong> Fabriqu\u00e9 en cuir de veau v\u00e9ritable (ext\u00e9rieur) et en cuir de ch\u00e8vre souple (int\u00e9rieur).<\/li>\n<li><strong>Semelle durable et confortable :<\/strong> Semelle EVA l\u00e9g\u00e8re mais robuste pour un confort tout au long de la journ\u00e9e.<\/li>\n<li><strong>Design classique :<\/strong> Des d\u00e9tails intemporels de type brogue avec une hauteur de talon confortable de 1 \u00e0 3 cm.<\/li>\n<li><strong>Tailles disponibles :<\/strong> UE 39, 40, 41, 42, 43, 44, 45.<\/li>\n<li><strong>Disponibilit\u00e9 en vrac :<\/strong> Quantit\u00e9 minimale de commande de 8 paires.<\/li>\n<li><strong>D\u00e9lai de livraison :<\/strong> Les commandes sont livr\u00e9es dans un d\u00e9lai de 12 jours + frais de port.<\/li>\n<\/ul>","protected":false},"featured_media":3940,"template":"","meta":{"_acf_changed":false,"_uag_custom_page_level_css":"","site-sidebar-layout":"default","site-content-layout":"","ast-site-content-layout":"default","site-content-style":"default","site-sidebar-style":"default","ast-global-header-display":"","ast-banner-title-visibility":"","ast-main-header-display":"","ast-hfb-above-header-display":"","ast-hfb-below-header-display":"","ast-hfb-mobile-header-display":"","site-post-title":"","ast-breadcrumbs-content":"","ast-featured-img":"","footer-sml-layout":"","ast-disable-related-posts":"","theme-transparent-header-meta":"","adv-header-id-meta":"","stick-header-meta":"","header-above-stick-meta":"","header-main-stick-meta":"","header-below-stick-meta":"","astra-migrate-meta-layouts":"default","ast-page-background-enabled":"default","ast-page-background-meta":{"desktop":{"background-color":"var(--ast-global-color-4)","background-image":"","background-repeat":"repeat","background-position":"center center","background-size":"auto","background-attachment":"scroll","background-type":"","background-media":"","overlay-type":"","overlay-color":"","overlay-opacity":"","overlay-gradient":""},"tablet":{"background-color":"","background-image":"","background-repeat":"repeat","background-position":"center center","background-size":"auto","background-attachment":"scroll","background-type":"","background-media":"","overlay-type":"","overlay-color":"","overlay-opacity":"","overlay-gradient":""},"mobile":{"background-color":"","background-image":"","background-repeat":"repeat","background-position":"center center","background-size":"auto","background-attachment":"scroll","background-type":"","background-media":"","overlay-type":"","overlay-color":"","overlay-opacity":"","overlay-gradient":""}},"ast-content-background-meta":{"desktop":{"background-color":"var(--ast-global-color-5)","background-image":"","background-repeat":"repeat","background-position":"center center","background-size":"auto","background-attachment":"scroll","background-type":"","background-media":"","overlay-type":"","overlay-color":"","overlay-opacity":"","overlay-gradient":""},"tablet":{"background-color":"var(--ast-global-color-5)","background-image":"","background-repeat":"repeat","background-position":"center center","background-size":"auto","background-attachment":"scroll","background-type":"","background-media":"","overlay-type":"","overlay-color":"","overlay-opacity":"","overlay-gradient":""},"mobile":{"background-color":"var(--ast-global-color-5)","background-image":"","background-repeat":"repeat","background-position":"center center","background-size":"auto","background-attachment":"scroll","background-type":"","background-media":"","overlay-type":"","overlay-color":"","overlay-opacity":"","overlay-gradient":""}}},"product_brand":[],"product_cat":[48,47,49,430,40],"product_tag":[407,405,451,145,438,251,627,189,895,987,324,686,280,281],"class_list":{"0":"post-5651","1":"product","2":"type-product","3":"status-publish","4":"has-post-thumbnail","6":"product_cat-casual","7":"product_cat-classic","8":"product_cat-loafer","9":"product_cat-men","10":"product_cat-mens-shoes","11":"product_tag-black-derby-shoes","12":"product_tag-business-shoes","13":"product_tag-calfskin-leather","14":"product_tag-classic-shoes","15":"product_tag-eva-sole","16":"product_tag-formal-shoes","17":"product_tag-gentlemens-footwear","18":"product_tag-goat-leather-lining","19":"product_tag-leather-brogues","20":"product_tag-mens-black-leather-brogue-shoes","21":"product_tag-mens-dress-shoes","22":"product_tag-perforated-shoes","23":"product_tag-smart-casual-shoes","24":"product_tag-wholesale-shoes","25":"desktop-align-center","26":"tablet-align-center","27":"mobile-align-center","29":"first","30":"instock","31":"shipping-taxable","32":"purchasable","33":"product-type-variable","34":"has-default-attributes"},"acf":[],"uagb_featured_image_src":{"full":["https:\/\/turkishtrade.co\/wp-content\/uploads\/2026\/01\/2400EJOMN00435-DARK-BROWN-DKS_435.png",453,250,false],"thumbnail":["https:\/\/turkishtrade.co\/wp-content\/uploads\/2026\/01\/2400EJOMN00435-DARK-BROWN-DKS_435-150x150.png",150,150,true],"medium":["https:\/\/turkishtrade.co\/wp-content\/uploads\/2026\/01\/2400EJOMN00435-DARK-BROWN-DKS_435-300x166.png",300,166,true],"medium_large":["https:\/\/turkishtrade.co\/wp-content\/uploads\/2026\/01\/2400EJOMN00435-DARK-BROWN-DKS_435.png",453,250,false],"large":["https:\/\/turkishtrade.co\/wp-content\/uploads\/2026\/01\/2400EJOMN00435-DARK-BROWN-DKS_435.png",453,250,false],"1536x1536":["https:\/\/turkishtrade.co\/wp-content\/uploads\/2026\/01\/2400EJOMN00435-DARK-BROWN-DKS_435.png",453,250,false],"2048x2048":["https:\/\/turkishtrade.co\/wp-content\/uploads\/2026\/01\/2400EJOMN00435-DARK-BROWN-DKS_435.png",453,250,false],"trp-custom-language-flag":["https:\/\/turkishtrade.co\/wp-content\/uploads\/2026\/01\/2400EJOMN00435-DARK-BROWN-DKS_435-18x10.png",18,10,true],"woocommerce_thumbnail":["https:\/\/turkishtrade.co\/wp-content\/uploads\/2026\/01\/2400EJOMN00435-DARK-BROWN-DKS_435-400x250.png",400,250,true],"woocommerce_single":["https:\/\/turkishtrade.co\/wp-content\/uploads\/2026\/01\/2400EJOMN00435-DARK-BROWN-DKS_435.png",453,250,false],"woocommerce_gallery_thumbnail":["https:\/\/turkishtrade.co\/wp-content\/uploads\/2026\/01\/2400EJOMN00435-DARK-BROWN-DKS_435-100x100.png",100,100,true]},"uagb_author_info":{"display_name":"yaser olabi","author_link":"https:\/\/turkishtrade.co\/fr\/author\/"},"uagb_comment_info":0,"uagb_excerpt":"Exquisite Materials: Crafted from genuine Calfskin Leather (Outer) and soft Goat Leather (Inner). Durable &amp; Comfortable Sole: Features a lightweight yet robust EVA sole for all-day comfort. Classic Design: Timeless brogue detailing with a comfortable 1-3 cm heel height. Available Sizes: EU 39, 40, 41, 42, 43, 44, 45. Bulk Availability: Minimum order quantity of\u2026","_links":{"self":[{"href":"https:\/\/turkishtrade.co\/fr\/wp-json\/wp\/v2\/product\/5651","targetHints":{"allow":["GET"]}}],"collection":[{"href":"https:\/\/turkishtrade.co\/fr\/wp-json\/wp\/v2\/product"}],"about":[{"href":"https:\/\/turkishtrade.co\/fr\/wp-json\/wp\/v2\/types\/product"}],"wp:featuredmedia":[{"embeddable":true,"href":"https:\/\/turkishtrade.co\/fr\/wp-json\/wp\/v2\/media\/3940"}],"wp:attachment":[{"href":"https:\/\/turkishtrade.co\/fr\/wp-json\/wp\/v2\/media?parent=5651"}],"wp:term":[{"taxonomy":"product_brand","embeddable":true,"href":"https:\/\/turkishtrade.co\/fr\/wp-json\/wp\/v2\/product_brand?post=5651"},{"taxonomy":"product_cat","embeddable":true,"href":"https:\/\/turkishtrade.co\/fr\/wp-json\/wp\/v2\/product_cat?post=5651"},{"taxonomy":"product_tag","embeddable":true,"href":"https:\/\/turkishtrade.co\/fr\/wp-json\/wp\/v2\/product_tag?post=5651"}],"curies":[{"name":"wp","href":"https:\/\/api.w.org\/{rel}","templated":true}]}}