{"id":5643,"date":"2026-01-14T12:48:27","date_gmt":"2026-01-14T12:48:27","guid":{"rendered":"https:\/\/turkishtrade.co\/product\/mens-leather-monk-strap-shoes-3\/"},"modified":"2026-04-09T19:28:20","modified_gmt":"2026-04-09T19:28:20","slug":"mens-leather-monk-strap-shoes-3","status":"publish","type":"product","link":"https:\/\/turkishtrade.co\/fr\/shop\/mens-leather-monk-strap-shoes-3\/","title":{"rendered":"Chaussures Monk Strap en cuir et daim pour hommes de qualit\u00e9 sup\u00e9rieure"},"content":{"rendered":"<p><strong>Chaussures en cuir pour hommes<\/strong><\/p>\n<p>Entrez dans un confort sophistiqu\u00e9 avec notre <strong>Chaussures Monk Strap en cuir et daim pour hommes de qualit\u00e9 sup\u00e9rieure<\/strong>. Ces chaussures exquises t\u00e9moignent d'un style classique alli\u00e9 \u00e0 un savoir-faire moderne. Elles sont con\u00e7ues pour les personnes exigeantes qui appr\u00e9cient \u00e0 la fois l'\u00e9l\u00e9gance et la durabilit\u00e9. Qu'il s'agisse d'une tenue d\u00e9contract\u00e9e ou d'une tenue de soir\u00e9e \u00e9l\u00e9gante, ces chaussures \u00e0 lani\u00e8res monk offrent une polyvalence in\u00e9gal\u00e9e et une finition impeccable \u00e0 tout ensemble.<\/p>\n<p><h3>Con\u00e7u pour la distinction et le confort<\/h3>\n<\/p>\n<p>Chaque paire de nos <strong>Chaussures en cuir pour hommes<\/strong> est m\u00e9ticuleusement fabriqu\u00e9 \u00e0 partir des mat\u00e9riaux les plus nobles. La surface ext\u00e9rieure pr\u00e9sente un riche m\u00e9lange de cuir de veau v\u00e9ritable et de daim luxueux, offrant une texture et un attrait visuel captivants. Disponibles en noir intemporel et en marron chaud, ces chaussures s'associent sans effort \u00e0 un large \u00e9ventail de tenues vestimentaires.<\/p>\n<p>Le design robuste de la boucle unique ajoute non seulement une touche de sophistication classique, mais garantit \u00e9galement un ajustement s\u00fbr et confortable.<\/p>\n<p>Profitez d'un v\u00e9ritable confort \u00e0 chaque pas, gr\u00e2ce \u00e0 la doublure en cuir de ch\u00e8vre de premi\u00e8re qualit\u00e9. Cette mati\u00e8re int\u00e9rieure douce et respirante \u00e9vite tout inconfort, ce qui rend ces chaussures id\u00e9ales pour un usage prolong\u00e9. La semelle EVA durable offre une excellente absorption des chocs et une grande flexibilit\u00e9, garantissant des performances durables et une sensation de l\u00e9g\u00e8ret\u00e9 et de r\u00e9activit\u00e9 sous le pied.<\/p>\n<p>Avec un talon subtil de 1 \u00e0 3 cm, ces chaussures offrent juste ce qu'il faut pour une d\u00e9marche assur\u00e9e, tout en conservant un profil de mocassin classique.<\/p>\n<p><h3>L'\u00e9pitome de la chaussure polyvalente<\/h3>\n<\/p>\n<p>Notre <strong>Chaussures en cuir pour hommes<\/strong> sont plus que de simples chaussures, elles sont un investissement dans un style intemporel. Leurs lignes \u00e9pur\u00e9es et leur esth\u00e9tique raffin\u00e9e les destinent \u00e0 toutes sortes d'occasions, qu'il s'agisse d'\u00e9v\u00e9nements formels ou de sorties d\u00e9contract\u00e9es. Associez-les \u00e0 un pantalon de tailleur pour un look professionnel \u00e9l\u00e9gant, ou habillez-les d'un pantalon chino pour un style week-end raffin\u00e9.<\/p>\n<p>Le m\u00e9lange de cuir de veau et de daim ajoute une dimension unique \u00e0 ces chaussures, qui se distinguent des options conventionnelles.<\/p>\n<p><h3>Opportunit\u00e9 de vente en gros pour les d\u00e9taillants<\/h3>\n<\/p>\n<p>Pour les d\u00e9taillants qui souhaitent offrir \u00e0 leurs clients une qualit\u00e9 et un style exceptionnels, ces <strong>Chaussures en cuir pour hommes<\/strong> sont disponibles \u00e0 l'achat en gros. Avec une quantit\u00e9 minimale de commande de seulement 8 paires, vous pouvez facilement approvisionner votre stock avec un produit populaire et tr\u00e8s demand\u00e9. Les commandes sont trait\u00e9es avec un d\u00e9lai de livraison de 12 jours plus les frais d'exp\u00e9dition, ce qui garantit un approvisionnement constant pour votre entreprise.<\/p>\n<p>Offrez \u00e0 vos clients une option de chaussures haut de gamme qui allie l'\u00e9l\u00e9gance traditionnelle au confort contemporain et au savoir-faire artisanal.<\/p>","protected":false},"excerpt":{"rendered":"<ul>\n<li><strong>Commande minimale :<\/strong> 8 paires<\/li>\n<li><strong>D\u00e9lai de livraison :<\/strong> 12 jours + frais de port<\/li>\n<li><strong>Mat\u00e9riau de la semelle :<\/strong> EVA durable<\/li>\n<li><strong>Hauteur du talon :<\/strong> Profil bas (1-3 cm)<\/li>\n<li><strong>Mat\u00e9riau ext\u00e9rieur :<\/strong> Cuir de veau et daim v\u00e9ritables<\/li>\n<li><strong>Doublure int\u00e9rieure :<\/strong> Cuir de ch\u00e8vre souple<\/li>\n<li><strong>Tailles disponibles :<\/strong> UE 39, 40, 41, 42, 43, 44, 45<\/li>\n<li><strong>Disponibilit\u00e9 en gros :<\/strong> Parfait pour les d\u00e9taillants \u00e0 la recherche de chaussures de qualit\u00e9 en vrac.<\/li>\n<\/ul>","protected":false},"featured_media":3791,"template":"","meta":{"_acf_changed":false,"_uag_custom_page_level_css":"","site-sidebar-layout":"default","site-content-layout":"","ast-site-content-layout":"default","site-content-style":"default","site-sidebar-style":"default","ast-global-header-display":"","ast-banner-title-visibility":"","ast-main-header-display":"","ast-hfb-above-header-display":"","ast-hfb-below-header-display":"","ast-hfb-mobile-header-display":"","site-post-title":"","ast-breadcrumbs-content":"","ast-featured-img":"","footer-sml-layout":"","ast-disable-related-posts":"","theme-transparent-header-meta":"","adv-header-id-meta":"","stick-header-meta":"","header-above-stick-meta":"","header-main-stick-meta":"","header-below-stick-meta":"","astra-migrate-meta-layouts":"default","ast-page-background-enabled":"default","ast-page-background-meta":{"desktop":{"background-color":"var(--ast-global-color-4)","background-image":"","background-repeat":"repeat","background-position":"center center","background-size":"auto","background-attachment":"scroll","background-type":"","background-media":"","overlay-type":"","overlay-color":"","overlay-opacity":"","overlay-gradient":""},"tablet":{"background-color":"","background-image":"","background-repeat":"repeat","background-position":"center center","background-size":"auto","background-attachment":"scroll","background-type":"","background-media":"","overlay-type":"","overlay-color":"","overlay-opacity":"","overlay-gradient":""},"mobile":{"background-color":"","background-image":"","background-repeat":"repeat","background-position":"center center","background-size":"auto","background-attachment":"scroll","background-type":"","background-media":"","overlay-type":"","overlay-color":"","overlay-opacity":"","overlay-gradient":""}},"ast-content-background-meta":{"desktop":{"background-color":"var(--ast-global-color-5)","background-image":"","background-repeat":"repeat","background-position":"center center","background-size":"auto","background-attachment":"scroll","background-type":"","background-media":"","overlay-type":"","overlay-color":"","overlay-opacity":"","overlay-gradient":""},"tablet":{"background-color":"var(--ast-global-color-5)","background-image":"","background-repeat":"repeat","background-position":"center center","background-size":"auto","background-attachment":"scroll","background-type":"","background-media":"","overlay-type":"","overlay-color":"","overlay-opacity":"","overlay-gradient":""},"mobile":{"background-color":"var(--ast-global-color-5)","background-image":"","background-repeat":"repeat","background-position":"center center","background-size":"auto","background-attachment":"scroll","background-type":"","background-media":"","overlay-type":"","overlay-color":"","overlay-opacity":"","overlay-gradient":""}}},"product_brand":[],"product_cat":[47,430,40],"product_tag":[391,674,566,512,145,284,438,960,556,219,286,984,261,283,281],"class_list":{"0":"post-5643","1":"product","2":"type-product","3":"status-publish","4":"has-post-thumbnail","6":"product_cat-classic","7":"product_cat-men","8":"product_cat-mens-shoes","9":"product_tag-buckle-shoes","10":"product_tag-bulk-shoes","11":"product_tag-calfskin-shoes","12":"product_tag-casual-loafers","13":"product_tag-classic-shoes","14":"product_tag-dress-shoes","15":"product_tag-eva-sole","16":"product_tag-formal-casual","17":"product_tag-goatskin-lining","18":"product_tag-handmade-shoes","19":"product_tag-mens-leather-shoes","20":"product_tag-mens-monk-straps","21":"product_tag-monk-strap-shoes","22":"product_tag-suede-shoes","23":"product_tag-wholesale-shoes","24":"desktop-align-center","25":"tablet-align-center","26":"mobile-align-center","28":"first","29":"instock","30":"shipping-taxable","31":"purchasable","32":"product-type-variable","33":"has-default-attributes"},"acf":[],"uagb_featured_image_src":{"full":["https:\/\/turkishtrade.co\/wp-content\/uploads\/2026\/01\/2400EJOMN00373-DARK-BROWN-X_78.png",453,250,false],"thumbnail":["https:\/\/turkishtrade.co\/wp-content\/uploads\/2026\/01\/2400EJOMN00373-DARK-BROWN-X_78-150x150.png",150,150,true],"medium":["https:\/\/turkishtrade.co\/wp-content\/uploads\/2026\/01\/2400EJOMN00373-DARK-BROWN-X_78-300x166.png",300,166,true],"medium_large":["https:\/\/turkishtrade.co\/wp-content\/uploads\/2026\/01\/2400EJOMN00373-DARK-BROWN-X_78.png",453,250,false],"large":["https:\/\/turkishtrade.co\/wp-content\/uploads\/2026\/01\/2400EJOMN00373-DARK-BROWN-X_78.png",453,250,false],"1536x1536":["https:\/\/turkishtrade.co\/wp-content\/uploads\/2026\/01\/2400EJOMN00373-DARK-BROWN-X_78.png",453,250,false],"2048x2048":["https:\/\/turkishtrade.co\/wp-content\/uploads\/2026\/01\/2400EJOMN00373-DARK-BROWN-X_78.png",453,250,false],"trp-custom-language-flag":["https:\/\/turkishtrade.co\/wp-content\/uploads\/2026\/01\/2400EJOMN00373-DARK-BROWN-X_78-18x10.png",18,10,true],"woocommerce_thumbnail":["https:\/\/turkishtrade.co\/wp-content\/uploads\/2026\/01\/2400EJOMN00373-DARK-BROWN-X_78-400x250.png",400,250,true],"woocommerce_single":["https:\/\/turkishtrade.co\/wp-content\/uploads\/2026\/01\/2400EJOMN00373-DARK-BROWN-X_78.png",453,250,false],"woocommerce_gallery_thumbnail":["https:\/\/turkishtrade.co\/wp-content\/uploads\/2026\/01\/2400EJOMN00373-DARK-BROWN-X_78-100x100.png",100,100,true]},"uagb_author_info":{"display_name":"yaser olabi","author_link":"https:\/\/turkishtrade.co\/fr\/author\/"},"uagb_comment_info":0,"uagb_excerpt":"Minimum Order: 8 pairs Delivery Time: 12 days + shipping Sole Material: Durable EVA Heel Height: Low profile (1-3 cm) Outer Material: Genuine Calfskin Leather &amp; Suede Inner Lining: Soft Goatskin Leather Available Sizes: EU 39, 40, 41, 42, 43, 44, 45 Wholesale Availability: Perfect for retailers looking for quality bulk footwear.","_links":{"self":[{"href":"https:\/\/turkishtrade.co\/fr\/wp-json\/wp\/v2\/product\/5643","targetHints":{"allow":["GET"]}}],"collection":[{"href":"https:\/\/turkishtrade.co\/fr\/wp-json\/wp\/v2\/product"}],"about":[{"href":"https:\/\/turkishtrade.co\/fr\/wp-json\/wp\/v2\/types\/product"}],"wp:featuredmedia":[{"embeddable":true,"href":"https:\/\/turkishtrade.co\/fr\/wp-json\/wp\/v2\/media\/3791"}],"wp:attachment":[{"href":"https:\/\/turkishtrade.co\/fr\/wp-json\/wp\/v2\/media?parent=5643"}],"wp:term":[{"taxonomy":"product_brand","embeddable":true,"href":"https:\/\/turkishtrade.co\/fr\/wp-json\/wp\/v2\/product_brand?post=5643"},{"taxonomy":"product_cat","embeddable":true,"href":"https:\/\/turkishtrade.co\/fr\/wp-json\/wp\/v2\/product_cat?post=5643"},{"taxonomy":"product_tag","embeddable":true,"href":"https:\/\/turkishtrade.co\/fr\/wp-json\/wp\/v2\/product_tag?post=5643"}],"curies":[{"name":"wp","href":"https:\/\/api.w.org\/{rel}","templated":true}]}}