{"id":5639,"date":"2026-01-14T12:48:05","date_gmt":"2026-01-14T12:48:05","guid":{"rendered":"https:\/\/turkishtrade.co\/product\/mens-calf-leather-loafers-4\/"},"modified":"2026-04-09T19:28:28","modified_gmt":"2026-04-09T19:28:28","slug":"mens-calf-leather-loafers-4","status":"publish","type":"product","link":"https:\/\/turkishtrade.co\/fr\/shop\/mens-calf-leather-loafers-4\/","title":{"rendered":"Mocassins en cuir de veau de premi\u00e8re qualit\u00e9 pour hommes avec semelle en EVA"},"content":{"rendered":"<p><strong>Mocassins en cuir de veau pour hommes<\/strong><\/p>\n<p>Am\u00e9liorez votre inventaire gr\u00e2ce \u00e0 nos produits exquis <strong>Mocassins en cuir de veau pour hommes<\/strong>, Ces chaussures ont \u00e9t\u00e9 con\u00e7ues pour le gentleman moderne qui appr\u00e9cie \u00e0 la fois le style et le confort. Ces chaussures <strong>Mocassins en cuir de veau pour hommes<\/strong> sont m\u00e9ticuleusement fabriqu\u00e9es \u00e0 partir du cuir de veau pleine fleur le plus fin pour le mat\u00e9riau ext\u00e9rieur, offrant une texture luxueuse, une riche patine potentielle et un attrait durable. Le design \u00e9l\u00e9gant et intemporel ainsi que la finition impeccable font de ces sacs de qualit\u00e9 sup\u00e9rieure des objets de valeur. <strong>Mocassins en cuir de veau pour hommes<\/strong> un compl\u00e9ment polyvalent \u00e0 toute garde-robe, parfait pour les \u00e9v\u00e9nements formels sophistiqu\u00e9s comme pour les environnements d\u00e9contract\u00e9s.<\/p>\n<p>Nous comprenons l'importance d'offrir une qualit\u00e9 et un style in\u00e9gal\u00e9s, et c'est pr\u00e9cis\u00e9ment la raison pour laquelle nos <strong>Mocassins en cuir de veau pour hommes<\/strong> se d\u00e9marquer comme un choix de premier ordre pour les clients exigeants.<\/p>\n<p><h3>Une qualit\u00e9 et un savoir-faire in\u00e9gal\u00e9s<\/h3>\n<\/p>\n<p>Un confort in\u00e9gal\u00e9 gr\u00e2ce \u00e0 la construction interne sup\u00e9rieure de ces chaussures exceptionnelles. <strong>Mocassins en cuir de veau pour hommes<\/strong>. La doublure int\u00e9rieure est fabriqu\u00e9e en cuir de ch\u00e8vre exceptionnellement doux et respirant, assurant une sensation de douceur contre le pied et des propri\u00e9t\u00e9s sup\u00e9rieures d'\u00e9vacuation de l'humidit\u00e9 pour une fra\u00eecheur et une hygi\u00e8ne tout au long de la journ\u00e9e. Associ\u00e9s \u00e0 une semelle EVA l\u00e9g\u00e8re mais remarquablement durable, ces mocassins classiques offrent un amorti, une absorption des chocs et une flexibilit\u00e9 exceptionnels, pour que chaque pas soit un plaisir.<\/p>\n<p>La silhouette classique du penny loafer, associ\u00e9e \u00e0 une fabrication robuste et \u00e0 un talon subtil de 1 \u00e0 3 cm, garantit un confort d'utilisation optimal. <strong>mocassins en cuir de veau pour hommes<\/strong> qui est con\u00e7u pour durer et conserver sa forme \u00e9l\u00e9gante au fil des ans.<\/p>\n<p>Chaque paire est un t\u00e9moignage de l'art de la cordonnerie, offrant un m\u00e9lange parfait de tradition et d'innovation moderne.<\/p>\n<p><h3>Confort supr\u00eame et style durable<\/h3>\n<\/p>\n<p>Ces produits polyvalents <strong>mocassins en cuir de veau<\/strong> sont disponibles dans une palette sophistiqu\u00e9e comprenant le noir classique, le marron riche et le marron fonc\u00e9 profond, permettant \u00e0 vos clients de choisir la nuance parfaite pour n'importe quelle tenue.<\/p>\n<p>Qu'ils soient associ\u00e9s \u00e0 un costume \u00e9l\u00e9gant pour une r\u00e9union d'affaires importante, \u00e0 un pantalon chic pour une r\u00e9union semi-formelle ou \u00e0 un pantalon chino de premi\u00e8re qualit\u00e9 pour une sortie raffin\u00e9e le week-end, ces v\u00eatements de sport et de sport sont tr\u00e8s appr\u00e9ci\u00e9s. <strong>mocassins en cuir pour hommes<\/strong> allient sans effort sophistication et praticit\u00e9.<\/p>\n<p>Le profil \u00e9l\u00e9gant et les d\u00e9tails raffin\u00e9s garantissent que ces mocassins restent un \u00e9l\u00e9ment de base intemporel dans la collection de chaussures de tout gentleman exigeant, promettant un style durable pour les ann\u00e9es \u00e0 venir.<\/p>\n<p><h3>Opportunit\u00e9 de vente en gros de chaussures haut de gamme<\/h3>\n<\/p>\n<p>Disponibles dans une gamme compl\u00e8te de tailles allant de 39 \u00e0 45, ces <strong>Mocassins en cuir de veau pour hommes<\/strong> s'adressent \u00e0 une large client\u00e8le. En tant que partenaire grossiste, vous pouvez en toute confiance offrir \u00e0 votre client\u00e8le des produits de qualit\u00e9 sup\u00e9rieure. <strong>Mocassins en cuir de veau pour hommes<\/strong> qui refl\u00e8tent une qualit\u00e9 sup\u00e9rieure, un design intemporel et une valeur exceptionnelle. Avec une quantit\u00e9 minimale de commande de seulement 8 paires et un d\u00e9lai de livraison efficace d'environ 12 jours plus les frais d'exp\u00e9dition, le stockage de ces chaussures exceptionnelles est \u00e0 la fois pratique et tr\u00e8s gratifiant.<\/p>\n<p>Am\u00e9liorez votre collection de chaussures avec ces classiques incontournables. <strong>mocassins en cuir de veau pour hommes<\/strong> et s\u00e9duisent les clients \u00e0 la recherche de luxe, de durabilit\u00e9 et d'un aspect distingu\u00e9.<\/p>","protected":false},"excerpt":{"rendered":"<ul>\n<li>Ext\u00e9rieur en cuir de veau de haute qualit\u00e9 pour un attrait sophistiqu\u00e9.<\/li>\n<li>L'int\u00e9rieur en cuir de ch\u00e8vre luxueux assure un confort et une respirabilit\u00e9 ultimes.<\/li>\n<li>Semelle EVA l\u00e9g\u00e8re et flexible pour une utilisation tout au long de la journ\u00e9e et un amorti sup\u00e9rieur.<\/li>\n<li>Le design classique des mocassins convient aux occasions professionnelles, semi-formelles ou d\u00e9contract\u00e9es.<\/li>\n<li>La gamme compl\u00e8te des tailles va du 39 au 45 pour un ajustement parfait.<\/li>\n<li>Quantit\u00e9 minimale de commande : 8 paires, id\u00e9al pour les d\u00e9taillants \u00e0 la recherche de chaussures pour hommes de qualit\u00e9 sup\u00e9rieure.<\/li>\n<\/ul>","protected":false},"featured_media":3789,"template":"","meta":{"_acf_changed":false,"_uag_custom_page_level_css":"","site-sidebar-layout":"default","site-content-layout":"","ast-site-content-layout":"default","site-content-style":"default","site-sidebar-style":"default","ast-global-header-display":"","ast-banner-title-visibility":"","ast-main-header-display":"","ast-hfb-above-header-display":"","ast-hfb-below-header-display":"","ast-hfb-mobile-header-display":"","site-post-title":"","ast-breadcrumbs-content":"","ast-featured-img":"","footer-sml-layout":"","ast-disable-related-posts":"","theme-transparent-header-meta":"","adv-header-id-meta":"","stick-header-meta":"","header-above-stick-meta":"","header-main-stick-meta":"","header-below-stick-meta":"","astra-migrate-meta-layouts":"default","ast-page-background-enabled":"default","ast-page-background-meta":{"desktop":{"background-color":"var(--ast-global-color-4)","background-image":"","background-repeat":"repeat","background-position":"center center","background-size":"auto","background-attachment":"scroll","background-type":"","background-media":"","overlay-type":"","overlay-color":"","overlay-opacity":"","overlay-gradient":""},"tablet":{"background-color":"","background-image":"","background-repeat":"repeat","background-position":"center center","background-size":"auto","background-attachment":"scroll","background-type":"","background-media":"","overlay-type":"","overlay-color":"","overlay-opacity":"","overlay-gradient":""},"mobile":{"background-color":"","background-image":"","background-repeat":"repeat","background-position":"center center","background-size":"auto","background-attachment":"scroll","background-type":"","background-media":"","overlay-type":"","overlay-color":"","overlay-opacity":"","overlay-gradient":""}},"ast-content-background-meta":{"desktop":{"background-color":"var(--ast-global-color-5)","background-image":"","background-repeat":"repeat","background-position":"center center","background-size":"auto","background-attachment":"scroll","background-type":"","background-media":"","overlay-type":"","overlay-color":"","overlay-opacity":"","overlay-gradient":""},"tablet":{"background-color":"var(--ast-global-color-5)","background-image":"","background-repeat":"repeat","background-position":"center center","background-size":"auto","background-attachment":"scroll","background-type":"","background-media":"","overlay-type":"","overlay-color":"","overlay-opacity":"","overlay-gradient":""},"mobile":{"background-color":"var(--ast-global-color-5)","background-image":"","background-repeat":"repeat","background-position":"center center","background-size":"auto","background-attachment":"scroll","background-type":"","background-media":"","overlay-type":"","overlay-color":"","overlay-opacity":"","overlay-gradient":""}}},"product_brand":[],"product_cat":[47,430,40],"product_tag":[370,147,405,185,512,457,725,737,287,189,215,324,186,279,374,380,254],"class_list":{"0":"post-5639","1":"product","2":"type-product","3":"status-publish","4":"has-post-thumbnail","6":"product_cat-classic","7":"product_cat-men","8":"product_cat-mens-shoes","9":"product_tag-black-loafers","10":"product_tag-brown-loafers","11":"product_tag-business-shoes","12":"product_tag-calf-leather-shoes","13":"product_tag-casual-loafers","14":"product_tag-classic-loafers","15":"product_tag-dark-brown-loafers","16":"product_tag-dress-loafers","17":"product_tag-eva-sole-shoes","18":"product_tag-goat-leather-lining","19":"product_tag-leather-loafers","20":"product_tag-mens-dress-shoes","21":"product_tag-mens-loafers","22":"product_tag-penny-loafers","23":"product_tag-premium-loafers","24":"product_tag-smart-casual-footwear","25":"product_tag-wholesale-footwear","26":"desktop-align-center","27":"tablet-align-center","28":"mobile-align-center","30":"first","31":"instock","32":"shipping-taxable","33":"purchasable","34":"product-type-variable","35":"has-default-attributes"},"acf":[],"uagb_featured_image_src":{"full":["https:\/\/turkishtrade.co\/wp-content\/uploads\/2026\/01\/2400EJOMN00372-DARK-BROWN-Y_300-2-USD.png",453,250,false],"thumbnail":["https:\/\/turkishtrade.co\/wp-content\/uploads\/2026\/01\/2400EJOMN00372-DARK-BROWN-Y_300-2-USD-150x150.png",150,150,true],"medium":["https:\/\/turkishtrade.co\/wp-content\/uploads\/2026\/01\/2400EJOMN00372-DARK-BROWN-Y_300-2-USD-300x166.png",300,166,true],"medium_large":["https:\/\/turkishtrade.co\/wp-content\/uploads\/2026\/01\/2400EJOMN00372-DARK-BROWN-Y_300-2-USD.png",453,250,false],"large":["https:\/\/turkishtrade.co\/wp-content\/uploads\/2026\/01\/2400EJOMN00372-DARK-BROWN-Y_300-2-USD.png",453,250,false],"1536x1536":["https:\/\/turkishtrade.co\/wp-content\/uploads\/2026\/01\/2400EJOMN00372-DARK-BROWN-Y_300-2-USD.png",453,250,false],"2048x2048":["https:\/\/turkishtrade.co\/wp-content\/uploads\/2026\/01\/2400EJOMN00372-DARK-BROWN-Y_300-2-USD.png",453,250,false],"trp-custom-language-flag":["https:\/\/turkishtrade.co\/wp-content\/uploads\/2026\/01\/2400EJOMN00372-DARK-BROWN-Y_300-2-USD-18x10.png",18,10,true],"woocommerce_thumbnail":["https:\/\/turkishtrade.co\/wp-content\/uploads\/2026\/01\/2400EJOMN00372-DARK-BROWN-Y_300-2-USD-400x250.png",400,250,true],"woocommerce_single":["https:\/\/turkishtrade.co\/wp-content\/uploads\/2026\/01\/2400EJOMN00372-DARK-BROWN-Y_300-2-USD.png",453,250,false],"woocommerce_gallery_thumbnail":["https:\/\/turkishtrade.co\/wp-content\/uploads\/2026\/01\/2400EJOMN00372-DARK-BROWN-Y_300-2-USD-100x100.png",100,100,true]},"uagb_author_info":{"display_name":"yaser olabi","author_link":"https:\/\/turkishtrade.co\/fr\/author\/"},"uagb_comment_info":0,"uagb_excerpt":"High-quality calf leather exterior for sophisticated appeal. Luxurious goat leather interior ensures ultimate comfort and breathability. Lightweight and flexible EVA sole for all-day wear and superior cushioning. Classic loafer design suitable for business, semi-formal, or casual occasions. Full size range from 39 to 45 for a perfect fit. Minimum order quantity: 8 pairs, ideal for\u2026","_links":{"self":[{"href":"https:\/\/turkishtrade.co\/fr\/wp-json\/wp\/v2\/product\/5639","targetHints":{"allow":["GET"]}}],"collection":[{"href":"https:\/\/turkishtrade.co\/fr\/wp-json\/wp\/v2\/product"}],"about":[{"href":"https:\/\/turkishtrade.co\/fr\/wp-json\/wp\/v2\/types\/product"}],"wp:featuredmedia":[{"embeddable":true,"href":"https:\/\/turkishtrade.co\/fr\/wp-json\/wp\/v2\/media\/3789"}],"wp:attachment":[{"href":"https:\/\/turkishtrade.co\/fr\/wp-json\/wp\/v2\/media?parent=5639"}],"wp:term":[{"taxonomy":"product_brand","embeddable":true,"href":"https:\/\/turkishtrade.co\/fr\/wp-json\/wp\/v2\/product_brand?post=5639"},{"taxonomy":"product_cat","embeddable":true,"href":"https:\/\/turkishtrade.co\/fr\/wp-json\/wp\/v2\/product_cat?post=5639"},{"taxonomy":"product_tag","embeddable":true,"href":"https:\/\/turkishtrade.co\/fr\/wp-json\/wp\/v2\/product_tag?post=5639"}],"curies":[{"name":"wp","href":"https:\/\/api.w.org\/{rel}","templated":true}]}}