{"id":5637,"date":"2026-01-14T12:47:42","date_gmt":"2026-01-14T12:47:42","guid":{"rendered":"https:\/\/turkishtrade.co\/product\/brown-leather-derby-shoes\/"},"modified":"2026-04-09T19:28:31","modified_gmt":"2026-04-09T19:28:31","slug":"brown-leather-derby-shoes","status":"publish","type":"product","link":"https:\/\/turkishtrade.co\/fr\/shop\/brown-leather-derby-shoes\/","title":{"rendered":"Chaussures derby en cuir marron de qualit\u00e9 sup\u00e9rieure pour hommes"},"content":{"rendered":"<p><strong>Chaussures derby en cuir marron<\/strong><\/p>\n<p>Entrez dans l'\u00e9l\u00e9gance intemporelle avec notre <b>Chaussures derby en cuir marron de qualit\u00e9 sup\u00e9rieure pour hommes<\/b>. Con\u00e7ues pour le gentleman moderne qui appr\u00e9cie \u00e0 la fois le style et le confort, ces chaussures exceptionnelles t\u00e9moignent d'un savoir-faire sup\u00e9rieur. Chaque paire de ces exquises <b>chaussures derby en cuir marron<\/b> est m\u00e9ticuleusement fabriqu\u00e9 \u00e0 partir des mat\u00e9riaux les plus nobles, garantissant une sensation de luxe et une durabilit\u00e9 \u00e0 toute \u00e9preuve.<\/p>\n<p>La teinte riche et profonde du marron fait de ces <b>chaussures derby en cuir marron<\/b> incroyablement polyvalent, il compl\u00e8te sans effort un large \u00e9ventail de tenues, des pantalons de tailleur aux jeans \u00e9l\u00e9gants.<\/p>\n<p><h3>Un savoir-faire et des mat\u00e9riaux in\u00e9gal\u00e9s<\/h3>\n<\/p>\n<p>L'aspect ext\u00e9rieur de ces <b>chaussures derby en cuir marron<\/b> est fabriqu\u00e9 en cuir de veau v\u00e9ritable de haute qualit\u00e9, connu pour sa texture lisse, son \u00e9lasticit\u00e9 et sa finition \u00e9l\u00e9gante. Les d\u00e9tails textur\u00e9s subtils mais distinctifs sur les panneaux lat\u00e9raux ajoutent un caract\u00e8re unique \u00e0 ces chaussures. <b>chaussures derby en cuir marron<\/b> qui se d\u00e9marque des mod\u00e8les conventionnels. \u00c0 l'int\u00e9rieur, vos pieds seront envelopp\u00e9s dans la douceur luxueuse d'une doublure en cuir de ch\u00e8vre v\u00e9ritable, offrant une respirabilit\u00e9 et un confort exceptionnels d\u00e8s la premi\u00e8re utilisation.<\/p>\n<p>Cette combinaison r\u00e9fl\u00e9chie de mat\u00e9riaux garantit une chaussure qui n'est pas seulement magnifique, mais qui offre \u00e9galement une sensation incroyable tout au long de la journ\u00e9e.<\/p>\n<p><h3>Con\u00e7u pour le confort et le style<\/h3>\n<\/p>\n<p>Le confort est primordial, et notre <b>chaussures derby en cuir marron<\/b> livrent. La semelle l\u00e9g\u00e8re et flexible en EVA offre un excellent amorti et un bon soutien, ce qui les rend parfaites pour un usage prolong\u00e9, que vous naviguiez dans les rues de la ville ou que vous assistiez \u00e0 une r\u00e9union importante. Avec un talon bas classique (environ 1-3 cm), ces chaussures conservent un profil \u00e9l\u00e9gant tout en offrant une \u00e9l\u00e9vation subtile.<\/p>\n<p>Disponibles dans des tailles allant de 39 \u00e0 45, il est facile de trouver la chaussure id\u00e9ale. Am\u00e9liorez votre collection de chaussures avec ces mod\u00e8les essentiels. <b>chaussures derby en cuir marron<\/b> qui promettent d'\u00eatre la pierre angulaire de votre garde-robe.<\/p>\n<p><h3>Parfait pour toutes les occasions<\/h3>\n<\/p>\n<p>Notre <b>Chaussures derby en cuir marron de qualit\u00e9 sup\u00e9rieure pour hommes<\/b> sont la quintessence de la sophistication polyvalente. Elles constituent un choix impeccable pour une tenue d'affaires d\u00e9contract\u00e9e, ajoutant une touche de raffinement \u00e0 votre tenue de bureau. Pour les \u00e9v\u00e9nements sociaux ou les sorties d\u00e9contract\u00e9es, ces chaussures allient harmonieusement \u00e9l\u00e9gance et charme d\u00e9contract\u00e9.<\/p>\n<p>D\u00e9couvrez la fusion parfaite entre le design traditionnel et le confort contemporain gr\u00e2ce \u00e0 ces incontournables <b>chaussures derby en cuir marron<\/b>. Pour les entreprises qui souhaitent offrir des chaussures de qualit\u00e9, ces chaussures sont disponibles pour l'achat en gros avec une commande minimum de 8 paires, ce qui garantit un excellent rapport qualit\u00e9-prix et un produit de qualit\u00e9 sup\u00e9rieure pour votre client\u00e8le.<\/p>","protected":false},"excerpt":{"rendered":"<ul>\n<li><b>Mat\u00e9riaux de premi\u00e8re qualit\u00e9 :<\/b> La tige en cuir de veau v\u00e9ritable et la doublure en cuir de ch\u00e8vre souple garantissent un confort optimal.<\/li>\n<li><b>L\u00e9ger Confort :<\/b> Semelle en EVA flexible et durable, pour une portabilit\u00e9 tout au long de la journ\u00e9e.<\/li>\n<li><b>Design \u00e9l\u00e9gant :<\/b> Style derby marron classique rehauss\u00e9 de panneaux lat\u00e9raux subtilement textur\u00e9s pour une touche sophistiqu\u00e9e.<\/li>\n<li><b>Port polyvalent :<\/b> Id\u00e9al pour une tenue d'affaires d\u00e9contract\u00e9e, une tenue d\u00e9contract\u00e9e chic, ou pour ajouter une touche de raffinement \u00e0 votre tenue de tous les jours.<\/li>\n<li><b>Tailles disponibles :<\/b> Propos\u00e9 dans une gamme compl\u00e8te allant de l'UE 39 \u00e0 l'UE 45.<\/li>\n<li><b>Opportunit\u00e9 de vente en gros :<\/b> Quantit\u00e9 minimale de commande de 8 paires disponibles pour les achats en gros.<\/li>\n<\/ul>","protected":false},"featured_media":3786,"template":"","meta":{"_acf_changed":false,"_uag_custom_page_level_css":"","site-sidebar-layout":"default","site-content-layout":"","ast-site-content-layout":"default","site-content-style":"default","site-sidebar-style":"default","ast-global-header-display":"","ast-banner-title-visibility":"","ast-main-header-display":"","ast-hfb-above-header-display":"","ast-hfb-below-header-display":"","ast-hfb-mobile-header-display":"","site-post-title":"","ast-breadcrumbs-content":"","ast-featured-img":"","footer-sml-layout":"","ast-disable-related-posts":"","theme-transparent-header-meta":"","adv-header-id-meta":"","stick-header-meta":"","header-above-stick-meta":"","header-main-stick-meta":"","header-below-stick-meta":"","astra-migrate-meta-layouts":"default","ast-page-background-enabled":"default","ast-page-background-meta":{"desktop":{"background-color":"var(--ast-global-color-4)","background-image":"","background-repeat":"repeat","background-position":"center center","background-size":"auto","background-attachment":"scroll","background-type":"","background-media":"","overlay-type":"","overlay-color":"","overlay-opacity":"","overlay-gradient":""},"tablet":{"background-color":"","background-image":"","background-repeat":"repeat","background-position":"center center","background-size":"auto","background-attachment":"scroll","background-type":"","background-media":"","overlay-type":"","overlay-color":"","overlay-opacity":"","overlay-gradient":""},"mobile":{"background-color":"","background-image":"","background-repeat":"repeat","background-position":"center center","background-size":"auto","background-attachment":"scroll","background-type":"","background-media":"","overlay-type":"","overlay-color":"","overlay-opacity":"","overlay-gradient":""}},"ast-content-background-meta":{"desktop":{"background-color":"var(--ast-global-color-5)","background-image":"","background-repeat":"repeat","background-position":"center center","background-size":"auto","background-attachment":"scroll","background-type":"","background-media":"","overlay-type":"","overlay-color":"","overlay-opacity":"","overlay-gradient":""},"tablet":{"background-color":"var(--ast-global-color-5)","background-image":"","background-repeat":"repeat","background-position":"center center","background-size":"auto","background-attachment":"scroll","background-type":"","background-media":"","overlay-type":"","overlay-color":"","overlay-opacity":"","overlay-gradient":""},"mobile":{"background-color":"var(--ast-global-color-5)","background-image":"","background-repeat":"repeat","background-position":"center center","background-size":"auto","background-attachment":"scroll","background-type":"","background-media":"","overlay-type":"","overlay-color":"","overlay-opacity":"","overlay-gradient":""}}},"product_brand":[],"product_cat":[47,430,40],"product_tag":[218,200,202,212,480,438,437,227,198,362,210,281],"class_list":{"0":"post-5637","1":"product","2":"type-product","3":"status-publish","4":"has-post-thumbnail","6":"product_cat-classic","7":"product_cat-men","8":"product_cat-mens-shoes","9":"product_tag-brown-shoes","10":"product_tag-business-casual","11":"product_tag-calf-leather","12":"product_tag-derby-shoes","13":"product_tag-elegant-shoes","14":"product_tag-eva-sole","15":"product_tag-goat-leather","16":"product_tag-leather-shoes","17":"product_tag-mens-fashion","18":"product_tag-premium-footwear","19":"product_tag-smart-casual","20":"product_tag-wholesale-shoes","21":"desktop-align-center","22":"tablet-align-center","23":"mobile-align-center","25":"first","26":"instock","27":"shipping-taxable","28":"purchasable","29":"product-type-variable","30":"has-default-attributes"},"acf":[],"uagb_featured_image_src":{"full":["https:\/\/turkishtrade.co\/wp-content\/uploads\/2026\/01\/2400EJOMN00371-BROWN-Z_876.png",453,250,false],"thumbnail":["https:\/\/turkishtrade.co\/wp-content\/uploads\/2026\/01\/2400EJOMN00371-BROWN-Z_876-150x150.png",150,150,true],"medium":["https:\/\/turkishtrade.co\/wp-content\/uploads\/2026\/01\/2400EJOMN00371-BROWN-Z_876-300x166.png",300,166,true],"medium_large":["https:\/\/turkishtrade.co\/wp-content\/uploads\/2026\/01\/2400EJOMN00371-BROWN-Z_876.png",453,250,false],"large":["https:\/\/turkishtrade.co\/wp-content\/uploads\/2026\/01\/2400EJOMN00371-BROWN-Z_876.png",453,250,false],"1536x1536":["https:\/\/turkishtrade.co\/wp-content\/uploads\/2026\/01\/2400EJOMN00371-BROWN-Z_876.png",453,250,false],"2048x2048":["https:\/\/turkishtrade.co\/wp-content\/uploads\/2026\/01\/2400EJOMN00371-BROWN-Z_876.png",453,250,false],"trp-custom-language-flag":["https:\/\/turkishtrade.co\/wp-content\/uploads\/2026\/01\/2400EJOMN00371-BROWN-Z_876-18x10.png",18,10,true],"woocommerce_thumbnail":["https:\/\/turkishtrade.co\/wp-content\/uploads\/2026\/01\/2400EJOMN00371-BROWN-Z_876-400x250.png",400,250,true],"woocommerce_single":["https:\/\/turkishtrade.co\/wp-content\/uploads\/2026\/01\/2400EJOMN00371-BROWN-Z_876.png",453,250,false],"woocommerce_gallery_thumbnail":["https:\/\/turkishtrade.co\/wp-content\/uploads\/2026\/01\/2400EJOMN00371-BROWN-Z_876-100x100.png",100,100,true]},"uagb_author_info":{"display_name":"yaser olabi","author_link":"https:\/\/turkishtrade.co\/fr\/author\/"},"uagb_comment_info":0,"uagb_excerpt":"Premium Materials: Expertly crafted with genuine calf leather upper and a soft goat leather lining for ultimate comfort. Lightweight Comfort: Features a flexible and durable EVA sole, ensuring all-day wearability. Elegant Design: Classic brown derby style enhanced with subtle textured side panels for a sophisticated touch. Versatile Wear: Ideal for business casual, smart casual, or\u2026","_links":{"self":[{"href":"https:\/\/turkishtrade.co\/fr\/wp-json\/wp\/v2\/product\/5637","targetHints":{"allow":["GET"]}}],"collection":[{"href":"https:\/\/turkishtrade.co\/fr\/wp-json\/wp\/v2\/product"}],"about":[{"href":"https:\/\/turkishtrade.co\/fr\/wp-json\/wp\/v2\/types\/product"}],"wp:featuredmedia":[{"embeddable":true,"href":"https:\/\/turkishtrade.co\/fr\/wp-json\/wp\/v2\/media\/3786"}],"wp:attachment":[{"href":"https:\/\/turkishtrade.co\/fr\/wp-json\/wp\/v2\/media?parent=5637"}],"wp:term":[{"taxonomy":"product_brand","embeddable":true,"href":"https:\/\/turkishtrade.co\/fr\/wp-json\/wp\/v2\/product_brand?post=5637"},{"taxonomy":"product_cat","embeddable":true,"href":"https:\/\/turkishtrade.co\/fr\/wp-json\/wp\/v2\/product_cat?post=5637"},{"taxonomy":"product_tag","embeddable":true,"href":"https:\/\/turkishtrade.co\/fr\/wp-json\/wp\/v2\/product_tag?post=5637"}],"curies":[{"name":"wp","href":"https:\/\/api.w.org\/{rel}","templated":true}]}}