{"id":5633,"date":"2026-01-14T12:47:18","date_gmt":"2026-01-14T12:47:18","guid":{"rendered":"https:\/\/turkishtrade.co\/product\/mens-leather-horsebit-loafer\/"},"modified":"2026-04-09T19:28:39","modified_gmt":"2026-04-09T19:28:39","slug":"mens-leather-horsebit-loafer","status":"publish","type":"product","link":"https:\/\/turkishtrade.co\/fr\/shop\/mens-leather-horsebit-loafer\/","title":{"rendered":"Mocassins en cuir de veau de premi\u00e8re qualit\u00e9 pour hommes avec semelle en EVA"},"content":{"rendered":"<p><strong>Mocassins en cuir pour hommes<\/strong><\/p>\n<p>Entrez dans un style et un confort in\u00e9gal\u00e9s gr\u00e2ce \u00e0 nos magnifiques <strong>Mocassins en cuir pour hommes<\/strong>. Con\u00e7us pour le gentleman moderne qui appr\u00e9cie \u00e0 la fois la sophistication et l'aspect pratique, ces mocassins de qualit\u00e9 sup\u00e9rieure t\u00e9moignent d'un savoir-faire artisanal de haut niveau. Disponibles dans des teintes polyvalentes telles que le noir classique, le marron riche et le bleu marine profond, chacun de ces mocassins a \u00e9t\u00e9 con\u00e7u pour r\u00e9pondre aux besoins de l'homme moderne. <strong>Mocassins en cuir pour hommes<\/strong> est m\u00e9ticuleusement con\u00e7u pour rehausser vos ensembles de tous les jours et de toutes les occasions.<\/p>\n<p>D\u00e9couvrez l'alliance parfaite de l'\u00e9l\u00e9gance traditionnelle et du design contemporain.<\/p>\n<p><h3>Un savoir-faire in\u00e9gal\u00e9 et des mat\u00e9riaux de premi\u00e8re qualit\u00e9<\/h3>\n<\/p>\n<p>Notre <strong>Mocassins en cuir pour hommes<\/strong> est dot\u00e9e d'une surface ext\u00e9rieure fabriqu\u00e9e \u00e0 partir du cuir de veau le plus fin, ce qui lui conf\u00e8re une apparence \u00e9l\u00e9gante et une durabilit\u00e9 exceptionnelle. Ce choix de mat\u00e9riau offre non seulement une sensation de luxe, mais il vieillit aussi magnifiquement, d\u00e9veloppant une patine unique au fil du temps. L'int\u00e9rieur de chaque chaussure est doubl\u00e9 de cuir de ch\u00e8vre souple et respirant, offrant un confort sup\u00e9rieur qui berce vos pieds \u00e0 chaque pas.<\/p>\n<p>La combinaison de ces cuirs de haute qualit\u00e9 garantit une chaussure incroyablement confortable et durable.<\/p>\n<p><h3>Un style sans effort pour toutes les occasions<\/h3>\n<\/p>\n<p>Le d\u00e9tail distinctif du mors de cheval de ces <strong>Mocassins en cuir pour hommes<\/strong> Les mocassins \u00e0 lacets ajoutent une touche d'\u00e9l\u00e9gance raffin\u00e9e, ce qui leur permet de s'adapter \u00e0 un large \u00e9ventail de situations. Qu'il s'agisse d'un look professionnel d\u00e9contract\u00e9, d'une tenue d\u00e9contract\u00e9e pour le week-end ou d'un ensemble plus sophistiqu\u00e9 pour le soir, ces mocassins s'adaptent sans effort. La semelle unique en EVA apporte une touche de modernit\u00e9 et une sensation de l\u00e9g\u00e8ret\u00e9, ce qui fait de ces mocassins des chaussures id\u00e9ales pour un usage professionnel. <strong>Mocassins en cuir pour hommes<\/strong> un choix polyvalent qui se d\u00e9marque des mocassins plats habituels.<\/p>\n<p>Avec des hauteurs de talon allant de 1 \u00e0 3 cm, elles offrent une \u00e9l\u00e9vation subtile sans compromettre le confort.<\/p>\n<p><h3>Con\u00e7u pour le confort et la durabilit\u00e9 tout au long de la journ\u00e9e<\/h3>\n<\/p>\n<p>Le confort est primordial dans la conception de chaque <strong>Mocassins en cuir pour hommes<\/strong>. La semelle l\u00e9g\u00e8re en EVA offre une excellente absorption des chocs et une grande souplesse, ce qui garantit le confort de vos pieds, m\u00eame apr\u00e8s une utilisation prolong\u00e9e. Contrairement aux semelles traditionnelles plus lourdes, le mat\u00e9riau EVA offre une sensation d'amorti et de r\u00e9activit\u00e9, parfaite pour naviguer dans les rues de la ville ou passer de longues heures debout.<\/p>\n<p>La doublure en cuir de ch\u00e8vre \u00e9vacue l'humidit\u00e9, gardant vos pieds au sec et au frais tout au long de la journ\u00e9e. Investissez dans une paire de <strong>Mocassins en cuir pour hommes<\/strong> et faites l'exp\u00e9rience de la diff\u00e9rence qu'apporte un v\u00e9ritable confort.<\/p>\n<p><h3>Possibilit\u00e9s de vente en gros et livraison fiable<\/h3>\n<\/p>\n<p>Pour les d\u00e9taillants et les entreprises, notre <strong>Mocassins en cuir pour hommes<\/strong> est disponible pour les achats en gros avec une quantit\u00e9 minimale de commande de 8 paires. Nous sommes fiers de l'efficacit\u00e9 de notre service et nous nous assurons que votre commande est trait\u00e9e et exp\u00e9di\u00e9e rapidement. Le d\u00e9lai de livraison est de 12 jours plus les frais d'exp\u00e9dition, ce qui vous permet de stocker ces mocassins en cuir pour homme tr\u00e8s recherch\u00e9s sans avoir \u00e0 attendre longtemps.<\/p>\n<p>Contactez-nous pour obtenir des informations d\u00e9taill\u00e9es sur les prix et pour discuter de vos besoins sp\u00e9cifiques en mati\u00e8re de vente en gros de ce produit exceptionnel. <strong>Mocassins en cuir pour hommes<\/strong>.<\/p>","protected":false},"excerpt":{"rendered":"<ul>\n<li>Fabriqu\u00e9 en cuir de veau luxueux pour un style et une durabilit\u00e9 exceptionnels.<\/li>\n<li>Doublure en cuir de ch\u00e8vre souple et respirant pour un confort optimal tout au long de la journ\u00e9e.<\/li>\n<li>Dot\u00e9e d'une semelle EVA l\u00e9g\u00e8re et flexible, elle offre un amorti sup\u00e9rieur et une esth\u00e9tique moderne.<\/li>\n<li>Il est orn\u00e9 d'un \u00e9l\u00e9gant mors de cheval pour une touche de sophistication classique.<\/li>\n<li>Disponible dans une large gamme de tailles : 39, 40, 41, 42, 43, 44, 45.<\/li>\n<li>Quantit\u00e9 minimale de commande : 8 paires, id\u00e9al pour les grossistes et les d\u00e9taillants.<\/li>\n<li>D\u00e9lai de livraison estim\u00e9 : 12 jours + frais de port.<\/li>\n<li>Prix de gros disponibles sur demande.<\/li>\n<\/ul>","protected":false},"featured_media":3785,"template":"","meta":{"_acf_changed":false,"_uag_custom_page_level_css":"","site-sidebar-layout":"default","site-content-layout":"","ast-site-content-layout":"default","site-content-style":"default","site-sidebar-style":"default","ast-global-header-display":"","ast-banner-title-visibility":"","ast-main-header-display":"","ast-hfb-above-header-display":"","ast-hfb-below-header-display":"","ast-hfb-mobile-header-display":"","site-post-title":"","ast-breadcrumbs-content":"","ast-featured-img":"","footer-sml-layout":"","ast-disable-related-posts":"","theme-transparent-header-meta":"","adv-header-id-meta":"","stick-header-meta":"","header-above-stick-meta":"","header-main-stick-meta":"","header-below-stick-meta":"","astra-migrate-meta-layouts":"default","ast-page-background-enabled":"default","ast-page-background-meta":{"desktop":{"background-color":"var(--ast-global-color-4)","background-image":"","background-repeat":"repeat","background-position":"center center","background-size":"auto","background-attachment":"scroll","background-type":"","background-media":"","overlay-type":"","overlay-color":"","overlay-opacity":"","overlay-gradient":""},"tablet":{"background-color":"","background-image":"","background-repeat":"repeat","background-position":"center center","background-size":"auto","background-attachment":"scroll","background-type":"","background-media":"","overlay-type":"","overlay-color":"","overlay-opacity":"","overlay-gradient":""},"mobile":{"background-color":"","background-image":"","background-repeat":"repeat","background-position":"center center","background-size":"auto","background-attachment":"scroll","background-type":"","background-media":"","overlay-type":"","overlay-color":"","overlay-opacity":"","overlay-gradient":""}},"ast-content-background-meta":{"desktop":{"background-color":"var(--ast-global-color-5)","background-image":"","background-repeat":"repeat","background-position":"center center","background-size":"auto","background-attachment":"scroll","background-type":"","background-media":"","overlay-type":"","overlay-color":"","overlay-opacity":"","overlay-gradient":""},"tablet":{"background-color":"var(--ast-global-color-5)","background-image":"","background-repeat":"repeat","background-position":"center center","background-size":"auto","background-attachment":"scroll","background-type":"","background-media":"","overlay-type":"","overlay-color":"","overlay-opacity":"","overlay-gradient":""},"mobile":{"background-color":"var(--ast-global-color-5)","background-image":"","background-repeat":"repeat","background-position":"center center","background-size":"auto","background-attachment":"scroll","background-type":"","background-media":"","overlay-type":"","overlay-color":"","overlay-opacity":"","overlay-gradient":""}}},"product_brand":[],"product_cat":[47,430,40],"product_tag":[370,147,185,512,457,220,287,189,327,215,384,324,198,186,557,280,281],"class_list":{"0":"post-5633","1":"product","2":"type-product","3":"status-publish","4":"has-post-thumbnail","6":"product_cat-classic","7":"product_cat-men","8":"product_cat-mens-shoes","9":"product_tag-black-loafers","10":"product_tag-brown-loafers","11":"product_tag-calf-leather-shoes","12":"product_tag-casual-loafers","13":"product_tag-classic-loafers","14":"product_tag-comfortable-loafers","15":"product_tag-eva-sole-shoes","16":"product_tag-goat-leather-lining","17":"product_tag-horsebit-loafers","18":"product_tag-leather-loafers","19":"product_tag-luxury-loafers","20":"product_tag-mens-dress-shoes","21":"product_tag-mens-fashion","22":"product_tag-mens-loafers","23":"product_tag-navy-loafers","24":"product_tag-smart-casual-shoes","25":"product_tag-wholesale-shoes","26":"desktop-align-center","27":"tablet-align-center","28":"mobile-align-center","30":"first","31":"instock","32":"shipping-taxable","33":"purchasable","34":"product-type-variable","35":"has-default-attributes"},"acf":[],"uagb_featured_image_src":{"full":["https:\/\/turkishtrade.co\/wp-content\/uploads\/2026\/01\/2400EJOMN00364-DARK-BLUE-X_83-5-USD.png",453,250,false],"thumbnail":["https:\/\/turkishtrade.co\/wp-content\/uploads\/2026\/01\/2400EJOMN00364-DARK-BLUE-X_83-5-USD-150x150.png",150,150,true],"medium":["https:\/\/turkishtrade.co\/wp-content\/uploads\/2026\/01\/2400EJOMN00364-DARK-BLUE-X_83-5-USD-300x166.png",300,166,true],"medium_large":["https:\/\/turkishtrade.co\/wp-content\/uploads\/2026\/01\/2400EJOMN00364-DARK-BLUE-X_83-5-USD.png",453,250,false],"large":["https:\/\/turkishtrade.co\/wp-content\/uploads\/2026\/01\/2400EJOMN00364-DARK-BLUE-X_83-5-USD.png",453,250,false],"1536x1536":["https:\/\/turkishtrade.co\/wp-content\/uploads\/2026\/01\/2400EJOMN00364-DARK-BLUE-X_83-5-USD.png",453,250,false],"2048x2048":["https:\/\/turkishtrade.co\/wp-content\/uploads\/2026\/01\/2400EJOMN00364-DARK-BLUE-X_83-5-USD.png",453,250,false],"trp-custom-language-flag":["https:\/\/turkishtrade.co\/wp-content\/uploads\/2026\/01\/2400EJOMN00364-DARK-BLUE-X_83-5-USD-18x10.png",18,10,true],"woocommerce_thumbnail":["https:\/\/turkishtrade.co\/wp-content\/uploads\/2026\/01\/2400EJOMN00364-DARK-BLUE-X_83-5-USD-400x250.png",400,250,true],"woocommerce_single":["https:\/\/turkishtrade.co\/wp-content\/uploads\/2026\/01\/2400EJOMN00364-DARK-BLUE-X_83-5-USD.png",453,250,false],"woocommerce_gallery_thumbnail":["https:\/\/turkishtrade.co\/wp-content\/uploads\/2026\/01\/2400EJOMN00364-DARK-BLUE-X_83-5-USD-100x100.png",100,100,true]},"uagb_author_info":{"display_name":"yaser olabi","author_link":"https:\/\/turkishtrade.co\/fr\/author\/"},"uagb_comment_info":0,"uagb_excerpt":"Crafted from luxurious Calf Leather upper for exceptional style and durability. Soft, breathable Goat Leather lining for ultimate comfort throughout the day. Features a lightweight and flexible EVA Sole, providing superior cushioning and a modern aesthetic. Adorned with an elegant horsebit detail for a touch of classic sophistication. Available in a comprehensive range of sizes:\u2026","_links":{"self":[{"href":"https:\/\/turkishtrade.co\/fr\/wp-json\/wp\/v2\/product\/5633","targetHints":{"allow":["GET"]}}],"collection":[{"href":"https:\/\/turkishtrade.co\/fr\/wp-json\/wp\/v2\/product"}],"about":[{"href":"https:\/\/turkishtrade.co\/fr\/wp-json\/wp\/v2\/types\/product"}],"wp:featuredmedia":[{"embeddable":true,"href":"https:\/\/turkishtrade.co\/fr\/wp-json\/wp\/v2\/media\/3785"}],"wp:attachment":[{"href":"https:\/\/turkishtrade.co\/fr\/wp-json\/wp\/v2\/media?parent=5633"}],"wp:term":[{"taxonomy":"product_brand","embeddable":true,"href":"https:\/\/turkishtrade.co\/fr\/wp-json\/wp\/v2\/product_brand?post=5633"},{"taxonomy":"product_cat","embeddable":true,"href":"https:\/\/turkishtrade.co\/fr\/wp-json\/wp\/v2\/product_cat?post=5633"},{"taxonomy":"product_tag","embeddable":true,"href":"https:\/\/turkishtrade.co\/fr\/wp-json\/wp\/v2\/product_tag?post=5633"}],"curies":[{"name":"wp","href":"https:\/\/api.w.org\/{rel}","templated":true}]}}