{"id":5625,"date":"2026-01-14T12:44:40","date_gmt":"2026-01-14T12:44:40","guid":{"rendered":"https:\/\/turkishtrade.co\/product\/mens-leather-brogue-shoes-2\/"},"modified":"2026-04-09T19:28:51","modified_gmt":"2026-04-09T19:28:51","slug":"mens-leather-brogue-shoes-2","status":"publish","type":"product","link":"https:\/\/turkishtrade.co\/fr\/shop\/mens-leather-brogue-shoes-2\/","title":{"rendered":"Chaussures Brogue en cuir de premi\u00e8re qualit\u00e9 pour hommes avec semelle EVA"},"content":{"rendered":"<p><strong>Chaussures Brogue en cuir pour hommes<\/strong><\/p>\n<p>Entrez dans un style et un confort in\u00e9gal\u00e9s gr\u00e2ce \u00e0 notre collection exquise de <strong>Chaussures Brogue en cuir pour hommes<\/strong>. Con\u00e7ues pour le gentleman moderne, ces brogues haut de gamme allient harmonieusement sophistication classique et aisance contemporaine. Fabriqu\u00e9e \u00e0 partir des mat\u00e9riaux les plus nobles, chaque paire promet une durabilit\u00e9 et une respirabilit\u00e9 exceptionnelles, ainsi qu'une esth\u00e9tique \u00e9l\u00e9gante pour toutes les occasions, des sorties d\u00e9contract\u00e9es aux cadres d'affaires plus formels.<\/p>\n<p><h3>Un savoir-faire et des mat\u00e9riaux de qualit\u00e9 sup\u00e9rieure<\/h3>\n<\/p>\n<p>Notre <strong>Chaussures Brogue en cuir pour hommes<\/strong> sont dot\u00e9es d'une surface ext\u00e9rieure luxueuse en cuir de veau v\u00e9ritable. R\u00e9put\u00e9 pour sa texture lisse, son aspect riche et sa qualit\u00e9 robuste, le cuir de veau garantit que ces chaussures n'ont pas seulement un aspect distingu\u00e9, mais qu'elles sont \u00e9galement con\u00e7ues pour r\u00e9sister \u00e0 l'\u00e9preuve du temps. Les d\u00e9tails m\u00e9ticuleux du bout de l'aile et les perforations classiques t\u00e9moignent de notre engagement envers l'art de la cordonnerie traditionnelle et l'attention port\u00e9e aux d\u00e9tails.<\/p>\n<p>\u00c0 l'int\u00e9rieur, vos pieds b\u00e9n\u00e9ficieront d'un confort ultime gr\u00e2ce \u00e0 la doublure en cuir de ch\u00e8vre souple et doux. Le cuir de ch\u00e8vre est r\u00e9put\u00e9 pour sa respirabilit\u00e9 et ses propri\u00e9t\u00e9s d'\u00e9vacuation de l'humidit\u00e9, ce qui permet \u00e0 vos pieds de rester frais et confortables tout au long de la journ\u00e9e. <strong>Chaussures Brogue en cuir pour hommes<\/strong> un choix id\u00e9al pour une utilisation prolong\u00e9e.<\/p>\n<p><h3>Confort l\u00e9ger gr\u00e2ce \u00e0 la semelle EVA<\/h3>\n<\/p>\n<p>Le confort est primordial dans notre philosophie de conception, c'est pourquoi ces \u00e9l\u00e9gantes <strong>Chaussures Brogue en cuir pour hommes<\/strong> sont mont\u00e9es sur une semelle EVA (\u00e9thyl\u00e8ne-ac\u00e9tate de vinyle) moderne et performante. Ce mat\u00e9riau innovant offre un amorti et une flexibilit\u00e9 sup\u00e9rieurs tout en \u00e9tant remarquablement l\u00e9ger. Dites adieu aux chaussures lourdes et encombrantes ; notre semelle EVA offre une excellente absorption des chocs et garantit une foul\u00e9e confortable et \u00e9nergique, que vous naviguiez dans les rues anim\u00e9es de la ville ou que vous restiez debout pendant de longues p\u00e9riodes.<\/p>\n<p>La hauteur du talon, basse et classique, compl\u00e8te parfaitement le style g\u00e9n\u00e9ral, offrant un soutien stable sans compromettre l'\u00e9l\u00e9gance et la polyvalence inh\u00e9rentes \u00e0 la chaussure.<\/p>\n<p><h3>Un style polyvalent pour chaque garde-robe<\/h3>\n<\/p>\n<p>Le design brogue intemporel fait de ces <strong>Chaussures Brogue en cuir pour hommes<\/strong> incroyablement polyvalents et indispensables \u00e0 toute garde-robe exigeante. Elles constituent le choix id\u00e9al pour rehausser un ensemble d\u00e9contract\u00e9, ajouter une touche de classe raffin\u00e9e \u00e0 une tenue d'affaires d\u00e9contract\u00e9e ou compl\u00e9ter un look semi-formel \u00e9l\u00e9gant. Disponibles dans une vari\u00e9t\u00e9 de couleurs riches et sophistiqu\u00e9es, dont des bleus \u00e9l\u00e9gants, des bruns profonds et des options bicolores \u00e9l\u00e9gantes, vous pouvez facilement trouver la paire id\u00e9ale qui correspond \u00e0 votre style personnel et \u00e0 vos besoins en mati\u00e8re de garde-robe.<\/p>\n<p>Ces <strong>Chaussures Brogue en cuir pour hommes<\/strong> sont plus que de simples chaussures ; elles repr\u00e9sentent un investissement dans un style durable, un confort et un savoir-faire de qualit\u00e9.<\/p>\n<p><h3>L'avantage du commerce de gros pour votre entreprise<\/h3>\n<\/p>\n<p>Nous sommes fiers de proposer ces produits de haute qualit\u00e9 <strong>Chaussures Brogue en cuir pour hommes<\/strong> pour la distribution en gros. Les entreprises qui cherchent \u00e0 stocker des chaussures pour hommes de qualit\u00e9 sup\u00e9rieure appr\u00e9cieront grandement nos prix comp\u00e9titifs (disponibles sur demande) et notre cha\u00eene d'approvisionnement fiable. Avec une quantit\u00e9 minimale de commande de seulement 8 paires, il est facile d'ajouter ces brogues tr\u00e8s recherch\u00e9es \u00e0 votre inventaire.<\/p>\n<p>Attendez-vous \u00e0 une livraison efficace dans les 12 jours, plus les frais d'exp\u00e9dition, ce qui garantit que vos clients n'auront pas \u00e0 attendre longtemps pour d\u00e9couvrir le m\u00e9lange in\u00e9gal\u00e9 de tradition et de confort moderne qu'offrent ces chaussures. Offrez \u00e0 votre client\u00e8le le choix ultime en mati\u00e8re de chaussures haut de gamme pour hommes, qui se distinguent par leur qualit\u00e9 et leur design.<\/p>","protected":false},"excerpt":{"rendered":"<ul>\n<li>Fabriqu\u00e9 en cuir de veau v\u00e9ritable avec une doublure en cuir de ch\u00e8vre doux et respirant.<\/li>\n<li>Semelle EVA l\u00e9g\u00e8re, flexible et confortable pour une utilisation tout au long de la journ\u00e9e.<\/li>\n<li>Mod\u00e8le classique \u00e0 bouts papillons, parfait pour les styles chic et d\u00e9contract\u00e9.<\/li>\n<li>Disponible dans une gamme de couleurs sophistiqu\u00e9es (voir les images du produit).<\/li>\n<li>Tailles propos\u00e9es : EU 39, 40, 41, 42, 43, 44, 45.<\/li>\n<li><strong>Opportunit\u00e9 de vente en gros :<\/strong> Quantit\u00e9 minimale de commande de 8 paires.<\/li>\n<li>D\u00e9lai de livraison : 12 jours + frais de port.<\/li>\n<\/ul>","protected":false},"featured_media":3779,"template":"","meta":{"_acf_changed":false,"_uag_custom_page_level_css":"","site-sidebar-layout":"default","site-content-layout":"","ast-site-content-layout":"default","site-content-style":"default","site-sidebar-style":"default","ast-global-header-display":"","ast-banner-title-visibility":"","ast-main-header-display":"","ast-hfb-above-header-display":"","ast-hfb-below-header-display":"","ast-hfb-mobile-header-display":"","site-post-title":"","ast-breadcrumbs-content":"","ast-featured-img":"","footer-sml-layout":"","ast-disable-related-posts":"","theme-transparent-header-meta":"","adv-header-id-meta":"","stick-header-meta":"","header-above-stick-meta":"","header-main-stick-meta":"","header-below-stick-meta":"","astra-migrate-meta-layouts":"default","ast-page-background-enabled":"default","ast-page-background-meta":{"desktop":{"background-color":"var(--ast-global-color-4)","background-image":"","background-repeat":"repeat","background-position":"center center","background-size":"auto","background-attachment":"scroll","background-type":"","background-media":"","overlay-type":"","overlay-color":"","overlay-opacity":"","overlay-gradient":""},"tablet":{"background-color":"","background-image":"","background-repeat":"repeat","background-position":"center center","background-size":"auto","background-attachment":"scroll","background-type":"","background-media":"","overlay-type":"","overlay-color":"","overlay-opacity":"","overlay-gradient":""},"mobile":{"background-color":"","background-image":"","background-repeat":"repeat","background-position":"center center","background-size":"auto","background-attachment":"scroll","background-type":"","background-media":"","overlay-type":"","overlay-color":"","overlay-opacity":"","overlay-gradient":""}},"ast-content-background-meta":{"desktop":{"background-color":"var(--ast-global-color-5)","background-image":"","background-repeat":"repeat","background-position":"center center","background-size":"auto","background-attachment":"scroll","background-type":"","background-media":"","overlay-type":"","overlay-color":"","overlay-opacity":"","overlay-gradient":""},"tablet":{"background-color":"var(--ast-global-color-5)","background-image":"","background-repeat":"repeat","background-position":"center center","background-size":"auto","background-attachment":"scroll","background-type":"","background-media":"","overlay-type":"","overlay-color":"","overlay-opacity":"","overlay-gradient":""},"mobile":{"background-color":"var(--ast-global-color-5)","background-image":"","background-repeat":"repeat","background-position":"center center","background-size":"auto","background-attachment":"scroll","background-type":"","background-media":"","overlay-type":"","overlay-color":"","overlay-opacity":"","overlay-gradient":""}}},"product_brand":[],"product_cat":[47,430,40],"product_tag":[654,257,200,202,449,944,438,437,450,227,204,406,281,702],"class_list":{"0":"post-5625","1":"product","2":"type-product","3":"status-publish","4":"has-post-thumbnail","6":"product_cat-classic","7":"product_cat-men","8":"product_cat-mens-shoes","9":"product_tag-brogue-shoes","10":"product_tag-bulk-order-footwear","11":"product_tag-business-casual","12":"product_tag-calf-leather","13":"product_tag-casual-shoes","14":"product_tag-dress-casual","15":"product_tag-eva-sole","16":"product_tag-goat-leather","17":"product_tag-handcrafted-shoes","18":"product_tag-leather-shoes","19":"product_tag-oxford-shoes","20":"product_tag-premium-shoes","21":"product_tag-wholesale-shoes","22":"product_tag-wingtip-shoes","23":"desktop-align-center","24":"tablet-align-center","25":"mobile-align-center","27":"first","28":"instock","29":"shipping-taxable","30":"purchasable","31":"product-type-variable","32":"has-default-attributes"},"acf":[],"uagb_featured_image_src":{"full":["https:\/\/turkishtrade.co\/wp-content\/uploads\/2026\/01\/2400EJOMN00351-BROWN-X_6321-4-USD-1.png",453,250,false],"thumbnail":["https:\/\/turkishtrade.co\/wp-content\/uploads\/2026\/01\/2400EJOMN00351-BROWN-X_6321-4-USD-1-150x150.png",150,150,true],"medium":["https:\/\/turkishtrade.co\/wp-content\/uploads\/2026\/01\/2400EJOMN00351-BROWN-X_6321-4-USD-1-300x166.png",300,166,true],"medium_large":["https:\/\/turkishtrade.co\/wp-content\/uploads\/2026\/01\/2400EJOMN00351-BROWN-X_6321-4-USD-1.png",453,250,false],"large":["https:\/\/turkishtrade.co\/wp-content\/uploads\/2026\/01\/2400EJOMN00351-BROWN-X_6321-4-USD-1.png",453,250,false],"1536x1536":["https:\/\/turkishtrade.co\/wp-content\/uploads\/2026\/01\/2400EJOMN00351-BROWN-X_6321-4-USD-1.png",453,250,false],"2048x2048":["https:\/\/turkishtrade.co\/wp-content\/uploads\/2026\/01\/2400EJOMN00351-BROWN-X_6321-4-USD-1.png",453,250,false],"trp-custom-language-flag":["https:\/\/turkishtrade.co\/wp-content\/uploads\/2026\/01\/2400EJOMN00351-BROWN-X_6321-4-USD-1-18x10.png",18,10,true],"woocommerce_thumbnail":["https:\/\/turkishtrade.co\/wp-content\/uploads\/2026\/01\/2400EJOMN00351-BROWN-X_6321-4-USD-1-400x250.png",400,250,true],"woocommerce_single":["https:\/\/turkishtrade.co\/wp-content\/uploads\/2026\/01\/2400EJOMN00351-BROWN-X_6321-4-USD-1.png",453,250,false],"woocommerce_gallery_thumbnail":["https:\/\/turkishtrade.co\/wp-content\/uploads\/2026\/01\/2400EJOMN00351-BROWN-X_6321-4-USD-1-100x100.png",100,100,true]},"uagb_author_info":{"display_name":"yaser olabi","author_link":"https:\/\/turkishtrade.co\/fr\/author\/"},"uagb_comment_info":0,"uagb_excerpt":"Crafted from genuine calf leather upper with soft, breathable goat leather lining. Lightweight, flexible, and comfortable EVA sole for all-day wear. Classic wingtip brogue design, perfect for smart-casual and business casual styles. Available in a range of sophisticated colors (as seen in product images). Sizes offered: EU 39, 40, 41, 42, 43, 44, 45. Wholesale\u2026","_links":{"self":[{"href":"https:\/\/turkishtrade.co\/fr\/wp-json\/wp\/v2\/product\/5625","targetHints":{"allow":["GET"]}}],"collection":[{"href":"https:\/\/turkishtrade.co\/fr\/wp-json\/wp\/v2\/product"}],"about":[{"href":"https:\/\/turkishtrade.co\/fr\/wp-json\/wp\/v2\/types\/product"}],"wp:featuredmedia":[{"embeddable":true,"href":"https:\/\/turkishtrade.co\/fr\/wp-json\/wp\/v2\/media\/3779"}],"wp:attachment":[{"href":"https:\/\/turkishtrade.co\/fr\/wp-json\/wp\/v2\/media?parent=5625"}],"wp:term":[{"taxonomy":"product_brand","embeddable":true,"href":"https:\/\/turkishtrade.co\/fr\/wp-json\/wp\/v2\/product_brand?post=5625"},{"taxonomy":"product_cat","embeddable":true,"href":"https:\/\/turkishtrade.co\/fr\/wp-json\/wp\/v2\/product_cat?post=5625"},{"taxonomy":"product_tag","embeddable":true,"href":"https:\/\/turkishtrade.co\/fr\/wp-json\/wp\/v2\/product_tag?post=5625"}],"curies":[{"name":"wp","href":"https:\/\/api.w.org\/{rel}","templated":true}]}}