{"id":5623,"date":"2026-01-14T12:44:17","date_gmt":"2026-01-14T12:44:17","guid":{"rendered":"https:\/\/turkishtrade.co\/product\/men-black-leather-derby-shoes-3\/"},"modified":"2026-04-09T19:28:53","modified_gmt":"2026-04-09T19:28:53","slug":"mens-black-leather-derby-shoes-11","status":"publish","type":"product","link":"https:\/\/turkishtrade.co\/fr\/shop\/mens-black-leather-derby-shoes-11\/","title":{"rendered":"Chaussures de derby en cuir de veau noir de qualit\u00e9 sup\u00e9rieure pour hommes avec semelle EVA"},"content":{"rendered":"<p><strong>Chaussures derby en cuir noir pour hommes<\/strong><\/p>\n<p>Entrez dans une sophistication et un confort in\u00e9gal\u00e9s gr\u00e2ce \u00e0 nos magnifiques chambres d'h\u00f4tes. <b>Chaussures derby en cuir de veau noir de qualit\u00e9 sup\u00e9rieure pour hommes<\/b>. M\u00e9ticuleusement con\u00e7ues pour le gentleman exigeant, ces chaussures allient l'\u00e9l\u00e9gance intemporelle \u00e0 l'ing\u00e9nierie moderne. L'ext\u00e9rieur est fabriqu\u00e9 en cuir de veau de qualit\u00e9 sup\u00e9rieure, r\u00e9put\u00e9 pour sa texture souple, sa durabilit\u00e9 et sa capacit\u00e9 \u00e0 d\u00e9velopper une belle patine au fil du temps.<\/p>\n<p>Cela garantit non seulement un look distingu\u00e9, mais aussi un ajout durable \u00e0 votre collection de chaussures. La finition noire \u00e9l\u00e9gante fait de ces <b>Chaussures derby en cuir noir pour hommes<\/b> un choix polyvalent, qui compl\u00e8te sans effort un large \u00e9ventail de tenues, des costumes d'affaires \u00e9l\u00e9gants aux ensembles d\u00e9contract\u00e9s \u00e9l\u00e9gants.<\/p>\n<p><h3>Un confort et un savoir-faire in\u00e9gal\u00e9s<\/h3>\n<\/p>\n<p>Faites l'exp\u00e9rience d'un v\u00e9ritable luxe de l'int\u00e9rieur vers l'ext\u00e9rieur. L'int\u00e9rieur de ces \u00e9l\u00e9gantes chaussures derby est enti\u00e8rement doubl\u00e9 de cuir de ch\u00e8vre souple, offrant un environnement incroyablement doux et respirant \u00e0 vos pieds. Cette doublure de qualit\u00e9 sup\u00e9rieure \u00e9vacue activement l'humidit\u00e9, gardant vos pieds au sec et \u00e0 l'aise tout au long de la journ\u00e9e, m\u00eame en cas de port prolong\u00e9.<\/p>\n<p>La pierre angulaire de leur confort r\u00e9side dans la semelle EVA, \u00e0 la fois l\u00e9g\u00e8re et r\u00e9sistante. Ce mat\u00e9riau de pointe offre un amorti et une absorption des chocs exceptionnels, r\u00e9duisant la fatigue et offrant une d\u00e9marche \u00e9lastique. Avec une hauteur de talon subtile et classique de 1 \u00e0 3 cm, ces chaussures sont tr\u00e8s confortables. <b>Chaussures derby en cuir noir pour hommes<\/b> offrent un \u00e9quilibre parfait entre \u00e9l\u00e9vation et stabilit\u00e9, ce qui les rend id\u00e9ales pour toutes les occasions.<\/p>\n<p><h3>Con\u00e7u pour le style et la praticit\u00e9<\/h3>\n<\/p>\n<p>Notre <b>Chaussures derby en cuir noir pour hommes<\/b> pr\u00e9sentent un design classique \u00e0 lacets avec d'\u00e9l\u00e9gants d\u00e9tails de couture, incarnant une esth\u00e9tique raffin\u00e9e qui ne se d\u00e9mode jamais. La construction robuste garantit des performances fiables, tandis que l'attention port\u00e9e aux d\u00e9tails de chaque point et couture en dit long sur la qualit\u00e9 de l'artisanat. Disponibles dans une large gamme de tailles allant de l'UE 39 \u00e0 l'UE 45, nous garantissons un ajustement parfait pour chaque client.<\/p>\n<p>Pour les entreprises qui souhaitent offrir des chaussures de qualit\u00e9 sup\u00e9rieure, ces chaussures derby sont disponibles pour les commandes en gros avec une quantit\u00e9 minimale de 8 paires. Avec un d\u00e9lai de livraison de seulement 12 jours plus les frais d'exp\u00e9dition, vous pouvez rapidement vous approvisionner en ces chaussures pour hommes tr\u00e8s recherch\u00e9es, pr\u00eates \u00e0 impressionner votre client\u00e8le avec leur qualit\u00e9 sup\u00e9rieure et leur style durable.<\/p>","protected":false},"excerpt":{"rendered":"<ul>\n<li><b>Mat\u00e9riaux de qualit\u00e9 sup\u00e9rieure :<\/b> Fabriqu\u00e9 avec un ext\u00e9rieur en cuir de veau durable et un int\u00e9rieur en cuir de ch\u00e8vre luxueux pour un confort ultime.<\/li>\n<li><b>L\u00e9ger Confort :<\/b> Elle est dot\u00e9e d'une semelle EVA innovante pour un confort tout au long de la journ\u00e9e et d'un talon subtil de 1 \u00e0 3 cm de hauteur.<\/li>\n<li><b>Style polyvalent :<\/b> Le design classique des derbys convient aussi bien aux environnements professionnels formels qu'aux tenues d\u00e9contract\u00e9es et \u00e9l\u00e9gantes.<\/li>\n<li><b>Tailles disponibles :<\/b> Propos\u00e9 dans une gamme compl\u00e8te allant de l'UE 39 \u00e0 l'UE 45.<\/li>\n<li><b>Disponibilit\u00e9 en vrac :<\/b> Commande minimum de 8 paires, avec un d\u00e9lai de livraison de 12 jours plus les frais de port.<\/li>\n<\/ul>","protected":false},"featured_media":3775,"template":"","meta":{"_acf_changed":false,"_uag_custom_page_level_css":"","site-sidebar-layout":"default","site-content-layout":"","ast-site-content-layout":"default","site-content-style":"default","site-sidebar-style":"default","ast-global-header-display":"","ast-banner-title-visibility":"","ast-main-header-display":"","ast-hfb-above-header-display":"","ast-hfb-below-header-display":"","ast-hfb-mobile-header-display":"","site-post-title":"","ast-breadcrumbs-content":"","ast-featured-img":"","footer-sml-layout":"","ast-disable-related-posts":"","theme-transparent-header-meta":"","adv-header-id-meta":"","stick-header-meta":"","header-above-stick-meta":"","header-main-stick-meta":"","header-below-stick-meta":"","astra-migrate-meta-layouts":"default","ast-page-background-enabled":"default","ast-page-background-meta":{"desktop":{"background-color":"var(--ast-global-color-4)","background-image":"","background-repeat":"repeat","background-position":"center center","background-size":"auto","background-attachment":"scroll","background-type":"","background-media":"","overlay-type":"","overlay-color":"","overlay-opacity":"","overlay-gradient":""},"tablet":{"background-color":"","background-image":"","background-repeat":"repeat","background-position":"center center","background-size":"auto","background-attachment":"scroll","background-type":"","background-media":"","overlay-type":"","overlay-color":"","overlay-opacity":"","overlay-gradient":""},"mobile":{"background-color":"","background-image":"","background-repeat":"repeat","background-position":"center center","background-size":"auto","background-attachment":"scroll","background-type":"","background-media":"","overlay-type":"","overlay-color":"","overlay-opacity":"","overlay-gradient":""}},"ast-content-background-meta":{"desktop":{"background-color":"var(--ast-global-color-5)","background-image":"","background-repeat":"repeat","background-position":"center center","background-size":"auto","background-attachment":"scroll","background-type":"","background-media":"","overlay-type":"","overlay-color":"","overlay-opacity":"","overlay-gradient":""},"tablet":{"background-color":"var(--ast-global-color-5)","background-image":"","background-repeat":"repeat","background-position":"center center","background-size":"auto","background-attachment":"scroll","background-type":"","background-media":"","overlay-type":"","overlay-color":"","overlay-opacity":"","overlay-gradient":""},"mobile":{"background-color":"var(--ast-global-color-5)","background-image":"","background-repeat":"repeat","background-position":"center center","background-size":"auto","background-attachment":"scroll","background-type":"","background-media":"","overlay-type":"","overlay-color":"","overlay-opacity":"","overlay-gradient":""}}},"product_brand":[],"product_cat":[47,430,40],"product_tag":[295,979,185,449,980,287,251,189,888,787,281],"class_list":{"0":"post-5623","1":"product","2":"type-product","3":"status-publish","4":"has-post-thumbnail","6":"product_cat-classic","7":"product_cat-men","8":"product_cat-mens-shoes","9":"product_tag-black-dress-shoes","10":"product_tag-business-footwear","11":"product_tag-calf-leather-shoes","12":"product_tag-casual-shoes","13":"product_tag-comfortable-derby-shoes","14":"product_tag-eva-sole-shoes","15":"product_tag-formal-shoes","16":"product_tag-goat-leather-lining","17":"product_tag-mens-black-leather-derby-shoes","18":"product_tag-premium-mens-shoes","19":"product_tag-wholesale-shoes","20":"desktop-align-center","21":"tablet-align-center","22":"mobile-align-center","24":"first","25":"instock","26":"shipping-taxable","27":"purchasable","28":"product-type-variable","29":"has-default-attributes"},"acf":[],"uagb_featured_image_src":{"full":["https:\/\/turkishtrade.co\/wp-content\/uploads\/2026\/01\/2400EJOMN00350-BLACK-X_7820-4-USD.png",453,250,false],"thumbnail":["https:\/\/turkishtrade.co\/wp-content\/uploads\/2026\/01\/2400EJOMN00350-BLACK-X_7820-4-USD-150x150.png",150,150,true],"medium":["https:\/\/turkishtrade.co\/wp-content\/uploads\/2026\/01\/2400EJOMN00350-BLACK-X_7820-4-USD-300x166.png",300,166,true],"medium_large":["https:\/\/turkishtrade.co\/wp-content\/uploads\/2026\/01\/2400EJOMN00350-BLACK-X_7820-4-USD.png",453,250,false],"large":["https:\/\/turkishtrade.co\/wp-content\/uploads\/2026\/01\/2400EJOMN00350-BLACK-X_7820-4-USD.png",453,250,false],"1536x1536":["https:\/\/turkishtrade.co\/wp-content\/uploads\/2026\/01\/2400EJOMN00350-BLACK-X_7820-4-USD.png",453,250,false],"2048x2048":["https:\/\/turkishtrade.co\/wp-content\/uploads\/2026\/01\/2400EJOMN00350-BLACK-X_7820-4-USD.png",453,250,false],"trp-custom-language-flag":["https:\/\/turkishtrade.co\/wp-content\/uploads\/2026\/01\/2400EJOMN00350-BLACK-X_7820-4-USD-18x10.png",18,10,true],"woocommerce_thumbnail":["https:\/\/turkishtrade.co\/wp-content\/uploads\/2026\/01\/2400EJOMN00350-BLACK-X_7820-4-USD-400x250.png",400,250,true],"woocommerce_single":["https:\/\/turkishtrade.co\/wp-content\/uploads\/2026\/01\/2400EJOMN00350-BLACK-X_7820-4-USD.png",453,250,false],"woocommerce_gallery_thumbnail":["https:\/\/turkishtrade.co\/wp-content\/uploads\/2026\/01\/2400EJOMN00350-BLACK-X_7820-4-USD-100x100.png",100,100,true]},"uagb_author_info":{"display_name":"yaser olabi","author_link":"https:\/\/turkishtrade.co\/fr\/author\/"},"uagb_comment_info":0,"uagb_excerpt":"Superior Materials: Crafted with a durable calf leather exterior and luxurious goat leather interior for ultimate comfort. Lightweight Comfort: Features an innovative EVA sole for all-day comfort and a subtle 1-3 cm heel height. Versatile Style: Classic derby design suitable for both formal business settings and smart casual outfits. Available Sizes: Offered in a comprehensive\u2026","_links":{"self":[{"href":"https:\/\/turkishtrade.co\/fr\/wp-json\/wp\/v2\/product\/5623","targetHints":{"allow":["GET"]}}],"collection":[{"href":"https:\/\/turkishtrade.co\/fr\/wp-json\/wp\/v2\/product"}],"about":[{"href":"https:\/\/turkishtrade.co\/fr\/wp-json\/wp\/v2\/types\/product"}],"wp:featuredmedia":[{"embeddable":true,"href":"https:\/\/turkishtrade.co\/fr\/wp-json\/wp\/v2\/media\/3775"}],"wp:attachment":[{"href":"https:\/\/turkishtrade.co\/fr\/wp-json\/wp\/v2\/media?parent=5623"}],"wp:term":[{"taxonomy":"product_brand","embeddable":true,"href":"https:\/\/turkishtrade.co\/fr\/wp-json\/wp\/v2\/product_brand?post=5623"},{"taxonomy":"product_cat","embeddable":true,"href":"https:\/\/turkishtrade.co\/fr\/wp-json\/wp\/v2\/product_cat?post=5623"},{"taxonomy":"product_tag","embeddable":true,"href":"https:\/\/turkishtrade.co\/fr\/wp-json\/wp\/v2\/product_tag?post=5623"}],"curies":[{"name":"wp","href":"https:\/\/api.w.org\/{rel}","templated":true}]}}