{"id":5618,"date":"2026-01-14T12:41:37","date_gmt":"2026-01-14T12:41:37","guid":{"rendered":"https:\/\/turkishtrade.co\/product\/mens-leather-loafer-shoes-6\/"},"modified":"2026-04-09T19:29:01","modified_gmt":"2026-04-09T19:29:01","slug":"mens-leather-loafer-shoes-6","status":"publish","type":"product","link":"https:\/\/turkishtrade.co\/fr\/shop\/mens-leather-loafer-shoes-6\/","title":{"rendered":"Mocassins en cuir de premi\u00e8re qualit\u00e9 pour hommes avec semelle en EVA"},"content":{"rendered":"<p><strong>Mocassins en cuir pour hommes<\/strong><\/p>\n<p>Profitez d'un confort in\u00e9gal\u00e9 et d'un style sophistiqu\u00e9 gr\u00e2ce \u00e0 notre collection de produits de qualit\u00e9 sup\u00e9rieure. <strong>chaussures mocassins en cuir pour hommes<\/strong>. Con\u00e7us pour l'homme exigeant, ces mocassins allient parfaitement l'esth\u00e9tique classique au confort moderne, ce qui en fait un choix id\u00e9al pour toute une s\u00e9rie d'occasions. Chaque paire de nos <strong>chaussures mocassins en cuir pour hommes<\/strong> t\u00e9moigne d'un savoir-faire sup\u00e9rieur et de mat\u00e9riaux de qualit\u00e9, garantissant un produit qui n'est pas seulement beau, mais aussi agr\u00e9able \u00e0 porter.<\/p>\n<p>&nbsp;<\/p>\n<h3>Un style polyvalent pour toutes les occasions<\/h3>\n<p>Le design intemporel de ces <strong>chaussures mocassins en cuir pour hommes<\/strong> les rend incroyablement polyvalents. Disponibles en noir classique et en bleu marine riche, elles s'adaptent parfaitement aux vendredis d\u00e9contract\u00e9s au bureau, aux brunchs du week-end ou aux soir\u00e9es. Leur conception \u00e0 enfiler est pratique sans sacrifier l'\u00e9l\u00e9gance, offrant un look soign\u00e9 qui s'accorde aussi bien avec les pantalons cintr\u00e9s qu'avec les jeans \u00e9l\u00e9gants et d\u00e9contract\u00e9s. Le talon modeste et confortable ajoute juste ce qu'il faut d'\u00e9l\u00e9vation pour un profil raffin\u00e9. Disponibles dans une large gamme de pointures allant du 39 au 45, nous garantissons un ajustement parfait \u00e0 une client\u00e8le diversifi\u00e9e, consolidant ainsi leur attrait en tant que chaussures essentielles pour toute garde-robe contemporaine.<\/p>\n<h3>Possibilit\u00e9s de vente en gros et assurance de la qualit\u00e9<\/h3>\n<p>Pour les entreprises qui souhaitent stocker des chaussures de haute qualit\u00e9, nos <strong>chaussures mocassins en cuir pour hommes<\/strong> sont disponibles en gros avec une commande minimum de 8 paires. Nous sommes fiers d'assurer une livraison rapide, avec un d\u00e9lai estim\u00e9 \u00e0 12 jours, plus les frais d'exp\u00e9dition. Notre engagement en faveur de l'excellence signifie que chaque paire r\u00e9pond \u00e0 des normes de qualit\u00e9 rigoureuses, garantissant la durabilit\u00e9 et la satisfaction du client. En investissant dans nos <strong>chaussures mocassins en cuir pour hommes<\/strong> signifie offrir \u00e0 vos clients un produit qui combine des mat\u00e9riaux luxueux, un savoir-faire artisanal et un style intemporel. Pour plus de d\u00e9tails sur les prix, veuillez vous r\u00e9f\u00e9rer \u00e0 notre liste de prix compl\u00e8te, qui garantit des tarifs transparents et comp\u00e9titifs \u00e0 nos pr\u00e9cieux partenaires.<\/p>","protected":false},"excerpt":{"rendered":"<ul>\n<li>Commande minimum : 8 paires (disponible en gros)<\/li>\n<li>Ext\u00e9rieur en cuir de veau de premi\u00e8re qualit\u00e9 pour plus de durabilit\u00e9 et de style<\/li>\n<li>La doublure int\u00e9rieure en cuir de ch\u00e8vre luxueux assure un confort et une respirabilit\u00e9 exceptionnels.<\/li>\n<li>Semelle EVA l\u00e9g\u00e8re et flexible pour un amorti tout au long de la journ\u00e9e<\/li>\n<li>Disponible dans une large gamme de tailles : UE 39-45<\/li>\n<li>D\u00e9lai de livraison : 12 jours + exp\u00e9dition<\/li>\n<\/ul>","protected":false},"featured_media":3773,"template":"","meta":{"_acf_changed":false,"_uag_custom_page_level_css":"","site-sidebar-layout":"default","site-content-layout":"","ast-site-content-layout":"default","site-content-style":"default","site-sidebar-style":"default","ast-global-header-display":"","ast-banner-title-visibility":"","ast-main-header-display":"","ast-hfb-above-header-display":"","ast-hfb-below-header-display":"","ast-hfb-mobile-header-display":"","site-post-title":"","ast-breadcrumbs-content":"","ast-featured-img":"","footer-sml-layout":"","ast-disable-related-posts":"","theme-transparent-header-meta":"default","adv-header-id-meta":"","stick-header-meta":"","header-above-stick-meta":"","header-main-stick-meta":"","header-below-stick-meta":"","astra-migrate-meta-layouts":"set","ast-page-background-enabled":"default","ast-page-background-meta":{"desktop":{"background-color":"var(--ast-global-color-4)","background-image":"","background-repeat":"repeat","background-position":"center center","background-size":"auto","background-attachment":"scroll","background-type":"","background-media":"","overlay-type":"","overlay-color":"","overlay-opacity":"","overlay-gradient":""},"tablet":{"background-color":"","background-image":"","background-repeat":"repeat","background-position":"center center","background-size":"auto","background-attachment":"scroll","background-type":"","background-media":"","overlay-type":"","overlay-color":"","overlay-opacity":"","overlay-gradient":""},"mobile":{"background-color":"","background-image":"","background-repeat":"repeat","background-position":"center center","background-size":"auto","background-attachment":"scroll","background-type":"","background-media":"","overlay-type":"","overlay-color":"","overlay-opacity":"","overlay-gradient":""}},"ast-content-background-meta":{"desktop":{"background-color":"var(--ast-global-color-5)","background-image":"","background-repeat":"repeat","background-position":"center center","background-size":"auto","background-attachment":"scroll","background-type":"","background-media":"","overlay-type":"","overlay-color":"","overlay-opacity":"","overlay-gradient":""},"tablet":{"background-color":"var(--ast-global-color-5)","background-image":"","background-repeat":"repeat","background-position":"center center","background-size":"auto","background-attachment":"scroll","background-type":"","background-media":"","overlay-type":"","overlay-color":"","overlay-opacity":"","overlay-gradient":""},"mobile":{"background-color":"var(--ast-global-color-5)","background-image":"","background-repeat":"repeat","background-position":"center center","background-size":"auto","background-attachment":"scroll","background-type":"","background-media":"","overlay-type":"","overlay-color":"","overlay-opacity":"","overlay-gradient":""}}},"product_brand":[],"product_cat":[47,430,40],"product_tag":[370,202,449,220,438,437,215,198,557,632,184,254],"class_list":{"0":"post-5618","1":"product","2":"type-product","3":"status-publish","4":"has-post-thumbnail","6":"product_cat-classic","7":"product_cat-men","8":"product_cat-mens-shoes","9":"product_tag-black-loafers","10":"product_tag-calf-leather","11":"product_tag-casual-shoes","12":"product_tag-comfortable-loafers","13":"product_tag-eva-sole","14":"product_tag-goat-leather","15":"product_tag-leather-loafers","16":"product_tag-mens-fashion","17":"product_tag-navy-loafers","18":"product_tag-premium-leather-shoes","19":"product_tag-slip-on-shoes","20":"product_tag-wholesale-footwear","21":"desktop-align-center","22":"tablet-align-center","23":"mobile-align-center","25":"first","26":"instock","27":"shipping-taxable","28":"purchasable","29":"product-type-variable","30":"has-default-attributes"},"acf":[],"uagb_featured_image_src":{"full":["https:\/\/turkishtrade.co\/wp-content\/uploads\/2026\/01\/2400EJOMN00346-DARK-BLUE-X_7821-4-USD.png",453,250,false],"thumbnail":["https:\/\/turkishtrade.co\/wp-content\/uploads\/2026\/01\/2400EJOMN00346-DARK-BLUE-X_7821-4-USD-150x150.png",150,150,true],"medium":["https:\/\/turkishtrade.co\/wp-content\/uploads\/2026\/01\/2400EJOMN00346-DARK-BLUE-X_7821-4-USD-300x166.png",300,166,true],"medium_large":["https:\/\/turkishtrade.co\/wp-content\/uploads\/2026\/01\/2400EJOMN00346-DARK-BLUE-X_7821-4-USD.png",453,250,false],"large":["https:\/\/turkishtrade.co\/wp-content\/uploads\/2026\/01\/2400EJOMN00346-DARK-BLUE-X_7821-4-USD.png",453,250,false],"1536x1536":["https:\/\/turkishtrade.co\/wp-content\/uploads\/2026\/01\/2400EJOMN00346-DARK-BLUE-X_7821-4-USD.png",453,250,false],"2048x2048":["https:\/\/turkishtrade.co\/wp-content\/uploads\/2026\/01\/2400EJOMN00346-DARK-BLUE-X_7821-4-USD.png",453,250,false],"trp-custom-language-flag":["https:\/\/turkishtrade.co\/wp-content\/uploads\/2026\/01\/2400EJOMN00346-DARK-BLUE-X_7821-4-USD-18x10.png",18,10,true],"woocommerce_thumbnail":["https:\/\/turkishtrade.co\/wp-content\/uploads\/2026\/01\/2400EJOMN00346-DARK-BLUE-X_7821-4-USD-400x250.png",400,250,true],"woocommerce_single":["https:\/\/turkishtrade.co\/wp-content\/uploads\/2026\/01\/2400EJOMN00346-DARK-BLUE-X_7821-4-USD.png",453,250,false],"woocommerce_gallery_thumbnail":["https:\/\/turkishtrade.co\/wp-content\/uploads\/2026\/01\/2400EJOMN00346-DARK-BLUE-X_7821-4-USD-100x100.png",100,100,true]},"uagb_author_info":{"display_name":"yaser olabi","author_link":"https:\/\/turkishtrade.co\/fr\/author\/"},"uagb_comment_info":0,"uagb_excerpt":"Minimum Order: 8 Pairs (available for wholesale) Crafted from premium calf leather exterior for durability and style Luxurious goat leather interior lining ensures exceptional comfort and breathability Lightweight and flexible EVA sole provides all-day cushioning Available in a comprehensive size range: EU 39-45 Delivery Time: 12 Days + Shipping","_links":{"self":[{"href":"https:\/\/turkishtrade.co\/fr\/wp-json\/wp\/v2\/product\/5618","targetHints":{"allow":["GET"]}}],"collection":[{"href":"https:\/\/turkishtrade.co\/fr\/wp-json\/wp\/v2\/product"}],"about":[{"href":"https:\/\/turkishtrade.co\/fr\/wp-json\/wp\/v2\/types\/product"}],"wp:featuredmedia":[{"embeddable":true,"href":"https:\/\/turkishtrade.co\/fr\/wp-json\/wp\/v2\/media\/3773"}],"wp:attachment":[{"href":"https:\/\/turkishtrade.co\/fr\/wp-json\/wp\/v2\/media?parent=5618"}],"wp:term":[{"taxonomy":"product_brand","embeddable":true,"href":"https:\/\/turkishtrade.co\/fr\/wp-json\/wp\/v2\/product_brand?post=5618"},{"taxonomy":"product_cat","embeddable":true,"href":"https:\/\/turkishtrade.co\/fr\/wp-json\/wp\/v2\/product_cat?post=5618"},{"taxonomy":"product_tag","embeddable":true,"href":"https:\/\/turkishtrade.co\/fr\/wp-json\/wp\/v2\/product_tag?post=5618"}],"curies":[{"name":"wp","href":"https:\/\/api.w.org\/{rel}","templated":true}]}}