{"id":5616,"date":"2026-01-14T12:41:11","date_gmt":"2026-01-14T12:41:11","guid":{"rendered":"https:\/\/turkishtrade.co\/product\/mens-black-leather-loafers-7\/"},"modified":"2026-04-09T19:29:05","modified_gmt":"2026-04-09T19:29:05","slug":"mens-black-leather-loafers-7","status":"publish","type":"product","link":"https:\/\/turkishtrade.co\/fr\/shop\/mens-black-leather-loafers-7\/","title":{"rendered":"Premium Men's Black Leather Casual Loafers (Mocassins d\u00e9contract\u00e9s en cuir noir)"},"content":{"rendered":"<p><strong>Mocassins en cuir noir pour hommes<\/strong><\/p>\n<p>\u00c9levez votre style et votre confort quotidiens gr\u00e2ce \u00e0 nos produits exquis. <strong>Mocassins en cuir noir pour hommes<\/strong>. Con\u00e7us pour l'homme moderne qui appr\u00e9cie \u00e0 la fois la sophistication et l'aspect pratique, ces mocassins allient harmonieusement l'esth\u00e9tique classique et le confort contemporain. Fabriqu\u00e9s \u00e0 partir des mat\u00e9riaux les plus nobles, ils constituent le choix id\u00e9al pour toute une s\u00e9rie d'occasions, de la tenue d'affaires d\u00e9contract\u00e9e aux sorties du week-end.<\/p>\n<p><h3>Un savoir-faire et des mat\u00e9riaux in\u00e9gal\u00e9s<\/h3>\n<\/p>\n<p>Nos mocassins haut de gamme pr\u00e9sentent un ext\u00e9rieur m\u00e9ticuleusement construit en cuir de veau v\u00e9ritable, connu pour sa texture souple, sa durabilit\u00e9 exceptionnelle et son aspect raffin\u00e9. Ce cuir de haute qualit\u00e9 garantit que vos <strong>Mocassins en cuir noir pour hommes<\/strong> ne sera pas seulement magnifique, mais r\u00e9sistera \u00e9galement \u00e0 l'\u00e9preuve du temps, en d\u00e9veloppant une patine unique avec l'\u00e2ge. \u00c0 l'int\u00e9rieur, vos pieds seront berc\u00e9s dans le luxe gr\u00e2ce \u00e0 la doublure en cuir de ch\u00e8vre souple et respirant.<\/p>\n<p>Cette mati\u00e8re naturelle offre un confort sup\u00e9rieur, \u00e9vacue l'humidit\u00e9 et pr\u00e9vient l'inconfort, ce qui fait de ces chaussures un plaisir \u00e0 porter tout au long de la journ\u00e9e.<\/p>\n<p><h3>Con\u00e7u pour le confort et la polyvalence<\/h3>\n<\/p>\n<p>D\u00e9couvrez la diff\u00e9rence que fait une semelle bien con\u00e7ue. Ces semelles <strong>Mocassins en cuir noir pour hommes<\/strong> sont \u00e9quip\u00e9es d'une semelle EVA l\u00e9g\u00e8re et flexible. L'EVA (\u00e9thyl\u00e8ne-ac\u00e9tate de vinyle) est r\u00e9put\u00e9 pour ses excellentes propri\u00e9t\u00e9s d'absorption des chocs et d'amortissement, assurant une foul\u00e9e confortable et r\u00e9duisant la fatigue du pied.<\/p>\n<p>La silhouette classique des mocassins, associ\u00e9e \u00e0 un talon subtil de 1 \u00e0 3 cm, offre un look intemporel qui s'associe sans effort \u00e0 diverses tenues. Que vous vous habilliez pour un \u00e9v\u00e9nement semi-formel ou que vous recherchiez un look \u00e0 la fois \u00e9l\u00e9gant et d\u00e9contract\u00e9 pour vos activit\u00e9s quotidiennes, ces mocassins sont incroyablement polyvalents.<\/p>\n<p><h3>Commodit\u00e9 pour les commandes en gros<\/h3>\n<\/p>\n<p>Nous comprenons les besoins des entreprises et des d\u00e9taillants, c'est pourquoi notre <strong>Mocassins en cuir noir pour hommes<\/strong> sont disponibles pour les achats en gros. Avec un minimum de commande de 8 paires, vous pouvez facilement vous approvisionner en ces chaussures populaires et \u00e9l\u00e9gantes. Notre processus de production efficace garantit que votre commande sera pr\u00eate \u00e0 \u00eatre exp\u00e9di\u00e9e dans un d\u00e9lai de 12 jours, suivi des d\u00e9lais d'exp\u00e9dition standard.<\/p>\n<p>Investissez dans des chaussures de qualit\u00e9 que vos clients adoreront, en leur offrant un produit qui allie le luxe du cuir v\u00e9ritable \u00e0 un confort pratique tout au long de la journ\u00e9e. Disponibles dans une large gamme de tailles allant de l'UE 39 \u00e0 l'UE 45, elles r\u00e9pondent aux diverses pr\u00e9f\u00e9rences des clients.<\/p>","protected":false},"excerpt":{"rendered":"<ul>\n<li>Ext\u00e9rieur en cuir de veau v\u00e9ritable de premi\u00e8re qualit\u00e9 pour une durabilit\u00e9 et un style sophistiqu\u00e9.<\/li>\n<li>Doublure int\u00e9rieure en cuir de ch\u00e8vre luxueux, doux et respirant pour un confort ultime.<\/li>\n<li>Semelle EVA l\u00e9g\u00e8re et flexible offrant un excellent amorti et un bon soutien.<\/li>\n<li>Mocassins classiques au design d\u00e9contract\u00e9, avec un talon subtil de 1 \u00e0 3 cm pour une \u00e9l\u00e9gance intemporelle.<\/li>\n<li>Disponible dans une large gamme de tailles europ\u00e9ennes : 39, 40, 41, 42, 43, 44, 45.<\/li>\n<li>Id\u00e9al pour la vente en gros : Quantit\u00e9 minimale de 8 paires par commande.<\/li>\n<li>Livraison efficace : La production est achev\u00e9e en 12 jours, plus le temps d'exp\u00e9dition.<\/li>\n<\/ul>","protected":false},"featured_media":3771,"template":"","meta":{"_acf_changed":false,"_uag_custom_page_level_css":"","site-sidebar-layout":"default","site-content-layout":"","ast-site-content-layout":"default","site-content-style":"default","site-sidebar-style":"default","ast-global-header-display":"","ast-banner-title-visibility":"","ast-main-header-display":"","ast-hfb-above-header-display":"","ast-hfb-below-header-display":"","ast-hfb-mobile-header-display":"","site-post-title":"","ast-breadcrumbs-content":"","ast-featured-img":"","footer-sml-layout":"","ast-disable-related-posts":"","theme-transparent-header-meta":"","adv-header-id-meta":"","stick-header-meta":"","header-above-stick-meta":"","header-main-stick-meta":"","header-below-stick-meta":"","astra-migrate-meta-layouts":"default","ast-page-background-enabled":"default","ast-page-background-meta":{"desktop":{"background-color":"var(--ast-global-color-4)","background-image":"","background-repeat":"repeat","background-position":"center center","background-size":"auto","background-attachment":"scroll","background-type":"","background-media":"","overlay-type":"","overlay-color":"","overlay-opacity":"","overlay-gradient":""},"tablet":{"background-color":"","background-image":"","background-repeat":"repeat","background-position":"center center","background-size":"auto","background-attachment":"scroll","background-type":"","background-media":"","overlay-type":"","overlay-color":"","overlay-opacity":"","overlay-gradient":""},"mobile":{"background-color":"","background-image":"","background-repeat":"repeat","background-position":"center center","background-size":"auto","background-attachment":"scroll","background-type":"","background-media":"","overlay-type":"","overlay-color":"","overlay-opacity":"","overlay-gradient":""}},"ast-content-background-meta":{"desktop":{"background-color":"var(--ast-global-color-5)","background-image":"","background-repeat":"repeat","background-position":"center center","background-size":"auto","background-attachment":"scroll","background-type":"","background-media":"","overlay-type":"","overlay-color":"","overlay-opacity":"","overlay-gradient":""},"tablet":{"background-color":"var(--ast-global-color-5)","background-image":"","background-repeat":"repeat","background-position":"center center","background-size":"auto","background-attachment":"scroll","background-type":"","background-media":"","overlay-type":"","overlay-color":"","overlay-opacity":"","overlay-gradient":""},"mobile":{"background-color":"var(--ast-global-color-5)","background-image":"","background-repeat":"repeat","background-position":"center center","background-size":"auto","background-attachment":"scroll","background-type":"","background-media":"","overlay-type":"","overlay-color":"","overlay-opacity":"","overlay-gradient":""}}},"product_brand":[],"product_cat":[47,430,40],"product_tag":[370,674,200,202,449,272,978,438,960,437,215,374,255],"class_list":{"0":"post-5616","1":"product","2":"type-product","3":"status-publish","4":"has-post-thumbnail","6":"product_cat-classic","7":"product_cat-men","8":"product_cat-mens-shoes","9":"product_tag-black-loafers","10":"product_tag-bulk-shoes","11":"product_tag-business-casual","12":"product_tag-calf-leather","13":"product_tag-casual-shoes","14":"product_tag-comfort-shoes","15":"product_tag-dress-casual-shoes","16":"product_tag-eva-sole","17":"product_tag-formal-casual","18":"product_tag-goat-leather","19":"product_tag-leather-loafers","20":"product_tag-premium-loafers","21":"product_tag-turkish-leather-shoes","22":"desktop-align-center","23":"tablet-align-center","24":"mobile-align-center","26":"first","27":"instock","28":"shipping-taxable","29":"purchasable","30":"product-type-variable","31":"has-default-attributes"},"acf":[],"uagb_featured_image_src":{"full":["https:\/\/turkishtrade.co\/wp-content\/uploads\/2026\/01\/2400EJOMN00345-BLACK-X_7820-4-USD.png",453,250,false],"thumbnail":["https:\/\/turkishtrade.co\/wp-content\/uploads\/2026\/01\/2400EJOMN00345-BLACK-X_7820-4-USD-150x150.png",150,150,true],"medium":["https:\/\/turkishtrade.co\/wp-content\/uploads\/2026\/01\/2400EJOMN00345-BLACK-X_7820-4-USD-300x166.png",300,166,true],"medium_large":["https:\/\/turkishtrade.co\/wp-content\/uploads\/2026\/01\/2400EJOMN00345-BLACK-X_7820-4-USD.png",453,250,false],"large":["https:\/\/turkishtrade.co\/wp-content\/uploads\/2026\/01\/2400EJOMN00345-BLACK-X_7820-4-USD.png",453,250,false],"1536x1536":["https:\/\/turkishtrade.co\/wp-content\/uploads\/2026\/01\/2400EJOMN00345-BLACK-X_7820-4-USD.png",453,250,false],"2048x2048":["https:\/\/turkishtrade.co\/wp-content\/uploads\/2026\/01\/2400EJOMN00345-BLACK-X_7820-4-USD.png",453,250,false],"trp-custom-language-flag":["https:\/\/turkishtrade.co\/wp-content\/uploads\/2026\/01\/2400EJOMN00345-BLACK-X_7820-4-USD-18x10.png",18,10,true],"woocommerce_thumbnail":["https:\/\/turkishtrade.co\/wp-content\/uploads\/2026\/01\/2400EJOMN00345-BLACK-X_7820-4-USD-400x250.png",400,250,true],"woocommerce_single":["https:\/\/turkishtrade.co\/wp-content\/uploads\/2026\/01\/2400EJOMN00345-BLACK-X_7820-4-USD.png",453,250,false],"woocommerce_gallery_thumbnail":["https:\/\/turkishtrade.co\/wp-content\/uploads\/2026\/01\/2400EJOMN00345-BLACK-X_7820-4-USD-100x100.png",100,100,true]},"uagb_author_info":{"display_name":"yaser olabi","author_link":"https:\/\/turkishtrade.co\/fr\/author\/"},"uagb_comment_info":0,"uagb_excerpt":"Premium genuine calf leather exterior for durability and sophisticated style. Luxurious, soft, and breathable goat leather interior lining for ultimate comfort. Lightweight and flexible EVA sole provides excellent cushioning and support. Classic loafer casual design with a subtle 1-3 cm heel for timeless elegance. Available in a comprehensive range of EU sizes: 39, 40, 41,\u2026","_links":{"self":[{"href":"https:\/\/turkishtrade.co\/fr\/wp-json\/wp\/v2\/product\/5616","targetHints":{"allow":["GET"]}}],"collection":[{"href":"https:\/\/turkishtrade.co\/fr\/wp-json\/wp\/v2\/product"}],"about":[{"href":"https:\/\/turkishtrade.co\/fr\/wp-json\/wp\/v2\/types\/product"}],"wp:featuredmedia":[{"embeddable":true,"href":"https:\/\/turkishtrade.co\/fr\/wp-json\/wp\/v2\/media\/3771"}],"wp:attachment":[{"href":"https:\/\/turkishtrade.co\/fr\/wp-json\/wp\/v2\/media?parent=5616"}],"wp:term":[{"taxonomy":"product_brand","embeddable":true,"href":"https:\/\/turkishtrade.co\/fr\/wp-json\/wp\/v2\/product_brand?post=5616"},{"taxonomy":"product_cat","embeddable":true,"href":"https:\/\/turkishtrade.co\/fr\/wp-json\/wp\/v2\/product_cat?post=5616"},{"taxonomy":"product_tag","embeddable":true,"href":"https:\/\/turkishtrade.co\/fr\/wp-json\/wp\/v2\/product_tag?post=5616"}],"curies":[{"name":"wp","href":"https:\/\/api.w.org\/{rel}","templated":true}]}}