{"id":5611,"date":"2026-01-14T12:40:00","date_gmt":"2026-01-14T12:40:00","guid":{"rendered":"https:\/\/turkishtrade.co\/product\/mens-classic-brogue-loafers\/"},"modified":"2026-04-09T19:29:17","modified_gmt":"2026-04-09T19:29:17","slug":"mens-classic-brogue-loafers","status":"publish","type":"product","link":"https:\/\/turkishtrade.co\/fr\/shop\/mens-classic-brogue-loafers\/","title":{"rendered":"Mocassins classiques pour hommes avec semelle EVA"},"content":{"rendered":"<p><strong>Mocassins classiques pour hommes<\/strong><\/p>\n<p>Entrez dans un confort sophistiqu\u00e9 avec notre collection de <strong>Mocassins classiques pour hommes<\/strong>. Con\u00e7us pour le gentleman moderne qui appr\u00e9cie \u00e0 la fois le style et la substance, ces mocassins de qualit\u00e9 sup\u00e9rieure sont un compl\u00e9ment indispensable \u00e0 toute garde-robe exigeante. Chaque paire de nos <strong>mocassins classiques<\/strong> t\u00e9moigne d'un savoir-faire sup\u00e9rieur, associant des \u00e9l\u00e9ments de design traditionnels \u00e0 des caract\u00e9ristiques de confort contemporaines pour cr\u00e9er des chaussures qui se distinguent vraiment.<\/p>\n<h3>Qualit\u00e9 in\u00e9gal\u00e9e : Fabrication en cuir de veau et de ch\u00e8vre<\/h3>\n<p>Notre <strong>mocassins classiques pour hommes<\/strong> sont m\u00e9ticuleusement construits \u00e0 partir des mat\u00e9riaux les plus nobles. L'ext\u00e9rieur est fabriqu\u00e9 en cuir de veau de qualit\u00e9 sup\u00e9rieure, r\u00e9put\u00e9 pour sa texture souple, sa durabilit\u00e9 exceptionnelle et sa finition \u00e9l\u00e9gante. Ce choix de mat\u00e9riau garantit que votre <strong>mocassins brogue<\/strong> Non seulement elles sont magnifiques, mais elles r\u00e9sistent \u00e9galement aux rigueurs de l'usure quotidienne, d\u00e9veloppant une riche patine au fil du temps. \u00c0 l'int\u00e9rieur, vos pieds seront envelopp\u00e9s dans la douceur luxueuse d'une doublure en cuir de ch\u00e8vre v\u00e9ritable, offrant une respirabilit\u00e9 in\u00e9gal\u00e9e et une sensation de sur-mesure d\u00e8s la premi\u00e8re utilisation. Cette combinaison r\u00e9fl\u00e9chie de mat\u00e9riaux fait de ces chaussures plus que de simples chaussures ; elles sont une exp\u00e9rience de confort et de style durable.<\/p>\n<h3>Un confort innovant : L'avantage de la semelle EVA<\/h3>\n<p>Contrairement aux chaussures de ville traditionnelles, ces <strong>mocassins pour hommes<\/strong> sont con\u00e7ues pour \u00eatre port\u00e9es toute la journ\u00e9e. La semelle en EVA (\u00e9thyl\u00e8ne-ac\u00e9tate de vinyle), \u00e0 la fois l\u00e9g\u00e8re et robuste, absorbe parfaitement les chocs et offre une grande souplesse, garantissant un amorti et un confort \u00e0 chaque pas. Avec un talon classique d'une hauteur de 1 \u00e0 3 cm, ces chaussures sont tr\u00e8s confortables. <strong>mocassins classiques<\/strong> offrent un \u00e9quilibre parfait entre \u00e9l\u00e9vation et stabilit\u00e9, ce qui les rend id\u00e9ales pour les longues journ\u00e9es pass\u00e9es debout, que ce soit au bureau ou lors d'une soir\u00e9e d\u00e9contract\u00e9e. La semelle innovante en EVA transforme ces <strong>mocassins en cuir<\/strong> dans des chaussures de tous les jours vraiment confortables.<\/p>\n<h3>Un style polyvalent pour toutes les occasions<\/h3>\n<p>L'attrait intemporel des d\u00e9tails de broderie de ces chaussures \u00e0 enfiler. <strong>chaussures d\u00e9contract\u00e9es pour hommes<\/strong> les rend incroyablement polyvalents. Disponibles en noir classique, marron riche et bordeaux profond, elles passent sans effort d'un environnement professionnel d\u00e9contract\u00e9 \u00e0 des brunchs de fin de semaine. Associez ces <strong>mocassins \u00e9l\u00e9gants<\/strong> Les pantalons de tailleur sont parfaits pour un look professionnel, tandis que les pantalons chinos sont parfaits pour une tenue d\u00e9contract\u00e9e. Nos <strong>mocassins haut de gamme<\/strong> sont parfaites pour les acheteurs en gros qui souhaitent offrir \u00e0 leurs clients des chaussures \u00e9l\u00e9gantes et de haute qualit\u00e9, alliant esth\u00e9tique classique et confort moderne. Avec une commande minimale de 8 paires et une livraison efficace, le stockage de ces chaussures exquises est un v\u00e9ritable plaisir. <strong>mocassins en cuir de veau<\/strong> est un choix judicieux pour tout commerce de d\u00e9tail.<\/p>","protected":false},"excerpt":{"rendered":"<ul>\n<li>Fabriqu\u00e9 de mani\u00e8re experte avec un ext\u00e9rieur en cuir de veau de premi\u00e8re qualit\u00e9.<\/li>\n<li>Doublure en cuir de ch\u00e8vre luxueux pour une respirabilit\u00e9 et un confort sup\u00e9rieurs.<\/li>\n<li>Semelle EVA l\u00e9g\u00e8re et flexible pour un amorti exceptionnel tout au long de la journ\u00e9e.<\/li>\n<li>Les d\u00e9tails classiques et intemporels des chaussures de type brogue ajoutent une touche d'\u00e9l\u00e9gance sophistiqu\u00e9e.<\/li>\n<li>Disponible dans une large gamme de tailles : 39, 40, 41, 42, 43, 44, 45.<\/li>\n<li>Quantit\u00e9 minimale de commande : 8 paires, id\u00e9al pour les grossistes et les d\u00e9taillants.<\/li>\n<li>D\u00e9lai de production et de livraison : 12 jours + exp\u00e9dition.<\/li>\n<\/ul>","protected":false},"featured_media":3770,"template":"","meta":{"_acf_changed":false,"_uag_custom_page_level_css":"","site-sidebar-layout":"default","site-content-layout":"","ast-site-content-layout":"default","site-content-style":"default","site-sidebar-style":"default","ast-global-header-display":"","ast-banner-title-visibility":"","ast-main-header-display":"","ast-hfb-above-header-display":"","ast-hfb-below-header-display":"","ast-hfb-mobile-header-display":"","site-post-title":"","ast-breadcrumbs-content":"","ast-featured-img":"","footer-sml-layout":"","ast-disable-related-posts":"","theme-transparent-header-meta":"default","adv-header-id-meta":"","stick-header-meta":"","header-above-stick-meta":"","header-main-stick-meta":"","header-below-stick-meta":"","astra-migrate-meta-layouts":"set","ast-page-background-enabled":"default","ast-page-background-meta":{"desktop":{"background-color":"var(--ast-global-color-4)","background-image":"","background-repeat":"repeat","background-position":"center center","background-size":"auto","background-attachment":"scroll","background-type":"","background-media":"","overlay-type":"","overlay-color":"","overlay-opacity":"","overlay-gradient":""},"tablet":{"background-color":"","background-image":"","background-repeat":"repeat","background-position":"center center","background-size":"auto","background-attachment":"scroll","background-type":"","background-media":"","overlay-type":"","overlay-color":"","overlay-opacity":"","overlay-gradient":""},"mobile":{"background-color":"","background-image":"","background-repeat":"repeat","background-position":"center center","background-size":"auto","background-attachment":"scroll","background-type":"","background-media":"","overlay-type":"","overlay-color":"","overlay-opacity":"","overlay-gradient":""}},"ast-content-background-meta":{"desktop":{"background-color":"var(--ast-global-color-5)","background-image":"","background-repeat":"repeat","background-position":"center center","background-size":"auto","background-attachment":"scroll","background-type":"","background-media":"","overlay-type":"","overlay-color":"","overlay-opacity":"","overlay-gradient":""},"tablet":{"background-color":"var(--ast-global-color-5)","background-image":"","background-repeat":"repeat","background-position":"center center","background-size":"auto","background-attachment":"scroll","background-type":"","background-media":"","overlay-type":"","overlay-color":"","overlay-opacity":"","overlay-gradient":""},"mobile":{"background-color":"var(--ast-global-color-5)","background-image":"","background-repeat":"repeat","background-position":"center center","background-size":"auto","background-attachment":"scroll","background-type":"","background-media":"","overlay-type":"","overlay-color":"","overlay-opacity":"","overlay-gradient":""}}},"product_brand":[],"product_cat":[47,430,40],"product_tag":[654,513,202,449,457,220,438,437,215,198,186,184,670,254],"class_list":{"0":"post-5611","1":"product","2":"type-product","3":"status-publish","4":"has-post-thumbnail","6":"product_cat-classic","7":"product_cat-men","8":"product_cat-mens-shoes","9":"product_tag-brogue-shoes","10":"product_tag-business-casual-shoes","11":"product_tag-calf-leather","12":"product_tag-casual-shoes","13":"product_tag-classic-loafers","14":"product_tag-comfortable-loafers","15":"product_tag-eva-sole","16":"product_tag-goat-leather","17":"product_tag-leather-loafers","18":"product_tag-mens-fashion","19":"product_tag-mens-loafers","20":"product_tag-slip-on-shoes","21":"product_tag-stylish-loafers","22":"product_tag-wholesale-footwear","23":"desktop-align-center","24":"tablet-align-center","25":"mobile-align-center","27":"first","28":"instock","29":"shipping-taxable","30":"purchasable","31":"product-type-variable","32":"has-default-attributes"},"acf":[],"uagb_featured_image_src":{"full":["https:\/\/turkishtrade.co\/wp-content\/uploads\/2026\/01\/2400EJOMN00344-DARK-BROWN-X_6320-5-USD.png",453,250,false],"thumbnail":["https:\/\/turkishtrade.co\/wp-content\/uploads\/2026\/01\/2400EJOMN00344-DARK-BROWN-X_6320-5-USD-150x150.png",150,150,true],"medium":["https:\/\/turkishtrade.co\/wp-content\/uploads\/2026\/01\/2400EJOMN00344-DARK-BROWN-X_6320-5-USD-300x166.png",300,166,true],"medium_large":["https:\/\/turkishtrade.co\/wp-content\/uploads\/2026\/01\/2400EJOMN00344-DARK-BROWN-X_6320-5-USD.png",453,250,false],"large":["https:\/\/turkishtrade.co\/wp-content\/uploads\/2026\/01\/2400EJOMN00344-DARK-BROWN-X_6320-5-USD.png",453,250,false],"1536x1536":["https:\/\/turkishtrade.co\/wp-content\/uploads\/2026\/01\/2400EJOMN00344-DARK-BROWN-X_6320-5-USD.png",453,250,false],"2048x2048":["https:\/\/turkishtrade.co\/wp-content\/uploads\/2026\/01\/2400EJOMN00344-DARK-BROWN-X_6320-5-USD.png",453,250,false],"trp-custom-language-flag":["https:\/\/turkishtrade.co\/wp-content\/uploads\/2026\/01\/2400EJOMN00344-DARK-BROWN-X_6320-5-USD-18x10.png",18,10,true],"woocommerce_thumbnail":["https:\/\/turkishtrade.co\/wp-content\/uploads\/2026\/01\/2400EJOMN00344-DARK-BROWN-X_6320-5-USD-400x250.png",400,250,true],"woocommerce_single":["https:\/\/turkishtrade.co\/wp-content\/uploads\/2026\/01\/2400EJOMN00344-DARK-BROWN-X_6320-5-USD.png",453,250,false],"woocommerce_gallery_thumbnail":["https:\/\/turkishtrade.co\/wp-content\/uploads\/2026\/01\/2400EJOMN00344-DARK-BROWN-X_6320-5-USD-100x100.png",100,100,true]},"uagb_author_info":{"display_name":"yaser olabi","author_link":"https:\/\/turkishtrade.co\/fr\/author\/"},"uagb_comment_info":0,"uagb_excerpt":"Expertly crafted with a premium calf leather exterior. Luxurious goat leather lining for superior breathability and comfort. Lightweight and flexible EVA sole for exceptional all-day cushioning. Timeless classic brogue detailing adds a touch of sophisticated elegance. Available in a comprehensive size range: 39, 40, 41, 42, 43, 44, 45. Minimum order quantity: 8 pairs, ideal\u2026","_links":{"self":[{"href":"https:\/\/turkishtrade.co\/fr\/wp-json\/wp\/v2\/product\/5611","targetHints":{"allow":["GET"]}}],"collection":[{"href":"https:\/\/turkishtrade.co\/fr\/wp-json\/wp\/v2\/product"}],"about":[{"href":"https:\/\/turkishtrade.co\/fr\/wp-json\/wp\/v2\/types\/product"}],"wp:featuredmedia":[{"embeddable":true,"href":"https:\/\/turkishtrade.co\/fr\/wp-json\/wp\/v2\/media\/3770"}],"wp:attachment":[{"href":"https:\/\/turkishtrade.co\/fr\/wp-json\/wp\/v2\/media?parent=5611"}],"wp:term":[{"taxonomy":"product_brand","embeddable":true,"href":"https:\/\/turkishtrade.co\/fr\/wp-json\/wp\/v2\/product_brand?post=5611"},{"taxonomy":"product_cat","embeddable":true,"href":"https:\/\/turkishtrade.co\/fr\/wp-json\/wp\/v2\/product_cat?post=5611"},{"taxonomy":"product_tag","embeddable":true,"href":"https:\/\/turkishtrade.co\/fr\/wp-json\/wp\/v2\/product_tag?post=5611"}],"curies":[{"name":"wp","href":"https:\/\/api.w.org\/{rel}","templated":true}]}}