{"id":5608,"date":"2026-01-14T12:27:37","date_gmt":"2026-01-14T12:27:37","guid":{"rendered":"https:\/\/turkishtrade.co\/product\/mens-casual-leather-loafers\/"},"modified":"2026-04-09T19:29:22","modified_gmt":"2026-04-09T19:29:22","slug":"mens-casual-leather-loafers","status":"publish","type":"product","link":"https:\/\/turkishtrade.co\/fr\/shop\/mens-casual-leather-loafers\/","title":{"rendered":"Mocassins d\u00e9contract\u00e9s en cuir de veau et de ch\u00e8vre de premi\u00e8re qualit\u00e9 pour hommes"},"content":{"rendered":"<p><strong>Mocassins en cuir pour hommes<\/strong><\/p>\n<p>\u00c9levez votre collection de chaussures gr\u00e2ce \u00e0 nos chaussures exquises. <strong>Mocassins en cuir pour hommes<\/strong>, La gamme de chaussures de sport de la s\u00e9rie \" B \" a \u00e9t\u00e9 con\u00e7ue pour le gentleman moderne qui appr\u00e9cie \u00e0 la fois le style et le confort. Ces chaussures classiques et contemporaines <strong>mocassins d\u00e9contract\u00e9s en cuir pour hommes<\/strong> s'int\u00e8grent parfaitement \u00e0 une vari\u00e9t\u00e9 de garde-robes, des tenues de bureau \u00e9l\u00e9gantes et d\u00e9contract\u00e9es aux ensembles sophistiqu\u00e9s du week-end. Faites l'exp\u00e9rience d'un savoir-faire in\u00e9gal\u00e9 et d'une esth\u00e9tique intemporelle qui promet de faire une impression durable o\u00f9 que vous alliez.<\/p>\n<p>Il ne s'agit pas de simples chaussures, mais d'un investissement dans un style et un confort durables pour les hommes exigeants.<\/p>\n<p>Fabriqu\u00e9e avec une attention m\u00e9ticuleuse aux d\u00e9tails, chaque paire de ces chaussures d'exception a \u00e9t\u00e9 fabriqu\u00e9e avec un soin tout particulier. <strong>Mocassins en cuir pour hommes<\/strong> est dot\u00e9 d'un ext\u00e9rieur en cuir de veau de premi\u00e8re qualit\u00e9. Ce choix de mat\u00e9riau garantit non seulement un aspect riche et luxueux, mais aussi une durabilit\u00e9 exceptionnelle et une belle patine qui se d\u00e9veloppe avec l'\u00e2ge. L'int\u00e9rieur est doubl\u00e9 de cuir de ch\u00e8vre somptueusement doux, offrant une exp\u00e9rience respirante et incroyablement confortable \u00e0 chaque pas.<\/p>\n<p>Dites adieu \u00e0 l'inconfort et bonjour \u00e0 la facilit\u00e9 d'utilisation tout au long de la journ\u00e9e. La semelle l\u00e9g\u00e8re et flexible en EVA offre une excellente absorption des chocs, compl\u00e9tant le talon classique de 1 \u00e0 3 cm pour une foul\u00e9e confortable. La combinaison de ces mat\u00e9riaux de haute qualit\u00e9 garantit que ces <strong>Mocassins en cuir pour hommes<\/strong> se distinguent par leur aspect et leur toucher, ce qui en fait un compl\u00e9ment essentiel \u00e0 toute garde-robe sophistiqu\u00e9e.<\/p>\n<p>Disponibles en deux teintes sophistiqu\u00e9es - un marron riche et polyvalent et un bleu profond et \u00e9l\u00e9gant - ces <strong>Mocassins en cuir pour hommes<\/strong> pr\u00e9sentent des d\u00e9tails de couture complexes qui soulignent leur qualit\u00e9 artisanale. La silhouette classique du mocassin est rehauss\u00e9e de subtiles variations de texture sur la tige, ce qui ajoute une touche unique \u00e0 l'ensemble. Que vous optiez pour les tons terreux de la paire marron ou pour le charme raffin\u00e9 de la paire bleue, vous choisissez une chaussure qui respire le luxe discret.<\/p>\n<p>Le design pratique \u00e0 lacets assure un ajustement s\u00fbr et r\u00e9glable, ce qui rend ces chaussures aussi fonctionnelles que tendance.<\/p>\n<p>Nous sommes conscients de l'importance d'un ajustement parfait, c'est pourquoi ces produits de qualit\u00e9 sup\u00e9rieure ont \u00e9t\u00e9 con\u00e7us pour r\u00e9pondre aux besoins des consommateurs. <strong>Mocassins en cuir pour hommes<\/strong> sont disponibles dans une gamme compl\u00e8te de tailles europ\u00e9ennes : 39, 40, 41, 42, 43, 44 et 45.<\/p>\n<p>Chaque taille est con\u00e7ue pour offrir un confort et un soutien optimaux, afin que vous trouviez votre chaussure id\u00e9ale. Parfaites pour les connaisseurs et les entreprises souhaitant stocker des chaussures pour hommes de haute qualit\u00e9, ces <strong>mocassins d\u00e9contract\u00e9s en cuir pour hommes<\/strong> offrent un m\u00e9lange exceptionnel d'artisanat traditionnel et de design contemporain, promettant un attrait durable.<\/p>\n<p>Pour les d\u00e9taillants et les entreprises, nous proposons des options pratiques de commande en gros. Une commande minimale de 8 paires est requise, avec une livraison g\u00e9n\u00e9ralement sous 12 jours, plus le temps d'exp\u00e9dition. Investissez dans ces chaussures d'exception <strong>Mocassins en cuir pour hommes<\/strong> et offrez \u00e0 vos clients des chaussures qui allient \u00e9l\u00e9gance, confort et qualit\u00e9 durable. Leur design polyvalent les rend indispensables \u00e0 toute garde-robe recherchant une touche de sophistication d\u00e9contract\u00e9e et raffin\u00e9e.<\/p>","protected":false},"excerpt":{"rendered":"<ul>\n<li><strong>Fabrication de premi\u00e8re qualit\u00e9 :<\/strong> Fabriqu\u00e9 \u00e0 la main avec un ext\u00e9rieur en cuir de veau durable.<\/li>\n<li><strong>Confort luxueux :<\/strong> Doublure int\u00e9rieure en cuir de ch\u00e8vre souple pour une meilleure sensation.<\/li>\n<li><strong>L\u00e9ger et flexible :<\/strong> Semelle confortable en EVA et talon mocassin classique de 1 \u00e0 3 cm.<\/li>\n<li><strong>Style polyvalent :<\/strong> Parfaite pour une \u00e9l\u00e9gance d\u00e9contract\u00e9e ou des occasions chic et d\u00e9contract\u00e9es, elle est disponible en brun et bleu sophistiqu\u00e9s.<\/li>\n<li><strong>Large gamme de tailles :<\/strong> Propos\u00e9 dans les tailles europ\u00e9ennes 39, 40, 41, 42, 43, 44, 45.<\/li>\n<li><strong>Possibilit\u00e9 de commande en vrac :<\/strong> Commande minimum de 8 paires. Livraison dans les 12 jours + frais de port.<\/li>\n<\/ul>","protected":false},"featured_media":3762,"template":"","meta":{"_acf_changed":false,"_uag_custom_page_level_css":"","site-sidebar-layout":"default","site-content-layout":"","ast-site-content-layout":"default","site-content-style":"default","site-sidebar-style":"default","ast-global-header-display":"","ast-banner-title-visibility":"","ast-main-header-display":"","ast-hfb-above-header-display":"","ast-hfb-below-header-display":"","ast-hfb-mobile-header-display":"","site-post-title":"","ast-breadcrumbs-content":"","ast-featured-img":"","footer-sml-layout":"","ast-disable-related-posts":"","theme-transparent-header-meta":"","adv-header-id-meta":"","stick-header-meta":"","header-above-stick-meta":"","header-main-stick-meta":"","header-below-stick-meta":"","astra-migrate-meta-layouts":"default","ast-page-background-enabled":"default","ast-page-background-meta":{"desktop":{"background-color":"var(--ast-global-color-4)","background-image":"","background-repeat":"repeat","background-position":"center center","background-size":"auto","background-attachment":"scroll","background-type":"","background-media":"","overlay-type":"","overlay-color":"","overlay-opacity":"","overlay-gradient":""},"tablet":{"background-color":"","background-image":"","background-repeat":"repeat","background-position":"center center","background-size":"auto","background-attachment":"scroll","background-type":"","background-media":"","overlay-type":"","overlay-color":"","overlay-opacity":"","overlay-gradient":""},"mobile":{"background-color":"","background-image":"","background-repeat":"repeat","background-position":"center center","background-size":"auto","background-attachment":"scroll","background-type":"","background-media":"","overlay-type":"","overlay-color":"","overlay-opacity":"","overlay-gradient":""}},"ast-content-background-meta":{"desktop":{"background-color":"var(--ast-global-color-5)","background-image":"","background-repeat":"repeat","background-position":"center center","background-size":"auto","background-attachment":"scroll","background-type":"","background-media":"","overlay-type":"","overlay-color":"","overlay-opacity":"","overlay-gradient":""},"tablet":{"background-color":"var(--ast-global-color-5)","background-image":"","background-repeat":"repeat","background-position":"center center","background-size":"auto","background-attachment":"scroll","background-type":"","background-media":"","overlay-type":"","overlay-color":"","overlay-opacity":"","overlay-gradient":""},"mobile":{"background-color":"var(--ast-global-color-5)","background-image":"","background-repeat":"repeat","background-position":"center center","background-size":"auto","background-attachment":"scroll","background-type":"","background-media":"","overlay-type":"","overlay-color":"","overlay-opacity":"","overlay-gradient":""}}},"product_brand":[],"product_cat":[47,430,40],"product_tag":[635,147,200,566,512,457,220,438,556,215,324,186,210],"class_list":{"0":"post-5608","1":"product","2":"type-product","3":"status-publish","4":"has-post-thumbnail","6":"product_cat-classic","7":"product_cat-men","8":"product_cat-mens-shoes","9":"product_tag-blue-loafers","10":"product_tag-brown-loafers","11":"product_tag-business-casual","12":"product_tag-calfskin-shoes","13":"product_tag-casual-loafers","14":"product_tag-classic-loafers","15":"product_tag-comfortable-loafers","16":"product_tag-eva-sole","17":"product_tag-goatskin-lining","18":"product_tag-leather-loafers","19":"product_tag-mens-dress-shoes","20":"product_tag-mens-loafers","21":"product_tag-smart-casual","22":"desktop-align-center","23":"tablet-align-center","24":"mobile-align-center","26":"first","27":"instock","28":"shipping-taxable","29":"purchasable","30":"product-type-variable","31":"has-default-attributes"},"acf":[],"uagb_featured_image_src":{"full":["https:\/\/turkishtrade.co\/wp-content\/uploads\/2026\/01\/2400EJOMN00341-DARK-BLUE-X_444-1-usd.png",453,250,false],"thumbnail":["https:\/\/turkishtrade.co\/wp-content\/uploads\/2026\/01\/2400EJOMN00341-DARK-BLUE-X_444-1-usd-150x150.png",150,150,true],"medium":["https:\/\/turkishtrade.co\/wp-content\/uploads\/2026\/01\/2400EJOMN00341-DARK-BLUE-X_444-1-usd-300x166.png",300,166,true],"medium_large":["https:\/\/turkishtrade.co\/wp-content\/uploads\/2026\/01\/2400EJOMN00341-DARK-BLUE-X_444-1-usd.png",453,250,false],"large":["https:\/\/turkishtrade.co\/wp-content\/uploads\/2026\/01\/2400EJOMN00341-DARK-BLUE-X_444-1-usd.png",453,250,false],"1536x1536":["https:\/\/turkishtrade.co\/wp-content\/uploads\/2026\/01\/2400EJOMN00341-DARK-BLUE-X_444-1-usd.png",453,250,false],"2048x2048":["https:\/\/turkishtrade.co\/wp-content\/uploads\/2026\/01\/2400EJOMN00341-DARK-BLUE-X_444-1-usd.png",453,250,false],"trp-custom-language-flag":["https:\/\/turkishtrade.co\/wp-content\/uploads\/2026\/01\/2400EJOMN00341-DARK-BLUE-X_444-1-usd-18x10.png",18,10,true],"woocommerce_thumbnail":["https:\/\/turkishtrade.co\/wp-content\/uploads\/2026\/01\/2400EJOMN00341-DARK-BLUE-X_444-1-usd-400x250.png",400,250,true],"woocommerce_single":["https:\/\/turkishtrade.co\/wp-content\/uploads\/2026\/01\/2400EJOMN00341-DARK-BLUE-X_444-1-usd.png",453,250,false],"woocommerce_gallery_thumbnail":["https:\/\/turkishtrade.co\/wp-content\/uploads\/2026\/01\/2400EJOMN00341-DARK-BLUE-X_444-1-usd-100x100.png",100,100,true]},"uagb_author_info":{"display_name":"yaser olabi","author_link":"https:\/\/turkishtrade.co\/fr\/author\/"},"uagb_comment_info":0,"uagb_excerpt":"Premium Craftsmanship: Handcrafted with a durable Calfskin leather exterior. Luxurious Comfort: Soft Goatskin leather interior lining for superior feel. Lightweight &amp; Flexible: Features a comfortable EVA sole with a 1-3cm classic loafer heel. Versatile Style: Perfect for casual elegance or smart-casual occasions, available in sophisticated Brown and Blue. Wide Size Range: Offered in European sizes\u2026","_links":{"self":[{"href":"https:\/\/turkishtrade.co\/fr\/wp-json\/wp\/v2\/product\/5608","targetHints":{"allow":["GET"]}}],"collection":[{"href":"https:\/\/turkishtrade.co\/fr\/wp-json\/wp\/v2\/product"}],"about":[{"href":"https:\/\/turkishtrade.co\/fr\/wp-json\/wp\/v2\/types\/product"}],"wp:featuredmedia":[{"embeddable":true,"href":"https:\/\/turkishtrade.co\/fr\/wp-json\/wp\/v2\/media\/3762"}],"wp:attachment":[{"href":"https:\/\/turkishtrade.co\/fr\/wp-json\/wp\/v2\/media?parent=5608"}],"wp:term":[{"taxonomy":"product_brand","embeddable":true,"href":"https:\/\/turkishtrade.co\/fr\/wp-json\/wp\/v2\/product_brand?post=5608"},{"taxonomy":"product_cat","embeddable":true,"href":"https:\/\/turkishtrade.co\/fr\/wp-json\/wp\/v2\/product_cat?post=5608"},{"taxonomy":"product_tag","embeddable":true,"href":"https:\/\/turkishtrade.co\/fr\/wp-json\/wp\/v2\/product_tag?post=5608"}],"curies":[{"name":"wp","href":"https:\/\/api.w.org\/{rel}","templated":true}]}}