{"id":5600,"date":"2026-01-14T12:20:26","date_gmt":"2026-01-14T12:20:26","guid":{"rendered":"https:\/\/turkishtrade.co\/product\/men-s-classic-leather-loafers\/"},"modified":"2026-04-09T19:29:32","modified_gmt":"2026-04-09T19:29:32","slug":"mens-classic-leather-loafers-bulk-casual","status":"publish","type":"product","link":"https:\/\/turkishtrade.co\/fr\/shop\/mens-classic-leather-loafers-bulk-casual\/","title":{"rendered":"Premium Mocassins classiques en cuir de veau pour hommes"},"content":{"rendered":"<p><strong>Mocassins classiques en cuir pour hommes<\/strong><\/p>\n<p>\u00c9levez votre collection de chaussures gr\u00e2ce \u00e0 nos chaussures exquises. <b>Mocassins classiques en cuir pour hommes<\/b>, Ces chaussures ont \u00e9t\u00e9 con\u00e7ues pour le gentleman moderne qui appr\u00e9cie \u00e0 la fois un style impeccable et un confort supr\u00eame. Ces chaussures \u00e0 enfiler de premi\u00e8re qualit\u00e9 t\u00e9moignent d'un savoir-faire sup\u00e9rieur et de mat\u00e9riaux luxueux, ce qui en fait un compl\u00e9ment essentiel \u00e0 toute garde-robe exigeante. Chaque paire de ces <b>mocassins classiques en cuir pour hommes<\/b> est m\u00e9ticuleusement construit pour offrir une qualit\u00e9 in\u00e9gal\u00e9e, garantissant qu'ils se distinguent \u00e0 la fois par leur apparence et leur durabilit\u00e9, ce qui est parfait pour les d\u00e9taillants qui cherchent \u00e0 stocker des articles de grande valeur.<\/p>\n<h3>Une qualit\u00e9 in\u00e9gal\u00e9e avec des mat\u00e9riaux de premi\u00e8re qualit\u00e9<\/h3>\n<p>La surface ext\u00e9rieure de ces appareils sophistiqu\u00e9s <b>mocassins classiques en cuir pour hommes<\/b> sont fabriqu\u00e9es en cuir de veau v\u00e9ritable, r\u00e9put\u00e9 pour sa texture souple, sa finition \u00e9l\u00e9gante et sa long\u00e9vit\u00e9 exceptionnelle. Ce choix de mat\u00e9riau n'apporte pas seulement une esth\u00e9tique distingu\u00e9e, mais garantit \u00e9galement que les chaussures vieilliront gracieusement, d\u00e9veloppant une riche patine au fil du temps. L'ext\u00e9rieur robuste est compl\u00e9t\u00e9 par une doublure int\u00e9rieure en cuir de ch\u00e8vre somptueusement souple. Cette mati\u00e8re naturelle et respirante berce d\u00e9licatement vos pieds, \u00e9vitant les irritations et \u00e9vacuant l'humidit\u00e9 pour une sensation de fra\u00eecheur tout au long de la journ\u00e9e. L'association harmonieuse du cuir de veau et du cuir de ch\u00e8vre rehausse ces chaussures. <b>mocassins classiques en cuir pour hommes<\/b> Les produits de cette cat\u00e9gorie sont \u00e0 la fois luxueux et pratiques.<\/p>\n<h3>Con\u00e7u pour le confort et le style<\/h3>\n<p>Cette conception exquise s'appuie sur une semelle EVA l\u00e9g\u00e8re et flexible. Ce mat\u00e9riau de pointe offre une absorption sup\u00e9rieure des chocs et une excellente traction, pour une exp\u00e9rience de marche confortable, que vos clients naviguent dans les rues de la ville ou qu'ils passent de longues heures debout. Avec une hauteur de talon classique de 1 \u00e0 3 cm, ces <b>mocassins classiques en cuir pour hommes<\/b> trouvent l'\u00e9quilibre parfait entre l'\u00e9l\u00e9gance traditionnelle et le confort contemporain. Leur conception polyvalente les rend adapt\u00e9es \u00e0 un large \u00e9ventail d'occasions, qu'il s'agisse de sorties d\u00e9contract\u00e9es, de r\u00e9unions \u00e9l\u00e9gantes ou d'environnements professionnels d\u00e9contract\u00e9s. C'est le choix id\u00e9al pour tout homme \u00e0 la recherche de chaussures \u00e9l\u00e9gantes et confortables.<\/p>\n<p>&nbsp;<\/p>","protected":false},"excerpt":{"rendered":"<ul>\n<li>Fabriqu\u00e9 en cuir de veau de premi\u00e8re qualit\u00e9 pour une durabilit\u00e9 et un style exceptionnels.<\/li>\n<li>La doublure int\u00e9rieure en cuir de ch\u00e8vre luxueux assure un confort supr\u00eame et une bonne respirabilit\u00e9.<\/li>\n<li>La semelle EVA l\u00e9g\u00e8re et flexible offre une excellente absorption des chocs et un soutien tout au long de la journ\u00e9e.<\/li>\n<li>Ce mocassin classique et intemporel est dot\u00e9 d'un talon confortable d'une hauteur de 1 \u00e0 3 cm.<\/li>\n<li>Disponible dans une large gamme de tailles : EU 39, 40, 41, 42, 43, 44, 45.<\/li>\n<li>Propos\u00e9 dans des teintes sophistiqu\u00e9es telles que le bleu fonc\u00e9, le marron riche et le bordeaux profond.<\/li>\n<li>Quantit\u00e9 minimale de commande : 8 paires, id\u00e9al pour les achats en gros et le stockage au d\u00e9tail.<\/li>\n<li>D\u00e9lai de livraison efficace : 12 jours + livraison standard.<\/li>\n<\/ul>","protected":false},"featured_media":3758,"template":"","meta":{"_acf_changed":false,"_uag_custom_page_level_css":"","site-sidebar-layout":"default","site-content-layout":"","ast-site-content-layout":"default","site-content-style":"default","site-sidebar-style":"default","ast-global-header-display":"","ast-banner-title-visibility":"","ast-main-header-display":"","ast-hfb-above-header-display":"","ast-hfb-below-header-display":"","ast-hfb-mobile-header-display":"","site-post-title":"","ast-breadcrumbs-content":"","ast-featured-img":"","footer-sml-layout":"","ast-disable-related-posts":"","theme-transparent-header-meta":"default","adv-header-id-meta":"","stick-header-meta":"","header-above-stick-meta":"","header-main-stick-meta":"","header-below-stick-meta":"","astra-migrate-meta-layouts":"set","ast-page-background-enabled":"default","ast-page-background-meta":{"desktop":{"background-color":"var(--ast-global-color-4)","background-image":"","background-repeat":"repeat","background-position":"center center","background-size":"auto","background-attachment":"scroll","background-type":"","background-media":"","overlay-type":"","overlay-color":"","overlay-opacity":"","overlay-gradient":""},"tablet":{"background-color":"","background-image":"","background-repeat":"repeat","background-position":"center center","background-size":"auto","background-attachment":"scroll","background-type":"","background-media":"","overlay-type":"","overlay-color":"","overlay-opacity":"","overlay-gradient":""},"mobile":{"background-color":"","background-image":"","background-repeat":"repeat","background-position":"center center","background-size":"auto","background-attachment":"scroll","background-type":"","background-media":"","overlay-type":"","overlay-color":"","overlay-opacity":"","overlay-gradient":""}},"ast-content-background-meta":{"desktop":{"background-color":"var(--ast-global-color-5)","background-image":"","background-repeat":"repeat","background-position":"center center","background-size":"auto","background-attachment":"scroll","background-type":"","background-media":"","overlay-type":"","overlay-color":"","overlay-opacity":"","overlay-gradient":""},"tablet":{"background-color":"var(--ast-global-color-5)","background-image":"","background-repeat":"repeat","background-position":"center center","background-size":"auto","background-attachment":"scroll","background-type":"","background-media":"","overlay-type":"","overlay-color":"","overlay-opacity":"","overlay-gradient":""},"mobile":{"background-color":"var(--ast-global-color-5)","background-image":"","background-repeat":"repeat","background-position":"center center","background-size":"auto","background-attachment":"scroll","background-type":"","background-media":"","overlay-type":"","overlay-color":"","overlay-opacity":"","overlay-gradient":""}}},"product_brand":[],"product_cat":[47,430,40],"product_tag":[453,200,185,272,438,189,215,976,198,565,374,184,977,255,281],"class_list":{"0":"post-5600","1":"product","2":"type-product","3":"status-publish","4":"has-post-thumbnail","6":"product_cat-classic","7":"product_cat-men","8":"product_cat-mens-shoes","9":"product_tag-bulk-footwear","10":"product_tag-business-casual","11":"product_tag-calf-leather-shoes","12":"product_tag-comfort-shoes","13":"product_tag-eva-sole","14":"product_tag-goat-leather-lining","15":"product_tag-leather-loafers","16":"product_tag-mens-classic-leather-loafers","17":"product_tag-mens-fashion","18":"product_tag-mens-formal-shoes","19":"product_tag-premium-loafers","20":"product_tag-slip-on-shoes","21":"product_tag-timeless-style","22":"product_tag-turkish-leather-shoes","23":"product_tag-wholesale-shoes","24":"desktop-align-center","25":"tablet-align-center","26":"mobile-align-center","28":"first","29":"instock","30":"shipping-taxable","31":"purchasable","32":"product-type-variable","33":"has-default-attributes"},"acf":[],"uagb_featured_image_src":{"full":["https:\/\/turkishtrade.co\/wp-content\/uploads\/2026\/01\/2400EJOMN00339-BURGUNDEY-ZL_102.png",453,250,false],"thumbnail":["https:\/\/turkishtrade.co\/wp-content\/uploads\/2026\/01\/2400EJOMN00339-BURGUNDEY-ZL_102-150x150.png",150,150,true],"medium":["https:\/\/turkishtrade.co\/wp-content\/uploads\/2026\/01\/2400EJOMN00339-BURGUNDEY-ZL_102-300x166.png",300,166,true],"medium_large":["https:\/\/turkishtrade.co\/wp-content\/uploads\/2026\/01\/2400EJOMN00339-BURGUNDEY-ZL_102.png",453,250,false],"large":["https:\/\/turkishtrade.co\/wp-content\/uploads\/2026\/01\/2400EJOMN00339-BURGUNDEY-ZL_102.png",453,250,false],"1536x1536":["https:\/\/turkishtrade.co\/wp-content\/uploads\/2026\/01\/2400EJOMN00339-BURGUNDEY-ZL_102.png",453,250,false],"2048x2048":["https:\/\/turkishtrade.co\/wp-content\/uploads\/2026\/01\/2400EJOMN00339-BURGUNDEY-ZL_102.png",453,250,false],"trp-custom-language-flag":["https:\/\/turkishtrade.co\/wp-content\/uploads\/2026\/01\/2400EJOMN00339-BURGUNDEY-ZL_102-18x10.png",18,10,true],"woocommerce_thumbnail":["https:\/\/turkishtrade.co\/wp-content\/uploads\/2026\/01\/2400EJOMN00339-BURGUNDEY-ZL_102-400x250.png",400,250,true],"woocommerce_single":["https:\/\/turkishtrade.co\/wp-content\/uploads\/2026\/01\/2400EJOMN00339-BURGUNDEY-ZL_102.png",453,250,false],"woocommerce_gallery_thumbnail":["https:\/\/turkishtrade.co\/wp-content\/uploads\/2026\/01\/2400EJOMN00339-BURGUNDEY-ZL_102-100x100.png",100,100,true]},"uagb_author_info":{"display_name":"yaser olabi","author_link":"https:\/\/turkishtrade.co\/fr\/author\/"},"uagb_comment_info":0,"uagb_excerpt":"Crafted from premium Calf Leather exterior for exceptional durability and style. Luxurious Goat Leather interior lining ensures supreme comfort and breathability. Lightweight and flexible EVA sole provides excellent shock absorption and all-day support. Features a timeless classic loafer style with a comfortable 1-3 cm heel height. Available in a comprehensive size range: EU 39, 40,\u2026","_links":{"self":[{"href":"https:\/\/turkishtrade.co\/fr\/wp-json\/wp\/v2\/product\/5600","targetHints":{"allow":["GET"]}}],"collection":[{"href":"https:\/\/turkishtrade.co\/fr\/wp-json\/wp\/v2\/product"}],"about":[{"href":"https:\/\/turkishtrade.co\/fr\/wp-json\/wp\/v2\/types\/product"}],"wp:featuredmedia":[{"embeddable":true,"href":"https:\/\/turkishtrade.co\/fr\/wp-json\/wp\/v2\/media\/3758"}],"wp:attachment":[{"href":"https:\/\/turkishtrade.co\/fr\/wp-json\/wp\/v2\/media?parent=5600"}],"wp:term":[{"taxonomy":"product_brand","embeddable":true,"href":"https:\/\/turkishtrade.co\/fr\/wp-json\/wp\/v2\/product_brand?post=5600"},{"taxonomy":"product_cat","embeddable":true,"href":"https:\/\/turkishtrade.co\/fr\/wp-json\/wp\/v2\/product_cat?post=5600"},{"taxonomy":"product_tag","embeddable":true,"href":"https:\/\/turkishtrade.co\/fr\/wp-json\/wp\/v2\/product_tag?post=5600"}],"curies":[{"name":"wp","href":"https:\/\/api.w.org\/{rel}","templated":true}]}}