{"id":5579,"date":"2026-01-14T12:17:43","date_gmt":"2026-01-14T12:17:43","guid":{"rendered":"https:\/\/turkishtrade.co\/product\/mens-croc-embossed-leather-shoes\/"},"modified":"2026-04-09T19:30:11","modified_gmt":"2026-04-09T19:30:11","slug":"mens-croc-embossed-leather-shoes","status":"publish","type":"product","link":"https:\/\/turkishtrade.co\/fr\/shop\/mens-croc-embossed-leather-shoes\/","title":{"rendered":"Premium Chaussures derby en cuir de veau gaufr\u00e9 pour hommes"},"content":{"rendered":"<p><strong>Chaussures en cuir gaufr\u00e9 pour hommes<\/strong><\/p>\n<p>\u00c9levez votre collection de chaussures gr\u00e2ce \u00e0 nos chaussures exquises. <strong>Chaussures en cuir gaufr\u00e9 pour hommes<\/strong>, Ces chaussures sont un v\u00e9ritable t\u00e9moignage d'un style sophistiqu\u00e9 et d'un savoir-faire impeccable. Ces chaussures derby haut de gamme sont m\u00e9ticuleusement con\u00e7ues pour les hommes exigeants qui appr\u00e9cient autant le luxe que le confort. Chaque paire de nos <strong>Chaussures en cuir gaufr\u00e9 pour hommes<\/strong> est fabriqu\u00e9 \u00e0 la main \u00e0 la perfection, garantissant une finition unique et de haute qualit\u00e9 qui se distingue dans n'importe quel environnement.<\/p>\n<p><h3>Un savoir-faire in\u00e9gal\u00e9 et des mat\u00e9riaux de premi\u00e8re qualit\u00e9<\/h3>\n<\/p>\n<p>La surface ext\u00e9rieure frappante de ces remarquables <strong>Chaussures en cuir gaufr\u00e9 pour hommes<\/strong> est fabriqu\u00e9e en cuir de veau v\u00e9ritable et estamp\u00e9e d'un motif de crocodile r\u00e9aliste. Cette texture distinctive ajoute une touche d'\u00e9l\u00e9gance exotique, faisant de ces chaussures le point de mire de tout ensemble. Les tons riches et profonds disponibles, dont le marron classique et un bleu \u00e9l\u00e9gant, permettent de s'adapter \u00e0 diverses tenues et occasions.<\/p>\n<p>A l'int\u00e9rieur, vous b\u00e9n\u00e9ficiez d'un confort in\u00e9gal\u00e9 gr\u00e2ce \u00e0 une doublure en cuir de ch\u00e8vre somptueusement douce qui offre une excellente respirabilit\u00e9 et un ajustement digne d'un gant, garantissant un port tout au long de la journ\u00e9e sans aucun compromis.<\/p>\n<p><h3>Con\u00e7u pour le confort et le style<\/h3>\n<\/p>\n<p>Au-del\u00e0 de leur apparence \u00e9tonnante, ces <strong>Chaussures en cuir gaufr\u00e9 pour hommes<\/strong> sont con\u00e7ues pour le confort. Elles sont dot\u00e9es d'une semelle EVA l\u00e9g\u00e8re mais incroyablement durable, offrant un amorti et une adh\u00e9rence sup\u00e9rieurs \u00e0 chaque pas. Le talon classique d'une hauteur de 1 \u00e0 3 cm ajoute une \u00e9l\u00e9vation subtile tout en maintenant la stabilit\u00e9 et un profil intemporel.<\/p>\n<p>Qu'ils soient associ\u00e9s \u00e0 une tenue d'affaires formelle, \u00e0 un costume de mariage ou \u00e0 une tenue d\u00e9contract\u00e9e \u00e9l\u00e9gante, ces v\u00eatements polyvalents sont tr\u00e8s appr\u00e9ci\u00e9s. <strong>Chaussures en cuir gaufr\u00e9 pour hommes<\/strong> Ils sont donc indispensables \u00e0 toute garde-robe.<\/p>\n<p><h3>Opportunit\u00e9 de vente en gros pour les d\u00e9taillants<\/h3>\n<\/p>\n<p>Pour les d\u00e9taillants et les entreprises qui souhaitent offrir \u00e0 leurs clients des chaussures haut de gamme fabriqu\u00e9es \u00e0 la main, ces chaussures exceptionnelles sont un excellent moyen d'am\u00e9liorer la qualit\u00e9 de vie de leurs clients. <strong>Chaussures en cuir gaufr\u00e9 pour hommes<\/strong> sont disponibles \u00e0 l'achat en gros. Nous demandons une commande minimum de 8 paires, avec un d\u00e9lai de livraison de 12 jours plus les frais de port. Propos\u00e9es dans une gamme compl\u00e8te de tailles allant de l'UE 39 \u00e0 45, ces chaussures derby de luxe sont parfaites pour les boutiques et les magasins en ligne qui souhaitent proposer des options \u00e9l\u00e9gantes et de haute qualit\u00e9.<\/p>\n<p>Investissez dans la qualit\u00e9, la sophistication et la garantie d'une pr\u00e9f\u00e9rence pour le client avec notre collection de <strong>Chaussures en cuir gaufr\u00e9 pour hommes<\/strong>.<\/p>","protected":false},"excerpt":{"rendered":"<ul>\n<li>R\u00e9alis\u00e9 en cuir de veau luxueux gaufr\u00e9 au crocodile.<\/li>\n<li>Doublure en cuir de ch\u00e8vre somptueusement doux pour un confort ultime.<\/li>\n<li>Semelle EVA l\u00e9g\u00e8re et durable.<\/li>\n<li>Il est dot\u00e9 d'un talon bas classique de 1 \u00e0 3 cm pour une \u00e9l\u00e9gance intemporelle.<\/li>\n<li>Disponible en brun sophistiqu\u00e9 et en bleu \u00e9l\u00e9gant.<\/li>\n<li>Commandes en gros disponibles avec un minimum de 8 paires.<\/li>\n<li>Tailles : EU 39, 40, 41, 42, 43, 44, 45.<\/li>\n<\/ul>","protected":false},"featured_media":3743,"template":"","meta":{"_acf_changed":false,"_uag_custom_page_level_css":"","site-sidebar-layout":"default","site-content-layout":"","ast-site-content-layout":"default","site-content-style":"default","site-sidebar-style":"default","ast-global-header-display":"","ast-banner-title-visibility":"","ast-main-header-display":"","ast-hfb-above-header-display":"","ast-hfb-below-header-display":"","ast-hfb-mobile-header-display":"","site-post-title":"","ast-breadcrumbs-content":"","ast-featured-img":"","footer-sml-layout":"","ast-disable-related-posts":"","theme-transparent-header-meta":"","adv-header-id-meta":"","stick-header-meta":"","header-above-stick-meta":"","header-main-stick-meta":"","header-below-stick-meta":"","astra-migrate-meta-layouts":"default","ast-page-background-enabled":"default","ast-page-background-meta":{"desktop":{"background-color":"var(--ast-global-color-4)","background-image":"","background-repeat":"repeat","background-position":"center center","background-size":"auto","background-attachment":"scroll","background-type":"","background-media":"","overlay-type":"","overlay-color":"","overlay-opacity":"","overlay-gradient":""},"tablet":{"background-color":"","background-image":"","background-repeat":"repeat","background-position":"center center","background-size":"auto","background-attachment":"scroll","background-type":"","background-media":"","overlay-type":"","overlay-color":"","overlay-opacity":"","overlay-gradient":""},"mobile":{"background-color":"","background-image":"","background-repeat":"repeat","background-position":"center center","background-size":"auto","background-attachment":"scroll","background-type":"","background-media":"","overlay-type":"","overlay-color":"","overlay-opacity":"","overlay-gradient":""}},"ast-content-background-meta":{"desktop":{"background-color":"var(--ast-global-color-5)","background-image":"","background-repeat":"repeat","background-position":"center center","background-size":"auto","background-attachment":"scroll","background-type":"","background-media":"","overlay-type":"","overlay-color":"","overlay-opacity":"","overlay-gradient":""},"tablet":{"background-color":"var(--ast-global-color-5)","background-image":"","background-repeat":"repeat","background-position":"center center","background-size":"auto","background-attachment":"scroll","background-type":"","background-media":"","overlay-type":"","overlay-color":"","overlay-opacity":"","overlay-gradient":""},"mobile":{"background-color":"var(--ast-global-color-5)","background-image":"","background-repeat":"repeat","background-position":"center center","background-size":"auto","background-attachment":"scroll","background-type":"","background-media":"","overlay-type":"","overlay-color":"","overlay-opacity":"","overlay-gradient":""}}},"product_brand":[],"product_cat":[47,430,40],"product_tag":[322,292,185,212,284,438,251,189,450,217,965,198,406,280,879,281],"class_list":{"0":"post-5579","1":"product","2":"type-product","3":"status-publish","4":"has-post-thumbnail","6":"product_cat-classic","7":"product_cat-men","8":"product_cat-mens-shoes","9":"product_tag-blue-leather-shoes","10":"product_tag-brown-leather-shoes","11":"product_tag-calf-leather-shoes","12":"product_tag-derby-shoes","13":"product_tag-dress-shoes","14":"product_tag-eva-sole","15":"product_tag-formal-shoes","16":"product_tag-goat-leather-lining","17":"product_tag-handcrafted-shoes","18":"product_tag-luxury-footwear","19":"product_tag-mens-croc-embossed-leather-shoes","20":"product_tag-mens-fashion","21":"product_tag-premium-shoes","22":"product_tag-smart-casual-shoes","23":"product_tag-turkishtrade-co","24":"product_tag-wholesale-shoes","25":"desktop-align-center","26":"tablet-align-center","27":"mobile-align-center","29":"first","30":"instock","31":"shipping-taxable","32":"purchasable","33":"product-type-variable","34":"has-default-attributes"},"acf":[],"uagb_featured_image_src":{"full":["https:\/\/turkishtrade.co\/wp-content\/uploads\/2026\/01\/2400EJOMN00332-DARK-BLUE-X_444-2-USD.png",453,250,false],"thumbnail":["https:\/\/turkishtrade.co\/wp-content\/uploads\/2026\/01\/2400EJOMN00332-DARK-BLUE-X_444-2-USD-150x150.png",150,150,true],"medium":["https:\/\/turkishtrade.co\/wp-content\/uploads\/2026\/01\/2400EJOMN00332-DARK-BLUE-X_444-2-USD-300x166.png",300,166,true],"medium_large":["https:\/\/turkishtrade.co\/wp-content\/uploads\/2026\/01\/2400EJOMN00332-DARK-BLUE-X_444-2-USD.png",453,250,false],"large":["https:\/\/turkishtrade.co\/wp-content\/uploads\/2026\/01\/2400EJOMN00332-DARK-BLUE-X_444-2-USD.png",453,250,false],"1536x1536":["https:\/\/turkishtrade.co\/wp-content\/uploads\/2026\/01\/2400EJOMN00332-DARK-BLUE-X_444-2-USD.png",453,250,false],"2048x2048":["https:\/\/turkishtrade.co\/wp-content\/uploads\/2026\/01\/2400EJOMN00332-DARK-BLUE-X_444-2-USD.png",453,250,false],"trp-custom-language-flag":["https:\/\/turkishtrade.co\/wp-content\/uploads\/2026\/01\/2400EJOMN00332-DARK-BLUE-X_444-2-USD-18x10.png",18,10,true],"woocommerce_thumbnail":["https:\/\/turkishtrade.co\/wp-content\/uploads\/2026\/01\/2400EJOMN00332-DARK-BLUE-X_444-2-USD-400x250.png",400,250,true],"woocommerce_single":["https:\/\/turkishtrade.co\/wp-content\/uploads\/2026\/01\/2400EJOMN00332-DARK-BLUE-X_444-2-USD.png",453,250,false],"woocommerce_gallery_thumbnail":["https:\/\/turkishtrade.co\/wp-content\/uploads\/2026\/01\/2400EJOMN00332-DARK-BLUE-X_444-2-USD-100x100.png",100,100,true]},"uagb_author_info":{"display_name":"yaser olabi","author_link":"https:\/\/turkishtrade.co\/fr\/author\/"},"uagb_comment_info":0,"uagb_excerpt":"Crafted from luxurious crocodile-embossed calf leather. Sumptuously soft goat leather lining for ultimate comfort. Lightweight and durable EVA sole. Features a classic 1-3 cm low heel for timeless elegance. Available in sophisticated Brown and elegant Blue. Wholesale orders available with a minimum of 8 pairs. Sizes: EU 39, 40, 41, 42, 43, 44, 45.","_links":{"self":[{"href":"https:\/\/turkishtrade.co\/fr\/wp-json\/wp\/v2\/product\/5579","targetHints":{"allow":["GET"]}}],"collection":[{"href":"https:\/\/turkishtrade.co\/fr\/wp-json\/wp\/v2\/product"}],"about":[{"href":"https:\/\/turkishtrade.co\/fr\/wp-json\/wp\/v2\/types\/product"}],"wp:featuredmedia":[{"embeddable":true,"href":"https:\/\/turkishtrade.co\/fr\/wp-json\/wp\/v2\/media\/3743"}],"wp:attachment":[{"href":"https:\/\/turkishtrade.co\/fr\/wp-json\/wp\/v2\/media?parent=5579"}],"wp:term":[{"taxonomy":"product_brand","embeddable":true,"href":"https:\/\/turkishtrade.co\/fr\/wp-json\/wp\/v2\/product_brand?post=5579"},{"taxonomy":"product_cat","embeddable":true,"href":"https:\/\/turkishtrade.co\/fr\/wp-json\/wp\/v2\/product_cat?post=5579"},{"taxonomy":"product_tag","embeddable":true,"href":"https:\/\/turkishtrade.co\/fr\/wp-json\/wp\/v2\/product_tag?post=5579"}],"curies":[{"name":"wp","href":"https:\/\/api.w.org\/{rel}","templated":true}]}}