{"id":5572,"date":"2026-01-14T12:16:59","date_gmt":"2026-01-14T12:16:59","guid":{"rendered":"https:\/\/turkishtrade.co\/product\/mens-leather-monk-strap-loafers\/"},"modified":"2026-04-09T19:30:26","modified_gmt":"2026-04-09T19:30:26","slug":"mens-leather-monk-strap-loafers","status":"publish","type":"product","link":"https:\/\/turkishtrade.co\/fr\/shop\/mens-leather-monk-strap-loafers\/","title":{"rendered":"Mocassins en cuir de veau de premi\u00e8re qualit\u00e9 pour hommes"},"content":{"rendered":"<p><strong>Mocassins en cuir pour hommes<\/strong><\/p>\n<p>\u00c9levez votre collection de chaussures gr\u00e2ce \u00e0 nos chaussures exquises. <strong>Mocassins en cuir pour hommes<\/strong>, Ces mocassins sont une v\u00e9ritable incarnation du style classique et du confort moderne. Con\u00e7us pour l'homme exigeant, ces mocassins allient harmonieusement sophistication et facilit\u00e9 d'utilisation au quotidien. Chaque paire de ces mocassins <strong>Mocassins en cuir pour hommes<\/strong> est m\u00e9ticuleusement construit \u00e0 partir des mat\u00e9riaux les plus nobles, garantissant \u00e0 la fois la durabilit\u00e9 et une sensation de luxe qui r\u00e9siste \u00e0 l'\u00e9preuve du temps.<\/p>\n<p><h3>Un savoir-faire in\u00e9gal\u00e9 et des mat\u00e9riaux de premi\u00e8re qualit\u00e9<\/h3>\n<\/p>\n<p>L'aspect ext\u00e9rieur de ces v\u00e9hicules d'exception <strong>Mocassins en cuir pour hommes<\/strong> est fabriqu\u00e9e \u00e0 partir de cuir de veau v\u00e9ritable de haute qualit\u00e9, offrant une texture riche et une finition \u00e9l\u00e9gante. Ce cuir de veau de qualit\u00e9 sup\u00e9rieure ne se contente pas d'offrir un aspect distingu\u00e9, il se moule \u00e9galement \u00e0 votre pied au fil du temps pour un ajustement personnalis\u00e9. En compl\u00e9ment de l'ext\u00e9rieur robuste, l'int\u00e9rieur est doubl\u00e9 de cuir de ch\u00e8vre doux et respirant, garantissant un confort ultime et une sensation de peluche \u00e0 chaque pas.<\/p>\n<p>L'association judicieuse de ces cuirs de qualit\u00e9 sup\u00e9rieure garantit une chaussure sophistiqu\u00e9e qu'il est agr\u00e9able de porter tout au long de la journ\u00e9e.<\/p>\n<p><h3>Con\u00e7u pour le confort et le style<\/h3>\n<\/p>\n<p>Le confort est primordial dans nos <strong>Mocassins en cuir pour hommes<\/strong>. La semelle Eva, \u00e0 la fois l\u00e9g\u00e8re et r\u00e9sistante, offre un excellent amorti et un bon soutien, ce qui les rend parfaits pour un usage prolong\u00e9, que vous naviguiez dans les rues de la ville ou que vous assistiez \u00e0 des \u00e9v\u00e9nements formels. Avec une hauteur de talon classique de 1 \u00e0 3 cm, ces mocassins offrent une \u00e9l\u00e9vation subtile sans compromettre la stabilit\u00e9 ou l'esth\u00e9tique traditionnelle des mocassins.<\/p>\n<p>L'embl\u00e9matique bride de moine, dot\u00e9e d'une boucle \u00e9l\u00e9gante, ajoute une touche d'\u00e9l\u00e9gance raffin\u00e9e, distinguant ces chaussures des mocassins conventionnels.<\/p>\n<p><h3>Une polyvalence pour toutes les occasions<\/h3>\n<\/p>\n<p>Notre collection de <strong>Mocassins en cuir pour hommes<\/strong> est disponible dans une gamme polyvalente de tailles allant du 39 au 45, r\u00e9pondant ainsi aux besoins d'une large client\u00e8le. Choisissez entre le marron intemporel, le bordeaux riche ou le bleu marine sophistiqu\u00e9 pour compl\u00e9ter parfaitement votre garde-robe. Ces mocassins polyvalents passent sans effort d'une tenue d'affaires d\u00e9contract\u00e9e \u00e0 des ensembles plus formels, ce qui en fait un compl\u00e9ment indispensable pour tout homme qui accorde de l'importance au style et \u00e0 la qualit\u00e9.<\/p>\n<p>Associ\u00e9es \u00e0 un pantalon de tailleur ou \u00e0 un jean \u00e9l\u00e9gant, ces <strong>Mocassins en cuir pour hommes<\/strong> faire une d\u00e9claration.<\/p>\n<p><h3>Opportunit\u00e9s pour le commerce de gros<\/h3>\n<\/p>\n<p>Nous sommes fiers de proposer ces produits de haute qualit\u00e9 <strong>Mocassins en cuir pour hommes<\/strong> pour l'achat en gros. Avec une quantit\u00e9 minimale de commande de seulement 8 paires, les entreprises peuvent facilement s'approvisionner en ces chaussures populaires et \u00e9l\u00e9gantes. B\u00e9n\u00e9ficiez de prix comp\u00e9titifs (disponibles sur notre liste de prix) et d'un d\u00e9lai de livraison fiable de 12 jours plus les frais de port. Investissez dans <strong>Mocassins en cuir pour hommes<\/strong> qui garantissent la satisfaction du client et un style durable.<\/p>","protected":false},"excerpt":{"rendered":"<ul>\n<li>Fabriqu\u00e9 en cuir de veau de premi\u00e8re qualit\u00e9 pour un look riche et sophistiqu\u00e9.<\/li>\n<li>Doublure en cuir de ch\u00e8vre confortable pour la respirabilit\u00e9 et la douceur.<\/li>\n<li>\u00c9quip\u00e9e d'une semelle Eva l\u00e9g\u00e8re et souple pour un confort tout au long de la journ\u00e9e.<\/li>\n<li>Bracelet monk classique avec fermeture \u00e0 boucle \u00e9l\u00e9gante.<\/li>\n<li>Hauteur du talon : Classique 1-3 cm pour une \u00e9l\u00e9vation subtile.<\/li>\n<li>Tailles disponibles de l'UE 39 \u00e0 45.<\/li>\n<li>Quantit\u00e9 minimale de commande : 8 paires (les commandes en gros sont les bienvenues).<\/li>\n<\/ul>","protected":false},"featured_media":3739,"template":"","meta":{"_acf_changed":false,"_uag_custom_page_level_css":"","site-sidebar-layout":"default","site-content-layout":"","ast-site-content-layout":"default","site-content-style":"default","site-sidebar-style":"default","ast-global-header-display":"","ast-banner-title-visibility":"","ast-main-header-display":"","ast-hfb-above-header-display":"","ast-hfb-below-header-display":"","ast-hfb-mobile-header-display":"","site-post-title":"","ast-breadcrumbs-content":"","ast-featured-img":"","footer-sml-layout":"","ast-disable-related-posts":"","theme-transparent-header-meta":"","adv-header-id-meta":"","stick-header-meta":"","header-above-stick-meta":"","header-main-stick-meta":"","header-below-stick-meta":"","astra-migrate-meta-layouts":"default","ast-page-background-enabled":"default","ast-page-background-meta":{"desktop":{"background-color":"var(--ast-global-color-4)","background-image":"","background-repeat":"repeat","background-position":"center center","background-size":"auto","background-attachment":"scroll","background-type":"","background-media":"","overlay-type":"","overlay-color":"","overlay-opacity":"","overlay-gradient":""},"tablet":{"background-color":"","background-image":"","background-repeat":"repeat","background-position":"center center","background-size":"auto","background-attachment":"scroll","background-type":"","background-media":"","overlay-type":"","overlay-color":"","overlay-opacity":"","overlay-gradient":""},"mobile":{"background-color":"","background-image":"","background-repeat":"repeat","background-position":"center center","background-size":"auto","background-attachment":"scroll","background-type":"","background-media":"","overlay-type":"","overlay-color":"","overlay-opacity":"","overlay-gradient":""}},"ast-content-background-meta":{"desktop":{"background-color":"var(--ast-global-color-5)","background-image":"","background-repeat":"repeat","background-position":"center center","background-size":"auto","background-attachment":"scroll","background-type":"","background-media":"","overlay-type":"","overlay-color":"","overlay-opacity":"","overlay-gradient":""},"tablet":{"background-color":"var(--ast-global-color-5)","background-image":"","background-repeat":"repeat","background-position":"center center","background-size":"auto","background-attachment":"scroll","background-type":"","background-media":"","overlay-type":"","overlay-color":"","overlay-opacity":"","overlay-gradient":""},"mobile":{"background-color":"var(--ast-global-color-5)","background-image":"","background-repeat":"repeat","background-position":"center center","background-size":"auto","background-attachment":"scroll","background-type":"","background-media":"","overlay-type":"","overlay-color":"","overlay-opacity":"","overlay-gradient":""}}},"product_brand":[],"product_cat":[47,430,40],"product_tag":[635,147,391,859,202,449,220,284,438,251,437,227,148,198,404,362,281],"class_list":{"0":"post-5572","1":"product","2":"type-product","3":"status-publish","4":"has-post-thumbnail","6":"product_cat-classic","7":"product_cat-men","8":"product_cat-mens-shoes","9":"product_tag-blue-loafers","10":"product_tag-brown-loafers","11":"product_tag-buckle-shoes","12":"product_tag-burgundy-loafers","13":"product_tag-calf-leather","14":"product_tag-casual-shoes","15":"product_tag-comfortable-loafers","16":"product_tag-dress-shoes","17":"product_tag-eva-sole","18":"product_tag-formal-shoes","19":"product_tag-goat-leather","20":"product_tag-leather-shoes","21":"product_tag-loafers","22":"product_tag-mens-fashion","23":"product_tag-monk-strap","24":"product_tag-premium-footwear","25":"product_tag-wholesale-shoes","26":"desktop-align-center","27":"tablet-align-center","28":"mobile-align-center","30":"first","31":"instock","32":"shipping-taxable","33":"purchasable","34":"product-type-variable","35":"has-default-attributes"},"acf":[],"uagb_featured_image_src":{"full":["https:\/\/turkishtrade.co\/wp-content\/uploads\/2026\/01\/2400EJOMN00330-DARK-BLUE-X_876-150-USD.png",453,250,false],"thumbnail":["https:\/\/turkishtrade.co\/wp-content\/uploads\/2026\/01\/2400EJOMN00330-DARK-BLUE-X_876-150-USD-150x150.png",150,150,true],"medium":["https:\/\/turkishtrade.co\/wp-content\/uploads\/2026\/01\/2400EJOMN00330-DARK-BLUE-X_876-150-USD-300x166.png",300,166,true],"medium_large":["https:\/\/turkishtrade.co\/wp-content\/uploads\/2026\/01\/2400EJOMN00330-DARK-BLUE-X_876-150-USD.png",453,250,false],"large":["https:\/\/turkishtrade.co\/wp-content\/uploads\/2026\/01\/2400EJOMN00330-DARK-BLUE-X_876-150-USD.png",453,250,false],"1536x1536":["https:\/\/turkishtrade.co\/wp-content\/uploads\/2026\/01\/2400EJOMN00330-DARK-BLUE-X_876-150-USD.png",453,250,false],"2048x2048":["https:\/\/turkishtrade.co\/wp-content\/uploads\/2026\/01\/2400EJOMN00330-DARK-BLUE-X_876-150-USD.png",453,250,false],"trp-custom-language-flag":["https:\/\/turkishtrade.co\/wp-content\/uploads\/2026\/01\/2400EJOMN00330-DARK-BLUE-X_876-150-USD-18x10.png",18,10,true],"woocommerce_thumbnail":["https:\/\/turkishtrade.co\/wp-content\/uploads\/2026\/01\/2400EJOMN00330-DARK-BLUE-X_876-150-USD-400x250.png",400,250,true],"woocommerce_single":["https:\/\/turkishtrade.co\/wp-content\/uploads\/2026\/01\/2400EJOMN00330-DARK-BLUE-X_876-150-USD.png",453,250,false],"woocommerce_gallery_thumbnail":["https:\/\/turkishtrade.co\/wp-content\/uploads\/2026\/01\/2400EJOMN00330-DARK-BLUE-X_876-150-USD-100x100.png",100,100,true]},"uagb_author_info":{"display_name":"yaser olabi","author_link":"https:\/\/turkishtrade.co\/fr\/author\/"},"uagb_comment_info":0,"uagb_excerpt":"Crafted from premium calf leather for a rich, sophisticated look. Features a comfortable goat leather lining for breathability and softness. Equipped with a lightweight and supportive Eva sole for all-day comfort. Classic monk strap design with elegant buckle closure. Heel height: Classic 1-3 cm for subtle elevation. Sizes available from EU 39 to 45. Minimum\u2026","_links":{"self":[{"href":"https:\/\/turkishtrade.co\/fr\/wp-json\/wp\/v2\/product\/5572","targetHints":{"allow":["GET"]}}],"collection":[{"href":"https:\/\/turkishtrade.co\/fr\/wp-json\/wp\/v2\/product"}],"about":[{"href":"https:\/\/turkishtrade.co\/fr\/wp-json\/wp\/v2\/types\/product"}],"wp:featuredmedia":[{"embeddable":true,"href":"https:\/\/turkishtrade.co\/fr\/wp-json\/wp\/v2\/media\/3739"}],"wp:attachment":[{"href":"https:\/\/turkishtrade.co\/fr\/wp-json\/wp\/v2\/media?parent=5572"}],"wp:term":[{"taxonomy":"product_brand","embeddable":true,"href":"https:\/\/turkishtrade.co\/fr\/wp-json\/wp\/v2\/product_brand?post=5572"},{"taxonomy":"product_cat","embeddable":true,"href":"https:\/\/turkishtrade.co\/fr\/wp-json\/wp\/v2\/product_cat?post=5572"},{"taxonomy":"product_tag","embeddable":true,"href":"https:\/\/turkishtrade.co\/fr\/wp-json\/wp\/v2\/product_tag?post=5572"}],"curies":[{"name":"wp","href":"https:\/\/api.w.org\/{rel}","templated":true}]}}