{"id":5557,"date":"2026-01-14T12:14:54","date_gmt":"2026-01-14T12:14:54","guid":{"rendered":"https:\/\/turkishtrade.co\/product\/mens-brown-leather-loafers-2\/"},"modified":"2026-04-09T19:30:49","modified_gmt":"2026-04-09T19:30:49","slug":"mens-brown-leather-loafers-2","status":"publish","type":"product","link":"https:\/\/turkishtrade.co\/fr\/shop\/mens-brown-leather-loafers-2\/","title":{"rendered":"Mocassins \u00e0 glands en cuir brun pour hommes avec d\u00e9tails de broderie"},"content":{"rendered":"<p><strong>Mocassins en cuir brun pour hommes<\/strong><\/p>\n<p>D\u00e9couvrez l'incarnation d'un style intemporel et d'un confort in\u00e9gal\u00e9 avec notre exquise <strong>Mocassins en cuir brun pour hommes<\/strong>. Ces mocassins sophistiqu\u00e9s ont \u00e9t\u00e9 m\u00e9ticuleusement con\u00e7us pour le gentleman moderne qui appr\u00e9cie \u00e0 la fois l'\u00e9l\u00e9gance et l'aspect pratique. Alliant une riche teinte marron fonc\u00e9 \u00e0 un savoir-faire magistral, ces mocassins ont \u00e9t\u00e9 con\u00e7us pour les hommes modernes qui appr\u00e9cient l'\u00e9l\u00e9gance et la praticit\u00e9. <strong>Mocassins en cuir brun pour hommes<\/strong> sont un compl\u00e9ment essentiel \u00e0 toute garde-robe exigeante, passant sans effort d'un environnement professionnel d\u00e9contract\u00e9 \u00e0 des sorties d\u00e9contract\u00e9es le week-end.<\/p>\n<p>Fabriqu\u00e9 \u00e0 partir des mat\u00e9riaux les plus nobles, l'ext\u00e9rieur est en cuir de veau v\u00e9ritable de premi\u00e8re qualit\u00e9, offrant un aspect luxueux et une durabilit\u00e9 exceptionnelle. L'int\u00e9rieur est doubl\u00e9 de cuir de ch\u00e8vre souple, offrant un ajustement doux, respirant et incroyablement confortable qui se moule \u00e0 votre pied au fil du temps. La semelle EVA, \u00e0 la fois robuste et l\u00e9g\u00e8re, assure un amorti sup\u00e9rieur, une grande souplesse et une adh\u00e9rence fiable, pour que chaque pas soit un plaisir.<\/p>\n<p>Cette combinaison judicieuse de mat\u00e9riaux garantit que ces <strong>Mocassins en cuir brun pour hommes<\/strong> r\u00e9sistera \u00e0 l'\u00e9preuve du temps, tant en termes de style que de portabilit\u00e9.<\/p>\n<p><h3>Un style et des d\u00e9tails in\u00e9gal\u00e9s<\/h3>\n<\/p>\n<p>Chaque \u00e9l\u00e9ment de ces mocassins t\u00e9moigne d'un h\u00e9ritage de fabrication de chaussures de qualit\u00e9. La silhouette classique du mocassin est magnifiquement compl\u00e9t\u00e9e par d'\u00e9l\u00e9gants glands, qui ajoutent une touche de charme traditionnel. De plus, des d\u00e9tails brogue complexes ornent l'embout et les c\u00f4t\u00e9s, conf\u00e9rant \u00e0 ces chaussures un caract\u00e8re distinctif qui les distingue des autres.<\/p>\n<p>La double texture du cuir lisse et poli et du cuir de grain subtilement caillout\u00e9 sur l'empeigne cr\u00e9e un attrait visuel dynamique, garantissant \u00e0 ces chaussures un confort d'utilisation optimal. <strong>Mocassins en cuir brun pour hommes<\/strong> attirer l'attention sans \u00eatre ostentatoire.<\/p>\n<p>Ils t\u00e9moignent v\u00e9ritablement d'un go\u00fbt raffin\u00e9 et d'une excellence vestimentaire.<\/p>\n<p><h3>Confort et polyvalence pour toutes les occasions<\/h3>\n<\/p>\n<p>Con\u00e7ues pour un confort tout au long de la journ\u00e9e, ces <strong>Mocassins en cuir brun pour hommes<\/strong> Elles sont dot\u00e9es d'un talon bas classique, parfait pour une utilisation prolong\u00e9e. La gamme compl\u00e8te de tailles, allant de l'UE 39 \u00e0 l'UE 45, garantit un ajustement parfait \u00e0 un large \u00e9ventail de clientes. Qu'elles soient associ\u00e9es \u00e0 un pantalon de tailleur pour un look de bureau chic et d\u00e9contract\u00e9, ou \u00e0 un pantalon chino et \u00e0 un jean pour un ensemble \u00e9l\u00e9gant le week-end, leur polyvalence n'a pas de limites.<\/p>\n<p>Ces <strong>Mocassins en cuir brun pour hommes<\/strong> ne sont pas de simples chaussures, mais un investissement dans un style et un confort durables.<\/p>\n<p><h3>Opportunit\u00e9 de vente en gros<\/h3>\n<\/p>\n<p>Pour les d\u00e9taillants qui souhaitent offrir \u00e0 leur client\u00e8le des chaussures de qualit\u00e9 sup\u00e9rieure, ces <strong>Mocassins en cuir brun pour hommes<\/strong> repr\u00e9sentent une excellente opportunit\u00e9. Disponibles pour la vente en gros \u00e0 partir d'une quantit\u00e9 minimale de 8 paires, nous garantissons un processus fluide et efficace. Avec un d\u00e9lai de production et d'exp\u00e9dition de seulement 12 jours, plus les frais de port, vous pouvez rapidement approvisionner vos rayons avec un produit qui promet \u00e0 la fois la qualit\u00e9 et un fort attrait pour le client.<\/p>\n<p>\u00c9levez votre collection de chaussures avec ces chaussures d'exception. <strong>Mocassins en cuir brun pour hommes<\/strong>.<\/p>","protected":false},"excerpt":{"rendered":"<ul>\n<li><b>Mat\u00e9riaux de premi\u00e8re qualit\u00e9 :<\/b> Fabriqu\u00e9 de mani\u00e8re experte avec un ext\u00e9rieur en cuir de veau v\u00e9ritable et un int\u00e9rieur luxueux en cuir de ch\u00e8vre.<\/li>\n<li><b>Confort sup\u00e9rieur :<\/b> \u00c9quip\u00e9e d'une semelle EVA l\u00e9g\u00e8re et tr\u00e8s r\u00e9sistante, elle assure un confort tout au long de la journ\u00e9e et une excellente adh\u00e9rence.<\/li>\n<li><b>Design distinctif :<\/b> Sa silhouette de mocassin classique est rehauss\u00e9e de glands sophistiqu\u00e9s et d'\u00e9l\u00e9gants d\u00e9tails de broderie.<\/li>\n<li><b>Taille polyvalente :<\/b> Disponible dans une large gamme de tailles europ\u00e9ennes : 39, 40, 41, 42, 43, 44, 45.<\/li>\n<li><b>Disponibilit\u00e9 en gros :<\/b> La quantit\u00e9 minimale de commande est de 8 paires, ce qui est parfait pour les achats en gros et les stocks de d\u00e9tail.<\/li>\n<li><b>Livraison efficace :<\/b> Production et exp\u00e9dition sous 12 jours, plus le d\u00e9lai d'exp\u00e9dition standard.<\/li>\n<\/ul>","protected":false},"featured_media":3729,"template":"","meta":{"_acf_changed":false,"_uag_custom_page_level_css":"","site-sidebar-layout":"default","site-content-layout":"","ast-site-content-layout":"default","site-content-style":"default","site-sidebar-style":"default","ast-global-header-display":"","ast-banner-title-visibility":"","ast-main-header-display":"","ast-hfb-above-header-display":"","ast-hfb-below-header-display":"","ast-hfb-mobile-header-display":"","site-post-title":"","ast-breadcrumbs-content":"","ast-featured-img":"","footer-sml-layout":"","ast-disable-related-posts":"","theme-transparent-header-meta":"","adv-header-id-meta":"","stick-header-meta":"","header-above-stick-meta":"","header-main-stick-meta":"","header-below-stick-meta":"","astra-migrate-meta-layouts":"default","ast-page-background-enabled":"default","ast-page-background-meta":{"desktop":{"background-color":"var(--ast-global-color-4)","background-image":"","background-repeat":"repeat","background-position":"center center","background-size":"auto","background-attachment":"scroll","background-type":"","background-media":"","overlay-type":"","overlay-color":"","overlay-opacity":"","overlay-gradient":""},"tablet":{"background-color":"","background-image":"","background-repeat":"repeat","background-position":"center center","background-size":"auto","background-attachment":"scroll","background-type":"","background-media":"","overlay-type":"","overlay-color":"","overlay-opacity":"","overlay-gradient":""},"mobile":{"background-color":"","background-image":"","background-repeat":"repeat","background-position":"center center","background-size":"auto","background-attachment":"scroll","background-type":"","background-media":"","overlay-type":"","overlay-color":"","overlay-opacity":"","overlay-gradient":""}},"ast-content-background-meta":{"desktop":{"background-color":"var(--ast-global-color-5)","background-image":"","background-repeat":"repeat","background-position":"center center","background-size":"auto","background-attachment":"scroll","background-type":"","background-media":"","overlay-type":"","overlay-color":"","overlay-opacity":"","overlay-gradient":""},"tablet":{"background-color":"var(--ast-global-color-5)","background-image":"","background-repeat":"repeat","background-position":"center center","background-size":"auto","background-attachment":"scroll","background-type":"","background-media":"","overlay-type":"","overlay-color":"","overlay-opacity":"","overlay-gradient":""},"mobile":{"background-color":"var(--ast-global-color-5)","background-image":"","background-repeat":"repeat","background-position":"center center","background-size":"auto","background-attachment":"scroll","background-type":"","background-media":"","overlay-type":"","overlay-color":"","overlay-opacity":"","overlay-gradient":""}}},"product_brand":[],"product_cat":[47,430,40],"product_tag":[654,292,582,512,457,438,437,351,198,186,210,349,281],"class_list":{"0":"post-5557","1":"product","2":"type-product","3":"status-publish","4":"has-post-thumbnail","6":"product_cat-classic","7":"product_cat-men","8":"product_cat-mens-shoes","9":"product_tag-brogue-shoes","10":"product_tag-brown-leather-shoes","11":"product_tag-calfskin","12":"product_tag-casual-loafers","13":"product_tag-classic-loafers","14":"product_tag-eva-sole","15":"product_tag-goat-leather","16":"product_tag-leather-footwear","17":"product_tag-mens-fashion","18":"product_tag-mens-loafers","19":"product_tag-smart-casual","20":"product_tag-tassel-loafers","21":"product_tag-wholesale-shoes","22":"desktop-align-center","23":"tablet-align-center","24":"mobile-align-center","26":"first","27":"instock","28":"shipping-taxable","29":"purchasable","30":"product-type-variable","31":"has-default-attributes"},"acf":[],"uagb_featured_image_src":{"full":["https:\/\/turkishtrade.co\/wp-content\/uploads\/2026\/01\/2400EJOMN00322-DARK-BROWN-DKS_601.png",453,250,false],"thumbnail":["https:\/\/turkishtrade.co\/wp-content\/uploads\/2026\/01\/2400EJOMN00322-DARK-BROWN-DKS_601-150x150.png",150,150,true],"medium":["https:\/\/turkishtrade.co\/wp-content\/uploads\/2026\/01\/2400EJOMN00322-DARK-BROWN-DKS_601-300x166.png",300,166,true],"medium_large":["https:\/\/turkishtrade.co\/wp-content\/uploads\/2026\/01\/2400EJOMN00322-DARK-BROWN-DKS_601.png",453,250,false],"large":["https:\/\/turkishtrade.co\/wp-content\/uploads\/2026\/01\/2400EJOMN00322-DARK-BROWN-DKS_601.png",453,250,false],"1536x1536":["https:\/\/turkishtrade.co\/wp-content\/uploads\/2026\/01\/2400EJOMN00322-DARK-BROWN-DKS_601.png",453,250,false],"2048x2048":["https:\/\/turkishtrade.co\/wp-content\/uploads\/2026\/01\/2400EJOMN00322-DARK-BROWN-DKS_601.png",453,250,false],"trp-custom-language-flag":["https:\/\/turkishtrade.co\/wp-content\/uploads\/2026\/01\/2400EJOMN00322-DARK-BROWN-DKS_601-18x10.png",18,10,true],"woocommerce_thumbnail":["https:\/\/turkishtrade.co\/wp-content\/uploads\/2026\/01\/2400EJOMN00322-DARK-BROWN-DKS_601-400x250.png",400,250,true],"woocommerce_single":["https:\/\/turkishtrade.co\/wp-content\/uploads\/2026\/01\/2400EJOMN00322-DARK-BROWN-DKS_601.png",453,250,false],"woocommerce_gallery_thumbnail":["https:\/\/turkishtrade.co\/wp-content\/uploads\/2026\/01\/2400EJOMN00322-DARK-BROWN-DKS_601-100x100.png",100,100,true]},"uagb_author_info":{"display_name":"yaser olabi","author_link":"https:\/\/turkishtrade.co\/fr\/author\/"},"uagb_comment_info":0,"uagb_excerpt":"Premium Materials: Expertly crafted with a genuine calfskin leather exterior and a luxurious goat leather interior. Superior Comfort: Equipped with a lightweight and highly durable EVA sole, ensuring all-day comfort and excellent grip. Distinctive Design: Features a classic loafer silhouette enhanced with sophisticated tassel accents and elegant brogue detailing. Versatile Sizing: Available in a comprehensive\u2026","_links":{"self":[{"href":"https:\/\/turkishtrade.co\/fr\/wp-json\/wp\/v2\/product\/5557","targetHints":{"allow":["GET"]}}],"collection":[{"href":"https:\/\/turkishtrade.co\/fr\/wp-json\/wp\/v2\/product"}],"about":[{"href":"https:\/\/turkishtrade.co\/fr\/wp-json\/wp\/v2\/types\/product"}],"wp:featuredmedia":[{"embeddable":true,"href":"https:\/\/turkishtrade.co\/fr\/wp-json\/wp\/v2\/media\/3729"}],"wp:attachment":[{"href":"https:\/\/turkishtrade.co\/fr\/wp-json\/wp\/v2\/media?parent=5557"}],"wp:term":[{"taxonomy":"product_brand","embeddable":true,"href":"https:\/\/turkishtrade.co\/fr\/wp-json\/wp\/v2\/product_brand?post=5557"},{"taxonomy":"product_cat","embeddable":true,"href":"https:\/\/turkishtrade.co\/fr\/wp-json\/wp\/v2\/product_cat?post=5557"},{"taxonomy":"product_tag","embeddable":true,"href":"https:\/\/turkishtrade.co\/fr\/wp-json\/wp\/v2\/product_tag?post=5557"}],"curies":[{"name":"wp","href":"https:\/\/api.w.org\/{rel}","templated":true}]}}