{"id":5550,"date":"2026-01-14T12:13:57","date_gmt":"2026-01-14T12:13:57","guid":{"rendered":"https:\/\/turkishtrade.co\/product\/mens-navy-leather-derby-shoes-2\/"},"modified":"2026-04-09T19:31:03","modified_gmt":"2026-04-09T19:31:03","slug":"mens-navy-leather-derby-shoes-2","status":"publish","type":"product","link":"https:\/\/turkishtrade.co\/fr\/shop\/mens-navy-leather-derby-shoes-2\/","title":{"rendered":"Chaussures derby pour hommes en cuir de veau bleu marine avec semelle EVA"},"content":{"rendered":"<p><strong>Chaussures derby en cuir bleu marine pour hommes<\/strong><\/p>\n<p>D\u00e9couvrez l'incarnation d'un style sophistiqu\u00e9 et d'un confort in\u00e9gal\u00e9 avec notre exquise <strong>Chaussures derby en cuir bleu marine pour hommes<\/strong>. M\u00e9ticuleusement con\u00e7ues pour le gentleman moderne, ces chaussures allient un design classique \u00e0 des caract\u00e9ristiques contemporaines, ce qui en fait un compl\u00e9ment indispensable \u00e0 toute garde-robe exigeante. Que vous vous habilliez pour un \u00e9v\u00e9nement professionnel d\u00e9contract\u00e9, une sortie le week-end ou une occasion sp\u00e9ciale, ces chaussures Derby bleu marine offrent l'\u00e9quilibre parfait entre \u00e9l\u00e9gance et praticit\u00e9.<\/p>\n<p><h3>Un savoir-faire in\u00e9gal\u00e9 et des mat\u00e9riaux de premi\u00e8re qualit\u00e9<\/h3>\n<\/p>\n<p>Chaque paire de nos <strong>Chaussures derby en cuir bleu marine pour hommes<\/strong> t\u00e9moigne d'un savoir-faire de qualit\u00e9 sup\u00e9rieure. L'ext\u00e9rieur est fabriqu\u00e9 en cuir de veau de qualit\u00e9 sup\u00e9rieure, connu pour sa texture souple, sa durabilit\u00e9 exceptionnelle et sa brillance luxueuse. Ce cuir de qualit\u00e9 sup\u00e9rieure garantit non seulement une esth\u00e9tique raffin\u00e9e, mais aussi la long\u00e9vit\u00e9, en s'adaptant parfaitement \u00e0 votre pied au fil du temps.<\/p>\n<p>En compl\u00e9ment de l'ext\u00e9rieur robuste, l'int\u00e9rieur est somptueusement doubl\u00e9 de cuir de ch\u00e8vre souple, offrant un environnement incroyablement confortable et respirant pour vos pieds. Cette combinaison judicieuse de mat\u00e9riaux garantit une exp\u00e9rience de port sup\u00e9rieure d\u00e8s l'instant o\u00f9 vous les enfilez.<\/p>\n<p><h3>Confort et style \u00e0 chaque pas<\/h3>\n<\/p>\n<p>Con\u00e7ues pour un confort tout au long de la journ\u00e9e, ces <strong>Chaussures derby en cuir bleu marine pour hommes<\/strong> sont dot\u00e9es d'une semelle EVA l\u00e9g\u00e8re et flexible. La technologie de la semelle EVA absorbe les chocs, r\u00e9duit la fatigue et offre une excellente adh\u00e9rence, garantissant des foul\u00e9es stables et confortables tout au long de la journ\u00e9e. La silhouette Derby classique \u00e0 lacets, caract\u00e9ris\u00e9e par son syst\u00e8me de la\u00e7age ouvert, offre un look polyvalent qui peut passer sans probl\u00e8me d'un pantalon formel \u00e0 un chino ou un jean d\u00e9contract\u00e9.<\/p>\n<p>La riche teinte bleu marine ajoute une touche contemporaine \u00e0 un design intemporel, ce qui en fait le produit id\u00e9al. <strong>Chaussures derby en cuir bleu marine pour hommes<\/strong> pour ceux qui appr\u00e9cient l'\u00e9l\u00e9gance discr\u00e8te.<\/p>\n<p><h3>Id\u00e9al pour les d\u00e9taillants et les commandes en gros<\/h3>\n<\/p>\n<p>Pour les d\u00e9taillants et les entreprises qui souhaitent proposer des chaussures de haute qualit\u00e9, nos <strong>Chaussures derby en cuir bleu marine pour hommes<\/strong> sont disponibles pour les achats en gros. Nous maintenons une quantit\u00e9 minimale de commande de 8 paires, ce qui nous permet de r\u00e9pondre efficacement \u00e0 vos besoins en mati\u00e8re d'inventaire. Nous nous engageons \u00e0 fournir des produits exceptionnels qui r\u00e9pondent aux exigences du march\u00e9, et ces chaussures Derby polyvalentes en cuir marine seront certainement un choix populaire parmi votre client\u00e8le.<\/p>\n<p>Avec un d\u00e9lai de livraison estim\u00e9 \u00e0 12 jours plus les frais de port, vous pouvez planifier votre stock en toute confiance. Am\u00e9liorez votre collection de chaussures et impressionnez vos clients avec ces chaussures \u00e9l\u00e9gantes et confortables. <strong>Chaussures derby en cuir bleu marine pour hommes<\/strong>.<\/p>","protected":false},"excerpt":{"rendered":"<ul>\n<li>Ext\u00e9rieur en cuir de veau de premi\u00e8re qualit\u00e9 pour un look sophistiqu\u00e9.<\/li>\n<li>Doublure int\u00e9rieure en cuir de ch\u00e8vre souple pour un confort sup\u00e9rieur et une meilleure respirabilit\u00e9.<\/li>\n<li>Semelle EVA l\u00e9g\u00e8re et flexible pour une utilisation tout au long de la journ\u00e9e et un excellent amorti.<\/li>\n<li>Derby classique \u00e0 lacets dans une teinte bleu marine polyvalente.<\/li>\n<li>Disponible dans une large gamme de tailles : 39, 40, 41, 42, 43, 44, 45.<\/li>\n<li>Quantit\u00e9 minimale de commande : 8 paires, id\u00e9al pour les grossistes et les d\u00e9taillants.<\/li>\n<li>D\u00e9lai de livraison estim\u00e9 : 12 jours plus les frais de port.<\/li>\n<\/ul>","protected":false},"featured_media":3725,"template":"","meta":{"_acf_changed":false,"_uag_custom_page_level_css":"","site-sidebar-layout":"default","site-content-layout":"","ast-site-content-layout":"default","site-content-style":"default","site-sidebar-style":"default","ast-global-header-display":"","ast-banner-title-visibility":"","ast-main-header-display":"","ast-hfb-above-header-display":"","ast-hfb-below-header-display":"","ast-hfb-mobile-header-display":"","site-post-title":"","ast-breadcrumbs-content":"","ast-featured-img":"","footer-sml-layout":"","ast-disable-related-posts":"","theme-transparent-header-meta":"","adv-header-id-meta":"","stick-header-meta":"","header-above-stick-meta":"","header-main-stick-meta":"","header-below-stick-meta":"","astra-migrate-meta-layouts":"default","ast-page-background-enabled":"default","ast-page-background-meta":{"desktop":{"background-color":"var(--ast-global-color-4)","background-image":"","background-repeat":"repeat","background-position":"center center","background-size":"auto","background-attachment":"scroll","background-type":"","background-media":"","overlay-type":"","overlay-color":"","overlay-opacity":"","overlay-gradient":""},"tablet":{"background-color":"","background-image":"","background-repeat":"repeat","background-position":"center center","background-size":"auto","background-attachment":"scroll","background-type":"","background-media":"","overlay-type":"","overlay-color":"","overlay-opacity":"","overlay-gradient":""},"mobile":{"background-color":"","background-image":"","background-repeat":"repeat","background-position":"center center","background-size":"auto","background-attachment":"scroll","background-type":"","background-media":"","overlay-type":"","overlay-color":"","overlay-opacity":"","overlay-gradient":""}},"ast-content-background-meta":{"desktop":{"background-color":"var(--ast-global-color-5)","background-image":"","background-repeat":"repeat","background-position":"center center","background-size":"auto","background-attachment":"scroll","background-type":"","background-media":"","overlay-type":"","overlay-color":"","overlay-opacity":"","overlay-gradient":""},"tablet":{"background-color":"var(--ast-global-color-5)","background-image":"","background-repeat":"repeat","background-position":"center center","background-size":"auto","background-attachment":"scroll","background-type":"","background-media":"","overlay-type":"","overlay-color":"","overlay-opacity":"","overlay-gradient":""},"mobile":{"background-color":"var(--ast-global-color-5)","background-image":"","background-repeat":"repeat","background-position":"center center","background-size":"auto","background-attachment":"scroll","background-type":"","background-media":"","overlay-type":"","overlay-color":"","overlay-opacity":"","overlay-gradient":""}}},"product_brand":[],"product_cat":[47,430,40],"product_tag":[629,513,566,213,809,290,438,959,189,958,310,198,397,281],"class_list":{"0":"post-5550","1":"product","2":"type-product","3":"status-publish","4":"has-post-thumbnail","6":"product_cat-classic","7":"product_cat-men","8":"product_cat-mens-shoes","9":"product_tag-bulk-order-shoes","10":"product_tag-business-casual-shoes","11":"product_tag-calfskin-shoes","12":"product_tag-casual-dress-shoes","13":"product_tag-classic-mens-footwear","14":"product_tag-comfortable-mens-shoes","15":"product_tag-eva-sole","16":"product_tag-formal-casual-shoes","17":"product_tag-goat-leather-lining","18":"product_tag-leather-lace-up-shoes","19":"product_tag-mens-derby-shoes","20":"product_tag-mens-fashion","21":"product_tag-navy-leather-shoes","22":"product_tag-wholesale-shoes","23":"desktop-align-center","24":"tablet-align-center","25":"mobile-align-center","27":"first","28":"instock","29":"shipping-taxable","30":"purchasable","31":"product-type-variable","32":"has-default-attributes"},"acf":[],"uagb_featured_image_src":{"full":["https:\/\/turkishtrade.co\/wp-content\/uploads\/2026\/01\/2400EJOMN00318-BLACK-C_872-4-USD.png",453,250,false],"thumbnail":["https:\/\/turkishtrade.co\/wp-content\/uploads\/2026\/01\/2400EJOMN00318-BLACK-C_872-4-USD-150x150.png",150,150,true],"medium":["https:\/\/turkishtrade.co\/wp-content\/uploads\/2026\/01\/2400EJOMN00318-BLACK-C_872-4-USD-300x166.png",300,166,true],"medium_large":["https:\/\/turkishtrade.co\/wp-content\/uploads\/2026\/01\/2400EJOMN00318-BLACK-C_872-4-USD.png",453,250,false],"large":["https:\/\/turkishtrade.co\/wp-content\/uploads\/2026\/01\/2400EJOMN00318-BLACK-C_872-4-USD.png",453,250,false],"1536x1536":["https:\/\/turkishtrade.co\/wp-content\/uploads\/2026\/01\/2400EJOMN00318-BLACK-C_872-4-USD.png",453,250,false],"2048x2048":["https:\/\/turkishtrade.co\/wp-content\/uploads\/2026\/01\/2400EJOMN00318-BLACK-C_872-4-USD.png",453,250,false],"trp-custom-language-flag":["https:\/\/turkishtrade.co\/wp-content\/uploads\/2026\/01\/2400EJOMN00318-BLACK-C_872-4-USD-18x10.png",18,10,true],"woocommerce_thumbnail":["https:\/\/turkishtrade.co\/wp-content\/uploads\/2026\/01\/2400EJOMN00318-BLACK-C_872-4-USD-400x250.png",400,250,true],"woocommerce_single":["https:\/\/turkishtrade.co\/wp-content\/uploads\/2026\/01\/2400EJOMN00318-BLACK-C_872-4-USD.png",453,250,false],"woocommerce_gallery_thumbnail":["https:\/\/turkishtrade.co\/wp-content\/uploads\/2026\/01\/2400EJOMN00318-BLACK-C_872-4-USD-100x100.png",100,100,true]},"uagb_author_info":{"display_name":"yaser olabi","author_link":"https:\/\/turkishtrade.co\/fr\/author\/"},"uagb_comment_info":0,"uagb_excerpt":"Premium calfskin leather exterior for a sophisticated look. Soft goat leather interior lining for superior comfort and breathability. Lightweight and flexible EVA sole for all-day wear and excellent cushioning. Classic lace-up Derby design in a versatile navy blue hue. Available in a comprehensive range of sizes: 39, 40, 41, 42, 43, 44, 45. Minimum order\u2026","_links":{"self":[{"href":"https:\/\/turkishtrade.co\/fr\/wp-json\/wp\/v2\/product\/5550","targetHints":{"allow":["GET"]}}],"collection":[{"href":"https:\/\/turkishtrade.co\/fr\/wp-json\/wp\/v2\/product"}],"about":[{"href":"https:\/\/turkishtrade.co\/fr\/wp-json\/wp\/v2\/types\/product"}],"wp:featuredmedia":[{"embeddable":true,"href":"https:\/\/turkishtrade.co\/fr\/wp-json\/wp\/v2\/media\/3725"}],"wp:attachment":[{"href":"https:\/\/turkishtrade.co\/fr\/wp-json\/wp\/v2\/media?parent=5550"}],"wp:term":[{"taxonomy":"product_brand","embeddable":true,"href":"https:\/\/turkishtrade.co\/fr\/wp-json\/wp\/v2\/product_brand?post=5550"},{"taxonomy":"product_cat","embeddable":true,"href":"https:\/\/turkishtrade.co\/fr\/wp-json\/wp\/v2\/product_cat?post=5550"},{"taxonomy":"product_tag","embeddable":true,"href":"https:\/\/turkishtrade.co\/fr\/wp-json\/wp\/v2\/product_tag?post=5550"}],"curies":[{"name":"wp","href":"https:\/\/api.w.org\/{rel}","templated":true}]}}