{"id":5548,"date":"2026-01-14T12:13:40","date_gmt":"2026-01-14T12:13:40","guid":{"rendered":"https:\/\/turkishtrade.co\/product\/men-black-leather-oxford-shoes-2\/"},"modified":"2026-04-09T19:31:06","modified_gmt":"2026-04-09T19:31:06","slug":"mens-black-leather-oxford-shoes-3","status":"publish","type":"product","link":"https:\/\/turkishtrade.co\/fr\/shop\/mens-black-leather-oxford-shoes-3\/","title":{"rendered":"Chaussures Oxford classiques en cuir noir pour hommes avec semelle EVA"},"content":{"rendered":"<p><strong>Chaussures Oxford en cuir noir pour hommes<\/strong><\/p>\n<p>Entrez dans l'\u00e9l\u00e9gance intemporelle et le confort in\u00e9gal\u00e9 de notre exquise collection d'objets d'art. <strong>Chaussures Oxford en cuir noir pour hommes<\/strong>. Con\u00e7ues pour le gentleman exigeant, ces chaussures Oxford classiques sont un compl\u00e9ment indispensable \u00e0 toute garde-robe sophistiqu\u00e9e. Parfaites pour les r\u00e9unions d'affaires, les \u00e9v\u00e9nements formels ou pour ajouter une touche de classe \u00e0 votre tenue de tous les jours, nos chaussures Oxford de qualit\u00e9 sup\u00e9rieure sont un compl\u00e9ment indispensable \u00e0 toute garde-robe sophistiqu\u00e9e. <strong>Chaussures Oxford en cuir noir pour hommes<\/strong> incarnent \u00e0 la fois le style et la substance.<\/p>\n<p>Chaque paire de ces produits d'exception <strong>Chaussures Oxford en cuir noir pour hommes<\/strong> est m\u00e9ticuleusement fabriqu\u00e9e pour assurer un m\u00e9lange parfait de durabilit\u00e9, de confort et de design \u00e9l\u00e9gant, ce qui en fait la pierre angulaire des chaussures raffin\u00e9es pour hommes.<\/p>\n<p><h3>Un savoir-faire sup\u00e9rieur et des mat\u00e9riaux de premi\u00e8re qualit\u00e9<\/h3>\n<\/p>\n<p>Notre engagement en faveur de la qualit\u00e9 commence par la s\u00e9lection des mat\u00e9riaux les plus nobles. L'ext\u00e9rieur de ces magnifiques <strong>Chaussures Oxford en cuir noir pour hommes<\/strong> est fabriqu\u00e9 en cuir de veau de haute qualit\u00e9, connu pour sa texture lisse, son \u00e9lasticit\u00e9 et sa finition \u00e9l\u00e9gante. Ce cuir de veau de qualit\u00e9 sup\u00e9rieure offre non seulement un aspect luxueux, mais garantit \u00e9galement une usure durable, en s'adaptant parfaitement \u00e0 votre pied au fil du temps.<\/p>\n<p>En compl\u00e9ment de l'ext\u00e9rieur, la doublure int\u00e9rieure est fabriqu\u00e9e en cuir de ch\u00e8vre doux et respirant, offrant un confort exceptionnel et aidant \u00e0 garder vos pieds frais tout au long de la journ\u00e9e. Cette combinaison judicieuse de mat\u00e9riaux garantit une chaussure aussi agr\u00e9able \u00e0 porter qu'\u00e0 regarder, ce qui est un gage de qualit\u00e9 pour nous. <strong>Chaussures Oxford en cuir noir pour hommes<\/strong> par leur construction de qualit\u00e9 sup\u00e9rieure.<\/p>\n<p><h3>Confort in\u00e9gal\u00e9 gr\u00e2ce \u00e0 la technologie de la semelle EVA<\/h3>\n<\/p>\n<p>Contrairement aux chaussures de ville traditionnelles, nos <strong>Chaussures Oxford en cuir noir pour hommes<\/strong> sont dot\u00e9es d'une semelle EVA avanc\u00e9e. Ce mat\u00e9riau l\u00e9ger mais incroyablement durable offre un amorti et une flexibilit\u00e9 sup\u00e9rieurs, ce qui rend ces chaussures remarquablement confortables pendant de longues p\u00e9riodes. Dites adieu aux pieds fatigu\u00e9s \u00e0 la fin d'une longue journ\u00e9e.<\/p>\n<p>Le talon classique de 1 \u00e0 3 cm de hauteur ajoute \u00e0 la silhouette raffin\u00e9e sans compromettre le confort. Que vous naviguiez dans les rues de la ville ou que vous assistiez \u00e0 des pr\u00e9sentations importantes, la semelle en EVA offre une excellente absorption des chocs et un bon soutien, une caract\u00e9ristique cl\u00e9 qui distingue vraiment nos chaussures de la concurrence. <strong>Chaussures Oxford en cuir noir pour hommes<\/strong> de la concurrence.<\/p>\n<p><h3>Une polyvalence pour toutes les occasions et un avantage pour les commandes en gros<\/h3>\n<\/p>\n<p>La conception polyvalente de ces <strong>Chaussures Oxford en cuir noir pour hommes<\/strong> les rend adapt\u00e9es \u00e0 un large \u00e9ventail d'occasions. Associez-les \u00e0 un costume d'affaires pour un look professionnel soign\u00e9, ou habillez-les d'un pantalon \u00e9l\u00e9gant et d'un blazer pour un ensemble d\u00e9contract\u00e9 sophistiqu\u00e9. Disponibles dans une large gamme de tailles allant de l'UE 39 \u00e0 l'UE 45, nous garantissons un ajustement parfait pour chaque client.<\/p>\n<p>Investissez dans une paire de chaussures qui, en plus de rehausser votre style, vous apportera une qualit\u00e9 et un confort durables. Pour nos clients commerciaux, nous proposons des options d'achat en vrac int\u00e9ressantes avec une commande minimale de 8 paires, ce qui facilite l'approvisionnement de ces chaussures tr\u00e8s demand\u00e9es. <strong>Chaussures Oxford en cuir noir pour hommes<\/strong>.<\/p>\n<p>D\u00e9couvrez la fusion parfaite entre le style classique et le confort moderne gr\u00e2ce \u00e0 notre collection exceptionnelle de <strong>Chaussures Oxford en cuir noir pour hommes<\/strong> et d\u00e9couvrez pourquoi ils sont le choix pr\u00e9f\u00e9r\u00e9 des particuliers et des entreprises les plus exigeants.<\/p>","protected":false},"excerpt":{"rendered":"<ul>\n<li><strong>Surface ext\u00e9rieure :<\/strong> Cuir de veau de haute qualit\u00e9 pour une finition raffin\u00e9e<\/li>\n<li><strong>Doublure int\u00e9rieure :<\/strong> Cuir de ch\u00e8vre souple et respirant pour un confort sup\u00e9rieur<\/li>\n<li><strong>Mat\u00e9riau de la semelle :<\/strong> EVA l\u00e9ger et rembourr\u00e9 pour une utilisation tout au long de la journ\u00e9e<\/li>\n<li><strong>Hauteur du talon :<\/strong> Classique 1-3 cm pour une posture \u00e9l\u00e9gante<\/li>\n<li><strong>Tailles disponibles :<\/strong> UE 39, 40, 41, 42, 43, 44, 45<\/li>\n<li><strong>Disponibilit\u00e9 en vrac :<\/strong> Commande minimum de 8 paires - id\u00e9al pour les d\u00e9taillants et les grosses commandes<\/li>\n<li><strong>D\u00e9lai de livraison :<\/strong> 12 jours + frais de port pour un approvisionnement efficace<\/li>\n<\/ul>","protected":false},"featured_media":3724,"template":"","meta":{"_acf_changed":false,"_uag_custom_page_level_css":"","site-sidebar-layout":"default","site-content-layout":"","ast-site-content-layout":"default","site-content-style":"default","site-sidebar-style":"default","ast-global-header-display":"","ast-banner-title-visibility":"","ast-main-header-display":"","ast-hfb-above-header-display":"","ast-hfb-below-header-display":"","ast-hfb-mobile-header-display":"","site-post-title":"","ast-breadcrumbs-content":"","ast-featured-img":"","footer-sml-layout":"","ast-disable-related-posts":"","theme-transparent-header-meta":"","adv-header-id-meta":"","stick-header-meta":"","header-above-stick-meta":"","header-main-stick-meta":"","header-below-stick-meta":"","astra-migrate-meta-layouts":"default","ast-page-background-enabled":"default","ast-page-background-meta":{"desktop":{"background-color":"var(--ast-global-color-4)","background-image":"","background-repeat":"repeat","background-position":"center center","background-size":"auto","background-attachment":"scroll","background-type":"","background-media":"","overlay-type":"","overlay-color":"","overlay-opacity":"","overlay-gradient":""},"tablet":{"background-color":"","background-image":"","background-repeat":"repeat","background-position":"center center","background-size":"auto","background-attachment":"scroll","background-type":"","background-media":"","overlay-type":"","overlay-color":"","overlay-opacity":"","overlay-gradient":""},"mobile":{"background-color":"","background-image":"","background-repeat":"repeat","background-position":"center center","background-size":"auto","background-attachment":"scroll","background-type":"","background-media":"","overlay-type":"","overlay-color":"","overlay-opacity":"","overlay-gradient":""}},"ast-content-background-meta":{"desktop":{"background-color":"var(--ast-global-color-5)","background-image":"","background-repeat":"repeat","background-position":"center center","background-size":"auto","background-attachment":"scroll","background-type":"","background-media":"","overlay-type":"","overlay-color":"","overlay-opacity":"","overlay-gradient":""},"tablet":{"background-color":"var(--ast-global-color-5)","background-image":"","background-repeat":"repeat","background-position":"center center","background-size":"auto","background-attachment":"scroll","background-type":"","background-media":"","overlay-type":"","overlay-color":"","overlay-opacity":"","overlay-gradient":""},"mobile":{"background-color":"var(--ast-global-color-5)","background-image":"","background-repeat":"repeat","background-position":"center center","background-size":"auto","background-attachment":"scroll","background-type":"","background-media":"","overlay-type":"","overlay-color":"","overlay-opacity":"","overlay-gradient":""}}},"product_brand":[],"product_cat":[47,430,40],"product_tag":[196,629,405,185,458,754,181,287,201,314,189,766,324,204,632],"class_list":{"0":"post-5548","1":"product","2":"type-product","3":"status-publish","4":"has-post-thumbnail","6":"product_cat-classic","7":"product_cat-men","8":"product_cat-mens-shoes","9":"product_tag-black-leather-shoes","10":"product_tag-bulk-order-shoes","11":"product_tag-business-shoes","12":"product_tag-calf-leather-shoes","13":"product_tag-cap-toe-shoes","14":"product_tag-classic-mens-shoes","15":"product_tag-comfortable-dress-shoes","16":"product_tag-eva-sole-shoes","17":"product_tag-formal-footwear","18":"product_tag-formal-mens-shoes","19":"product_tag-goat-leather-lining","20":"product_tag-mens-black-leather-oxford-shoes","21":"product_tag-mens-dress-shoes","22":"product_tag-oxford-shoes","23":"product_tag-premium-leather-shoes","24":"desktop-align-center","25":"tablet-align-center","26":"mobile-align-center","28":"first","29":"instock","30":"shipping-taxable","31":"purchasable","32":"product-type-variable","33":"has-default-attributes"},"acf":[],"uagb_featured_image_src":{"full":["https:\/\/turkishtrade.co\/wp-content\/uploads\/2026\/01\/2400EJOMN00317-BLACK-B_980.png",453,250,false],"thumbnail":["https:\/\/turkishtrade.co\/wp-content\/uploads\/2026\/01\/2400EJOMN00317-BLACK-B_980.png",150,83,false],"medium":["https:\/\/turkishtrade.co\/wp-content\/uploads\/2026\/01\/2400EJOMN00317-BLACK-B_980.png",300,166,false],"medium_large":["https:\/\/turkishtrade.co\/wp-content\/uploads\/2026\/01\/2400EJOMN00317-BLACK-B_980.png",453,250,false],"large":["https:\/\/turkishtrade.co\/wp-content\/uploads\/2026\/01\/2400EJOMN00317-BLACK-B_980.png",453,250,false],"1536x1536":["https:\/\/turkishtrade.co\/wp-content\/uploads\/2026\/01\/2400EJOMN00317-BLACK-B_980.png",453,250,false],"2048x2048":["https:\/\/turkishtrade.co\/wp-content\/uploads\/2026\/01\/2400EJOMN00317-BLACK-B_980.png",453,250,false],"trp-custom-language-flag":["https:\/\/turkishtrade.co\/wp-content\/uploads\/2026\/01\/2400EJOMN00317-BLACK-B_980.png",18,10,false],"woocommerce_thumbnail":["https:\/\/turkishtrade.co\/wp-content\/uploads\/2026\/01\/2400EJOMN00317-BLACK-B_980-400x250.png",400,250,true],"woocommerce_single":["https:\/\/turkishtrade.co\/wp-content\/uploads\/2026\/01\/2400EJOMN00317-BLACK-B_980.png",453,250,false],"woocommerce_gallery_thumbnail":["https:\/\/turkishtrade.co\/wp-content\/uploads\/2026\/01\/2400EJOMN00317-BLACK-B_980-100x100.png",100,100,true]},"uagb_author_info":{"display_name":"yaser olabi","author_link":"https:\/\/turkishtrade.co\/fr\/author\/"},"uagb_comment_info":0,"uagb_excerpt":"Outer Surface: High-Quality Calf Leather for a refined finish Inner Lining: Soft and Breathable Goat Leather for superior comfort Sole Material: Lightweight and Cushioned EVA for all-day wear Heel Height: Classic 1-3 cm for elegant posture Available Sizes: EU 39, 40, 41, 42, 43, 44, 45 Bulk Availability: Minimum order of 8 pairs \u2013 ideal\u2026","_links":{"self":[{"href":"https:\/\/turkishtrade.co\/fr\/wp-json\/wp\/v2\/product\/5548","targetHints":{"allow":["GET"]}}],"collection":[{"href":"https:\/\/turkishtrade.co\/fr\/wp-json\/wp\/v2\/product"}],"about":[{"href":"https:\/\/turkishtrade.co\/fr\/wp-json\/wp\/v2\/types\/product"}],"wp:featuredmedia":[{"embeddable":true,"href":"https:\/\/turkishtrade.co\/fr\/wp-json\/wp\/v2\/media\/3724"}],"wp:attachment":[{"href":"https:\/\/turkishtrade.co\/fr\/wp-json\/wp\/v2\/media?parent=5548"}],"wp:term":[{"taxonomy":"product_brand","embeddable":true,"href":"https:\/\/turkishtrade.co\/fr\/wp-json\/wp\/v2\/product_brand?post=5548"},{"taxonomy":"product_cat","embeddable":true,"href":"https:\/\/turkishtrade.co\/fr\/wp-json\/wp\/v2\/product_cat?post=5548"},{"taxonomy":"product_tag","embeddable":true,"href":"https:\/\/turkishtrade.co\/fr\/wp-json\/wp\/v2\/product_tag?post=5548"}],"curies":[{"name":"wp","href":"https:\/\/api.w.org\/{rel}","templated":true}]}}