{"id":5546,"date":"2026-01-14T12:13:23","date_gmt":"2026-01-14T12:13:23","guid":{"rendered":"https:\/\/turkishtrade.co\/product\/mens-leather-derby-shoes-7\/"},"modified":"2026-04-09T19:31:10","modified_gmt":"2026-04-09T19:31:10","slug":"mens-leather-derby-shoes-7","status":"publish","type":"product","link":"https:\/\/turkishtrade.co\/fr\/shop\/mens-leather-derby-shoes-7\/","title":{"rendered":"Chaussures de derby en cuir marron de qualit\u00e9 sup\u00e9rieure pour hommes"},"content":{"rendered":"<p><strong>Chaussures derby en cuir pour hommes<\/strong><\/p>\n<p>\u00c9levez votre collection de chaussures gr\u00e2ce \u00e0 nos chaussures exquises. <b>Chaussures de derby en cuir marron de qualit\u00e9 sup\u00e9rieure pour hommes<\/b>, Ces chaussures de sport sont con\u00e7ues avec soin pour les hommes d'aujourd'hui. Ces v\u00eatements sophistiqu\u00e9s <b>chaussures derby en cuir pour hommes<\/b> allient harmonieusement un design classique et un confort contemporain, ce qui en fait un compl\u00e9ment indispensable \u00e0 toute garde-robe. Con\u00e7ue pour impressionner, chaque paire t\u00e9moigne d'une qualit\u00e9 de fabrication sup\u00e9rieure et d'une attention particuli\u00e8re aux d\u00e9tails, et promet de rehausser votre style pour les ann\u00e9es \u00e0 venir.<\/p>\n<p><h3>Un savoir-faire in\u00e9gal\u00e9 et des mat\u00e9riaux de premi\u00e8re qualit\u00e9<\/h3>\n<\/p>\n<p>Notre <b>chaussures derby en cuir pour hommes<\/b> sont fabriqu\u00e9s \u00e0 partir des mat\u00e9riaux les plus nobles pour garantir \u00e0 la fois le luxe et la long\u00e9vit\u00e9. L'ext\u00e9rieur est en cuir de veau riche et souple, connu pour sa texture lisse et sa remarquable durabilit\u00e9. Pour ajouter une touche distinctive, les panneaux lat\u00e9raux pr\u00e9sentent un \u00e9l\u00e9gant d\u00e9tail de cuir textur\u00e9, offrant un contraste subtil qui rehausse l'esth\u00e9tique g\u00e9n\u00e9rale.<\/p>\n<p>L'int\u00e9rieur est doubl\u00e9 de cuir de ch\u00e8vre souple et respirant, garantissant un confort exceptionnel et des propri\u00e9t\u00e9s d'\u00e9vacuation de l'humidit\u00e9, pour que vos pieds restent \u00e0 l'aise tout au long de la journ\u00e9e. Cette combinaison judicieuse de cuirs de qualit\u00e9 sup\u00e9rieure en dit long sur la qualit\u00e9 que vous obtiendrez avec ces chaussures exceptionnelles. <b>chaussures derby en cuir pour hommes<\/b>.<\/p>\n<p><h3>Confort et design pour chaque pas<\/h3>\n<\/p>\n<p>Au-del\u00e0 de leur aspect saisissant, ces <b>chaussures derby en cuir pour hommes<\/b> sont con\u00e7ues pour un confort ultime. La semelle innovante en EVA offre un amorti l\u00e9ger et une grande flexibilit\u00e9, absorbant les impacts \u00e0 chaque pas. Cette technologie de semelle moderne, associ\u00e9e \u00e0 une hauteur de talon classique de 1 \u00e0 3 cm, garantit la stabilit\u00e9 et la facilit\u00e9 de mouvement, que vous naviguiez dans les rues de la ville ou que vous restiez debout pendant de longues p\u00e9riodes.<\/p>\n<p>Le design classique \u00e0 lacets offre un ajustement s\u00fbr et ajustable, tandis que l'\u00e9l\u00e9gante forme du bout en amande offre beaucoup d'espace sans compromettre le style. Ces chaussures sont vraiment polyvalentes <b>chaussures derby en cuir pour hommes<\/b> qui donnent la priorit\u00e9 \u00e0 votre bien-\u00eatre.<\/p>\n<p><h3>Un style polyvalent pour toutes les occasions<\/h3>\n<\/p>\n<p>La teinte brune intemporelle et le design sophistiqu\u00e9 font de ces produits des objets d'exception. <b>chaussures derby en cuir pour hommes<\/b> incroyablement polyvalents. Elles conviennent parfaitement aux \u00e9v\u00e9nements formels, aux r\u00e9unions d'affaires importantes ou \u00e0 l'ajout d'une touche d'\u00e9l\u00e9gance raffin\u00e9e \u00e0 vos tenues d\u00e9contract\u00e9es. Associez-les sans effort \u00e0 un costume cintr\u00e9 pour un look de bureau raffin\u00e9, ou \u00e0 un pantalon chino et un blazer impeccable pour un ensemble sophistiqu\u00e9 le week-end.<\/p>\n<p>Notre <b>chaussures derby en cuir pour hommes<\/b> sont con\u00e7ues pour passer en douceur du jour \u00e0 la nuit, vous garantissant toujours une d\u00e9claration polie. Investissez dans une paire de <b>chaussures derby en cuir pour hommes<\/b> qui offrent \u00e0 la fois un style impeccable et une substance durable.<\/p>\n<p><h3>Commandes group\u00e9es et livraison fiable<\/h3>\n<\/p>\n<p>Pour les d\u00e9taillants ou les entreprises qui cherchent \u00e0 stocker des chaussures de haute qualit\u00e9, ces produits distingu\u00e9s sont les suivants <b>chaussures derby en cuir pour hommes<\/b> sont disponibles pour les commandes en gros avec une quantit\u00e9 minimale de 8 paires. Nous nous engageons \u00e0 fournir un service efficace, avec un d\u00e9lai de livraison rationalis\u00e9 de 12 jours plus les frais d'exp\u00e9dition, garantissant que votre commande arrive rapidement et de mani\u00e8re fiable. D\u00e9couvrez le m\u00e9lange parfait de tradition et d'innovation avec notre collection de chaussures en cuir pour hommes.<\/p>","protected":false},"excerpt":{"rendered":"<ul>\n<li><b>Mat\u00e9riaux de premi\u00e8re qualit\u00e9 :<\/b> Fabriqu\u00e9 avec un luxueux ext\u00e9rieur en cuir de veau et un int\u00e9rieur en cuir de ch\u00e8vre souple.<\/li>\n<li><b>Conception ax\u00e9e sur le confort :<\/b> Semelle EVA souple et l\u00e9g\u00e8re pour un confort tout au long de la journ\u00e9e.<\/li>\n<li><b>Style classique :<\/b> \u00c9l\u00e9gant derby marron \u00e0 lacets, convenant aussi bien aux tenues habill\u00e9es qu'aux tenues d\u00e9contract\u00e9es.<\/li>\n<li><b>Taille polyvalente :<\/b> Disponible en tailles 39, 40, 41, 42, 43, 44, 45.<\/li>\n<li><b>Hauteur du talon :<\/b> Talon classique de 1 \u00e0 3 cm pour un attrait et un confort intemporels.<\/li>\n<li><b>Disponibilit\u00e9 en vrac :<\/b> Quantit\u00e9 minimale de commande de 8 paires disponible pour la vente en gros.<\/li>\n<li><b>Livraison efficace :<\/b> Le d\u00e9lai de livraison est de 12 jours, plus le temps d'exp\u00e9dition.<\/li>\n<\/ul>","protected":false},"featured_media":3723,"template":"","meta":{"_acf_changed":false,"_uag_custom_page_level_css":"","site-sidebar-layout":"default","site-content-layout":"","ast-site-content-layout":"default","site-content-style":"default","site-sidebar-style":"default","ast-global-header-display":"","ast-banner-title-visibility":"","ast-main-header-display":"","ast-hfb-above-header-display":"","ast-hfb-below-header-display":"","ast-hfb-mobile-header-display":"","site-post-title":"","ast-breadcrumbs-content":"","ast-featured-img":"","footer-sml-layout":"","ast-disable-related-posts":"","theme-transparent-header-meta":"","adv-header-id-meta":"","stick-header-meta":"","header-above-stick-meta":"","header-main-stick-meta":"","header-below-stick-meta":"","astra-migrate-meta-layouts":"default","ast-page-background-enabled":"default","ast-page-background-meta":{"desktop":{"background-color":"var(--ast-global-color-4)","background-image":"","background-repeat":"repeat","background-position":"center center","background-size":"auto","background-attachment":"scroll","background-type":"","background-media":"","overlay-type":"","overlay-color":"","overlay-opacity":"","overlay-gradient":""},"tablet":{"background-color":"","background-image":"","background-repeat":"repeat","background-position":"center center","background-size":"auto","background-attachment":"scroll","background-type":"","background-media":"","overlay-type":"","overlay-color":"","overlay-opacity":"","overlay-gradient":""},"mobile":{"background-color":"","background-image":"","background-repeat":"repeat","background-position":"center center","background-size":"auto","background-attachment":"scroll","background-type":"","background-media":"","overlay-type":"","overlay-color":"","overlay-opacity":"","overlay-gradient":""}},"ast-content-background-meta":{"desktop":{"background-color":"var(--ast-global-color-5)","background-image":"","background-repeat":"repeat","background-position":"center center","background-size":"auto","background-attachment":"scroll","background-type":"","background-media":"","overlay-type":"","overlay-color":"","overlay-opacity":"","overlay-gradient":""},"tablet":{"background-color":"var(--ast-global-color-5)","background-image":"","background-repeat":"repeat","background-position":"center center","background-size":"auto","background-attachment":"scroll","background-type":"","background-media":"","overlay-type":"","overlay-color":"","overlay-opacity":"","overlay-gradient":""},"mobile":{"background-color":"var(--ast-global-color-5)","background-image":"","background-repeat":"repeat","background-position":"center center","background-size":"auto","background-attachment":"scroll","background-type":"","background-media":"","overlay-type":"","overlay-color":"","overlay-opacity":"","overlay-gradient":""}}},"product_brand":[],"product_cat":[47,430,40],"product_tag":[218,202,449,145,212,284,438,251,437,227,406,680],"class_list":{"0":"post-5546","1":"product","2":"type-product","3":"status-publish","4":"has-post-thumbnail","6":"product_cat-classic","7":"product_cat-men","8":"product_cat-mens-shoes","9":"product_tag-brown-shoes","10":"product_tag-calf-leather","11":"product_tag-casual-shoes","12":"product_tag-classic-shoes","13":"product_tag-derby-shoes","14":"product_tag-dress-shoes","15":"product_tag-eva-sole","16":"product_tag-formal-shoes","17":"product_tag-goat-leather","18":"product_tag-leather-shoes","19":"product_tag-premium-shoes","20":"product_tag-stylish-shoes","21":"desktop-align-center","22":"tablet-align-center","23":"mobile-align-center","25":"first","26":"instock","27":"shipping-taxable","28":"purchasable","29":"product-type-variable","30":"has-default-attributes"},"acf":[],"uagb_featured_image_src":{"full":["https:\/\/turkishtrade.co\/wp-content\/uploads\/2026\/01\/2400EJOMN00316-BURGUNDY-X_78-BDS-KAPLAMA-2-USD.png",453,250,false],"thumbnail":["https:\/\/turkishtrade.co\/wp-content\/uploads\/2026\/01\/2400EJOMN00316-BURGUNDY-X_78-BDS-KAPLAMA-2-USD-150x150.png",150,150,true],"medium":["https:\/\/turkishtrade.co\/wp-content\/uploads\/2026\/01\/2400EJOMN00316-BURGUNDY-X_78-BDS-KAPLAMA-2-USD-300x166.png",300,166,true],"medium_large":["https:\/\/turkishtrade.co\/wp-content\/uploads\/2026\/01\/2400EJOMN00316-BURGUNDY-X_78-BDS-KAPLAMA-2-USD.png",453,250,false],"large":["https:\/\/turkishtrade.co\/wp-content\/uploads\/2026\/01\/2400EJOMN00316-BURGUNDY-X_78-BDS-KAPLAMA-2-USD.png",453,250,false],"1536x1536":["https:\/\/turkishtrade.co\/wp-content\/uploads\/2026\/01\/2400EJOMN00316-BURGUNDY-X_78-BDS-KAPLAMA-2-USD.png",453,250,false],"2048x2048":["https:\/\/turkishtrade.co\/wp-content\/uploads\/2026\/01\/2400EJOMN00316-BURGUNDY-X_78-BDS-KAPLAMA-2-USD.png",453,250,false],"trp-custom-language-flag":["https:\/\/turkishtrade.co\/wp-content\/uploads\/2026\/01\/2400EJOMN00316-BURGUNDY-X_78-BDS-KAPLAMA-2-USD-18x10.png",18,10,true],"woocommerce_thumbnail":["https:\/\/turkishtrade.co\/wp-content\/uploads\/2026\/01\/2400EJOMN00316-BURGUNDY-X_78-BDS-KAPLAMA-2-USD-400x250.png",400,250,true],"woocommerce_single":["https:\/\/turkishtrade.co\/wp-content\/uploads\/2026\/01\/2400EJOMN00316-BURGUNDY-X_78-BDS-KAPLAMA-2-USD.png",453,250,false],"woocommerce_gallery_thumbnail":["https:\/\/turkishtrade.co\/wp-content\/uploads\/2026\/01\/2400EJOMN00316-BURGUNDY-X_78-BDS-KAPLAMA-2-USD-100x100.png",100,100,true]},"uagb_author_info":{"display_name":"yaser olabi","author_link":"https:\/\/turkishtrade.co\/fr\/author\/"},"uagb_comment_info":0,"uagb_excerpt":"Premium Materials: Crafted with a luxurious calf leather exterior and soft goat leather interior. Comfort-Focused Design: Features a flexible and lightweight EVA sole for all-day comfort. Classic Style: Elegant brown lace-up derby design, suitable for both formal and casual wear. Versatile Sizing: Available in sizes 39, 40, 41, 42, 43, 44, 45. Heel Height: Classic\u2026","_links":{"self":[{"href":"https:\/\/turkishtrade.co\/fr\/wp-json\/wp\/v2\/product\/5546","targetHints":{"allow":["GET"]}}],"collection":[{"href":"https:\/\/turkishtrade.co\/fr\/wp-json\/wp\/v2\/product"}],"about":[{"href":"https:\/\/turkishtrade.co\/fr\/wp-json\/wp\/v2\/types\/product"}],"wp:featuredmedia":[{"embeddable":true,"href":"https:\/\/turkishtrade.co\/fr\/wp-json\/wp\/v2\/media\/3723"}],"wp:attachment":[{"href":"https:\/\/turkishtrade.co\/fr\/wp-json\/wp\/v2\/media?parent=5546"}],"wp:term":[{"taxonomy":"product_brand","embeddable":true,"href":"https:\/\/turkishtrade.co\/fr\/wp-json\/wp\/v2\/product_brand?post=5546"},{"taxonomy":"product_cat","embeddable":true,"href":"https:\/\/turkishtrade.co\/fr\/wp-json\/wp\/v2\/product_cat?post=5546"},{"taxonomy":"product_tag","embeddable":true,"href":"https:\/\/turkishtrade.co\/fr\/wp-json\/wp\/v2\/product_tag?post=5546"}],"curies":[{"name":"wp","href":"https:\/\/api.w.org\/{rel}","templated":true}]}}