{"id":5544,"date":"2026-01-14T12:13:05","date_gmt":"2026-01-14T12:13:05","guid":{"rendered":"https:\/\/turkishtrade.co\/product\/men-blue-leather-loafer\/"},"modified":"2026-04-09T19:31:13","modified_gmt":"2026-04-09T19:31:13","slug":"mens-blue-leather-loafer","status":"publish","type":"product","link":"https:\/\/turkishtrade.co\/fr\/shop\/mens-blue-leather-loafer\/","title":{"rendered":"Mocassins classiques en cuir de veau bleu pour hommes"},"content":{"rendered":"<p><strong>Mocassins en cuir bleu pour hommes<\/strong><\/p>\n<p>\u00c9levez votre collection de chaussures gr\u00e2ce \u00e0 nos chaussures exquises. <b>Mocassins classiques en cuir de veau bleu pour hommes<\/b>. Con\u00e7u pour l'homme exigeant, ce mocassin allie harmonieusement style intemporel et confort moderne. Chaque d\u00e9tail de ce mocassin <b>mocassins en cuir bleu pour hommes<\/b> est m\u00e9ticuleusement fabriqu\u00e9e pour garantir une exp\u00e9rience de port sup\u00e9rieure et un look sophistiqu\u00e9.<\/p>\n<p><h3>Un confort et une qualit\u00e9 in\u00e9gal\u00e9s<\/h3>\n<\/p>\n<p>D\u00e9couvrez la diff\u00e9rence des mat\u00e9riaux authentiques. L'ext\u00e9rieur de cette remarquable chaussure est fabriqu\u00e9 en cuir de veau de qualit\u00e9 sup\u00e9rieure, connu pour sa texture douce, son toucher luxueux et sa durabilit\u00e9 impressionnante. Cela garantit \u00e0 votre <b>mocassins en cuir bleu pour hommes<\/b> ne sera pas seulement magnifique, mais r\u00e9sistera \u00e9galement \u00e0 l'\u00e9preuve du temps.<\/p>\n<p>\u00c0 l'int\u00e9rieur, vos pieds seront berc\u00e9s par la douce \u00e9treinte de la doublure en cuir de ch\u00e8vre, offrant une respirabilit\u00e9 exceptionnelle et un ajustement doux et confortable qui se moule \u00e0 votre pied \u00e0 chaque usure. La semelle l\u00e9g\u00e8re en EVA offre un excellent amorti et un bon soutien, ce qui rend ces mocassins classiques parfaits pour un usage prolong\u00e9, que vous naviguiez dans les rues de la ville ou que vous profitiez d'un week-end d\u00e9contract\u00e9.<\/p>\n<p><h3>Un style intemporel pour toutes les occasions<\/h3>\n<\/p>\n<p>Le design classique de cette <b>mocassins en cuir bleu pour hommes<\/b> en fait un compl\u00e9ment incroyablement polyvalent \u00e0 toute garde-robe. Sa teinte bleue \u00e9l\u00e9gante ajoute une touche de sophistication unique sans compromettre son attrait traditionnel. Dot\u00e9 d'un talon confortable de 1 \u00e0 3 cm, il est id\u00e9al pour toutes sortes d'environnements, qu'il s'agisse d'un bureau \u00e9l\u00e9gant et d\u00e9contract\u00e9, d'une sortie le week-end ou d'un \u00e9v\u00e9nement en soir\u00e9e.<\/p>\n<p>Associez-les \u00e0 un pantalon chino pour un look d\u00e9contract\u00e9 et \u00e9l\u00e9gant, ou \u00e0 un pantalon de tailleur pour un ensemble plus raffin\u00e9. Il ne s'agit pas seulement d'une chaussure, mais d'une d\u00e9claration de style et d'un investissement dans une qualit\u00e9 durable.<\/p>\n<p><h3>Artisanat et commodit\u00e9<\/h3>\n<\/p>\n<p>Chaque paire de ces <b>mocassins en cuir bleu pour hommes<\/b> Les chaussures de qualit\u00e9 sup\u00e9rieure refl\u00e8tent un savoir-faire sup\u00e9rieur et une attention particuli\u00e8re aux d\u00e9tails, promettant un produit qui n'est pas seulement beau, mais aussi agr\u00e9able \u00e0 porter. Nous proposons ces chaussures haut de gamme dans des pointures allant du 39 au 45, ce qui permet \u00e0 chaque client de trouver la chaussure qui lui convient. Pour les d\u00e9taillants et les entreprises, ces mocassins exceptionnels sont disponibles pour des achats en gros avec une commande minimum de 8 paires.<\/p>\n<p>Avec un d\u00e9lai de livraison efficace de 12 jours plus les frais d'exp\u00e9dition, vous pouvez rapidement vous approvisionner en ce produit tr\u00e8s recherch\u00e9. <b>mocassins en cuir bleu pour hommes<\/b> et offrez \u00e0 vos clients un produit qu'ils adoreront.<\/p>\n<p>Investissez dans le confort, la qualit\u00e9 et un style ind\u00e9niable avec nos mocassins en cuir de veau bleu.<\/p>","protected":false},"excerpt":{"rendered":"<ul>\n<li><b>Mat\u00e9riaux de premi\u00e8re qualit\u00e9 :<\/b> L'ext\u00e9rieur est en cuir de veau luxueux et l'int\u00e9rieur en cuir de ch\u00e8vre souple pour un confort et une durabilit\u00e9 ultimes.<\/li>\n<li><b>L\u00e9ger et confortable :<\/b> Dot\u00e9 d'une semelle en EVA et d'un talon classique de 1 \u00e0 3 cm de hauteur, il offre un confort exceptionnel tout au long de la journ\u00e9e.<\/li>\n<li><b>Design classique :<\/b> Un mocassin intemporel dans une \u00e9l\u00e9gante teinte bleue, parfait pour les occasions d\u00e9contract\u00e9es et \u00e9l\u00e9gantes.<\/li>\n<li><b>Tailles disponibles :<\/b> Propos\u00e9 dans une gamme compl\u00e8te allant de 39 \u00e0 45 pour garantir un ajustement parfait.<\/li>\n<li><b>Disponibilit\u00e9 en vrac :<\/b> Commande minimum de 8 paires, avec un d\u00e9lai de livraison estim\u00e9 \u00e0 12 jours plus les frais de port.<\/li>\n<\/ul>","protected":false},"featured_media":3722,"template":"","meta":{"_acf_changed":false,"_uag_custom_page_level_css":"","site-sidebar-layout":"default","site-content-layout":"","ast-site-content-layout":"default","site-content-style":"default","site-sidebar-style":"default","ast-global-header-display":"","ast-banner-title-visibility":"","ast-main-header-display":"","ast-hfb-above-header-display":"","ast-hfb-below-header-display":"","ast-hfb-mobile-header-display":"","site-post-title":"","ast-breadcrumbs-content":"","ast-featured-img":"","footer-sml-layout":"","ast-disable-related-posts":"","theme-transparent-header-meta":"","adv-header-id-meta":"","stick-header-meta":"","header-above-stick-meta":"","header-main-stick-meta":"","header-below-stick-meta":"","astra-migrate-meta-layouts":"default","ast-page-background-enabled":"default","ast-page-background-meta":{"desktop":{"background-color":"var(--ast-global-color-4)","background-image":"","background-repeat":"repeat","background-position":"center center","background-size":"auto","background-attachment":"scroll","background-type":"","background-media":"","overlay-type":"","overlay-color":"","overlay-opacity":"","overlay-gradient":""},"tablet":{"background-color":"","background-image":"","background-repeat":"repeat","background-position":"center center","background-size":"auto","background-attachment":"scroll","background-type":"","background-media":"","overlay-type":"","overlay-color":"","overlay-opacity":"","overlay-gradient":""},"mobile":{"background-color":"","background-image":"","background-repeat":"repeat","background-position":"center center","background-size":"auto","background-attachment":"scroll","background-type":"","background-media":"","overlay-type":"","overlay-color":"","overlay-opacity":"","overlay-gradient":""}},"ast-content-background-meta":{"desktop":{"background-color":"var(--ast-global-color-5)","background-image":"","background-repeat":"repeat","background-position":"center center","background-size":"auto","background-attachment":"scroll","background-type":"","background-media":"","overlay-type":"","overlay-color":"","overlay-opacity":"","overlay-gradient":""},"tablet":{"background-color":"var(--ast-global-color-5)","background-image":"","background-repeat":"repeat","background-position":"center center","background-size":"auto","background-attachment":"scroll","background-type":"","background-media":"","overlay-type":"","overlay-color":"","overlay-opacity":"","overlay-gradient":""},"mobile":{"background-color":"var(--ast-global-color-5)","background-image":"","background-repeat":"repeat","background-position":"center center","background-size":"auto","background-attachment":"scroll","background-type":"","background-media":"","overlay-type":"","overlay-color":"","overlay-opacity":"","overlay-gradient":""}}},"product_brand":[],"product_cat":[47,430,40],"product_tag":[635,957,566,512,145,220,438,556,215,843,186,374,955,184],"class_list":{"0":"post-5544","1":"product","2":"type-product","3":"status-publish","4":"has-post-thumbnail","6":"product_cat-classic","7":"product_cat-men","8":"product_cat-mens-shoes","9":"product_tag-blue-loafers","10":"product_tag-blue-slip-ons","11":"product_tag-calfskin-shoes","12":"product_tag-casual-loafers","13":"product_tag-classic-shoes","14":"product_tag-comfortable-loafers","15":"product_tag-eva-sole","16":"product_tag-goatskin-lining","17":"product_tag-leather-loafers","18":"product_tag-mens-classic-shoes","19":"product_tag-mens-loafers","20":"product_tag-premium-loafers","21":"product_tag-quality-loafers","22":"product_tag-slip-on-shoes","23":"desktop-align-center","24":"tablet-align-center","25":"mobile-align-center","27":"first","28":"instock","29":"shipping-taxable","30":"purchasable","31":"product-type-variable","32":"has-default-attributes"},"acf":[],"uagb_featured_image_src":{"full":["https:\/\/turkishtrade.co\/wp-content\/uploads\/2026\/01\/2400EJOMN00315-DARK-BLUE-Z_303.png",453,250,false],"thumbnail":["https:\/\/turkishtrade.co\/wp-content\/uploads\/2026\/01\/2400EJOMN00315-DARK-BLUE-Z_303-150x150.png",150,150,true],"medium":["https:\/\/turkishtrade.co\/wp-content\/uploads\/2026\/01\/2400EJOMN00315-DARK-BLUE-Z_303-300x166.png",300,166,true],"medium_large":["https:\/\/turkishtrade.co\/wp-content\/uploads\/2026\/01\/2400EJOMN00315-DARK-BLUE-Z_303.png",453,250,false],"large":["https:\/\/turkishtrade.co\/wp-content\/uploads\/2026\/01\/2400EJOMN00315-DARK-BLUE-Z_303.png",453,250,false],"1536x1536":["https:\/\/turkishtrade.co\/wp-content\/uploads\/2026\/01\/2400EJOMN00315-DARK-BLUE-Z_303.png",453,250,false],"2048x2048":["https:\/\/turkishtrade.co\/wp-content\/uploads\/2026\/01\/2400EJOMN00315-DARK-BLUE-Z_303.png",453,250,false],"trp-custom-language-flag":["https:\/\/turkishtrade.co\/wp-content\/uploads\/2026\/01\/2400EJOMN00315-DARK-BLUE-Z_303-18x10.png",18,10,true],"woocommerce_thumbnail":["https:\/\/turkishtrade.co\/wp-content\/uploads\/2026\/01\/2400EJOMN00315-DARK-BLUE-Z_303-400x250.png",400,250,true],"woocommerce_single":["https:\/\/turkishtrade.co\/wp-content\/uploads\/2026\/01\/2400EJOMN00315-DARK-BLUE-Z_303.png",453,250,false],"woocommerce_gallery_thumbnail":["https:\/\/turkishtrade.co\/wp-content\/uploads\/2026\/01\/2400EJOMN00315-DARK-BLUE-Z_303-100x100.png",100,100,true]},"uagb_author_info":{"display_name":"yaser olabi","author_link":"https:\/\/turkishtrade.co\/fr\/author\/"},"uagb_comment_info":0,"uagb_excerpt":"Premium Materials: Crafted with a luxurious calfskin leather exterior and supple goatskin leather interior for ultimate comfort and durability. Lightweight &amp; Comfortable: Features an EVA sole and a classic 1-3 cm heel height, offering exceptional comfort for all-day wear. Classic Design: A timeless loafer style in an elegant blue hue, perfect for both casual and\u2026","_links":{"self":[{"href":"https:\/\/turkishtrade.co\/fr\/wp-json\/wp\/v2\/product\/5544","targetHints":{"allow":["GET"]}}],"collection":[{"href":"https:\/\/turkishtrade.co\/fr\/wp-json\/wp\/v2\/product"}],"about":[{"href":"https:\/\/turkishtrade.co\/fr\/wp-json\/wp\/v2\/types\/product"}],"wp:featuredmedia":[{"embeddable":true,"href":"https:\/\/turkishtrade.co\/fr\/wp-json\/wp\/v2\/media\/3722"}],"wp:attachment":[{"href":"https:\/\/turkishtrade.co\/fr\/wp-json\/wp\/v2\/media?parent=5544"}],"wp:term":[{"taxonomy":"product_brand","embeddable":true,"href":"https:\/\/turkishtrade.co\/fr\/wp-json\/wp\/v2\/product_brand?post=5544"},{"taxonomy":"product_cat","embeddable":true,"href":"https:\/\/turkishtrade.co\/fr\/wp-json\/wp\/v2\/product_cat?post=5544"},{"taxonomy":"product_tag","embeddable":true,"href":"https:\/\/turkishtrade.co\/fr\/wp-json\/wp\/v2\/product_tag?post=5544"}],"curies":[{"name":"wp","href":"https:\/\/api.w.org\/{rel}","templated":true}]}}