{"id":5542,"date":"2026-01-14T12:12:49","date_gmt":"2026-01-14T12:12:49","guid":{"rendered":"https:\/\/turkishtrade.co\/product\/black-leather-tassel-loafers-2\/"},"modified":"2026-04-09T19:31:16","modified_gmt":"2026-04-09T19:31:16","slug":"black-leather-tassel-loafers-2","status":"publish","type":"product","link":"https:\/\/turkishtrade.co\/fr\/shop\/black-leather-tassel-loafers-2\/","title":{"rendered":"Mocassins \u00e0 glands en cuir noir de qualit\u00e9 sup\u00e9rieure pour hommes, avec d\u00e9tails de broderie"},"content":{"rendered":"<p><strong>mocassins \u00e0 glands en cuir noir<\/strong><\/p>\n<p>\u00c9levez votre collection de chaussures gr\u00e2ce \u00e0 nos chaussures exquises. <strong>Mocassins \u00e0 glands en cuir noir<\/strong>, Ces mocassins ont \u00e9t\u00e9 con\u00e7us avec le plus grand soin pour les hommes exigeants. Ces mocassins haut de gamme allient harmonieusement sophistication classique et confort contemporain, ce qui en fait un compl\u00e9ment indispensable \u00e0 toute garde-robe. Fabriqu\u00e9s avec une attention exceptionnelle aux d\u00e9tails, nos mocassins de qualit\u00e9 sup\u00e9rieure allient sophistication classique et confort contemporain. <strong>Mocassins \u00e0 glands en cuir noir<\/strong> sont plus que de simples chaussures ; elles sont l'expression d'un go\u00fbt raffin\u00e9 et d'un style durable.<\/p>\n<p><h3>Un savoir-faire in\u00e9gal\u00e9 et des mat\u00e9riaux de premi\u00e8re qualit\u00e9<\/h3>\n<\/p>\n<p>Faites l'exp\u00e9rience du luxe \u00e0 partir de la base \u00e0 chaque pas que vous faites dans nos mocassins. La surface ext\u00e9rieure de ces remarquables <strong>Mocassins \u00e0 glands en cuir noir<\/strong> Il est r\u00e9alis\u00e9 en cuir de veau de haute qualit\u00e9 et pr\u00e9sente une \u00e9l\u00e9gante combinaison de cuir verni sur le bout et les c\u00f4t\u00e9s, parfaitement compl\u00e9t\u00e9e par une finition textur\u00e9e distinctive sur l'empeigne.<\/p>\n<p>Ce riche m\u00e9lange de textures, associ\u00e9 \u00e0 des d\u00e9tails brogue raffin\u00e9s, cr\u00e9e une chaussure visuellement captivante qui se d\u00e9marque vraiment. \u00c0 l'int\u00e9rieur, vos pieds seront berc\u00e9s par la douceur supr\u00eame de la doublure en cuir de ch\u00e8vre v\u00e9ritable, r\u00e9put\u00e9e pour sa respirabilit\u00e9 et son confort exceptionnels, garantissant une exp\u00e9rience de port agr\u00e9able m\u00eame pendant des p\u00e9riodes prolong\u00e9es.<\/p>\n<p>La semelle en EVA, \u00e0 la fois robuste et l\u00e9g\u00e8re, offre un amorti sup\u00e9rieur, une grande souplesse et une adh\u00e9rence exceptionnelle, ce qui fait de ces chaussures des outils de choix. <strong>Mocassins \u00e0 glands en cuir noir<\/strong> id\u00e9al pour les excursions urbaines et les environnements plus d\u00e9contract\u00e9s.<\/p>\n<p><h3>Le style rencontre la polyvalence : Le mocassin parfait pour toutes les occasions<\/h3>\n<\/p>\n<p>Notre <strong>Mocassins \u00e0 glands en cuir noir<\/strong> t\u00e9moignent d'un style polyvalent. L'\u00e9l\u00e9gant pompon ajoute une touche de charme traditionnel, tandis que la semelle contemporaine en EVA offre une touche moderne et d\u00e9contract\u00e9e. Que vous vous habilliez pour une r\u00e9union d'affaires d\u00e9contract\u00e9e, une soir\u00e9e ou un week-end chic, ces mocassins compl\u00e8teront votre ensemble sans effort.<\/p>\n<p>Elles se marient parfaitement avec des pantalons ajust\u00e9s, des chinos ou m\u00eame des jeans de qualit\u00e9 sup\u00e9rieure, ce qui en fait un v\u00e9ritable cam\u00e9l\u00e9on de la garde-robe. La teinte noire classique leur conf\u00e8re un attrait intemporel et leur permet de s'int\u00e9grer facilement \u00e0 un large \u00e9ventail de tenues. Investissez dans une paire de <strong>Mocassins \u00e0 glands en cuir noir<\/strong> qui promet \u00e0 la fois un style durable et un confort exceptionnel pour les ann\u00e9es \u00e0 venir.<\/p>\n<p><h3>Con\u00e7u pour le confort, construit pour la durabilit\u00e9<\/h3>\n<\/p>\n<p>Nous savons que le confort est primordial dans les chaussures pour hommes. C'est pourquoi chaque aspect de ces <strong>Mocassins \u00e0 glands en cuir noir<\/strong> a \u00e9t\u00e9 con\u00e7ue pour une portabilit\u00e9 sup\u00e9rieure. L'int\u00e9rieur en cuir de ch\u00e8vre souple se moule \u00e0 votre pied au fil du temps, offrant un ajustement personnalis\u00e9, tandis que la semelle en EVA amortissant les chocs minimise la fatigue, vous permettant de rester debout plus longtemps.<\/p>\n<p>Avec des tailles allant du 39 au 45, nous garantissons un ajustement parfait pour un large \u00e9ventail de pr\u00e9f\u00e9rences. Ces mocassins ne sont pas seulement con\u00e7us pour le style, ils sont con\u00e7us pour durer, offrant une durabilit\u00e9 remarquable qui r\u00e9siste aux rigueurs de l'usure quotidienne tout en conservant leur apparence sophistiqu\u00e9e. Pour les demandes de vente en gros, veuillez noter qu'une quantit\u00e9 minimale de 8 paires est requise, ce qui vous permettra de vous approvisionner en ces mocassins tr\u00e8s convoit\u00e9s. <strong>Mocassins \u00e0 glands en cuir noir<\/strong> pour votre client\u00e8le.<\/p>\n<p>D\u00e9couvrez le m\u00e9lange ultime d'\u00e9l\u00e9gance, de confort et de durabilit\u00e9 avec nos chaussures pour hommes exceptionnelles.<\/p>","protected":false},"excerpt":{"rendered":"<ul>\n<li>Ext\u00e9rieur en cuir de veau de premi\u00e8re qualit\u00e9 avec d'\u00e9l\u00e9gantes finitions vernies et textur\u00e9es.<\/li>\n<li>Int\u00e9rieur en cuir de ch\u00e8vre souple et respirant pour un confort optimal tout au long de la journ\u00e9e.<\/li>\n<li>La semelle EVA durable et l\u00e9g\u00e8re offre une excellente adh\u00e9rence et un bon maintien.<\/li>\n<li>Gland classique et d\u00e9tails de broderie pour un look sophistiqu\u00e9.<\/li>\n<li>Disponible dans une large gamme de tailles allant de 39 \u00e0 45.<\/li>\n<li>Quantit\u00e9 minimale de commande : 8 paires, id\u00e9al pour les achats en gros et en masse.<\/li>\n<\/ul>","protected":false},"featured_media":4101,"template":"","meta":{"_acf_changed":false,"_uag_custom_page_level_css":"","site-sidebar-layout":"default","site-content-layout":"","ast-site-content-layout":"default","site-content-style":"default","site-sidebar-style":"default","ast-global-header-display":"","ast-banner-title-visibility":"","ast-main-header-display":"","ast-hfb-above-header-display":"","ast-hfb-below-header-display":"","ast-hfb-mobile-header-display":"","site-post-title":"","ast-breadcrumbs-content":"","ast-featured-img":"","footer-sml-layout":"","ast-disable-related-posts":"","theme-transparent-header-meta":"","adv-header-id-meta":"","stick-header-meta":"","header-above-stick-meta":"","header-main-stick-meta":"","header-below-stick-meta":"","astra-migrate-meta-layouts":"default","ast-page-background-enabled":"default","ast-page-background-meta":{"desktop":{"background-color":"var(--ast-global-color-4)","background-image":"","background-repeat":"repeat","background-position":"center center","background-size":"auto","background-attachment":"scroll","background-type":"","background-media":"","overlay-type":"","overlay-color":"","overlay-opacity":"","overlay-gradient":""},"tablet":{"background-color":"","background-image":"","background-repeat":"repeat","background-position":"center center","background-size":"auto","background-attachment":"scroll","background-type":"","background-media":"","overlay-type":"","overlay-color":"","overlay-opacity":"","overlay-gradient":""},"mobile":{"background-color":"","background-image":"","background-repeat":"repeat","background-position":"center center","background-size":"auto","background-attachment":"scroll","background-type":"","background-media":"","overlay-type":"","overlay-color":"","overlay-opacity":"","overlay-gradient":""}},"ast-content-background-meta":{"desktop":{"background-color":"var(--ast-global-color-5)","background-image":"","background-repeat":"repeat","background-position":"center center","background-size":"auto","background-attachment":"scroll","background-type":"","background-media":"","overlay-type":"","overlay-color":"","overlay-opacity":"","overlay-gradient":""},"tablet":{"background-color":"var(--ast-global-color-5)","background-image":"","background-repeat":"repeat","background-position":"center center","background-size":"auto","background-attachment":"scroll","background-type":"","background-media":"","overlay-type":"","overlay-color":"","overlay-opacity":"","overlay-gradient":""},"mobile":{"background-color":"var(--ast-global-color-5)","background-image":"","background-repeat":"repeat","background-position":"center center","background-size":"auto","background-attachment":"scroll","background-type":"","background-media":"","overlay-type":"","overlay-color":"","overlay-opacity":"","overlay-gradient":""}}},"product_brand":[],"product_cat":[48,47,49,430,40],"product_tag":[370,799,202,512,284,438,487,251,437,215,198,186,210,349],"class_list":{"0":"post-5542","1":"product","2":"type-product","3":"status-publish","4":"has-post-thumbnail","6":"product_cat-casual","7":"product_cat-classic","8":"product_cat-loafer","9":"product_cat-men","10":"product_cat-mens-shoes","11":"product_tag-black-loafers","12":"product_tag-brogue-loafers","13":"product_tag-calf-leather","14":"product_tag-casual-loafers","15":"product_tag-dress-shoes","16":"product_tag-eva-sole","17":"product_tag-footwear","18":"product_tag-formal-shoes","19":"product_tag-goat-leather","20":"product_tag-leather-loafers","21":"product_tag-mens-fashion","22":"product_tag-mens-loafers","23":"product_tag-smart-casual","24":"product_tag-tassel-loafers","25":"desktop-align-center","26":"tablet-align-center","27":"mobile-align-center","29":"first","30":"instock","31":"shipping-taxable","32":"purchasable","33":"product-type-variable","34":"has-default-attributes"},"acf":[],"uagb_featured_image_src":{"full":["https:\/\/turkishtrade.co\/wp-content\/uploads\/2026\/01\/2400EJOMN00314-BLACK-X_131.png",453,250,false],"thumbnail":["https:\/\/turkishtrade.co\/wp-content\/uploads\/2026\/01\/2400EJOMN00314-BLACK-X_131-150x150.png",150,150,true],"medium":["https:\/\/turkishtrade.co\/wp-content\/uploads\/2026\/01\/2400EJOMN00314-BLACK-X_131-300x166.png",300,166,true],"medium_large":["https:\/\/turkishtrade.co\/wp-content\/uploads\/2026\/01\/2400EJOMN00314-BLACK-X_131.png",453,250,false],"large":["https:\/\/turkishtrade.co\/wp-content\/uploads\/2026\/01\/2400EJOMN00314-BLACK-X_131.png",453,250,false],"1536x1536":["https:\/\/turkishtrade.co\/wp-content\/uploads\/2026\/01\/2400EJOMN00314-BLACK-X_131.png",453,250,false],"2048x2048":["https:\/\/turkishtrade.co\/wp-content\/uploads\/2026\/01\/2400EJOMN00314-BLACK-X_131.png",453,250,false],"trp-custom-language-flag":["https:\/\/turkishtrade.co\/wp-content\/uploads\/2026\/01\/2400EJOMN00314-BLACK-X_131-18x10.png",18,10,true],"woocommerce_thumbnail":["https:\/\/turkishtrade.co\/wp-content\/uploads\/2026\/01\/2400EJOMN00314-BLACK-X_131-400x250.png",400,250,true],"woocommerce_single":["https:\/\/turkishtrade.co\/wp-content\/uploads\/2026\/01\/2400EJOMN00314-BLACK-X_131.png",453,250,false],"woocommerce_gallery_thumbnail":["https:\/\/turkishtrade.co\/wp-content\/uploads\/2026\/01\/2400EJOMN00314-BLACK-X_131-100x100.png",100,100,true]},"uagb_author_info":{"display_name":"yaser olabi","author_link":"https:\/\/turkishtrade.co\/fr\/author\/"},"uagb_comment_info":0,"uagb_excerpt":"Premium calf leather exterior featuring elegant patent and textured finishes. Soft and breathable goat leather interior for ultimate comfort throughout the day. Durable and lightweight EVA sole provides excellent traction and support. Classic tassel and intricate brogue detailing for a sophisticated look. Available in a comprehensive range of sizes from 39 to 45. Minimum order\u2026","_links":{"self":[{"href":"https:\/\/turkishtrade.co\/fr\/wp-json\/wp\/v2\/product\/5542","targetHints":{"allow":["GET"]}}],"collection":[{"href":"https:\/\/turkishtrade.co\/fr\/wp-json\/wp\/v2\/product"}],"about":[{"href":"https:\/\/turkishtrade.co\/fr\/wp-json\/wp\/v2\/types\/product"}],"wp:featuredmedia":[{"embeddable":true,"href":"https:\/\/turkishtrade.co\/fr\/wp-json\/wp\/v2\/media\/4101"}],"wp:attachment":[{"href":"https:\/\/turkishtrade.co\/fr\/wp-json\/wp\/v2\/media?parent=5542"}],"wp:term":[{"taxonomy":"product_brand","embeddable":true,"href":"https:\/\/turkishtrade.co\/fr\/wp-json\/wp\/v2\/product_brand?post=5542"},{"taxonomy":"product_cat","embeddable":true,"href":"https:\/\/turkishtrade.co\/fr\/wp-json\/wp\/v2\/product_cat?post=5542"},{"taxonomy":"product_tag","embeddable":true,"href":"https:\/\/turkishtrade.co\/fr\/wp-json\/wp\/v2\/product_tag?post=5542"}],"curies":[{"name":"wp","href":"https:\/\/api.w.org\/{rel}","templated":true}]}}