{"id":5531,"date":"2026-01-14T12:11:36","date_gmt":"2026-01-14T12:11:36","guid":{"rendered":"https:\/\/turkishtrade.co\/product\/men-classic-leather-penny-loafers\/"},"modified":"2026-04-09T19:31:37","modified_gmt":"2026-04-09T19:31:37","slug":"mens-classic-leather-penny-loafers","status":"publish","type":"product","link":"https:\/\/turkishtrade.co\/fr\/shop\/mens-classic-leather-penny-loafers\/","title":{"rendered":"Mocassins classiques en cuir pour hommes"},"content":{"rendered":"<p><strong>Mocassins classiques en cuir pour hommes<\/strong><\/p>\n<p>Profitez d'un confort in\u00e9gal\u00e9 et d'un style intemporel gr\u00e2ce \u00e0 nos produits de qualit\u00e9 sup\u00e9rieure. <b>Mocassins classiques en cuir pour hommes<\/b>. Con\u00e7us pour l'homme moderne, ces mocassins allient un design traditionnel \u00e0 un confort contemporain, ce qui en fait un compl\u00e9ment indispensable \u00e0 toute garde-robe exigeante. Chaque paire de <b>Mocassins classiques en cuir pour hommes<\/b> est un t\u00e9moignage de savoir-faire sup\u00e9rieur, con\u00e7u pour offrir \u00e0 la fois \u00e9l\u00e9gance et durabilit\u00e9.<\/p>\n<p>L'aspect ext\u00e9rieur de ces v\u00e9hicules d'exception <b>Mocassins classiques en cuir pour hommes<\/b> se compose de cuir de veau de qualit\u00e9 sup\u00e9rieure, r\u00e9put\u00e9 pour sa texture lisse, son \u00e9lasticit\u00e9 et son aspect sophistiqu\u00e9. Ce cuir de veau de qualit\u00e9 sup\u00e9rieure n'a pas seulement un aspect luxueux, il se moule \u00e9galement \u00e0 vos pieds au fil du temps, offrant ainsi un ajustement sur mesure. Pour compl\u00e9ter l'ext\u00e9rieur robuste, l'int\u00e9rieur est doubl\u00e9 de cuir de ch\u00e8vre incroyablement doux.<\/p>\n<p>Ce choix judicieux de la mati\u00e8re garantit une bonne respirabilit\u00e9 et une sensation de douceur sur la peau, \u00e9vitant ainsi tout inconfort m\u00eame apr\u00e8s un port prolong\u00e9.<\/p>\n<p>En dessous, la semelle EVA, \u00e0 la fois l\u00e9g\u00e8re et robuste, offre une excellente absorption des chocs et une grande flexibilit\u00e9. Cette semelle innovante offre une traction optimale et un confort durable. <b>Mocassins classiques en cuir pour hommes<\/b> parfaites pour un usage quotidien, que ce soit pour naviguer dans les rues de la ville ou pour profiter d'un week-end d\u00e9contract\u00e9. La faible hauteur du talon (1-3 cm, style mocassin classique) contribue \u00e0 leur confort et \u00e0 leur facilit\u00e9 d'utilisation.<\/p>\n<p><h3>Style intemporel et polyvalence<\/h3>\n<\/p>\n<p>La silhouette embl\u00e9matique du penny loafer offre une esth\u00e9tique polyvalente qui passe sans probl\u00e8me des sorties d\u00e9contract\u00e9es aux \u00e9v\u00e9nements plus chic et d\u00e9contract\u00e9s. Disponibles en noir classique et dans une riche teinte bordeaux, ces <b>Mocassins classiques en cuir pour hommes<\/b> se marient sans effort avec tout type de v\u00eatement, du pantalon de tailleur au blazer en passant par le pantalon chino et le jean. Ils incarnent une sophistication sans effort qui ne se d\u00e9mode jamais.<\/p>\n<p>Nous proposons une gamme compl\u00e8te de tailles allant du 39 au 45, garantissant un ajustement parfait pour un large \u00e9ventail de clients.<\/p>\n<p><h3>Opportunit\u00e9 de vente en gros pour les entreprises<\/h3>\n<\/p>\n<p>Pour les d\u00e9taillants et les entreprises \u00e0 la recherche de chaussures de haute qualit\u00e9, nos <b>Mocassins classiques en cuir pour hommes<\/b> sont disponibles \u00e0 l'achat en gros. Avec une quantit\u00e9 minimale de commande de seulement 8 paires, vous pouvez facilement vous approvisionner en ces mocassins \u00e0 succ\u00e8s. Nous sommes fiers de notre service efficace, avec un d\u00e9lai de livraison typique de 12 jours plus les frais d'exp\u00e9dition, ce qui garantit que votre commande arrive rapidement. Rehaussez votre inventaire avec ces mocassins en cuir classiques, confortables et recherch\u00e9s.<\/p>","protected":false},"excerpt":{"rendered":"<ul>\n<li>Tige en cuir de veau exquis pour un aspect et un toucher de qualit\u00e9 sup\u00e9rieure<\/li>\n<li>La doublure en cuir de ch\u00e8vre souple assure un confort tout au long de la journ\u00e9e.<\/li>\n<li>Semelle EVA l\u00e9g\u00e8re et durable pour une traction et un soutien excellents<\/li>\n<li>Mocassins classiques convenant \u00e0 diverses occasions<\/li>\n<li>Disponible en noir polyvalent et en riche bourgogne<\/li>\n<li>Tailles allant de 39 \u00e0 45 pour s'adapter \u00e0 la plupart des pieds<\/li>\n<li>Quantit\u00e9 minimale de commande : 8 paires (id\u00e9al pour les achats en gros)<\/li>\n<li>D\u00e9lai de livraison typique : 12 jours + exp\u00e9dition<\/li>\n<\/ul>","protected":false},"featured_media":3715,"template":"","meta":{"_acf_changed":false,"_uag_custom_page_level_css":"","site-sidebar-layout":"default","site-content-layout":"","ast-site-content-layout":"default","site-content-style":"default","site-sidebar-style":"default","ast-global-header-display":"","ast-banner-title-visibility":"","ast-main-header-display":"","ast-hfb-above-header-display":"","ast-hfb-below-header-display":"","ast-hfb-mobile-header-display":"","site-post-title":"","ast-breadcrumbs-content":"","ast-featured-img":"","footer-sml-layout":"","ast-disable-related-posts":"","theme-transparent-header-meta":"","adv-header-id-meta":"","stick-header-meta":"","header-above-stick-meta":"","header-main-stick-meta":"","header-below-stick-meta":"","astra-migrate-meta-layouts":"default","ast-page-background-enabled":"default","ast-page-background-meta":{"desktop":{"background-color":"var(--ast-global-color-4)","background-image":"","background-repeat":"repeat","background-position":"center center","background-size":"auto","background-attachment":"scroll","background-type":"","background-media":"","overlay-type":"","overlay-color":"","overlay-opacity":"","overlay-gradient":""},"tablet":{"background-color":"","background-image":"","background-repeat":"repeat","background-position":"center center","background-size":"auto","background-attachment":"scroll","background-type":"","background-media":"","overlay-type":"","overlay-color":"","overlay-opacity":"","overlay-gradient":""},"mobile":{"background-color":"","background-image":"","background-repeat":"repeat","background-position":"center center","background-size":"auto","background-attachment":"scroll","background-type":"","background-media":"","overlay-type":"","overlay-color":"","overlay-opacity":"","overlay-gradient":""}},"ast-content-background-meta":{"desktop":{"background-color":"var(--ast-global-color-5)","background-image":"","background-repeat":"repeat","background-position":"center center","background-size":"auto","background-attachment":"scroll","background-type":"","background-media":"","overlay-type":"","overlay-color":"","overlay-opacity":"","overlay-gradient":""},"tablet":{"background-color":"var(--ast-global-color-5)","background-image":"","background-repeat":"repeat","background-position":"center center","background-size":"auto","background-attachment":"scroll","background-type":"","background-media":"","overlay-type":"","overlay-color":"","overlay-opacity":"","overlay-gradient":""},"mobile":{"background-color":"var(--ast-global-color-5)","background-image":"","background-repeat":"repeat","background-position":"center center","background-size":"auto","background-attachment":"scroll","background-type":"","background-media":"","overlay-type":"","overlay-color":"","overlay-opacity":"","overlay-gradient":""}}},"product_brand":[],"product_cat":[47,430,40],"product_tag":[370,954,859,566,449,457,220,438,556,215,762,186,279,955,281],"class_list":{"0":"post-5531","1":"product","2":"type-product","3":"status-publish","4":"has-post-thumbnail","6":"product_cat-classic","7":"product_cat-men","8":"product_cat-mens-shoes","9":"product_tag-black-loafers","10":"product_tag-bulk-loafers","11":"product_tag-burgundy-loafers","12":"product_tag-calfskin-shoes","13":"product_tag-casual-shoes","14":"product_tag-classic-loafers","15":"product_tag-comfortable-loafers","16":"product_tag-eva-sole","17":"product_tag-goatskin-lining","18":"product_tag-leather-loafers","19":"product_tag-loafer-shoes","20":"product_tag-mens-loafers","21":"product_tag-penny-loafers","22":"product_tag-quality-loafers","23":"product_tag-wholesale-shoes","24":"desktop-align-center","25":"tablet-align-center","26":"mobile-align-center","28":"first","29":"instock","30":"shipping-taxable","31":"purchasable","32":"product-type-variable","33":"has-default-attributes"},"acf":[],"uagb_featured_image_src":{"full":["https:\/\/turkishtrade.co\/wp-content\/uploads\/2026\/01\/2400EJOMN00310-BURGUNDY-801_1-2-USD.png",453,250,false],"thumbnail":["https:\/\/turkishtrade.co\/wp-content\/uploads\/2026\/01\/2400EJOMN00310-BURGUNDY-801_1-2-USD-150x150.png",150,150,true],"medium":["https:\/\/turkishtrade.co\/wp-content\/uploads\/2026\/01\/2400EJOMN00310-BURGUNDY-801_1-2-USD-300x166.png",300,166,true],"medium_large":["https:\/\/turkishtrade.co\/wp-content\/uploads\/2026\/01\/2400EJOMN00310-BURGUNDY-801_1-2-USD.png",453,250,false],"large":["https:\/\/turkishtrade.co\/wp-content\/uploads\/2026\/01\/2400EJOMN00310-BURGUNDY-801_1-2-USD.png",453,250,false],"1536x1536":["https:\/\/turkishtrade.co\/wp-content\/uploads\/2026\/01\/2400EJOMN00310-BURGUNDY-801_1-2-USD.png",453,250,false],"2048x2048":["https:\/\/turkishtrade.co\/wp-content\/uploads\/2026\/01\/2400EJOMN00310-BURGUNDY-801_1-2-USD.png",453,250,false],"trp-custom-language-flag":["https:\/\/turkishtrade.co\/wp-content\/uploads\/2026\/01\/2400EJOMN00310-BURGUNDY-801_1-2-USD-18x10.png",18,10,true],"woocommerce_thumbnail":["https:\/\/turkishtrade.co\/wp-content\/uploads\/2026\/01\/2400EJOMN00310-BURGUNDY-801_1-2-USD-400x250.png",400,250,true],"woocommerce_single":["https:\/\/turkishtrade.co\/wp-content\/uploads\/2026\/01\/2400EJOMN00310-BURGUNDY-801_1-2-USD.png",453,250,false],"woocommerce_gallery_thumbnail":["https:\/\/turkishtrade.co\/wp-content\/uploads\/2026\/01\/2400EJOMN00310-BURGUNDY-801_1-2-USD-100x100.png",100,100,true]},"uagb_author_info":{"display_name":"yaser olabi","author_link":"https:\/\/turkishtrade.co\/fr\/author\/"},"uagb_comment_info":0,"uagb_excerpt":"Exquisite Calfskin Leather Upper for superior look and feel Soft Goatskin Leather Lining ensures all-day comfort Lightweight and durable EVA Sole for excellent traction and support Classic Penny Loafer design suitable for various occasions Available in versatile Black and rich Burgundy colors Sizes Ranging from 39 to 45 to fit most feet Minimum Order Quantity:\u2026","_links":{"self":[{"href":"https:\/\/turkishtrade.co\/fr\/wp-json\/wp\/v2\/product\/5531","targetHints":{"allow":["GET"]}}],"collection":[{"href":"https:\/\/turkishtrade.co\/fr\/wp-json\/wp\/v2\/product"}],"about":[{"href":"https:\/\/turkishtrade.co\/fr\/wp-json\/wp\/v2\/types\/product"}],"wp:featuredmedia":[{"embeddable":true,"href":"https:\/\/turkishtrade.co\/fr\/wp-json\/wp\/v2\/media\/3715"}],"wp:attachment":[{"href":"https:\/\/turkishtrade.co\/fr\/wp-json\/wp\/v2\/media?parent=5531"}],"wp:term":[{"taxonomy":"product_brand","embeddable":true,"href":"https:\/\/turkishtrade.co\/fr\/wp-json\/wp\/v2\/product_brand?post=5531"},{"taxonomy":"product_cat","embeddable":true,"href":"https:\/\/turkishtrade.co\/fr\/wp-json\/wp\/v2\/product_cat?post=5531"},{"taxonomy":"product_tag","embeddable":true,"href":"https:\/\/turkishtrade.co\/fr\/wp-json\/wp\/v2\/product_tag?post=5531"}],"curies":[{"name":"wp","href":"https:\/\/api.w.org\/{rel}","templated":true}]}}