{"id":5526,"date":"2026-01-14T12:10:39","date_gmt":"2026-01-14T12:10:39","guid":{"rendered":"https:\/\/turkishtrade.co\/product\/mens-calf-leather-loafers-3\/"},"modified":"2026-04-09T19:31:47","modified_gmt":"2026-04-09T19:31:47","slug":"mens-calf-leather-loafers-3","status":"publish","type":"product","link":"https:\/\/turkishtrade.co\/fr\/shop\/mens-calf-leather-loafers-3\/","title":{"rendered":"Mocassins classiques en cuir de veau noir pour hommes"},"content":{"rendered":"<p><strong>Mocassins en cuir de veau pour hommes<\/strong><\/p>\n<p><h3>\u00c9levez votre style avec des mocassins en cuir de veau de premi\u00e8re qualit\u00e9 pour hommes<\/h3>\n<\/p>\n<p>Faites l'exp\u00e9rience d'une sophistication et d'un confort in\u00e9gal\u00e9s gr\u00e2ce \u00e0 notre <strong>mocassins en cuir de veau pour hommes<\/strong>. M\u00e9ticuleusement con\u00e7us pour r\u00e9pondre aux exigences de l'homme moderne, ces mocassins allient harmonieusement \u00e9l\u00e9gance intemporelle et design contemporain. Parfaitement adapt\u00e9s \u00e0 la vie professionnelle d\u00e9contract\u00e9e et aux \u00e9v\u00e9nements sociaux raffin\u00e9s, ces mocassins sont parfaits pour le travail et les loisirs. <strong>mocassins en cuir de veau pour hommes<\/strong> sont un compl\u00e9ment indispensable \u00e0 toute garde-robe exigeante.<\/p>\n<p>Chaque paire est le fruit d'un travail artisanal de qualit\u00e9 sup\u00e9rieure, garantissant non seulement une apparence \u00e9l\u00e9gante, mais aussi une durabilit\u00e9 \u00e0 toute \u00e9preuve. La finition noire \u00e9l\u00e9gante et les d\u00e9tails textur\u00e9s subtils sur l'empeigne et le talon apportent une touche distinctive qui distingue ces mocassins.<\/p>\n<p><h3>Qualit\u00e9 et confort in\u00e9gal\u00e9s<\/h3>\n<\/p>\n<p>L'aspect ext\u00e9rieur de ces v\u00e9hicules d'exception <strong>mocassins en cuir de veau pour hommes<\/strong> est fabriqu\u00e9 en cuir de veau v\u00e9ritable de premi\u00e8re qualit\u00e9, offrant une texture luxueuse et un aspect distingu\u00e9 qui ne fait que s'am\u00e9liorer avec l'\u00e2ge. La teinte noire riche et profonde offre des options de style polyvalentes, faisant de ces mocassins une pierre angulaire de votre collection de chaussures. Glissez vos pieds dans un pur bonheur, car l'int\u00e9rieur est doubl\u00e9 de cuir de ch\u00e8vre souple, r\u00e9put\u00e9 pour son incroyable douceur et sa respirabilit\u00e9.<\/p>\n<p>Ce choix r\u00e9fl\u00e9chi du mat\u00e9riau garantit un confort maximal, m\u00eame en cas de port prolong\u00e9, \u00e9vitant ainsi toute g\u00eane et favorisant un environnement sain pour le pied. Contrairement \u00e0 de nombreuses autres options, nos <strong>mocassins en cuir de veau pour hommes<\/strong> donner la priorit\u00e9 \u00e0 votre bien-\u00eatre \u00e0 chaque \u00e9tape.<\/p>\n<p><h3>Con\u00e7u pour \u00eatre port\u00e9 toute la journ\u00e9e<\/h3>\n<\/p>\n<p>Pour un confort encore plus grand, ces \u00e9l\u00e9gantes <strong>mocassins en cuir de veau pour hommes<\/strong> sont dot\u00e9es d'une semelle EVA \u00e0 la fois l\u00e9g\u00e8re et incroyablement durable. Cette technologie de semelle avanc\u00e9e offre un excellent amorti et une bonne absorption des chocs, pour que chaque pas se fasse sans effort. Que vous naviguiez dans les rues de la ville ou que vous assistiez \u00e0 une longue conf\u00e9rence, la semelle EVA offre un soutien et une flexibilit\u00e9 fiables.<\/p>\n<p>La hauteur classique du talon, comprise entre 1 et 3 cm, ajoute une \u00e9l\u00e9vation subtile sans compromettre la stabilit\u00e9, tout en conservant le profil sophistiqu\u00e9 que l'on attend d'un produit de haute qualit\u00e9. <strong>mocassins en cuir de veau pour hommes<\/strong>. Disponible dans une gamme compl\u00e8te de tailles allant du 39 au 45, il est facile de trouver la taille id\u00e9ale, ce qui garantit le confort d'un large \u00e9ventail de pieds.<\/p>\n<p><h3>Parfait pour les commandes en nombre<\/h3>\n<\/p>\n<p>Pour les d\u00e9taillants, les boutiques ou ceux qui souhaitent fournir \u00e0 leurs \u00e9quipes des chaussures de qualit\u00e9 sup\u00e9rieure, nos <strong>mocassins en cuir de veau pour hommes<\/strong> sont disponibles \u00e0 l'achat en gros. Nous proposons une quantit\u00e9 minimale de commande de 8 paires seulement, ce qui garantit l'accessibilit\u00e9 aux entreprises de diff\u00e9rentes tailles. Chaque commande en gros est trait\u00e9e avec la m\u00eame attention aux d\u00e9tails et le m\u00eame contr\u00f4le de qualit\u00e9 que les achats individuels.<\/p>\n<p>Attendez-vous \u00e0 un service efficace avec un d\u00e9lai de livraison d'environ 12 jours, frais de port en sus. Investissez dans les meilleurs <strong>mocassins en cuir de veau pour hommes<\/strong> et offrez \u00e0 vos clients ou \u00e0 votre \u00e9quipe le luxe qu'ils m\u00e9ritent avec un produit qui respire la qualit\u00e9 et le style.<\/p>","protected":false},"excerpt":{"rendered":"<ul>\n<li><strong>Une qualit\u00e9 de fabrication sup\u00e9rieure :<\/strong> La surface ext\u00e9rieure est fabriqu\u00e9e en cuir de veau v\u00e9ritable de haute qualit\u00e9, offrant un aspect raffin\u00e9.<\/li>\n<li><strong>Confort luxueux :<\/strong> Doublure int\u00e9rieure en cuir de ch\u00e8vre souple et respirant pour un toucher exceptionnel.<\/li>\n<li><strong>L\u00e9ger et confortable :<\/strong> Dot\u00e9e d'une semelle EVA durable pour un amorti et une flexibilit\u00e9 tout au long de la journ\u00e9e.<\/li>\n<li><strong>Classique Hauteur du talon :<\/strong> Il est dot\u00e9 d'un talon subtil de 1 \u00e0 3 cm, parfait pour un profil sophistiqu\u00e9.<\/li>\n<li><strong>Tailles disponibles :<\/strong> La gamme compl\u00e8te s'\u00e9tend de l'UE 39 \u00e0 l'UE 45 pour garantir un ajustement parfait.<\/li>\n<li><strong>Les commandes en gros sont les bienvenues :<\/strong> Quantit\u00e9 minimale de commande de 8 paires disponible pour les d\u00e9taillants et les entreprises.<\/li>\n<li><strong>Livraison efficace :<\/strong> Votre commande sera livr\u00e9e dans un d\u00e9lai de 12 jours, plus le d\u00e9lai d'exp\u00e9dition standard.<\/li>\n<\/ul>","protected":false},"featured_media":3712,"template":"","meta":{"_acf_changed":false,"_uag_custom_page_level_css":"","site-sidebar-layout":"default","site-content-layout":"","ast-site-content-layout":"default","site-content-style":"default","site-sidebar-style":"default","ast-global-header-display":"","ast-banner-title-visibility":"","ast-main-header-display":"","ast-hfb-above-header-display":"","ast-hfb-below-header-display":"","ast-hfb-mobile-header-display":"","site-post-title":"","ast-breadcrumbs-content":"","ast-featured-img":"","footer-sml-layout":"","ast-disable-related-posts":"","theme-transparent-header-meta":"","adv-header-id-meta":"","stick-header-meta":"","header-above-stick-meta":"","header-main-stick-meta":"","header-below-stick-meta":"","astra-migrate-meta-layouts":"default","ast-page-background-enabled":"default","ast-page-background-meta":{"desktop":{"background-color":"var(--ast-global-color-4)","background-image":"","background-repeat":"repeat","background-position":"center center","background-size":"auto","background-attachment":"scroll","background-type":"","background-media":"","overlay-type":"","overlay-color":"","overlay-opacity":"","overlay-gradient":""},"tablet":{"background-color":"","background-image":"","background-repeat":"repeat","background-position":"center center","background-size":"auto","background-attachment":"scroll","background-type":"","background-media":"","overlay-type":"","overlay-color":"","overlay-opacity":"","overlay-gradient":""},"mobile":{"background-color":"","background-image":"","background-repeat":"repeat","background-position":"center center","background-size":"auto","background-attachment":"scroll","background-type":"","background-media":"","overlay-type":"","overlay-color":"","overlay-opacity":"","overlay-gradient":""}},"ast-content-background-meta":{"desktop":{"background-color":"var(--ast-global-color-5)","background-image":"","background-repeat":"repeat","background-position":"center center","background-size":"auto","background-attachment":"scroll","background-type":"","background-media":"","overlay-type":"","overlay-color":"","overlay-opacity":"","overlay-gradient":""},"tablet":{"background-color":"var(--ast-global-color-5)","background-image":"","background-repeat":"repeat","background-position":"center center","background-size":"auto","background-attachment":"scroll","background-type":"","background-media":"","overlay-type":"","overlay-color":"","overlay-opacity":"","overlay-gradient":""},"mobile":{"background-color":"var(--ast-global-color-5)","background-image":"","background-repeat":"repeat","background-position":"center center","background-size":"auto","background-attachment":"scroll","background-type":"","background-media":"","overlay-type":"","overlay-color":"","overlay-opacity":"","overlay-gradient":""}}},"product_brand":[],"product_cat":[47,430,40],"product_tag":[814,674,512,457,220,737,544,438,952,189,951,198,914,184],"class_list":{"0":"post-5526","1":"product","2":"type-product","3":"status-publish","4":"has-post-thumbnail","6":"product_cat-classic","7":"product_cat-men","8":"product_cat-mens-shoes","9":"product_tag-black-leather-loafers","10":"product_tag-bulk-shoes","11":"product_tag-casual-loafers","12":"product_tag-classic-loafers","13":"product_tag-comfortable-loafers","14":"product_tag-dress-loafers","15":"product_tag-elegant-loafers","16":"product_tag-eva-sole","17":"product_tag-genuine-leather-shoes","18":"product_tag-goat-leather-lining","19":"product_tag-mens-calf-leather-loafers","20":"product_tag-mens-fashion","21":"product_tag-professional-shoes","22":"product_tag-slip-on-shoes","23":"desktop-align-center","24":"tablet-align-center","25":"mobile-align-center","27":"first","28":"instock","29":"shipping-taxable","30":"purchasable","31":"product-type-variable","32":"has-default-attributes"},"acf":[],"uagb_featured_image_src":{"full":["https:\/\/turkishtrade.co\/wp-content\/uploads\/2026\/01\/2400EJOMN00304-BLACK-X_7753-4-USD.png",453,250,false],"thumbnail":["https:\/\/turkishtrade.co\/wp-content\/uploads\/2026\/01\/2400EJOMN00304-BLACK-X_7753-4-USD.png",150,83,false],"medium":["https:\/\/turkishtrade.co\/wp-content\/uploads\/2026\/01\/2400EJOMN00304-BLACK-X_7753-4-USD.png",300,166,false],"medium_large":["https:\/\/turkishtrade.co\/wp-content\/uploads\/2026\/01\/2400EJOMN00304-BLACK-X_7753-4-USD.png",453,250,false],"large":["https:\/\/turkishtrade.co\/wp-content\/uploads\/2026\/01\/2400EJOMN00304-BLACK-X_7753-4-USD.png",453,250,false],"1536x1536":["https:\/\/turkishtrade.co\/wp-content\/uploads\/2026\/01\/2400EJOMN00304-BLACK-X_7753-4-USD.png",453,250,false],"2048x2048":["https:\/\/turkishtrade.co\/wp-content\/uploads\/2026\/01\/2400EJOMN00304-BLACK-X_7753-4-USD.png",453,250,false],"trp-custom-language-flag":["https:\/\/turkishtrade.co\/wp-content\/uploads\/2026\/01\/2400EJOMN00304-BLACK-X_7753-4-USD.png",18,10,false],"woocommerce_thumbnail":["https:\/\/turkishtrade.co\/wp-content\/uploads\/2026\/01\/2400EJOMN00304-BLACK-X_7753-4-USD-400x250.png",400,250,true],"woocommerce_single":["https:\/\/turkishtrade.co\/wp-content\/uploads\/2026\/01\/2400EJOMN00304-BLACK-X_7753-4-USD.png",453,250,false],"woocommerce_gallery_thumbnail":["https:\/\/turkishtrade.co\/wp-content\/uploads\/2026\/01\/2400EJOMN00304-BLACK-X_7753-4-USD-100x100.png",100,100,true]},"uagb_author_info":{"display_name":"yaser olabi","author_link":"https:\/\/turkishtrade.co\/fr\/author\/"},"uagb_comment_info":0,"uagb_excerpt":"Superior Craftsmanship: Outer surface crafted from high-quality genuine calf leather, offering a refined look. Luxurious Comfort: Inner lining made from soft, breathable goat leather for an exceptional feel. Lightweight &amp; Supportive: Equipped with a durable EVA sole for all-day cushioning and flexibility. Classic Heel Height: Features a subtle 1-3 cm heel, perfect for a sophisticated\u2026","_links":{"self":[{"href":"https:\/\/turkishtrade.co\/fr\/wp-json\/wp\/v2\/product\/5526","targetHints":{"allow":["GET"]}}],"collection":[{"href":"https:\/\/turkishtrade.co\/fr\/wp-json\/wp\/v2\/product"}],"about":[{"href":"https:\/\/turkishtrade.co\/fr\/wp-json\/wp\/v2\/types\/product"}],"wp:featuredmedia":[{"embeddable":true,"href":"https:\/\/turkishtrade.co\/fr\/wp-json\/wp\/v2\/media\/3712"}],"wp:attachment":[{"href":"https:\/\/turkishtrade.co\/fr\/wp-json\/wp\/v2\/media?parent=5526"}],"wp:term":[{"taxonomy":"product_brand","embeddable":true,"href":"https:\/\/turkishtrade.co\/fr\/wp-json\/wp\/v2\/product_brand?post=5526"},{"taxonomy":"product_cat","embeddable":true,"href":"https:\/\/turkishtrade.co\/fr\/wp-json\/wp\/v2\/product_cat?post=5526"},{"taxonomy":"product_tag","embeddable":true,"href":"https:\/\/turkishtrade.co\/fr\/wp-json\/wp\/v2\/product_tag?post=5526"}],"curies":[{"name":"wp","href":"https:\/\/api.w.org\/{rel}","templated":true}]}}