{"id":5523,"date":"2026-01-14T12:10:22","date_gmt":"2026-01-14T12:10:22","guid":{"rendered":"https:\/\/turkishtrade.co\/product\/men-s-leather-loafer-shoes-2\/"},"modified":"2026-04-09T19:31:52","modified_gmt":"2026-04-09T19:31:52","slug":"mens-leather-loafer-shoes-8","status":"publish","type":"product","link":"https:\/\/turkishtrade.co\/fr\/shop\/mens-leather-loafer-shoes-8\/","title":{"rendered":"Mocassins classiques en cuir pour hommes avec semelle en EVA"},"content":{"rendered":"<p><strong>Mocassins en cuir pour hommes<\/strong><\/p>\n<p>Entrez dans un confort sophistiqu\u00e9 avec nos produits de qualit\u00e9 sup\u00e9rieure. <b>Mocassins en cuir pour hommes<\/b>, Ces mocassins ont \u00e9t\u00e9 m\u00e9ticuleusement con\u00e7us pour le gentleman exigeant. Ces mocassins classiques allient l'\u00e9l\u00e9gance intemporelle \u00e0 la modernit\u00e9, ce qui en fait un compl\u00e9ment indispensable \u00e0 toute garde-robe. Qu'il s'agisse d'une journ\u00e9e de travail bien remplie, d'une soir\u00e9e d\u00e9contract\u00e9e ou d'un week-end de d\u00e9tente, ces mocassins vous accompagneront tout au long de votre journ\u00e9e de travail. <b>Mocassins en cuir pour hommes<\/b> offrent la fusion parfaite du style et du confort supr\u00eame.<\/p>\n<p><h3>Un savoir-faire in\u00e9gal\u00e9 et des mat\u00e9riaux de qualit\u00e9 sup\u00e9rieure<\/h3>\n<\/p>\n<p>Notre engagement en faveur de la qualit\u00e9 est \u00e9vident dans chaque d\u00e9tail de ces produits exquis. <b>Mocassins en cuir pour hommes<\/b>. La surface ext\u00e9rieure est fabriqu\u00e9e avec soin en cuir de veau v\u00e9ritable 100%, connu pour sa texture souple, sa durabilit\u00e9 et son aspect luxueux. Ce cuir de veau de qualit\u00e9 sup\u00e9rieure n'apporte pas seulement une esth\u00e9tique raffin\u00e9e, mais garantit \u00e9galement que les chaussures vieilliront magnifiquement, en s'adaptant \u00e0 vos pieds au fil du temps pour un ajustement personnalis\u00e9.<\/p>\n<p>En compl\u00e9ment de l'ext\u00e9rieur robuste, l'int\u00e9rieur est doubl\u00e9 d'un cuir de ch\u00e8vre incroyablement souple, offrant une \u00e9treinte respirante et douce \u00e0 vos pieds, minimisant les frottements et maximisant le confort \u00e0 chaque pas.<\/p>\n<p>Pour un confort encore plus exceptionnel, ces <b>Mocassins en cuir pour hommes<\/b> sont construites sur une semelle EVA \u00e0 la fois l\u00e9g\u00e8re et r\u00e9sistante. Cette technologie de pointe offre un excellent amorti et une bonne absorption des chocs, ce qui permet de les porter longtemps sans se fatiguer. Le talon classique subtil de 1 \u00e0 3 cm ajoute une touche de sophistication tout en conservant un profil ergonomique qui favorise le mouvement naturel du pied.<\/p>\n<p>Nous pensons que le vrai luxe r\u00e9side dans un confort durable, et ces mocassins incarnent cette philosophie, vous permettant de vous d\u00e9placer avec confiance et aisance tout au long de la journ\u00e9e.<\/p>\n<p><h3>Un style polyvalent pour toutes les occasions<\/h3>\n<\/p>\n<p>Le design intemporel de notre <b>Mocassins en cuir pour hommes<\/b> garantit une polyvalence in\u00e9gal\u00e9e. Leur silhouette \u00e9pur\u00e9e et leur \u00e9l\u00e9gance discr\u00e8te les rendent parfaitement adapt\u00e9es \u00e0 un large \u00e9ventail de tenues et d'occasions. Associez-les \u00e0 un pantalon de tailleur et \u00e0 un blazer pour un look de bureau chic et d\u00e9contract\u00e9, ou habillez-les d'un pantalon chino ou d'un jean haut de gamme pour un ensemble sophistiqu\u00e9 le week-end.<\/p>\n<p>L'adaptabilit\u00e9 inh\u00e9rente de ces <b>Mocassins en cuir pour hommes<\/b> signifie que vous les utiliserez encore et encore, confiant dans leur capacit\u00e9 \u00e0 rehausser n'importe quelle tenue vestimentaire. Qu'il s'agisse d'\u00e9v\u00e9nements formels ou de sorties d\u00e9contract\u00e9es, ces mocassins sont con\u00e7us pour impressionner.<\/p>\n<p><h3>Commande et disponibilit\u00e9<\/h3>\n<\/p>\n<p>Ces primes <b>Mocassins en cuir pour hommes<\/b> sont disponibles dans une gamme compl\u00e8te de tailles allant de 39 \u00e0 45, garantissant un ajustement parfait pour une large client\u00e8le. Nous nous adressons aux entreprises et aux d\u00e9taillants avec une quantit\u00e9 minimale de commande de 8 paires, ce qui en fait un excellent choix pour les achats en gros. Avec un d\u00e9lai de livraison d'environ 12 jours plus les frais d'exp\u00e9dition, vous pouvez \u00eatre assur\u00e9 que votre commande arrivera rapidement.<\/p>\n<p>Investissez dans des chaussures de qualit\u00e9 qui allient l'art traditionnel au confort contemporain - choisissez nos chaussures d'exception. <b>Mocassins en cuir pour hommes<\/b> et faites l'exp\u00e9rience de la diff\u00e9rence.<\/p>","protected":false},"excerpt":{"rendered":"<ul>\n<li>Fabriqu\u00e9 en cuir ext\u00e9rieur de veau v\u00e9ritable 100% et doublure en cuir de ch\u00e8vre souple.<\/li>\n<li>Semelle EVA confortable et l\u00e9g\u00e8re pour une utilisation tout au long de la journ\u00e9e.<\/li>\n<li>Mocassins classiques convenant \u00e0 la fois aux occasions d\u00e9contract\u00e9es et semi-formelles.<\/li>\n<li>Talon classique subtil de 1 \u00e0 3 cm pour un confort et un style optimaux.<\/li>\n<li>Disponible dans une large gamme de tailles allant de 39 \u00e0 45.<\/li>\n<li>Id\u00e9al pour les commandes en gros : Quantit\u00e9 minimale de commande de 8 paires.<\/li>\n<li>Livraison fiable dans un d\u00e9lai de 12 jours, plus le temps d'exp\u00e9dition.<\/li>\n<\/ul>","protected":false},"featured_media":3711,"template":"","meta":{"_acf_changed":false,"_uag_custom_page_level_css":"","site-sidebar-layout":"default","site-content-layout":"","ast-site-content-layout":"default","site-content-style":"default","site-sidebar-style":"default","ast-global-header-display":"","ast-banner-title-visibility":"","ast-main-header-display":"","ast-hfb-above-header-display":"","ast-hfb-below-header-display":"","ast-hfb-mobile-header-display":"","site-post-title":"","ast-breadcrumbs-content":"","ast-featured-img":"","footer-sml-layout":"","ast-disable-related-posts":"","theme-transparent-header-meta":"","adv-header-id-meta":"","stick-header-meta":"","header-above-stick-meta":"","header-main-stick-meta":"","header-below-stick-meta":"","astra-migrate-meta-layouts":"default","ast-page-background-enabled":"default","ast-page-background-meta":{"desktop":{"background-color":"var(--ast-global-color-4)","background-image":"","background-repeat":"repeat","background-position":"center center","background-size":"auto","background-attachment":"scroll","background-type":"","background-media":"","overlay-type":"","overlay-color":"","overlay-opacity":"","overlay-gradient":""},"tablet":{"background-color":"","background-image":"","background-repeat":"repeat","background-position":"center center","background-size":"auto","background-attachment":"scroll","background-type":"","background-media":"","overlay-type":"","overlay-color":"","overlay-opacity":"","overlay-gradient":""},"mobile":{"background-color":"","background-image":"","background-repeat":"repeat","background-position":"center center","background-size":"auto","background-attachment":"scroll","background-type":"","background-media":"","overlay-type":"","overlay-color":"","overlay-opacity":"","overlay-gradient":""}},"ast-content-background-meta":{"desktop":{"background-color":"var(--ast-global-color-5)","background-image":"","background-repeat":"repeat","background-position":"center center","background-size":"auto","background-attachment":"scroll","background-type":"","background-media":"","overlay-type":"","overlay-color":"","overlay-opacity":"","overlay-gradient":""},"tablet":{"background-color":"var(--ast-global-color-5)","background-image":"","background-repeat":"repeat","background-position":"center center","background-size":"auto","background-attachment":"scroll","background-type":"","background-media":"","overlay-type":"","overlay-color":"","overlay-opacity":"","overlay-gradient":""},"mobile":{"background-color":"var(--ast-global-color-5)","background-image":"","background-repeat":"repeat","background-position":"center center","background-size":"auto","background-attachment":"scroll","background-type":"","background-media":"","overlay-type":"","overlay-color":"","overlay-opacity":"","overlay-gradient":""}}},"product_brand":[],"product_cat":[47,430,40],"product_tag":[566,512,457,272,438,189,227,186,374,184,456],"class_list":{"0":"post-5523","1":"product","2":"type-product","3":"status-publish","4":"has-post-thumbnail","6":"product_cat-classic","7":"product_cat-men","8":"product_cat-mens-shoes","9":"product_tag-calfskin-shoes","10":"product_tag-casual-loafers","11":"product_tag-classic-loafers","12":"product_tag-comfort-shoes","13":"product_tag-eva-sole","14":"product_tag-goat-leather-lining","15":"product_tag-leather-shoes","16":"product_tag-mens-loafers","17":"product_tag-premium-loafers","18":"product_tag-slip-on-shoes","19":"product_tag-wholesale-loafers","20":"desktop-align-center","21":"tablet-align-center","22":"mobile-align-center","24":"first","25":"instock","26":"shipping-taxable","27":"purchasable","28":"product-type-variable","29":"has-default-attributes"},"acf":[],"uagb_featured_image_src":{"full":["https:\/\/turkishtrade.co\/wp-content\/uploads\/2026\/01\/2400EJOMN00301-DARK-BLUE-DKS_873-1-usd.png",453,250,false],"thumbnail":["https:\/\/turkishtrade.co\/wp-content\/uploads\/2026\/01\/2400EJOMN00301-DARK-BLUE-DKS_873-1-usd-150x150.png",150,150,true],"medium":["https:\/\/turkishtrade.co\/wp-content\/uploads\/2026\/01\/2400EJOMN00301-DARK-BLUE-DKS_873-1-usd-300x166.png",300,166,true],"medium_large":["https:\/\/turkishtrade.co\/wp-content\/uploads\/2026\/01\/2400EJOMN00301-DARK-BLUE-DKS_873-1-usd.png",453,250,false],"large":["https:\/\/turkishtrade.co\/wp-content\/uploads\/2026\/01\/2400EJOMN00301-DARK-BLUE-DKS_873-1-usd.png",453,250,false],"1536x1536":["https:\/\/turkishtrade.co\/wp-content\/uploads\/2026\/01\/2400EJOMN00301-DARK-BLUE-DKS_873-1-usd.png",453,250,false],"2048x2048":["https:\/\/turkishtrade.co\/wp-content\/uploads\/2026\/01\/2400EJOMN00301-DARK-BLUE-DKS_873-1-usd.png",453,250,false],"trp-custom-language-flag":["https:\/\/turkishtrade.co\/wp-content\/uploads\/2026\/01\/2400EJOMN00301-DARK-BLUE-DKS_873-1-usd-18x10.png",18,10,true],"woocommerce_thumbnail":["https:\/\/turkishtrade.co\/wp-content\/uploads\/2026\/01\/2400EJOMN00301-DARK-BLUE-DKS_873-1-usd-400x250.png",400,250,true],"woocommerce_single":["https:\/\/turkishtrade.co\/wp-content\/uploads\/2026\/01\/2400EJOMN00301-DARK-BLUE-DKS_873-1-usd.png",453,250,false],"woocommerce_gallery_thumbnail":["https:\/\/turkishtrade.co\/wp-content\/uploads\/2026\/01\/2400EJOMN00301-DARK-BLUE-DKS_873-1-usd-100x100.png",100,100,true]},"uagb_author_info":{"display_name":"yaser olabi","author_link":"https:\/\/turkishtrade.co\/fr\/author\/"},"uagb_comment_info":0,"uagb_excerpt":"Crafted from 100% genuine calfskin outer leather and soft goat leather lining. Features a comfortable and lightweight EVA sole for all-day wear. Classic loafer design suitable for both casual and semi-formal occasions. Subtle 1-3 cm classic heel for optimal comfort and style. Available in a comprehensive size range from 39 to 45. Ideal for bulk\u2026","_links":{"self":[{"href":"https:\/\/turkishtrade.co\/fr\/wp-json\/wp\/v2\/product\/5523","targetHints":{"allow":["GET"]}}],"collection":[{"href":"https:\/\/turkishtrade.co\/fr\/wp-json\/wp\/v2\/product"}],"about":[{"href":"https:\/\/turkishtrade.co\/fr\/wp-json\/wp\/v2\/types\/product"}],"wp:featuredmedia":[{"embeddable":true,"href":"https:\/\/turkishtrade.co\/fr\/wp-json\/wp\/v2\/media\/3711"}],"wp:attachment":[{"href":"https:\/\/turkishtrade.co\/fr\/wp-json\/wp\/v2\/media?parent=5523"}],"wp:term":[{"taxonomy":"product_brand","embeddable":true,"href":"https:\/\/turkishtrade.co\/fr\/wp-json\/wp\/v2\/product_brand?post=5523"},{"taxonomy":"product_cat","embeddable":true,"href":"https:\/\/turkishtrade.co\/fr\/wp-json\/wp\/v2\/product_cat?post=5523"},{"taxonomy":"product_tag","embeddable":true,"href":"https:\/\/turkishtrade.co\/fr\/wp-json\/wp\/v2\/product_tag?post=5523"}],"curies":[{"name":"wp","href":"https:\/\/api.w.org\/{rel}","templated":true}]}}