{"id":5520,"date":"2026-01-14T12:10:03","date_gmt":"2026-01-14T12:10:03","guid":{"rendered":"https:\/\/turkishtrade.co\/product\/mens-calf-leather-derby-shoes-2\/"},"modified":"2026-04-09T19:31:58","modified_gmt":"2026-04-09T19:31:58","slug":"mens-calf-leather-derby-shoes-2","status":"publish","type":"product","link":"https:\/\/turkishtrade.co\/fr\/shop\/mens-calf-leather-derby-shoes-2\/","title":{"rendered":"Chaussures derby en cuir de veau Premium pour hommes"},"content":{"rendered":"<p><strong>Chaussures derby en cuir de veau pour hommes<\/strong><\/p>\n<p>Bienvenue dans un monde o\u00f9 l'\u00e9l\u00e9gance classique c\u00f4toie le confort moderne gr\u00e2ce \u00e0 nos magnifiques <b>Chaussures derby en cuir de veau pour hommes<\/b>. Ces chaussures m\u00e9ticuleusement fabriqu\u00e9es sont con\u00e7ues pour les hommes exigeants qui appr\u00e9cient \u00e0 la fois le style et la substance. Alliant parfaitement l'esth\u00e9tique traditionnelle \u00e0 la durabilit\u00e9 contemporaine, nos <b>Chaussures derby en cuir de veau pour hommes<\/b> sont un compl\u00e9ment essentiel \u00e0 toute garde-robe sophistiqu\u00e9e.<\/p>\n<p>Que vous vous habilliez pour une r\u00e9union d'affaires importante ou pour une sortie d\u00e9contract\u00e9e \u00e9l\u00e9gante, ces chaussures de qualit\u00e9 sup\u00e9rieure constituent la base id\u00e9ale de votre ensemble.<\/p>\n<p><h3>Un savoir-faire et des mat\u00e9riaux in\u00e9gal\u00e9s<\/h3>\n<\/p>\n<p>Chaque paire de nos <b>Chaussures derby en cuir de veau pour hommes<\/b> t\u00e9moigne d'un savoir-faire artisanal de qualit\u00e9 sup\u00e9rieure. La surface ext\u00e9rieure est fabriqu\u00e9e de mani\u00e8re experte \u00e0 partir de cuir de veau de qualit\u00e9 sup\u00e9rieure, r\u00e9put\u00e9 pour sa texture douce, sa r\u00e9sistance et sa capacit\u00e9 \u00e0 vieillir gracieusement, en d\u00e9veloppant une patine unique au fil du temps. Ce mat\u00e9riau de qualit\u00e9 sup\u00e9rieure garantit que vos chaussures n'ont pas seulement un aspect exceptionnel, mais qu'elles r\u00e9sistent \u00e9galement aux rigueurs de l'usure quotidienne.<\/p>\n<p>\u00c0 l'int\u00e9rieur, vos pieds seront envelopp\u00e9s dans le confort luxueux d'une doublure en cuir de ch\u00e8vre v\u00e9ritable. Le cuir de ch\u00e8vre est r\u00e9put\u00e9 pour sa douceur remarquable, sa respirabilit\u00e9 et ses propri\u00e9t\u00e9s d'\u00e9vacuation de l'humidit\u00e9, ce qui permet \u00e0 vos pieds de rester \u00e0 l'aise et au sec tout au long de la journ\u00e9e. Cette attention port\u00e9e aux d\u00e9tails internes est un v\u00e9ritable atout pour nos chaussures. <b>Chaussures derby en cuir de veau pour hommes<\/b> \u00e0 part.<\/p>\n<p><h3>Con\u00e7u pour le confort et la polyvalence<\/h3>\n<\/p>\n<p>Le confort est primordial dans notre philosophie de conception. La semelle en EVA, \u00e0 la fois l\u00e9g\u00e8re et incroyablement durable, offre une excellente absorption des chocs et une grande flexibilit\u00e9, ce qui rend ces chaussures tr\u00e8s confortables. <b>Chaussures derby en cuir de veau pour hommes<\/b> un plaisir \u00e0 porter pendant de longues p\u00e9riodes. La silhouette Derby classique, caract\u00e9ris\u00e9e par son syst\u00e8me de la\u00e7age ouvert, offre un look polyvalent qui permet de passer sans probl\u00e8me d'un \u00e9v\u00e9nement formel \u00e0 un \u00e9v\u00e9nement d\u00e9contract\u00e9.<\/p>\n<p>Le design raffin\u00e9 du bout du pied ajoute une touche de sophistication intemporelle. <b>Chaussures derby en cuir de veau pour hommes<\/b> s'accordent avec un large \u00e9ventail de tenues, des costumes sur mesure aux chinos en passant par les blazers.<\/p>\n<p>Disponibles en bleu riche et en marron \u00e9l\u00e9gant, vous pouvez choisir la teinte parfaite pour correspondre \u00e0 votre style personnel. Nous proposons une gamme compl\u00e8te de tailles allant du 39 au 45, garantissant un ajustement parfait pour chaque homme.<\/p>\n<p><h3>Votre partenaire de confiance pour les chaussures en gros<\/h3>\n<\/p>\n<p>Pour les d\u00e9taillants et les entreprises \u00e0 la recherche de chaussures de haute qualit\u00e9, nos <b>Chaussures derby en cuir de veau pour hommes<\/b> sont disponibles pour les commandes en gros. Nous demandons une commande minimum de 8 paires, avec un d\u00e9lai de livraison fiable de 12 jours plus les frais d'exp\u00e9dition. Faites \u00e9quipe avec nous pour offrir \u00e0 vos clients des chaussures en cuir de qualit\u00e9 sup\u00e9rieure qui allient un style intemporel, un confort exceptionnel et une durabilit\u00e9 \u00e0 toute \u00e9preuve.<\/p>\n<p>Am\u00e9liorez votre inventaire avec ces produits distingu\u00e9s <b>Chaussures derby en cuir de veau pour hommes<\/b> et offrez \u00e0 votre client\u00e8le une exp\u00e9rience de vrai luxe. Investissez dans la qualit\u00e9, choisissez nos <b>Chaussures derby en cuir de veau pour hommes<\/b> pour une exp\u00e9rience in\u00e9gal\u00e9e de la chaussure.<\/p>","protected":false},"excerpt":{"rendered":"<ul>\n<li>Confectionn\u00e9 en cuir de veau de premi\u00e8re qualit\u00e9 pour une finition raffin\u00e9e.<\/li>\n<li>La doublure en cuir de ch\u00e8vre luxueux assure un confort sup\u00e9rieur et une bonne respirabilit\u00e9.<\/li>\n<li>La semelle l\u00e9g\u00e8re et flexible en EVA offre un soutien tout au long de la journ\u00e9e avec un talon classique de 1 \u00e0 3 cm.<\/li>\n<li>Style Derby classique avec un cap toe sophistiqu\u00e9, convenant \u00e0 la fois aux tenues formelles et d\u00e9contract\u00e9es.<\/li>\n<li>Disponible dans une large gamme de tailles : 39, 40, 41, 42, 43, 44, 45.<\/li>\n<li>Possibilit\u00e9 de vente en gros : Commande minimum de 8 paires avec un d\u00e9lai de livraison de 12 jours plus les frais de port.<\/li>\n<\/ul>","protected":false},"featured_media":3709,"template":"","meta":{"_acf_changed":false,"_uag_custom_page_level_css":"","site-sidebar-layout":"default","site-content-layout":"","ast-site-content-layout":"default","site-content-style":"default","site-sidebar-style":"default","ast-global-header-display":"","ast-banner-title-visibility":"","ast-main-header-display":"","ast-hfb-above-header-display":"","ast-hfb-below-header-display":"","ast-hfb-mobile-header-display":"","site-post-title":"","ast-breadcrumbs-content":"","ast-featured-img":"","footer-sml-layout":"","ast-disable-related-posts":"","theme-transparent-header-meta":"","adv-header-id-meta":"","stick-header-meta":"","header-above-stick-meta":"","header-main-stick-meta":"","header-below-stick-meta":"","astra-migrate-meta-layouts":"default","ast-page-background-enabled":"default","ast-page-background-meta":{"desktop":{"background-color":"var(--ast-global-color-4)","background-image":"","background-repeat":"repeat","background-position":"center center","background-size":"auto","background-attachment":"scroll","background-type":"","background-media":"","overlay-type":"","overlay-color":"","overlay-opacity":"","overlay-gradient":""},"tablet":{"background-color":"","background-image":"","background-repeat":"repeat","background-position":"center center","background-size":"auto","background-attachment":"scroll","background-type":"","background-media":"","overlay-type":"","overlay-color":"","overlay-opacity":"","overlay-gradient":""},"mobile":{"background-color":"","background-image":"","background-repeat":"repeat","background-position":"center center","background-size":"auto","background-attachment":"scroll","background-type":"","background-media":"","overlay-type":"","overlay-color":"","overlay-opacity":"","overlay-gradient":""}},"ast-content-background-meta":{"desktop":{"background-color":"var(--ast-global-color-5)","background-image":"","background-repeat":"repeat","background-position":"center center","background-size":"auto","background-attachment":"scroll","background-type":"","background-media":"","overlay-type":"","overlay-color":"","overlay-opacity":"","overlay-gradient":""},"tablet":{"background-color":"var(--ast-global-color-5)","background-image":"","background-repeat":"repeat","background-position":"center center","background-size":"auto","background-attachment":"scroll","background-type":"","background-media":"","overlay-type":"","overlay-color":"","overlay-opacity":"","overlay-gradient":""},"mobile":{"background-color":"var(--ast-global-color-5)","background-image":"","background-repeat":"repeat","background-position":"center center","background-size":"auto","background-attachment":"scroll","background-type":"","background-media":"","overlay-type":"","overlay-color":"","overlay-opacity":"","overlay-gradient":""}}},"product_brand":[],"product_cat":[47,430,40],"product_tag":[322,292,513,185,458,449,212,284,438,189,351,286,406,281],"class_list":{"0":"post-5520","1":"product","2":"type-product","3":"status-publish","4":"has-post-thumbnail","6":"product_cat-classic","7":"product_cat-men","8":"product_cat-mens-shoes","9":"product_tag-blue-leather-shoes","10":"product_tag-brown-leather-shoes","11":"product_tag-business-casual-shoes","12":"product_tag-calf-leather-shoes","13":"product_tag-cap-toe-shoes","14":"product_tag-casual-shoes","15":"product_tag-derby-shoes","16":"product_tag-dress-shoes","17":"product_tag-eva-sole","18":"product_tag-goat-leather-lining","19":"product_tag-leather-footwear","20":"product_tag-mens-leather-shoes","21":"product_tag-premium-shoes","22":"product_tag-wholesale-shoes","23":"desktop-align-center","24":"tablet-align-center","25":"mobile-align-center","27":"first","28":"instock","29":"shipping-taxable","30":"purchasable","31":"product-type-variable","32":"has-default-attributes"},"acf":[],"uagb_featured_image_src":{"full":["https:\/\/turkishtrade.co\/wp-content\/uploads\/2026\/01\/2400EJOMN00291-DARK-BROWN-Z_234.png",453,250,false],"thumbnail":["https:\/\/turkishtrade.co\/wp-content\/uploads\/2026\/01\/2400EJOMN00291-DARK-BROWN-Z_234-150x150.png",150,150,true],"medium":["https:\/\/turkishtrade.co\/wp-content\/uploads\/2026\/01\/2400EJOMN00291-DARK-BROWN-Z_234-300x166.png",300,166,true],"medium_large":["https:\/\/turkishtrade.co\/wp-content\/uploads\/2026\/01\/2400EJOMN00291-DARK-BROWN-Z_234.png",453,250,false],"large":["https:\/\/turkishtrade.co\/wp-content\/uploads\/2026\/01\/2400EJOMN00291-DARK-BROWN-Z_234.png",453,250,false],"1536x1536":["https:\/\/turkishtrade.co\/wp-content\/uploads\/2026\/01\/2400EJOMN00291-DARK-BROWN-Z_234.png",453,250,false],"2048x2048":["https:\/\/turkishtrade.co\/wp-content\/uploads\/2026\/01\/2400EJOMN00291-DARK-BROWN-Z_234.png",453,250,false],"trp-custom-language-flag":["https:\/\/turkishtrade.co\/wp-content\/uploads\/2026\/01\/2400EJOMN00291-DARK-BROWN-Z_234-18x10.png",18,10,true],"woocommerce_thumbnail":["https:\/\/turkishtrade.co\/wp-content\/uploads\/2026\/01\/2400EJOMN00291-DARK-BROWN-Z_234-400x250.png",400,250,true],"woocommerce_single":["https:\/\/turkishtrade.co\/wp-content\/uploads\/2026\/01\/2400EJOMN00291-DARK-BROWN-Z_234.png",453,250,false],"woocommerce_gallery_thumbnail":["https:\/\/turkishtrade.co\/wp-content\/uploads\/2026\/01\/2400EJOMN00291-DARK-BROWN-Z_234-100x100.png",100,100,true]},"uagb_author_info":{"display_name":"yaser olabi","author_link":"https:\/\/turkishtrade.co\/fr\/author\/"},"uagb_comment_info":0,"uagb_excerpt":"Expertly crafted from premium Calf Leather for a refined finish. Luxurious Goat Leather lining ensures superior comfort and breathability. Lightweight and flexible EVA sole provides all-day support with a classic 1-3cm heel. Classic Derby style with a sophisticated cap toe, suitable for both formal and casual wear. Available in a wide range of sizes: 39,\u2026","_links":{"self":[{"href":"https:\/\/turkishtrade.co\/fr\/wp-json\/wp\/v2\/product\/5520","targetHints":{"allow":["GET"]}}],"collection":[{"href":"https:\/\/turkishtrade.co\/fr\/wp-json\/wp\/v2\/product"}],"about":[{"href":"https:\/\/turkishtrade.co\/fr\/wp-json\/wp\/v2\/types\/product"}],"wp:featuredmedia":[{"embeddable":true,"href":"https:\/\/turkishtrade.co\/fr\/wp-json\/wp\/v2\/media\/3709"}],"wp:attachment":[{"href":"https:\/\/turkishtrade.co\/fr\/wp-json\/wp\/v2\/media?parent=5520"}],"wp:term":[{"taxonomy":"product_brand","embeddable":true,"href":"https:\/\/turkishtrade.co\/fr\/wp-json\/wp\/v2\/product_brand?post=5520"},{"taxonomy":"product_cat","embeddable":true,"href":"https:\/\/turkishtrade.co\/fr\/wp-json\/wp\/v2\/product_cat?post=5520"},{"taxonomy":"product_tag","embeddable":true,"href":"https:\/\/turkishtrade.co\/fr\/wp-json\/wp\/v2\/product_tag?post=5520"}],"curies":[{"name":"wp","href":"https:\/\/api.w.org\/{rel}","templated":true}]}}