{"id":5516,"date":"2026-01-14T12:09:41","date_gmt":"2026-01-14T12:09:41","guid":{"rendered":"https:\/\/turkishtrade.co\/product\/men-classic-leather-loafers-3\/"},"modified":"2026-04-09T19:32:06","modified_gmt":"2026-04-09T19:32:06","slug":"mens-classic-leather-loafers-6","status":"publish","type":"product","link":"https:\/\/turkishtrade.co\/fr\/shop\/mens-classic-leather-loafers-6\/","title":{"rendered":"Mocassins classiques en cuir pour hommes avec empeigne textur\u00e9e"},"content":{"rendered":"<p><strong>Mocassins classiques en cuir pour hommes<\/strong><\/p>\n<p>\u00c9levez votre collection de chaussures gr\u00e2ce \u00e0 nos chaussures exquises. <b>Mocassins classiques en cuir pour hommes<\/b>, Ces mocassins sont une fusion parfaite entre l'\u00e9l\u00e9gance intemporelle et le confort contemporain. Con\u00e7us pour l'homme exigeant, ces mocassins ne sont pas de simples chaussures ; ils sont l'expression d'un style sophistiqu\u00e9 et d'une qualit\u00e9 in\u00e9gal\u00e9e. Chaque paire de <b>Mocassins classiques en cuir pour hommes<\/b> est m\u00e9ticuleusement fabriqu\u00e9e \u00e0 la main pour offrir \u00e0 la fois durabilit\u00e9 et usure luxueuse, ce qui en fait un compl\u00e9ment essentiel \u00e0 toute garde-robe.<\/p>\n<p>Fabriqu\u00e9es en cuir de veau v\u00e9ritable de premi\u00e8re qualit\u00e9 pour l'ext\u00e9rieur, ces <b>Mocassins classiques en cuir pour hommes<\/b> pr\u00e9sentent une texture riche qui ajoute un caract\u00e8re unique \u00e0 leur silhouette classique. L'empeigne textur\u00e9e distinctive, qui rappelle de subtils motifs reptiliens, cr\u00e9e un d\u00e9tail accrocheur qui distingue ces mocassins. \u00c0 l'int\u00e9rieur, vos pieds seront berc\u00e9s par la douceur d'une doublure en cuir de ch\u00e8vre v\u00e9ritable, garantissant une respirabilit\u00e9 et un confort exceptionnel tout au long de la journ\u00e9e.<\/p>\n<p>Cette combinaison de mat\u00e9riaux de qualit\u00e9 sup\u00e9rieure garantit une exp\u00e9rience agr\u00e9able d\u00e8s l'instant o\u00f9 vous les enfilez.<\/p>\n<p><h3>Un confort in\u00e9gal\u00e9 et un style polyvalent<\/h3>\n<\/p>\n<p>Le fondement de ces remarquables <b>Mocassins classiques en cuir pour hommes<\/b> est une semelle EVA \u00e0 la fois l\u00e9g\u00e8re et durable. Ce mat\u00e9riau innovant offre un excellent amorti et une bonne absorption des chocs, ce qui fait de chaque pas un plaisir. Avec une hauteur de talon confortable de 1 \u00e0 3 cm, ces mocassins offrent l'\u00e9quilibre id\u00e9al entre l'attrait classique et la facilit\u00e9 d'utilisation.<\/p>\n<p>Que vous choisissiez le marron riche, le marron fonc\u00e9 sophistiqu\u00e9 ou le bleu \u00e9l\u00e9gant, chaque option de couleur renforce la polyvalence de ces chaussures, leur permettant de passer sans probl\u00e8me de la tenue de bureau aux sorties du week-end.<\/p>\n<p>Notre collection de <b>Mocassins classiques en cuir pour hommes<\/b> est disponible dans une gamme compl\u00e8te de tailles europ\u00e9ennes allant de 39 \u00e0 45, garantissant un ajustement parfait pour un large \u00e9ventail de clients. La conception \u00e0 enfiler est un gage de commodit\u00e9, tandis que la construction robuste est un gage de long\u00e9vit\u00e9. Ces chaussures <b>Mocassins classiques en cuir pour hommes<\/b> sont id\u00e9ales pour les achats en gros, avec une quantit\u00e9 minimale de commande de 8 paires et un d\u00e9lai de livraison fiable de 12 jours plus les frais d'exp\u00e9dition.<\/p>\n<p>Investissez dans ces produits d'exception <b>Mocassins classiques en cuir pour hommes<\/b> et faites l'exp\u00e9rience du m\u00e9lange ultime de style, de confort et de savoir-faire durable que seules les chaussures en cuir v\u00e9ritable peuvent offrir. Choisissez la qualit\u00e9, choisissez le style, choisissez notre <b>Mocassins classiques en cuir pour hommes<\/b> pour un look impeccable \u00e0 chaque fois.<\/p>","protected":false},"excerpt":{"rendered":"<ul>\n<li><b>Mat\u00e9riau ext\u00e9rieur :<\/b> Cuir de veau v\u00e9ritable pour une durabilit\u00e9 et une sensation de qualit\u00e9 sup\u00e9rieure<\/li>\n<li><b>Doublure int\u00e9rieure :<\/b> Cuir de ch\u00e8vre souple pour un confort et une respirabilit\u00e9 exceptionnels<\/li>\n<li><b>Semelle :<\/b> EVA l\u00e9ger et flexible pour un amorti sup\u00e9rieur<\/li>\n<li><b>Hauteur du talon :<\/b> Confortable 1-3 cm pour un style mocassin classique<\/li>\n<li><b>Tailles disponibles :<\/b> UE 39, 40, 41, 42, 43, 44, 45<\/li>\n<li><b>Commande minimale :<\/b> 8 paires (disponibilit\u00e9 en vrac)<\/li>\n<li><b>D\u00e9lai de livraison :<\/b> 12 jours + Exp\u00e9dition<\/li>\n<\/ul>","protected":false},"featured_media":3707,"template":"","meta":{"_acf_changed":false,"_uag_custom_page_level_css":"","site-sidebar-layout":"default","site-content-layout":"","ast-site-content-layout":"default","site-content-style":"default","site-sidebar-style":"default","ast-global-header-display":"","ast-banner-title-visibility":"","ast-main-header-display":"","ast-hfb-above-header-display":"","ast-hfb-below-header-display":"","ast-hfb-mobile-header-display":"","site-post-title":"","ast-breadcrumbs-content":"","ast-featured-img":"","footer-sml-layout":"","ast-disable-related-posts":"","theme-transparent-header-meta":"","adv-header-id-meta":"","stick-header-meta":"","header-above-stick-meta":"","header-main-stick-meta":"","header-below-stick-meta":"","astra-migrate-meta-layouts":"default","ast-page-background-enabled":"default","ast-page-background-meta":{"desktop":{"background-color":"var(--ast-global-color-4)","background-image":"","background-repeat":"repeat","background-position":"center center","background-size":"auto","background-attachment":"scroll","background-type":"","background-media":"","overlay-type":"","overlay-color":"","overlay-opacity":"","overlay-gradient":""},"tablet":{"background-color":"","background-image":"","background-repeat":"repeat","background-position":"center center","background-size":"auto","background-attachment":"scroll","background-type":"","background-media":"","overlay-type":"","overlay-color":"","overlay-opacity":"","overlay-gradient":""},"mobile":{"background-color":"","background-image":"","background-repeat":"repeat","background-position":"center center","background-size":"auto","background-attachment":"scroll","background-type":"","background-media":"","overlay-type":"","overlay-color":"","overlay-opacity":"","overlay-gradient":""}},"ast-content-background-meta":{"desktop":{"background-color":"var(--ast-global-color-5)","background-image":"","background-repeat":"repeat","background-position":"center center","background-size":"auto","background-attachment":"scroll","background-type":"","background-media":"","overlay-type":"","overlay-color":"","overlay-opacity":"","overlay-gradient":""},"tablet":{"background-color":"var(--ast-global-color-5)","background-image":"","background-repeat":"repeat","background-position":"center center","background-size":"auto","background-attachment":"scroll","background-type":"","background-media":"","overlay-type":"","overlay-color":"","overlay-opacity":"","overlay-gradient":""},"mobile":{"background-color":"var(--ast-global-color-5)","background-image":"","background-repeat":"repeat","background-position":"center center","background-size":"auto","background-attachment":"scroll","background-type":"","background-media":"","overlay-type":"","overlay-color":"","overlay-opacity":"","overlay-gradient":""}}},"product_brand":[],"product_cat":[47,430,40],"product_tag":[200,566,512,457,950,944,438,769,189,215,198,186,362,184,721],"class_list":{"0":"post-5516","1":"product","2":"type-product","3":"status-publish","4":"has-post-thumbnail","6":"product_cat-classic","7":"product_cat-men","8":"product_cat-mens-shoes","9":"product_tag-business-casual","10":"product_tag-calfskin-shoes","11":"product_tag-casual-loafers","12":"product_tag-classic-loafers","13":"product_tag-comfort-loafers","14":"product_tag-dress-casual","15":"product_tag-eva-sole","16":"product_tag-gentlemens-shoes","17":"product_tag-goat-leather-lining","18":"product_tag-leather-loafers","19":"product_tag-mens-fashion","20":"product_tag-mens-loafers","21":"product_tag-premium-footwear","22":"product_tag-slip-on-shoes","23":"product_tag-textured-shoes","24":"desktop-align-center","25":"tablet-align-center","26":"mobile-align-center","28":"first","29":"instock","30":"shipping-taxable","31":"purchasable","32":"product-type-variable","33":"has-default-attributes"},"acf":[],"uagb_featured_image_src":{"full":["https:\/\/turkishtrade.co\/wp-content\/uploads\/2026\/01\/2400EJOMN00286-DARK-BROWN-Y_871.png",453,250,false],"thumbnail":["https:\/\/turkishtrade.co\/wp-content\/uploads\/2026\/01\/2400EJOMN00286-DARK-BROWN-Y_871-150x150.png",150,150,true],"medium":["https:\/\/turkishtrade.co\/wp-content\/uploads\/2026\/01\/2400EJOMN00286-DARK-BROWN-Y_871-300x166.png",300,166,true],"medium_large":["https:\/\/turkishtrade.co\/wp-content\/uploads\/2026\/01\/2400EJOMN00286-DARK-BROWN-Y_871.png",453,250,false],"large":["https:\/\/turkishtrade.co\/wp-content\/uploads\/2026\/01\/2400EJOMN00286-DARK-BROWN-Y_871.png",453,250,false],"1536x1536":["https:\/\/turkishtrade.co\/wp-content\/uploads\/2026\/01\/2400EJOMN00286-DARK-BROWN-Y_871.png",453,250,false],"2048x2048":["https:\/\/turkishtrade.co\/wp-content\/uploads\/2026\/01\/2400EJOMN00286-DARK-BROWN-Y_871.png",453,250,false],"trp-custom-language-flag":["https:\/\/turkishtrade.co\/wp-content\/uploads\/2026\/01\/2400EJOMN00286-DARK-BROWN-Y_871-18x10.png",18,10,true],"woocommerce_thumbnail":["https:\/\/turkishtrade.co\/wp-content\/uploads\/2026\/01\/2400EJOMN00286-DARK-BROWN-Y_871-400x250.png",400,250,true],"woocommerce_single":["https:\/\/turkishtrade.co\/wp-content\/uploads\/2026\/01\/2400EJOMN00286-DARK-BROWN-Y_871.png",453,250,false],"woocommerce_gallery_thumbnail":["https:\/\/turkishtrade.co\/wp-content\/uploads\/2026\/01\/2400EJOMN00286-DARK-BROWN-Y_871-100x100.png",100,100,true]},"uagb_author_info":{"display_name":"yaser olabi","author_link":"https:\/\/turkishtrade.co\/fr\/author\/"},"uagb_comment_info":0,"uagb_excerpt":"Outer Material: Genuine Calfskin Leather for durability and premium feel Inner Lining: Soft Goat Leather for exceptional comfort and breathability Sole: Lightweight and flexible EVA for superior cushioning Heel Height: Comfortable 1-3 cm for classic loafer styling Available Sizes: EU 39, 40, 41, 42, 43, 44, 45 Minimum Order: 8 Pairs (bulk availability) Delivery Time:\u2026","_links":{"self":[{"href":"https:\/\/turkishtrade.co\/fr\/wp-json\/wp\/v2\/product\/5516","targetHints":{"allow":["GET"]}}],"collection":[{"href":"https:\/\/turkishtrade.co\/fr\/wp-json\/wp\/v2\/product"}],"about":[{"href":"https:\/\/turkishtrade.co\/fr\/wp-json\/wp\/v2\/types\/product"}],"wp:featuredmedia":[{"embeddable":true,"href":"https:\/\/turkishtrade.co\/fr\/wp-json\/wp\/v2\/media\/3707"}],"wp:attachment":[{"href":"https:\/\/turkishtrade.co\/fr\/wp-json\/wp\/v2\/media?parent=5516"}],"wp:term":[{"taxonomy":"product_brand","embeddable":true,"href":"https:\/\/turkishtrade.co\/fr\/wp-json\/wp\/v2\/product_brand?post=5516"},{"taxonomy":"product_cat","embeddable":true,"href":"https:\/\/turkishtrade.co\/fr\/wp-json\/wp\/v2\/product_cat?post=5516"},{"taxonomy":"product_tag","embeddable":true,"href":"https:\/\/turkishtrade.co\/fr\/wp-json\/wp\/v2\/product_tag?post=5516"}],"curies":[{"name":"wp","href":"https:\/\/api.w.org\/{rel}","templated":true}]}}