{"id":5506,"date":"2026-01-14T12:08:35","date_gmt":"2026-01-14T12:08:35","guid":{"rendered":"https:\/\/turkishtrade.co\/product\/men-s-leather-loafer\/"},"modified":"2026-04-09T19:32:25","modified_gmt":"2026-04-09T19:32:25","slug":"mens-leather-loafer","status":"publish","type":"product","link":"https:\/\/turkishtrade.co\/fr\/shop\/mens-leather-loafer\/","title":{"rendered":"Mocassins classiques en cuir de veau pour hommes"},"content":{"rendered":"<p><strong>mocassins en cuir pour hommes<\/strong><\/p>\n<p>Entrez dans un confort sophistiqu\u00e9 avec notre <strong>Mocassins classiques en cuir de veau pour hommes<\/strong>, Ces produits sont l'incarnation d'un style intemporel et d'un savoir-faire de qualit\u00e9 sup\u00e9rieure. Ces \u00e9l\u00e9gantes <strong>mocassins en cuir pour hommes<\/strong> sont m\u00e9ticuleusement con\u00e7ues pour le gentleman exigeant qui appr\u00e9cie \u00e0 la fois l'esth\u00e9tique et la durabilit\u00e9. Que vous vous rendiez \u00e0 une r\u00e9union d'affaires, \u00e0 un brunch d\u00e9contract\u00e9 le week-end ou \u00e0 un \u00e9v\u00e9nement formel, ces chaussures sont id\u00e9ales pour les hommes d'affaires. <strong>mocassins en cuir pour hommes<\/strong> offrent un m\u00e9lange parfait de polyvalence et de classe.<\/p>\n<p>D\u00e9couvrez la diff\u00e9rence que font les mat\u00e9riaux de premi\u00e8re qualit\u00e9 et la construction experte \u00e0 chaque \u00e9tape.<\/p>\n<p><h3>Un savoir-faire in\u00e9gal\u00e9 : L'essence de nos mocassins en cuir pour hommes<\/h3>\n<\/p>\n<p>Notre <strong>mocassins en cuir pour hommes<\/strong> se distingue par le choix de mat\u00e9riaux exceptionnels. L'ext\u00e9rieur est fabriqu\u00e9 en cuir de veau v\u00e9ritable luxueux, connu pour sa texture lisse, son \u00e9lasticit\u00e9 et sa finition \u00e9l\u00e9gante. Ce cuir de veau de haute qualit\u00e9 garantit que votre <strong>mocassins en cuir pour hommes<\/strong> Les chaussures ne sont pas seulement superbes, elles r\u00e9sistent aussi \u00e0 l'\u00e9preuve du temps, d\u00e9veloppant une patine unique avec l'\u00e2ge.<\/p>\n<p>En compl\u00e9ment de l'ext\u00e9rieur robuste, l'int\u00e9rieur est doubl\u00e9 de cuir de ch\u00e8vre souple, offrant un environnement incroyablement doux et respirant pour vos pieds. Cette combinaison de cuirs de qualit\u00e9 sup\u00e9rieure offre un confort in\u00e9gal\u00e9 et contribue \u00e0 pr\u00e9server la sant\u00e9 du pied tout au long de la journ\u00e9e.<\/p>\n<p><h3>Con\u00e7u pour un confort ultime et un style durable<\/h3>\n<\/p>\n<p>Le confort est primordial dans nos <strong>mocassins en cuir pour hommes<\/strong> conception. Chaque paire est dot\u00e9e d'une semelle EVA l\u00e9g\u00e8re mais incroyablement durable, con\u00e7ue pour offrir un excellent amorti et un bon soutien. La semelle EVA offre souplesse et absorption des chocs, ce qui fait de ces chaussures des chaussures de sport. <strong>mocassins en cuir pour hommes<\/strong> chaussures id\u00e9ales pour une utilisation prolong\u00e9e.<\/p>\n<p>Avec une hauteur de talon classique de 1 \u00e0 3 cm, ces mocassins conservent un profil sophistiqu\u00e9 sans compromettre le confort. Le style \u00e0 enfiler assure une facilit\u00e9 d'utilisation, ce qui en fait un choix pratique pour les hommes en d\u00e9placement. Disponibles en noir intemporel et en marron riche, ces mocassins s'associent sans effort \u00e0 un large \u00e9ventail de tenues, du costume sur mesure \u00e0 la tenue d\u00e9contract\u00e9e \u00e9l\u00e9gante.<\/p>\n<p><h3>Opportunit\u00e9 de vente en gros de mocassins en cuir de premi\u00e8re qualit\u00e9 pour hommes<\/h3>\n<\/p>\n<p>Pour les d\u00e9taillants et les entreprises, notre <strong>mocassins en cuir pour hommes<\/strong> sont disponibles \u00e0 l'achat en gros avec une commande minimum de 8 paires. Elles constituent donc un excellent compl\u00e9ment \u00e0 toute collection de chaussures, offrant \u00e0 vos clients des options \u00e9l\u00e9gantes et de haute qualit\u00e9. Nous r\u00e9pondons aux besoins d'un large \u00e9ventail de pointures, avec une disponibilit\u00e9 couvrant les UE 39, 40, 41, 42, 43, 44 et 45.<\/p>\n<p>Notre engagement en faveur de la qualit\u00e9 s'\u00e9tend \u00e0 nos livraisons, les commandes \u00e9tant g\u00e9n\u00e9ralement trait\u00e9es et exp\u00e9di\u00e9es dans un d\u00e9lai de 12 jours, plus le temps d'acheminement standard des marchandises. Investissez dans ces produits exquis <strong>mocassins en cuir pour hommes<\/strong> et offrent un produit qui promet \u00e0 la fois l'\u00e9l\u00e9gance et l'attrait durable, un v\u00e9ritable \u00e9l\u00e9ment de base pour toute garde-robe sophistiqu\u00e9e.<\/p>","protected":false},"excerpt":{"rendered":"<p>\u00c9levez votre style avec nos mocassins classiques en cuir de veau de premi\u00e8re qualit\u00e9 :<\/p>\n<ul>\n<li><strong>Mat\u00e9riau de premi\u00e8re qualit\u00e9 :<\/strong> Fabriqu\u00e9 en cuir de veau v\u00e9ritable \u00e0 l'ext\u00e9rieur et en cuir de ch\u00e8vre souple \u00e0 l'int\u00e9rieur.<\/li>\n<li><strong>Semelle de confort :<\/strong> Semelle EVA l\u00e9g\u00e8re et durable pour un confort tout au long de la journ\u00e9e.<\/li>\n<li><strong>Design classique :<\/strong> Mocassins intemporels avec un talon confortable de 1 \u00e0 3 cm.<\/li>\n<li><strong>Disponibilit\u00e9 en vrac :<\/strong> Commande minimum de 8 paires, id\u00e9al pour la vente en gros.<\/li>\n<li><strong>Tailles disponibles :<\/strong> UE 39-45.<\/li>\n<\/ul>","protected":false},"featured_media":3699,"template":"","meta":{"_acf_changed":false,"_uag_custom_page_level_css":"","site-sidebar-layout":"default","site-content-layout":"","ast-site-content-layout":"default","site-content-style":"default","site-sidebar-style":"default","ast-global-header-display":"","ast-banner-title-visibility":"","ast-main-header-display":"","ast-hfb-above-header-display":"","ast-hfb-below-header-display":"","ast-hfb-mobile-header-display":"","site-post-title":"","ast-breadcrumbs-content":"","ast-featured-img":"","footer-sml-layout":"","ast-disable-related-posts":"","theme-transparent-header-meta":"","adv-header-id-meta":"","stick-header-meta":"","header-above-stick-meta":"","header-main-stick-meta":"","header-below-stick-meta":"","astra-migrate-meta-layouts":"default","ast-page-background-enabled":"default","ast-page-background-meta":{"desktop":{"background-color":"var(--ast-global-color-4)","background-image":"","background-repeat":"repeat","background-position":"center center","background-size":"auto","background-attachment":"scroll","background-type":"","background-media":"","overlay-type":"","overlay-color":"","overlay-opacity":"","overlay-gradient":""},"tablet":{"background-color":"","background-image":"","background-repeat":"repeat","background-position":"center center","background-size":"auto","background-attachment":"scroll","background-type":"","background-media":"","overlay-type":"","overlay-color":"","overlay-opacity":"","overlay-gradient":""},"mobile":{"background-color":"","background-image":"","background-repeat":"repeat","background-position":"center center","background-size":"auto","background-attachment":"scroll","background-type":"","background-media":"","overlay-type":"","overlay-color":"","overlay-opacity":"","overlay-gradient":""}},"ast-content-background-meta":{"desktop":{"background-color":"var(--ast-global-color-5)","background-image":"","background-repeat":"repeat","background-position":"center center","background-size":"auto","background-attachment":"scroll","background-type":"","background-media":"","overlay-type":"","overlay-color":"","overlay-opacity":"","overlay-gradient":""},"tablet":{"background-color":"var(--ast-global-color-5)","background-image":"","background-repeat":"repeat","background-position":"center center","background-size":"auto","background-attachment":"scroll","background-type":"","background-media":"","overlay-type":"","overlay-color":"","overlay-opacity":"","overlay-gradient":""},"mobile":{"background-color":"var(--ast-global-color-5)","background-image":"","background-repeat":"repeat","background-position":"center center","background-size":"auto","background-attachment":"scroll","background-type":"","background-media":"","overlay-type":"","overlay-color":"","overlay-opacity":"","overlay-gradient":""}}},"product_brand":[],"product_cat":[47,430,40],"product_tag":[513,185,457,438,352,189,719,184,281],"class_list":{"0":"post-5506","1":"product","2":"type-product","3":"status-publish","4":"has-post-thumbnail","6":"product_cat-classic","7":"product_cat-men","8":"product_cat-mens-shoes","9":"product_tag-business-casual-shoes","10":"product_tag-calf-leather-shoes","11":"product_tag-classic-loafers","12":"product_tag-eva-sole","13":"product_tag-formal-loafers","14":"product_tag-goat-leather-lining","15":"product_tag-mens-leather-loafers","16":"product_tag-slip-on-shoes","17":"product_tag-wholesale-shoes","18":"desktop-align-center","19":"tablet-align-center","20":"mobile-align-center","22":"first","23":"instock","24":"shipping-taxable","25":"purchasable","26":"product-type-variable","27":"has-default-attributes"},"acf":[],"uagb_featured_image_src":{"full":["https:\/\/turkishtrade.co\/wp-content\/uploads\/2026\/01\/2400EJOMN00283-DARK-BROWN-DKS_02.png",453,250,false],"thumbnail":["https:\/\/turkishtrade.co\/wp-content\/uploads\/2026\/01\/2400EJOMN00283-DARK-BROWN-DKS_02.png",150,83,false],"medium":["https:\/\/turkishtrade.co\/wp-content\/uploads\/2026\/01\/2400EJOMN00283-DARK-BROWN-DKS_02.png",300,166,false],"medium_large":["https:\/\/turkishtrade.co\/wp-content\/uploads\/2026\/01\/2400EJOMN00283-DARK-BROWN-DKS_02.png",453,250,false],"large":["https:\/\/turkishtrade.co\/wp-content\/uploads\/2026\/01\/2400EJOMN00283-DARK-BROWN-DKS_02.png",453,250,false],"1536x1536":["https:\/\/turkishtrade.co\/wp-content\/uploads\/2026\/01\/2400EJOMN00283-DARK-BROWN-DKS_02.png",453,250,false],"2048x2048":["https:\/\/turkishtrade.co\/wp-content\/uploads\/2026\/01\/2400EJOMN00283-DARK-BROWN-DKS_02.png",453,250,false],"trp-custom-language-flag":["https:\/\/turkishtrade.co\/wp-content\/uploads\/2026\/01\/2400EJOMN00283-DARK-BROWN-DKS_02.png",18,10,false],"woocommerce_thumbnail":["https:\/\/turkishtrade.co\/wp-content\/uploads\/2026\/01\/2400EJOMN00283-DARK-BROWN-DKS_02-400x250.png",400,250,true],"woocommerce_single":["https:\/\/turkishtrade.co\/wp-content\/uploads\/2026\/01\/2400EJOMN00283-DARK-BROWN-DKS_02.png",453,250,false],"woocommerce_gallery_thumbnail":["https:\/\/turkishtrade.co\/wp-content\/uploads\/2026\/01\/2400EJOMN00283-DARK-BROWN-DKS_02-100x100.png",100,100,true]},"uagb_author_info":{"display_name":"yaser olabi","author_link":"https:\/\/turkishtrade.co\/fr\/author\/"},"uagb_comment_info":0,"uagb_excerpt":"Elevate your style with our premium Classic Calf Leather Loafers: Premium Material: Crafted with genuine calf leather exterior and soft goat leather interior. Comfort Sole: Lightweight and durable EVA sole for all-day comfort. Classic Design: Timeless slip-on loafer style with a comfortable 1-3cm heel. Bulk Availability: Minimum order of 8 pairs, ideal for wholesale. Available\u2026","_links":{"self":[{"href":"https:\/\/turkishtrade.co\/fr\/wp-json\/wp\/v2\/product\/5506","targetHints":{"allow":["GET"]}}],"collection":[{"href":"https:\/\/turkishtrade.co\/fr\/wp-json\/wp\/v2\/product"}],"about":[{"href":"https:\/\/turkishtrade.co\/fr\/wp-json\/wp\/v2\/types\/product"}],"wp:featuredmedia":[{"embeddable":true,"href":"https:\/\/turkishtrade.co\/fr\/wp-json\/wp\/v2\/media\/3699"}],"wp:attachment":[{"href":"https:\/\/turkishtrade.co\/fr\/wp-json\/wp\/v2\/media?parent=5506"}],"wp:term":[{"taxonomy":"product_brand","embeddable":true,"href":"https:\/\/turkishtrade.co\/fr\/wp-json\/wp\/v2\/product_brand?post=5506"},{"taxonomy":"product_cat","embeddable":true,"href":"https:\/\/turkishtrade.co\/fr\/wp-json\/wp\/v2\/product_cat?post=5506"},{"taxonomy":"product_tag","embeddable":true,"href":"https:\/\/turkishtrade.co\/fr\/wp-json\/wp\/v2\/product_tag?post=5506"}],"curies":[{"name":"wp","href":"https:\/\/api.w.org\/{rel}","templated":true}]}}