{"id":5503,"date":"2026-01-14T12:08:12","date_gmt":"2026-01-14T12:08:12","guid":{"rendered":"https:\/\/turkishtrade.co\/product\/men-casual-leather-loafers\/"},"modified":"2026-04-09T19:32:31","modified_gmt":"2026-04-09T19:32:31","slug":"mens-casual-leather-loafers-4","status":"publish","type":"product","link":"https:\/\/turkishtrade.co\/fr\/shop\/mens-casual-leather-loafers-4\/","title":{"rendered":"Mocassins en cuir de veau de qualit\u00e9 sup\u00e9rieure pour hommes"},"content":{"rendered":"<p><strong>Mocassins en cuir pour hommes<\/strong><\/p>\n<p>D\u00e9couvrez la quintessence du confort sophistiqu\u00e9 avec notre exquise <b>Mocassins en cuir pour hommes<\/b>. Con\u00e7us pour le gentleman moderne qui appr\u00e9cie \u00e0 la fois le style et la substance, ces mocassins t\u00e9moignent d'un savoir-faire sup\u00e9rieur et d'un design intemporel. Chaque paire de ces mocassins <b>Mocassins en cuir pour hommes<\/b> offre un m\u00e9lange in\u00e9gal\u00e9 d'esth\u00e9tique classique et de confort contemporain, ce qui en fait un compl\u00e9ment essentiel \u00e0 toute garde-robe exigeante.<\/p>\n<p>Que vous vous habilliez pour une r\u00e9union d'affaires, un \u00e9v\u00e9nement chic et d\u00e9contract\u00e9 ou que vous recherchiez simplement des chaussures de tous les jours raffin\u00e9es, ces chaussures polyvalentes vous permettront de vous sentir plus \u00e0 l'aise dans la vie de tous les jours. <b>Mocassins en cuir pour hommes<\/b> de tenir ses promesses sur tous les fronts.<\/p>\n<p><h3>Un savoir-faire in\u00e9gal\u00e9 et des mat\u00e9riaux de premi\u00e8re qualit\u00e9<\/h3>\n<\/p>\n<p>Fabriqu\u00e9 avec une attention m\u00e9ticuleuse aux d\u00e9tails, l'ext\u00e9rieur de ces luxueuses <b>Mocassins en cuir pour hommes<\/b> est fabriqu\u00e9e en cuir de veau de premi\u00e8re qualit\u00e9. Ce choix de mat\u00e9riau offre non seulement une finition riche et \u00e9l\u00e9gante dans des teintes marron et marron fonc\u00e9 polyvalentes, mais garantit \u00e9galement une durabilit\u00e9 exceptionnelle et une sensation naturelle et respirante qui se moule \u00e0 votre pied au fil du temps.<\/p>\n<p>La texture lisse et souple du cuir de veau fait de ces <b>Mocassins en cuir pour hommes<\/b> une exp\u00e9rience tactile vraiment luxueuse. En compl\u00e9ment de l'ext\u00e9rieur robuste, l'int\u00e9rieur est somptueusement doubl\u00e9 de cuir de ch\u00e8vre souple, r\u00e9put\u00e9 pour sa douceur et sa respirabilit\u00e9 exceptionnelles. Cette doublure int\u00e9rieure garantit un confort supr\u00eame, en \u00e9vacuant l'humidit\u00e9 et en offrant une forme de gant qui maintient vos pieds \u00e0 l'aise tout au long de la journ\u00e9e, ce qui am\u00e9liore vraiment l'exp\u00e9rience de porter ces chaussures. <b>Mocassins en cuir pour hommes<\/b>.<\/p>\n<p><h3>Le confort et le style : Le mocassin parfait pour tous les jours<\/h3>\n<\/p>\n<p>Les fondements de ces projets exceptionnels sont les suivants <b>Mocassins en cuir pour hommes<\/b> r\u00e9side dans sa semelle l\u00e9g\u00e8re en EVA. Ce mat\u00e9riau innovant offre une excellente absorption des chocs et une grande flexibilit\u00e9, garantissant ainsi un amorti et un confort \u00e0 chaque pas. Le talon bas, de 1 \u00e0 3 cm, procure une \u00e9l\u00e9vation subtile sans compromettre la stabilit\u00e9 ou l'aspect d\u00e9contract\u00e9, mais raffin\u00e9, de la chaussure.<\/p>\n<p>Le design classique \u00e0 enfiler est gracieusement rehauss\u00e9 par une \u00e9l\u00e9gante boucle m\u00e9tallique, ajoutant une touche de sophistication qui \u00e9l\u00e8ve ces mocassins au-del\u00e0 de l'ordinaire. Disponibles dans une large gamme de tailles europ\u00e9ennes allant de 39 \u00e0 45, ces mocassins \u00e9l\u00e9gants se distinguent par la qualit\u00e9 de leur conception et de leur design. <b>Mocassins en cuir pour hommes<\/b> s'adressent \u00e0 une large client\u00e8le, ce qui permet \u00e0 de nombreuses personnes d'y trouver leur compte.<\/p>\n<p><h3>Id\u00e9al pour les commandes en gros et les d\u00e9taillants<\/h3>\n<\/p>\n<p>Pour les d\u00e9taillants et les entreprises, ces <b>Mocassins en cuir pour hommes<\/b> repr\u00e9sentent une excellente opportunit\u00e9 d'am\u00e9liorer votre offre de produits. Nous proposons une quantit\u00e9 minimale de commande de 8 paires, ce qui permet de stocker de mani\u00e8re pratique et efficace une vari\u00e9t\u00e9 de tailles et de couleurs pour r\u00e9pondre \u00e0 la demande de vos clients. Notre production rationalis\u00e9e et notre processus d'exp\u00e9dition fiable garantissent un d\u00e9lai de livraison d'environ 12 jours plus les frais d'exp\u00e9dition, ce qui vous permet de r\u00e9approvisionner votre stock rapidement.<\/p>\n<p>Investissez dans la qualit\u00e9, le confort et un style durable que vos clients appr\u00e9cieront sans aucun doute. Ces produits <b>Mocassins en cuir pour hommes<\/b> sont plus que de simples chaussures ; elles sont une exp\u00e9rience de confort raffin\u00e9 et d'\u00e9l\u00e9gance intemporelle, parfaites pour le professionnel ou le particulier soucieux de son style, \u00e0 la recherche de chaussures de qualit\u00e9 sup\u00e9rieure. <b>Mocassins en cuir pour hommes<\/b>.<\/p>","protected":false},"excerpt":{"rendered":"<ul>\n<li>Tige en cuir de veau de premi\u00e8re qualit\u00e9 pour une durabilit\u00e9 et un style sup\u00e9rieurs<\/li>\n<li>Doublure en cuir de ch\u00e8vre luxueux pour un confort ultime et une bonne respirabilit\u00e9<\/li>\n<li>Semelle l\u00e9g\u00e8re en EVA pour des pas amortis et une utilisation tout au long de la journ\u00e9e<\/li>\n<li>Mocassins classiques avec boucle \u00e9l\u00e9gante<\/li>\n<li>Talon bas confortable (1-3 cm)<\/li>\n<li>Disponible en tailles UE : 39, 40, 41, 42, 43, 44, 45<\/li>\n<li>Quantit\u00e9 minimale de commande : 8 paires<\/li>\n<li>D\u00e9lai de livraison : 12 jours + exp\u00e9dition<\/li>\n<\/ul>","protected":false},"featured_media":3697,"template":"","meta":{"_acf_changed":false,"_uag_custom_page_level_css":"","site-sidebar-layout":"default","site-content-layout":"","ast-site-content-layout":"default","site-content-style":"default","site-sidebar-style":"default","ast-global-header-display":"","ast-banner-title-visibility":"","ast-main-header-display":"","ast-hfb-above-header-display":"","ast-hfb-below-header-display":"","ast-hfb-mobile-header-display":"","site-post-title":"","ast-breadcrumbs-content":"","ast-featured-img":"","footer-sml-layout":"","ast-disable-related-posts":"","theme-transparent-header-meta":"","adv-header-id-meta":"","stick-header-meta":"","header-above-stick-meta":"","header-main-stick-meta":"","header-below-stick-meta":"","astra-migrate-meta-layouts":"default","ast-page-background-enabled":"default","ast-page-background-meta":{"desktop":{"background-color":"var(--ast-global-color-4)","background-image":"","background-repeat":"repeat","background-position":"center center","background-size":"auto","background-attachment":"scroll","background-type":"","background-media":"","overlay-type":"","overlay-color":"","overlay-opacity":"","overlay-gradient":""},"tablet":{"background-color":"","background-image":"","background-repeat":"repeat","background-position":"center center","background-size":"auto","background-attachment":"scroll","background-type":"","background-media":"","overlay-type":"","overlay-color":"","overlay-opacity":"","overlay-gradient":""},"mobile":{"background-color":"","background-image":"","background-repeat":"repeat","background-position":"center center","background-size":"auto","background-attachment":"scroll","background-type":"","background-media":"","overlay-type":"","overlay-color":"","overlay-opacity":"","overlay-gradient":""}},"ast-content-background-meta":{"desktop":{"background-color":"var(--ast-global-color-5)","background-image":"","background-repeat":"repeat","background-position":"center center","background-size":"auto","background-attachment":"scroll","background-type":"","background-media":"","overlay-type":"","overlay-color":"","overlay-opacity":"","overlay-gradient":""},"tablet":{"background-color":"var(--ast-global-color-5)","background-image":"","background-repeat":"repeat","background-position":"center center","background-size":"auto","background-attachment":"scroll","background-type":"","background-media":"","overlay-type":"","overlay-color":"","overlay-opacity":"","overlay-gradient":""},"mobile":{"background-color":"var(--ast-global-color-5)","background-image":"","background-repeat":"repeat","background-position":"center center","background-size":"auto","background-attachment":"scroll","background-type":"","background-media":"","overlay-type":"","overlay-color":"","overlay-opacity":"","overlay-gradient":""}}},"product_brand":[],"product_cat":[47,430,40],"product_tag":[949,147,315,202,449,950,725,284,438,189,215,198,186,184,456],"class_list":{"0":"post-5503","1":"product","2":"type-product","3":"status-publish","4":"has-post-thumbnail","6":"product_cat-classic","7":"product_cat-men","8":"product_cat-mens-shoes","9":"product_tag-b2b-footwear","10":"product_tag-brown-loafers","11":"product_tag-buckle-loafers","12":"product_tag-calf-leather","13":"product_tag-casual-shoes","14":"product_tag-comfort-loafers","15":"product_tag-dark-brown-loafers","16":"product_tag-dress-shoes","17":"product_tag-eva-sole","18":"product_tag-goat-leather-lining","19":"product_tag-leather-loafers","20":"product_tag-mens-fashion","21":"product_tag-mens-loafers","22":"product_tag-slip-on-shoes","23":"product_tag-wholesale-loafers","24":"desktop-align-center","25":"tablet-align-center","26":"mobile-align-center","28":"first","29":"instock","30":"shipping-taxable","31":"purchasable","32":"product-type-variable","33":"has-default-attributes"},"acf":[],"uagb_featured_image_src":{"full":["https:\/\/turkishtrade.co\/wp-content\/uploads\/2026\/01\/2400EJOMN00282-DARK-BROWN-Y_871.png",453,250,false],"thumbnail":["https:\/\/turkishtrade.co\/wp-content\/uploads\/2026\/01\/2400EJOMN00282-DARK-BROWN-Y_871-150x150.png",150,150,true],"medium":["https:\/\/turkishtrade.co\/wp-content\/uploads\/2026\/01\/2400EJOMN00282-DARK-BROWN-Y_871-300x166.png",300,166,true],"medium_large":["https:\/\/turkishtrade.co\/wp-content\/uploads\/2026\/01\/2400EJOMN00282-DARK-BROWN-Y_871.png",453,250,false],"large":["https:\/\/turkishtrade.co\/wp-content\/uploads\/2026\/01\/2400EJOMN00282-DARK-BROWN-Y_871.png",453,250,false],"1536x1536":["https:\/\/turkishtrade.co\/wp-content\/uploads\/2026\/01\/2400EJOMN00282-DARK-BROWN-Y_871.png",453,250,false],"2048x2048":["https:\/\/turkishtrade.co\/wp-content\/uploads\/2026\/01\/2400EJOMN00282-DARK-BROWN-Y_871.png",453,250,false],"trp-custom-language-flag":["https:\/\/turkishtrade.co\/wp-content\/uploads\/2026\/01\/2400EJOMN00282-DARK-BROWN-Y_871-18x10.png",18,10,true],"woocommerce_thumbnail":["https:\/\/turkishtrade.co\/wp-content\/uploads\/2026\/01\/2400EJOMN00282-DARK-BROWN-Y_871-400x250.png",400,250,true],"woocommerce_single":["https:\/\/turkishtrade.co\/wp-content\/uploads\/2026\/01\/2400EJOMN00282-DARK-BROWN-Y_871.png",453,250,false],"woocommerce_gallery_thumbnail":["https:\/\/turkishtrade.co\/wp-content\/uploads\/2026\/01\/2400EJOMN00282-DARK-BROWN-Y_871-100x100.png",100,100,true]},"uagb_author_info":{"display_name":"yaser olabi","author_link":"https:\/\/turkishtrade.co\/fr\/author\/"},"uagb_comment_info":0,"uagb_excerpt":"Premium Calf Leather Upper for superior durability and style Luxurious Goat Leather Lining for ultimate comfort and breathability Lightweight EVA Sole for cushioned steps and all-day wear Classic Loafer Design with elegant buckle detail Comfortable Low Heel (1-3 cm) Available in EU Sizes: 39, 40, 41, 42, 43, 44, 45 Minimum Order Quantity: 8 Pairs\u2026","_links":{"self":[{"href":"https:\/\/turkishtrade.co\/fr\/wp-json\/wp\/v2\/product\/5503","targetHints":{"allow":["GET"]}}],"collection":[{"href":"https:\/\/turkishtrade.co\/fr\/wp-json\/wp\/v2\/product"}],"about":[{"href":"https:\/\/turkishtrade.co\/fr\/wp-json\/wp\/v2\/types\/product"}],"wp:featuredmedia":[{"embeddable":true,"href":"https:\/\/turkishtrade.co\/fr\/wp-json\/wp\/v2\/media\/3697"}],"wp:attachment":[{"href":"https:\/\/turkishtrade.co\/fr\/wp-json\/wp\/v2\/media?parent=5503"}],"wp:term":[{"taxonomy":"product_brand","embeddable":true,"href":"https:\/\/turkishtrade.co\/fr\/wp-json\/wp\/v2\/product_brand?post=5503"},{"taxonomy":"product_cat","embeddable":true,"href":"https:\/\/turkishtrade.co\/fr\/wp-json\/wp\/v2\/product_cat?post=5503"},{"taxonomy":"product_tag","embeddable":true,"href":"https:\/\/turkishtrade.co\/fr\/wp-json\/wp\/v2\/product_tag?post=5503"}],"curies":[{"name":"wp","href":"https:\/\/api.w.org\/{rel}","templated":true}]}}