{"id":5500,"date":"2026-01-14T12:07:52","date_gmt":"2026-01-14T12:07:52","guid":{"rendered":"https:\/\/turkishtrade.co\/product\/men-leather-cap-toe-derby-shoes\/"},"modified":"2026-04-09T19:32:36","modified_gmt":"2026-04-09T19:32:36","slug":"mens-leather-cap-toe-derby-shoes","status":"publish","type":"product","link":"https:\/\/turkishtrade.co\/fr\/shop\/mens-leather-cap-toe-derby-shoes\/","title":{"rendered":"Chaussures de ville en cuir de qualit\u00e9 sup\u00e9rieure pour hommes"},"content":{"rendered":"<p><strong>Chaussures derby en cuir \u00e0 bout arrondi pour hommes<\/strong><\/p>\n<p>Entrez dans une sophistication in\u00e9gal\u00e9e gr\u00e2ce \u00e0 notre collection exquise de <strong>Chaussures derby en cuir \u00e0 bout arrondi pour hommes<\/strong>. M\u00e9ticuleusement con\u00e7ues pour le gentleman exigeant, ces chaussures allient style classique et confort moderne, ce qui en fait un compl\u00e9ment indispensable \u00e0 toute garde-robe. Que vous assistiez \u00e0 une r\u00e9union d'affaires formelle, \u00e0 un mariage ou \u00e0 une soir\u00e9e raffin\u00e9e, ces chaussures de qualit\u00e9 sup\u00e9rieure vous accompagneront tout au long de votre vie. <strong>Derby en cuir pour hommes<\/strong> vous permettront de faire une impression durable gr\u00e2ce \u00e0 leur silhouette \u00e9l\u00e9gante et \u00e0 leur qualit\u00e9 de fabrication sup\u00e9rieure, incarnant v\u00e9ritablement l'essence de la chaussure formelle de qualit\u00e9.<\/p>\n<p><h3>Qualit\u00e9 in\u00e9gal\u00e9e et excellence artisanale dans les chaussures de derby<\/h3>\n<\/p>\n<p>Chaque paire de nos <strong>Chaussures derby en cuir \u00e0 bout arrondi pour hommes<\/strong> t\u00e9moigne d'un savoir-faire artisanal exceptionnel. La surface ext\u00e9rieure est fabriqu\u00e9e de mani\u00e8re experte \u00e0 partir de <strong>cuir de veau v\u00e9ritable<\/strong>, Le cuir de premi\u00e8re qualit\u00e9 est r\u00e9put\u00e9 pour sa texture lisse, sa durabilit\u00e9 et son aspect luxueux. Ce cuir de qualit\u00e9 sup\u00e9rieure n'est pas seulement magnifique, il se moule \u00e9galement \u00e0 votre pied au fil du temps, offrant ainsi un ajustement personnalis\u00e9.<\/p>\n<p>En compl\u00e9ment, l'int\u00e9rieur est doubl\u00e9 d'un tissu somptueusement doux. <strong>cuir de ch\u00e8vre<\/strong>, Cette construction en cuir double assure une protection ext\u00e9rieure robuste et une exp\u00e9rience int\u00e9rieure moelleuse. Cette double construction en cuir assure \u00e0 la fois une protection ext\u00e9rieure robuste et une exp\u00e9rience int\u00e9rieure moelleuse, ce qui conf\u00e8re \u00e0 ces chaussures haut de gamme un confort exceptionnel. <strong>Derby en cuir pour hommes<\/strong> comme un choix sup\u00e9rieur.<\/p>\n<p><h3>Con\u00e7u pour un confort optimal et un style durable<\/h3>\n<\/p>\n<p>Le confort est primordial sans compromettre le style. Nos <strong>Chaussures derby en cuir \u00e0 bout arrondi pour hommes<\/strong> se caract\u00e9risent par leur l\u00e9g\u00e8ret\u00e9 et leur grande durabilit\u00e9. <strong>Semelle EVA<\/strong>. Cette technologie de semelle avanc\u00e9e offre une excellente absorption des chocs, de la flexibilit\u00e9 et de la traction, ce qui permet de se d\u00e9placer sans effort tout au long de la journ\u00e9e.<\/p>\n<p>Le talon classique de 1 \u00e0 3 cm de hauteur offre une \u00e9l\u00e9vation subtile et maintient un profil raffin\u00e9, parfait pour les environnements professionnels. Le design distingu\u00e9 du bout du pied ajoute une touche d'\u00e9l\u00e9gance traditionnelle, ce qui rend ces chaussures polyvalentes tr\u00e8s agr\u00e9ables \u00e0 porter. <strong>Derby en cuir pour hommes<\/strong> Les v\u00eatements de cette collection sont adapt\u00e9s \u00e0 un large \u00e9ventail de tenues, des costumes \u00e9l\u00e9gants aux ensembles \u00e9l\u00e9gants et d\u00e9contract\u00e9s.<\/p>\n<p>Faites l'exp\u00e9rience de l'harmonie parfaite entre l'esth\u00e9tique classique et le confort contemporain avec ces chaussures formelles exceptionnelles, v\u00e9ritable r\u00e9f\u00e9rence en mati\u00e8re d'\u00e9l\u00e9gance et de confort. <strong>Derby en cuir pour hommes<\/strong>.<\/p>\n<p><h3>Des chaussures de derby polyvalentes pour toutes les occasions<\/h3>\n<\/p>\n<p>L'attrait intemporel de ces <strong>Chaussures derby en cuir \u00e0 bout arrondi pour hommes<\/strong> les rend incroyablement polyvalents. C'est le choix par excellence pour les tenues d'affaires, car il conf\u00e8re un aspect poli et professionnel. Au-del\u00e0 de la salle de conf\u00e9rence, ils s'adaptent parfaitement aux \u00e9v\u00e9nements semi-formels, en y ajoutant une touche sophistiqu\u00e9e.<\/p>\n<p>Investissez dans une paire de <strong>Derby en cuir pour hommes<\/strong> qui non seulement rehaussent votre style, mais offrent \u00e9galement un confort et une qualit\u00e9 durables. Il ne s'agit pas de simples chaussures, mais d'une extension de votre style personnel, refl\u00e9tant une appr\u00e9ciation de la qualit\u00e9 et de la tradition. Nous proposons \u00e9galement diff\u00e9rentes couleurs, dont le noir classique et le marron riche, pour s'adapter parfaitement \u00e0 vos pr\u00e9f\u00e9rences et \u00e0 votre garde-robe, afin que vous trouviez la chaussure id\u00e9ale. <strong>Derby en cuir pour hommes<\/strong> pour toutes les occasions.<\/p>\n<p><h3>Opportunit\u00e9s de vente en gros et service fiable pour les chaussures Derby<\/h3>\n<\/p>\n<p>Pour les d\u00e9taillants et les entreprises, nous offrons ces services de haute qualit\u00e9 <strong>Chaussures derby en cuir \u00e0 bout arrondi pour hommes<\/strong> avec une quantit\u00e9 minimale de 8 paires. Notre processus de production et d'exp\u00e9dition efficace garantit que votre commande sera pr\u00eate \u00e0 \u00eatre exp\u00e9di\u00e9e dans un d\u00e9lai de 12 jours, suivi d'une livraison standard par fret. Avec des tailles disponibles allant de l'UE 39 \u00e0 45, vous pouvez r\u00e9pondre aux besoins d'une large client\u00e8le, en lui fournissant des chaussures formelles de qualit\u00e9 sup\u00e9rieure qui r\u00e9sistent \u00e0 l'\u00e9preuve du temps.<\/p>\n<p>Choisissez nos produits exquis <strong>Derby en cuir pour hommes<\/strong> pour un m\u00e9lange de luxe, de confort et de fiabilit\u00e9 dans votre inventaire.<\/p>","protected":false},"excerpt":{"rendered":"<ul>\n<li><strong>Fabrication de premi\u00e8re qualit\u00e9 :<\/strong> Fabriqu\u00e9 \u00e0 la main avec des mat\u00e9riaux de qualit\u00e9 sup\u00e9rieure pour une qualit\u00e9 durable.<\/li>\n<li><strong>Mat\u00e9riaux luxueux :<\/strong> Surface ext\u00e9rieure en cuir de veau v\u00e9ritable, doublure int\u00e9rieure en cuir de ch\u00e8vre souple.<\/li>\n<li><strong>Semelle ax\u00e9e sur le confort :<\/strong> Semelle l\u00e9g\u00e8re et flexible en EVA pour un port tout au long de la journ\u00e9e et une traction sup\u00e9rieure.<\/li>\n<li><strong>Style Derby classique :<\/strong> \u00c9l\u00e9gant mod\u00e8le \u00e0 capuchon, parfait pour les ensembles formels et d\u00e9contract\u00e9s.<\/li>\n<li><strong>Polyvalent Hauteur du talon :<\/strong> Talon standard de 1 \u00e0 3 cm pour un attrait intemporel et une posture confortable.<\/li>\n<li><strong>Tailles disponibles :<\/strong> La gamme compl\u00e8te s'\u00e9tend de l'UE 39 \u00e0 l'UE 45 afin de garantir un ajustement parfait aux diff\u00e9rents clients.<\/li>\n<li><strong>Disponibilit\u00e9 en vrac :<\/strong> Quantit\u00e9 minimale de commande de 8 paires pour les achats en gros efficaces.<\/li>\n<li><strong>Livraison efficace :<\/strong> Les commandes sont trait\u00e9es et pr\u00eates \u00e0 \u00eatre exp\u00e9di\u00e9es dans un d\u00e9lai de 12 jours, plus le temps de transit standard des marchandises.<\/li>\n<\/ul>","protected":false},"featured_media":3695,"template":"","meta":{"_acf_changed":false,"_uag_custom_page_level_css":"","site-sidebar-layout":"default","site-content-layout":"","ast-site-content-layout":"default","site-content-style":"default","site-sidebar-style":"default","ast-global-header-display":"","ast-banner-title-visibility":"","ast-main-header-display":"","ast-hfb-above-header-display":"","ast-hfb-below-header-display":"","ast-hfb-mobile-header-display":"","site-post-title":"","ast-breadcrumbs-content":"","ast-featured-img":"","footer-sml-layout":"","ast-disable-related-posts":"","theme-transparent-header-meta":"","adv-header-id-meta":"","stick-header-meta":"","header-above-stick-meta":"","header-main-stick-meta":"","header-below-stick-meta":"","astra-migrate-meta-layouts":"default","ast-page-background-enabled":"default","ast-page-background-meta":{"desktop":{"background-color":"var(--ast-global-color-4)","background-image":"","background-repeat":"repeat","background-position":"center center","background-size":"auto","background-attachment":"scroll","background-type":"","background-media":"","overlay-type":"","overlay-color":"","overlay-opacity":"","overlay-gradient":""},"tablet":{"background-color":"","background-image":"","background-repeat":"repeat","background-position":"center center","background-size":"auto","background-attachment":"scroll","background-type":"","background-media":"","overlay-type":"","overlay-color":"","overlay-opacity":"","overlay-gradient":""},"mobile":{"background-color":"","background-image":"","background-repeat":"repeat","background-position":"center center","background-size":"auto","background-attachment":"scroll","background-type":"","background-media":"","overlay-type":"","overlay-color":"","overlay-opacity":"","overlay-gradient":""}},"ast-content-background-meta":{"desktop":{"background-color":"var(--ast-global-color-5)","background-image":"","background-repeat":"repeat","background-position":"center center","background-size":"auto","background-attachment":"scroll","background-type":"","background-media":"","overlay-type":"","overlay-color":"","overlay-opacity":"","overlay-gradient":""},"tablet":{"background-color":"var(--ast-global-color-5)","background-image":"","background-repeat":"repeat","background-position":"center center","background-size":"auto","background-attachment":"scroll","background-type":"","background-media":"","overlay-type":"","overlay-color":"","overlay-opacity":"","overlay-gradient":""},"mobile":{"background-color":"var(--ast-global-color-5)","background-image":"","background-repeat":"repeat","background-position":"center center","background-size":"auto","background-attachment":"scroll","background-type":"","background-media":"","overlay-type":"","overlay-color":"","overlay-opacity":"","overlay-gradient":""}}},"product_brand":[],"product_cat":[47,430,40],"product_tag":[407,613,405,185,458,809,181,946,948,438,314,189,450,535,820,945,787,546,947],"class_list":{"0":"post-5500","1":"product","2":"type-product","3":"status-publish","4":"has-post-thumbnail","6":"product_cat-classic","7":"product_cat-men","8":"product_cat-mens-shoes","9":"product_tag-black-derby-shoes","10":"product_tag-brown-derby-shoes","11":"product_tag-business-shoes","12":"product_tag-calf-leather-shoes","13":"product_tag-cap-toe-shoes","14":"product_tag-classic-mens-footwear","15":"product_tag-comfortable-dress-shoes","16":"product_tag-derby-dress-shoes","17":"product_tag-eu-39-45-shoes","18":"product_tag-eva-sole","19":"product_tag-formal-mens-shoes","20":"product_tag-goat-leather-lining","21":"product_tag-handcrafted-shoes","22":"product_tag-leather-dress-shoes","23":"product_tag-mens-formal-wear","24":"product_tag-mens-leather-cap-toe-derby-shoes","25":"product_tag-premium-mens-shoes","26":"product_tag-stylish-mens-shoes","27":"product_tag-wholesale-derby-shoes","28":"desktop-align-center","29":"tablet-align-center","30":"mobile-align-center","32":"first","33":"instock","34":"shipping-taxable","35":"purchasable","36":"product-type-variable","37":"has-default-attributes"},"acf":[],"uagb_featured_image_src":{"full":["https:\/\/turkishtrade.co\/wp-content\/uploads\/2026\/01\/2400EJOMN00281-BROWN-Y_104.png",453,250,false],"thumbnail":["https:\/\/turkishtrade.co\/wp-content\/uploads\/2026\/01\/2400EJOMN00281-BROWN-Y_104-150x150.png",150,150,true],"medium":["https:\/\/turkishtrade.co\/wp-content\/uploads\/2026\/01\/2400EJOMN00281-BROWN-Y_104-300x166.png",300,166,true],"medium_large":["https:\/\/turkishtrade.co\/wp-content\/uploads\/2026\/01\/2400EJOMN00281-BROWN-Y_104.png",453,250,false],"large":["https:\/\/turkishtrade.co\/wp-content\/uploads\/2026\/01\/2400EJOMN00281-BROWN-Y_104.png",453,250,false],"1536x1536":["https:\/\/turkishtrade.co\/wp-content\/uploads\/2026\/01\/2400EJOMN00281-BROWN-Y_104.png",453,250,false],"2048x2048":["https:\/\/turkishtrade.co\/wp-content\/uploads\/2026\/01\/2400EJOMN00281-BROWN-Y_104.png",453,250,false],"trp-custom-language-flag":["https:\/\/turkishtrade.co\/wp-content\/uploads\/2026\/01\/2400EJOMN00281-BROWN-Y_104-18x10.png",18,10,true],"woocommerce_thumbnail":["https:\/\/turkishtrade.co\/wp-content\/uploads\/2026\/01\/2400EJOMN00281-BROWN-Y_104-400x250.png",400,250,true],"woocommerce_single":["https:\/\/turkishtrade.co\/wp-content\/uploads\/2026\/01\/2400EJOMN00281-BROWN-Y_104.png",453,250,false],"woocommerce_gallery_thumbnail":["https:\/\/turkishtrade.co\/wp-content\/uploads\/2026\/01\/2400EJOMN00281-BROWN-Y_104-100x100.png",100,100,true]},"uagb_author_info":{"display_name":"yaser olabi","author_link":"https:\/\/turkishtrade.co\/fr\/author\/"},"uagb_comment_info":0,"uagb_excerpt":"Premium Craftsmanship: Expertly handcrafted with superior materials for enduring quality. Luxurious Materials: Outer surface crafted from genuine calf leather, inner lining from soft goat leather. Comfort-Focused Sole: Features a lightweight and flexible EVA sole for all-day wear and superior traction. Classic Derby Style: Elegant cap-toe design, perfect for both formal and smart-casual ensembles. Versatile Heel\u2026","_links":{"self":[{"href":"https:\/\/turkishtrade.co\/fr\/wp-json\/wp\/v2\/product\/5500","targetHints":{"allow":["GET"]}}],"collection":[{"href":"https:\/\/turkishtrade.co\/fr\/wp-json\/wp\/v2\/product"}],"about":[{"href":"https:\/\/turkishtrade.co\/fr\/wp-json\/wp\/v2\/types\/product"}],"wp:featuredmedia":[{"embeddable":true,"href":"https:\/\/turkishtrade.co\/fr\/wp-json\/wp\/v2\/media\/3695"}],"wp:attachment":[{"href":"https:\/\/turkishtrade.co\/fr\/wp-json\/wp\/v2\/media?parent=5500"}],"wp:term":[{"taxonomy":"product_brand","embeddable":true,"href":"https:\/\/turkishtrade.co\/fr\/wp-json\/wp\/v2\/product_brand?post=5500"},{"taxonomy":"product_cat","embeddable":true,"href":"https:\/\/turkishtrade.co\/fr\/wp-json\/wp\/v2\/product_cat?post=5500"},{"taxonomy":"product_tag","embeddable":true,"href":"https:\/\/turkishtrade.co\/fr\/wp-json\/wp\/v2\/product_tag?post=5500"}],"curies":[{"name":"wp","href":"https:\/\/api.w.org\/{rel}","templated":true}]}}