{"id":5497,"date":"2026-01-14T12:07:33","date_gmt":"2026-01-14T12:07:33","guid":{"rendered":"https:\/\/turkishtrade.co\/product\/mens-classic-leather-derby-shoes\/"},"modified":"2026-04-09T19:32:41","modified_gmt":"2026-04-09T19:32:41","slug":"mens-classic-leather-derby-shoes","status":"publish","type":"product","link":"https:\/\/turkishtrade.co\/fr\/shop\/mens-classic-leather-derby-shoes\/","title":{"rendered":"Chaussures derby en cuir de veau de premi\u00e8re qualit\u00e9 pour hommes"},"content":{"rendered":"<p><strong>Chaussures derby classiques en cuir pour hommes<\/strong><\/p>\n<p>Entrez dans une sophistication et un confort in\u00e9gal\u00e9s gr\u00e2ce \u00e0 notre collection exquise d'articles d'artisanat. <strong>Derby classique en cuir pour hommes<\/strong>. M\u00e9ticuleusement con\u00e7ues pour le gentleman exigeant, ces \u00e9l\u00e9gantes lunettes de soleil en cuir de coton. <strong>Derby classique en cuir pour hommes<\/strong> allient un design intemporel \u00e0 une facilit\u00e9 d'utilisation moderne. Qu'il s'agisse d'un look professionnel soign\u00e9 ou d'un ensemble d\u00e9contract\u00e9, ces chaussures de qualit\u00e9 sup\u00e9rieure sont id\u00e9ales pour les hommes d'affaires et les femmes d'affaires. <strong>Derby classique en cuir pour hommes<\/strong> sont la base parfaite de toute tenue.<\/p>\n<p>D\u00e9couvrez la diff\u00e9rence que font les mat\u00e9riaux de qualit\u00e9 sup\u00e9rieure et le savoir-faire d'experts dans chaque paire de nos chaussures distingu\u00e9es.<\/p>\n<p><h3>Un savoir-faire in\u00e9gal\u00e9 et des mat\u00e9riaux de premi\u00e8re qualit\u00e9<\/h3>\n<\/p>\n<p>Notre <strong>Derby classique en cuir pour hommes<\/strong> sont un t\u00e9moignage de qualit\u00e9, con\u00e7us pour \u00eatre durables et d'un style exquis. L'ext\u00e9rieur est fabriqu\u00e9 en cuir de veau souple de qualit\u00e9 sup\u00e9rieure, connu pour sa texture lisse, son aspect riche et sa capacit\u00e9 \u00e0 vieillir en beaut\u00e9. Cette surface ext\u00e9rieure luxueuse offre \u00e0 la fois une esth\u00e9tique sophistiqu\u00e9e et une longue dur\u00e9e de vie. <strong>Derby classique en cuir pour hommes<\/strong> un investissement judicieux.<\/p>\n<p>\u00c0 l'int\u00e9rieur, vos pieds seront berc\u00e9s par une doublure en cuir de ch\u00e8vre souple et respirant, assurant un confort maximal et \u00e9vitant toute g\u00eane, m\u00eame en cas de port prolong\u00e9. La base de ces chaussures d'exception <strong>Derby classique en cuir pour hommes<\/strong> est une semelle EVA flexible et l\u00e9g\u00e8re. Ce mat\u00e9riau innovant offre un superbe amorti, absorbant les impacts et assurant une foul\u00e9e confortable tout au long de la journ\u00e9e, compl\u00e9t\u00e9 par un talon bas classique (1-3 cm) pour une \u00e9l\u00e9vation et une stabilit\u00e9 subtiles.<\/p>\n<p><h3>Un style intemporel pour toutes les occasions<\/h3>\n<\/p>\n<p>La chaussure Derby est c\u00e9l\u00e8bre pour son design polyvalent, caract\u00e9ris\u00e9 par un syst\u00e8me de la\u00e7age ouvert qui offre \u00e0 la fois une esth\u00e9tique formelle et une facilit\u00e9 de port. Nos <strong>Derby classique en cuir pour hommes<\/strong> illustrent cette polyvalence, ce qui en fait un compl\u00e9ment indispensable \u00e0 toute garde-robe. Disponibles en noir \u00e9l\u00e9gant et en marron fonc\u00e9 riche, ces sacs sophistiqu\u00e9s ont \u00e9t\u00e9 con\u00e7us pour \u00eatre utilis\u00e9s dans le cadre d'un travail de bureau. <strong>Derby classique en cuir pour hommes<\/strong> effortlessly transition from formal meetings to weekend brunches.<\/p>\n<p>Associez-les \u00e0 un costume sur mesure pour un look professionnel \u00e9l\u00e9gant, ou habillez-les d'un pantalon chino et d'un blazer pour une allure d\u00e9contract\u00e9e et sophistiqu\u00e9e. La silhouette raffin\u00e9e et les finitions haut de gamme vous assurent de toujours faire bonne impression avec nos chaussures exceptionnelles. <strong>Derby classique en cuir pour hommes<\/strong>.<\/p>\n<p><h3>Confort et durabilit\u00e9 sup\u00e9rieurs<\/h3>\n<\/p>\n<p>Au-del\u00e0 de leur aspect saisissant, ces <strong>Derby classique en cuir pour hommes<\/strong> sont con\u00e7ues pour un confort et une r\u00e9sistance ultimes. L'association du cuir de veau, du cuir de ch\u00e8vre et d'une semelle en EVA donne une chaussure \u00e0 la fois robuste et exceptionnellement confortable. Con\u00e7ues pour s'adapter \u00e0 votre pied au fil du temps, elles offrent un ajustement personnalis\u00e9 que seul un cuir de haute qualit\u00e9 peut offrir.<\/p>\n<p>D\u00e8s la premi\u00e8re utilisation, vous appr\u00e9cierez la conception ergonomique et la robustesse de la construction, qui garantissent \u00e0 ces produits de qualit\u00e9 sup\u00e9rieure une protection optimale. <strong>Derby classique en cuir pour hommes<\/strong> Les chaussures \u00e0 talon resteront un \u00e9l\u00e9ment essentiel de votre collection pour les ann\u00e9es \u00e0 venir. Nous proposons une gamme compl\u00e8te de tailles allant de l'UE 39 \u00e0 l'UE 45 afin de garantir un ajustement parfait \u00e0 chaque cliente. Investissez dans l'\u00e9l\u00e9gance durable de nos <strong>Derby classique en cuir pour hommes<\/strong>.<\/p>\n<p><h3>L'excellence du commerce de gros pour votre entreprise<\/h3>\n<\/p>\n<p>Pour les d\u00e9taillants et les entreprises qui souhaitent proposer des chaussures haut de gamme, nos <strong>Derby classique en cuir pour hommes<\/strong> sont disponibles \u00e0 l'achat en gros. Avec une quantit\u00e9 minimale de commande de seulement 8 paires, il est facile de s'approvisionner en ces articles tr\u00e8s demand\u00e9s. Nous sommes fiers de notre service efficace, avec un d\u00e9lai de livraison estim\u00e9 \u00e0 12 jours plus les frais d'exp\u00e9dition.<\/p>\n<p>En vous associant \u00e0 nous, vous offrirez \u00e0 vos clients une qualit\u00e9 et un style in\u00e9gal\u00e9s dans les domaines suivants <strong>Derby classique en cuir pour hommes<\/strong>.<\/p>","protected":false},"excerpt":{"rendered":"<ul>\n<li><strong>Cuir de veau de premi\u00e8re qualit\u00e9 Ext\u00e9rieur :<\/strong> Offre un aspect raffin\u00e9 et une durabilit\u00e9 sup\u00e9rieure.<\/li>\n<li><strong>Int\u00e9rieur luxueux en cuir de ch\u00e8vre :<\/strong> Assure une respirabilit\u00e9 et un confort exceptionnel \u00e0 chaque pas.<\/li>\n<li><strong>Semelle EVA confortable et flexible :<\/strong> Offre un excellent amorti et une grande l\u00e9g\u00e8ret\u00e9 pour un soutien tout au long de la journ\u00e9e.<\/li>\n<li><strong>Talon bas classique (1-3 cm) :<\/strong> Con\u00e7u pour un style intemporel et un port sans effort.<\/li>\n<li><strong>Disponible en tailles :<\/strong> UE 39, 40, 41, 42, 43, 44, 45 pour s'adapter \u00e0 un large \u00e9ventail de clients.<\/li>\n<li><strong>Quantit\u00e9 minimale de commande :<\/strong> 8 paires - Id\u00e9al pour les partenaires grossistes.<\/li>\n<li><strong>Livraison en gros :<\/strong> D\u00e9lai d'ex\u00e9cution rapide : 12 jours + exp\u00e9dition.<\/li>\n<\/ul>","protected":false},"featured_media":3693,"template":"","meta":{"_acf_changed":false,"_uag_custom_page_level_css":"","site-sidebar-layout":"default","site-content-layout":"","ast-site-content-layout":"default","site-content-style":"default","site-sidebar-style":"default","ast-global-header-display":"","ast-banner-title-visibility":"","ast-main-header-display":"","ast-hfb-above-header-display":"","ast-hfb-below-header-display":"","ast-hfb-mobile-header-display":"","site-post-title":"","ast-breadcrumbs-content":"","ast-featured-img":"","footer-sml-layout":"","ast-disable-related-posts":"","theme-transparent-header-meta":"","adv-header-id-meta":"","stick-header-meta":"","header-above-stick-meta":"","header-main-stick-meta":"","header-below-stick-meta":"","astra-migrate-meta-layouts":"default","ast-page-background-enabled":"default","ast-page-background-meta":{"desktop":{"background-color":"var(--ast-global-color-4)","background-image":"","background-repeat":"repeat","background-position":"center center","background-size":"auto","background-attachment":"scroll","background-type":"","background-media":"","overlay-type":"","overlay-color":"","overlay-opacity":"","overlay-gradient":""},"tablet":{"background-color":"","background-image":"","background-repeat":"repeat","background-position":"center center","background-size":"auto","background-attachment":"scroll","background-type":"","background-media":"","overlay-type":"","overlay-color":"","overlay-opacity":"","overlay-gradient":""},"mobile":{"background-color":"","background-image":"","background-repeat":"repeat","background-position":"center center","background-size":"auto","background-attachment":"scroll","background-type":"","background-media":"","overlay-type":"","overlay-color":"","overlay-opacity":"","overlay-gradient":""}},"ast-content-background-meta":{"desktop":{"background-color":"var(--ast-global-color-5)","background-image":"","background-repeat":"repeat","background-position":"center center","background-size":"auto","background-attachment":"scroll","background-type":"","background-media":"","overlay-type":"","overlay-color":"","overlay-opacity":"","overlay-gradient":""},"tablet":{"background-color":"var(--ast-global-color-5)","background-image":"","background-repeat":"repeat","background-position":"center center","background-size":"auto","background-attachment":"scroll","background-type":"","background-media":"","overlay-type":"","overlay-color":"","overlay-opacity":"","overlay-gradient":""},"mobile":{"background-color":"var(--ast-global-color-5)","background-image":"","background-repeat":"repeat","background-position":"center center","background-size":"auto","background-attachment":"scroll","background-type":"","background-media":"","overlay-type":"","overlay-color":"","overlay-opacity":"","overlay-gradient":""}}},"product_brand":[],"product_cat":[47,430,40],"product_tag":[407,613,405,566,449,145,222,212,284,480,438,251,189,227,406,281],"class_list":{"0":"post-5497","1":"product","2":"type-product","3":"status-publish","4":"has-post-thumbnail","6":"product_cat-classic","7":"product_cat-men","8":"product_cat-mens-shoes","9":"product_tag-black-derby-shoes","10":"product_tag-brown-derby-shoes","11":"product_tag-business-shoes","12":"product_tag-calfskin-shoes","13":"product_tag-casual-shoes","14":"product_tag-classic-shoes","15":"product_tag-comfortable-shoes","16":"product_tag-derby-shoes","17":"product_tag-dress-shoes","18":"product_tag-elegant-shoes","19":"product_tag-eva-sole","20":"product_tag-formal-shoes","21":"product_tag-goat-leather-lining","22":"product_tag-leather-shoes","23":"product_tag-premium-shoes","24":"product_tag-wholesale-shoes","25":"desktop-align-center","26":"tablet-align-center","27":"mobile-align-center","29":"first","30":"instock","31":"shipping-taxable","32":"purchasable","33":"product-type-variable","34":"has-default-attributes"},"acf":[],"uagb_featured_image_src":{"full":["https:\/\/turkishtrade.co\/wp-content\/uploads\/2026\/01\/2400EJOMN00280-DARK-BROWN-Y_872.png",453,250,false],"thumbnail":["https:\/\/turkishtrade.co\/wp-content\/uploads\/2026\/01\/2400EJOMN00280-DARK-BROWN-Y_872-150x150.png",150,150,true],"medium":["https:\/\/turkishtrade.co\/wp-content\/uploads\/2026\/01\/2400EJOMN00280-DARK-BROWN-Y_872-300x166.png",300,166,true],"medium_large":["https:\/\/turkishtrade.co\/wp-content\/uploads\/2026\/01\/2400EJOMN00280-DARK-BROWN-Y_872.png",453,250,false],"large":["https:\/\/turkishtrade.co\/wp-content\/uploads\/2026\/01\/2400EJOMN00280-DARK-BROWN-Y_872.png",453,250,false],"1536x1536":["https:\/\/turkishtrade.co\/wp-content\/uploads\/2026\/01\/2400EJOMN00280-DARK-BROWN-Y_872.png",453,250,false],"2048x2048":["https:\/\/turkishtrade.co\/wp-content\/uploads\/2026\/01\/2400EJOMN00280-DARK-BROWN-Y_872.png",453,250,false],"trp-custom-language-flag":["https:\/\/turkishtrade.co\/wp-content\/uploads\/2026\/01\/2400EJOMN00280-DARK-BROWN-Y_872-18x10.png",18,10,true],"woocommerce_thumbnail":["https:\/\/turkishtrade.co\/wp-content\/uploads\/2026\/01\/2400EJOMN00280-DARK-BROWN-Y_872-400x250.png",400,250,true],"woocommerce_single":["https:\/\/turkishtrade.co\/wp-content\/uploads\/2026\/01\/2400EJOMN00280-DARK-BROWN-Y_872.png",453,250,false],"woocommerce_gallery_thumbnail":["https:\/\/turkishtrade.co\/wp-content\/uploads\/2026\/01\/2400EJOMN00280-DARK-BROWN-Y_872-100x100.png",100,100,true]},"uagb_author_info":{"display_name":"yaser olabi","author_link":"https:\/\/turkishtrade.co\/fr\/author\/"},"uagb_comment_info":0,"uagb_excerpt":"Premium Calfskin Leather Exterior: Offers a refined look and superior durability. Luxurious Goat Leather Interior: Ensures breathability and exceptional comfort with every step. Comfortable &amp; Flexible EVA Sole: Provides excellent cushioning and lightweight wear for all-day support. Classic Low Heel (1-3 cm): Designed for timeless style and effortless wear. Available in Sizes: EU 39, 40,\u2026","_links":{"self":[{"href":"https:\/\/turkishtrade.co\/fr\/wp-json\/wp\/v2\/product\/5497","targetHints":{"allow":["GET"]}}],"collection":[{"href":"https:\/\/turkishtrade.co\/fr\/wp-json\/wp\/v2\/product"}],"about":[{"href":"https:\/\/turkishtrade.co\/fr\/wp-json\/wp\/v2\/types\/product"}],"wp:featuredmedia":[{"embeddable":true,"href":"https:\/\/turkishtrade.co\/fr\/wp-json\/wp\/v2\/media\/3693"}],"wp:attachment":[{"href":"https:\/\/turkishtrade.co\/fr\/wp-json\/wp\/v2\/media?parent=5497"}],"wp:term":[{"taxonomy":"product_brand","embeddable":true,"href":"https:\/\/turkishtrade.co\/fr\/wp-json\/wp\/v2\/product_brand?post=5497"},{"taxonomy":"product_cat","embeddable":true,"href":"https:\/\/turkishtrade.co\/fr\/wp-json\/wp\/v2\/product_cat?post=5497"},{"taxonomy":"product_tag","embeddable":true,"href":"https:\/\/turkishtrade.co\/fr\/wp-json\/wp\/v2\/product_tag?post=5497"}],"curies":[{"name":"wp","href":"https:\/\/api.w.org\/{rel}","templated":true}]}}