{"id":5492,"date":"2026-01-14T12:06:50","date_gmt":"2026-01-14T12:06:50","guid":{"rendered":"https:\/\/turkishtrade.co\/product\/calf-leather-derby-shoes\/"},"modified":"2026-04-09T19:32:50","modified_gmt":"2026-04-09T19:32:50","slug":"calf-leather-derby-shoes","status":"publish","type":"product","link":"https:\/\/turkishtrade.co\/fr\/shop\/calf-leather-derby-shoes\/","title":{"rendered":"Chaussures derby en cuir de veau de premi\u00e8re qualit\u00e9 pour hommes"},"content":{"rendered":"<p><strong>Chaussures derby en cuir de veau<\/strong><\/p>\n<p>Entrez dans une sophistication et un confort in\u00e9gal\u00e9s gr\u00e2ce \u00e0 nos produits m\u00e9ticuleusement \u00e9labor\u00e9s. <b>Chaussures derby en cuir de veau<\/b>. Con\u00e7ues pour le gentleman moderne, ces chaussures allient \u00e9l\u00e9gance intemporelle et confort contemporain, ce qui en fait un \u00e9l\u00e9ment essentiel de toute garde-robe exigeante. Que vous vous rendiez \u00e0 un rendez-vous d'affaires ou \u00e0 une r\u00e9union d\u00e9contract\u00e9e le week-end, ces chaussures de qualit\u00e9 sup\u00e9rieure vous permettront de vous sentir \u00e0 l'aise dans la vie de tous les jours. <b>chaussures derby en cuir de veau<\/b> sont con\u00e7us pour impressionner.<\/p>\n<h3>Des mat\u00e9riaux exceptionnels et une qualit\u00e9 de fabrication sup\u00e9rieure<\/h3>\n<p>Chaque paire de nos <b>chaussures derby en cuir de veau<\/b> t\u00e9moigne d'un savoir-faire artistique sup\u00e9rieur et de mat\u00e9riaux de qualit\u00e9. La surface ext\u00e9rieure est en cuir de veau v\u00e9ritable 100%, r\u00e9put\u00e9 pour sa texture douce, sa durabilit\u00e9 et son aspect luxueux. Ce cuir de veau de qualit\u00e9 sup\u00e9rieure garantit une finition \u00e9l\u00e9gante et une r\u00e9sistance, d\u00e9veloppant une belle patine au fil du temps. \u00c0 l'int\u00e9rieur, vos pieds b\u00e9n\u00e9ficieront d'un confort optimal gr\u00e2ce \u00e0 une doublure en cuir de ch\u00e8vre. Le cuir de ch\u00e8vre est r\u00e9put\u00e9 pour sa respirabilit\u00e9 exceptionnelle et son toucher doux, ce qui permet de garder les pieds au frais et au sec tout au long de la journ\u00e9e. Cette s\u00e9lection minutieuse des mat\u00e9riaux garantit \u00e0 la fois la long\u00e9vit\u00e9 et une exp\u00e9rience de port exquise pour nos chaussures. <b>chaussures derby en cuir de veau<\/b>.<\/p>\n<h3>Confort in\u00e9gal\u00e9 gr\u00e2ce \u00e0 la technologie de la semelle EVA<\/h3>\n<p>Le confort est primordial, et notre <b>chaussures derby en cuir de veau<\/b> livrent. Dot\u00e9es d'une semelle EVA l\u00e9g\u00e8re et flexible, ces chaussures offrent un excellent amorti et une absorption des chocs \u00e0 chaque pas. La semelle EVA durable garantit une usure durable tout en gardant les chaussures incroyablement l\u00e9g\u00e8res, r\u00e9duisant la fatigue du pied m\u00eame apr\u00e8s des p\u00e9riodes prolong\u00e9es. Avec une hauteur de talon subtile de 1 \u00e0 3 cm, ces chaussures classiques sont tr\u00e8s faciles \u00e0 porter. <b>chaussures derby en cuir de veau<\/b> offrent un soutien stable et un profil raffin\u00e9 sans compromis sur le confort. Disponibles dans une large gamme de tailles allant du 39 au 45, il n'a jamais \u00e9t\u00e9 aussi facile de trouver la bonne taille.<\/p>\n<h3>Un style polyvalent pour toutes les occasions<\/h3>\n<p>La silhouette derby classique, rehauss\u00e9e par d'\u00e9l\u00e9gantes piq\u00fbres moc-toe, fait de ces chaussures une pi\u00e8ce de choix. <b>chaussures derby en cuir de veau<\/b> incroyablement polyvalents. Disponibles en noir sophistiqu\u00e9 et en marron riche, elles s'associent sans effort \u00e0 un large \u00e9ventail de tenues. Associez le noir <b>chaussures derby en cuir de veau<\/b> Vous pouvez l'associer \u00e0 un costume \u00e9l\u00e9gant pour un look formel, ou combiner l'option marron avec des chinos pour un ensemble chic et d\u00e9contract\u00e9. Leur conception adaptable vous permet d'\u00eatre toujours impeccablement habill\u00e9, quelle que soit l'occasion.<\/p>\n<h3>Possibilit\u00e9s de vente en gros et livraison fiable<\/h3>\n<p>Pour les d\u00e9taillants et les entreprises, nous offrons ces services exceptionnels <b>chaussures derby en cuir de veau<\/b> avec une quantit\u00e9 minimale de commande de 8 paires. B\u00e9n\u00e9ficiez de prix de gros comp\u00e9titifs et d'un service fiable. La production et la livraison prennent g\u00e9n\u00e9ralement environ 12 jours, plus le temps d'exp\u00e9dition, ce qui garantit un processus rationalis\u00e9 pour vos commandes en gros. Investissez dans des chaussures de qualit\u00e9 que vos clients appr\u00e9cieront.<\/p>","protected":false},"excerpt":{"rendered":"<ul>\n<li>Fabriqu\u00e9 en cuir de veau de premi\u00e8re qualit\u00e9 pour un ext\u00e9rieur raffin\u00e9 et une \u00e9l\u00e9gance durable.<\/li>\n<li>Doublure int\u00e9rieure en cuir de ch\u00e8vre souple et respirant pour un confort sup\u00e9rieur.<\/li>\n<li>Semelle EVA l\u00e9g\u00e8re et amortissante pour un amorti et une flexibilit\u00e9 tout au long de la journ\u00e9e.<\/li>\n<li>Silhouette derby classique avec surpiq\u00fbres moc-toe subtiles, disponible en noir sophistiqu\u00e9 et en marron riche.<\/li>\n<li>La gamme compl\u00e8te des tailles va de 39 \u00e0 45 pour garantir un ajustement parfait.<\/li>\n<li>La quantit\u00e9 minimale de commande est de 8 paires, ce qui est id\u00e9al pour les achats en gros et les partenaires de vente au d\u00e9tail.<\/li>\n<li>Production fiable et livraison dans un d\u00e9lai d'environ 12 jours, plus le temps d'exp\u00e9dition.<\/li>\n<\/ul>","protected":false},"featured_media":3690,"template":"","meta":{"_acf_changed":false,"_uag_custom_page_level_css":"","site-sidebar-layout":"default","site-content-layout":"","ast-site-content-layout":"default","site-content-style":"default","site-sidebar-style":"default","ast-global-header-display":"","ast-banner-title-visibility":"","ast-main-header-display":"","ast-hfb-above-header-display":"","ast-hfb-below-header-display":"","ast-hfb-mobile-header-display":"","site-post-title":"","ast-breadcrumbs-content":"","ast-featured-img":"","footer-sml-layout":"","ast-disable-related-posts":"","theme-transparent-header-meta":"","adv-header-id-meta":"","stick-header-meta":"","header-above-stick-meta":"","header-main-stick-meta":"","header-below-stick-meta":"","astra-migrate-meta-layouts":"default","ast-page-background-enabled":"default","ast-page-background-meta":{"desktop":{"background-color":"var(--ast-global-color-4)","background-image":"","background-repeat":"repeat","background-position":"center center","background-size":"auto","background-attachment":"scroll","background-type":"","background-media":"","overlay-type":"","overlay-color":"","overlay-opacity":"","overlay-gradient":""},"tablet":{"background-color":"","background-image":"","background-repeat":"repeat","background-position":"center center","background-size":"auto","background-attachment":"scroll","background-type":"","background-media":"","overlay-type":"","overlay-color":"","overlay-opacity":"","overlay-gradient":""},"mobile":{"background-color":"","background-image":"","background-repeat":"repeat","background-position":"center center","background-size":"auto","background-attachment":"scroll","background-type":"","background-media":"","overlay-type":"","overlay-color":"","overlay-opacity":"","overlay-gradient":""}},"ast-content-background-meta":{"desktop":{"background-color":"var(--ast-global-color-5)","background-image":"","background-repeat":"repeat","background-position":"center center","background-size":"auto","background-attachment":"scroll","background-type":"","background-media":"","overlay-type":"","overlay-color":"","overlay-opacity":"","overlay-gradient":""},"tablet":{"background-color":"var(--ast-global-color-5)","background-image":"","background-repeat":"repeat","background-position":"center center","background-size":"auto","background-attachment":"scroll","background-type":"","background-media":"","overlay-type":"","overlay-color":"","overlay-opacity":"","overlay-gradient":""},"mobile":{"background-color":"var(--ast-global-color-5)","background-image":"","background-repeat":"repeat","background-position":"center center","background-size":"auto","background-attachment":"scroll","background-type":"","background-media":"","overlay-type":"","overlay-color":"","overlay-opacity":"","overlay-gradient":""}}},"product_brand":[],"product_cat":[47,430,40],"product_tag":[407,613,405,943,754,319,212,287,251,189,351,324,286,318,280,262],"class_list":{"0":"post-5492","1":"product","2":"type-product","3":"status-publish","4":"has-post-thumbnail","6":"product_cat-classic","7":"product_cat-men","8":"product_cat-mens-shoes","9":"product_tag-black-derby-shoes","10":"product_tag-brown-derby-shoes","11":"product_tag-business-shoes","12":"product_tag-calf-leather-derby-shoes","13":"product_tag-classic-mens-shoes","14":"product_tag-comfortable-leather-shoes","15":"product_tag-derby-shoes","16":"product_tag-eva-sole-shoes","17":"product_tag-formal-shoes","18":"product_tag-goat-leather-lining","19":"product_tag-leather-footwear","20":"product_tag-mens-dress-shoes","21":"product_tag-mens-leather-shoes","22":"product_tag-moc-toe-shoes","23":"product_tag-smart-casual-shoes","24":"product_tag-wholesale-mens-shoes","25":"desktop-align-center","26":"tablet-align-center","27":"mobile-align-center","29":"first","30":"instock","31":"shipping-taxable","32":"purchasable","33":"product-type-variable","34":"has-default-attributes"},"acf":[],"uagb_featured_image_src":{"full":["https:\/\/turkishtrade.co\/wp-content\/uploads\/2026\/01\/2400EJOMN00276-DARK-BROWN-DKS_622-1-usd.png",453,250,false],"thumbnail":["https:\/\/turkishtrade.co\/wp-content\/uploads\/2026\/01\/2400EJOMN00276-DARK-BROWN-DKS_622-1-usd-150x150.png",150,150,true],"medium":["https:\/\/turkishtrade.co\/wp-content\/uploads\/2026\/01\/2400EJOMN00276-DARK-BROWN-DKS_622-1-usd-300x166.png",300,166,true],"medium_large":["https:\/\/turkishtrade.co\/wp-content\/uploads\/2026\/01\/2400EJOMN00276-DARK-BROWN-DKS_622-1-usd.png",453,250,false],"large":["https:\/\/turkishtrade.co\/wp-content\/uploads\/2026\/01\/2400EJOMN00276-DARK-BROWN-DKS_622-1-usd.png",453,250,false],"1536x1536":["https:\/\/turkishtrade.co\/wp-content\/uploads\/2026\/01\/2400EJOMN00276-DARK-BROWN-DKS_622-1-usd.png",453,250,false],"2048x2048":["https:\/\/turkishtrade.co\/wp-content\/uploads\/2026\/01\/2400EJOMN00276-DARK-BROWN-DKS_622-1-usd.png",453,250,false],"trp-custom-language-flag":["https:\/\/turkishtrade.co\/wp-content\/uploads\/2026\/01\/2400EJOMN00276-DARK-BROWN-DKS_622-1-usd-18x10.png",18,10,true],"woocommerce_thumbnail":["https:\/\/turkishtrade.co\/wp-content\/uploads\/2026\/01\/2400EJOMN00276-DARK-BROWN-DKS_622-1-usd-400x250.png",400,250,true],"woocommerce_single":["https:\/\/turkishtrade.co\/wp-content\/uploads\/2026\/01\/2400EJOMN00276-DARK-BROWN-DKS_622-1-usd.png",453,250,false],"woocommerce_gallery_thumbnail":["https:\/\/turkishtrade.co\/wp-content\/uploads\/2026\/01\/2400EJOMN00276-DARK-BROWN-DKS_622-1-usd-100x100.png",100,100,true]},"uagb_author_info":{"display_name":"yaser olabi","author_link":"https:\/\/turkishtrade.co\/fr\/author\/"},"uagb_comment_info":0,"uagb_excerpt":"Crafted from premium calf leather for a refined exterior and lasting elegance. Soft and breathable goat leather interior lining for superior comfort. Lightweight and shock-absorbing EVA sole for all-day cushioning and flexibility. Classic derby silhouette with subtle moc-toe stitching, available in sophisticated black and rich brown. Comprehensive size range from 39 to 45 to ensure\u2026","_links":{"self":[{"href":"https:\/\/turkishtrade.co\/fr\/wp-json\/wp\/v2\/product\/5492","targetHints":{"allow":["GET"]}}],"collection":[{"href":"https:\/\/turkishtrade.co\/fr\/wp-json\/wp\/v2\/product"}],"about":[{"href":"https:\/\/turkishtrade.co\/fr\/wp-json\/wp\/v2\/types\/product"}],"wp:featuredmedia":[{"embeddable":true,"href":"https:\/\/turkishtrade.co\/fr\/wp-json\/wp\/v2\/media\/3690"}],"wp:attachment":[{"href":"https:\/\/turkishtrade.co\/fr\/wp-json\/wp\/v2\/media?parent=5492"}],"wp:term":[{"taxonomy":"product_brand","embeddable":true,"href":"https:\/\/turkishtrade.co\/fr\/wp-json\/wp\/v2\/product_brand?post=5492"},{"taxonomy":"product_cat","embeddable":true,"href":"https:\/\/turkishtrade.co\/fr\/wp-json\/wp\/v2\/product_cat?post=5492"},{"taxonomy":"product_tag","embeddable":true,"href":"https:\/\/turkishtrade.co\/fr\/wp-json\/wp\/v2\/product_tag?post=5492"}],"curies":[{"name":"wp","href":"https:\/\/api.w.org\/{rel}","templated":true}]}}