{"id":5482,"date":"2026-01-14T12:05:50","date_gmt":"2026-01-14T12:05:50","guid":{"rendered":"https:\/\/turkishtrade.co\/product\/mens-leather-derby-shoes-6\/"},"modified":"2026-04-09T19:33:08","modified_gmt":"2026-04-09T19:33:08","slug":"mens-leather-derby-shoes-6","status":"publish","type":"product","link":"https:\/\/turkishtrade.co\/fr\/shop\/mens-leather-derby-shoes-6\/","title":{"rendered":"Chaussures derby en cuir pleine fleur pour hommes Premium"},"content":{"rendered":"<p><strong>chaussures derby en cuir pour hommes<\/strong><\/p>\n<p>Entrez dans un style sophistiqu\u00e9 et un confort in\u00e9gal\u00e9 gr\u00e2ce \u00e0 notre collection de <b>Derby en cuir de premi\u00e8re qualit\u00e9 pour hommes<\/b>. M\u00e9ticuleusement con\u00e7ues pour le gentleman moderne, ces chaussures allient harmonieusement l'\u00e9l\u00e9gance classique au design contemporain. Que vous vous habilliez pour une r\u00e9union d'affaires importante, un \u00e9v\u00e9nement formel ou que vous souhaitiez simplement rehausser votre tenue d\u00e9contract\u00e9e de tous les jours, ces chaussures Derby sont con\u00e7ues pour faire une impression durable. Disponibles dans les teintes polyvalentes du noir classique, du marron riche et du bleu marine profond, elles t\u00e9moignent d'une chaussure intemporelle.<\/p>\n<h3>Un savoir-faire in\u00e9gal\u00e9 et des mat\u00e9riaux de qualit\u00e9 sup\u00e9rieure<\/h3>\n<p>Notre engagement en faveur de la qualit\u00e9 commence par la s\u00e9lection des mat\u00e9riaux les plus nobles. La surface ext\u00e9rieure de ces exquises <b>Derby en cuir pour hommes<\/b> est fabriqu\u00e9 en cuir de veau pleine fleur 100%, r\u00e9put\u00e9 pour sa durabilit\u00e9 exceptionnelle, sa texture luxueuse et sa capacit\u00e9 \u00e0 d\u00e9velopper une belle patine au fil du temps. \u00c0 l'int\u00e9rieur, vos pieds seront berc\u00e9s par une somptueuse doublure en cuir de ch\u00e8vre 100%, garantissant une bonne respirabilit\u00e9 et un confort supr\u00eame tout au long de la journ\u00e9e. Cette combinaison de cuirs de qualit\u00e9 sup\u00e9rieure offre non seulement un look sophistiqu\u00e9, mais aussi une forme de gant qui s'adapte \u00e0 votre pied.<\/p>\n<h3>Confort red\u00e9fini gr\u00e2ce \u00e0 la technologie de la semelle EVA<\/h3>\n<p>D\u00e9couvrez l'\u00e9quilibre parfait entre tradition et innovation. Chaque paire de ces \u00e9l\u00e9gantes chaussures Derby est dot\u00e9e d'une semelle EVA \u00e0 la fois l\u00e9g\u00e8re et incroyablement durable. Ce mat\u00e9riau de pointe offre une absorption des chocs et une flexibilit\u00e9 sup\u00e9rieures, ce qui les rend remarquablement confortables pour un usage prolong\u00e9. La hauteur classique du talon, comprise entre 1 et 3 cm, offre une \u00e9l\u00e9vation subtile sans compromettre la stabilit\u00e9 ou la facilit\u00e9 de mouvement. Que ce soit pour des journ\u00e9es de travail charg\u00e9es ou des occasions sp\u00e9ciales, ces <b>Derby en cuir pour hommes<\/b> sont con\u00e7us pour offrir \u00e0 la fois style et confort durable.<\/p>\n<h3>Un style polyvalent pour toutes les occasions<\/h3>\n<p>Le design intemporel de nos chaussures Derby en cuir en fait un compl\u00e9ment incroyablement polyvalent \u00e0 toute garde-robe. Associez les Derby noires \u00e0 un costume \u00e9l\u00e9gant pour un look formel et raffin\u00e9. Optez pour les variantes marron ou marine pour compl\u00e9ter une tenue d\u00e9contract\u00e9e, un pantalon chino ou m\u00eame un jean pour un ensemble plus d\u00e9contract\u00e9 mais raffin\u00e9. Disponibles dans une large gamme de tailles allant de l'UE 39 \u00e0 l'UE 45, il est facile de trouver la chaussure id\u00e9ale. Nous sommes fiers de proposer des chaussures de haute qualit\u00e9 qui transcendent les tendances saisonni\u00e8res.<\/p>\n<h3>Commandes group\u00e9es et service d\u00e9di\u00e9<\/h3>\n<p>Pour les d\u00e9taillants et les entreprises qui souhaitent offrir une qualit\u00e9 exceptionnelle \u00e0 leur client\u00e8le, nous proposons des options de commande en vrac comp\u00e9titives. Une commande minimale de 8 paires vous permet de stocker une vari\u00e9t\u00e9 de tailles et de couleurs pour r\u00e9pondre \u00e0 la demande des clients. Avec un d\u00e9lai de livraison fiable de 12 jours plus les frais d'exp\u00e9dition, vous pouvez vous attendre \u00e0 un service efficace et rapide. Investissez dans nos Derby en cuir pour hommes et offrez \u00e0 vos clients des chaussures qui allient luxe, confort et style durable.<\/p>","protected":false},"excerpt":{"rendered":"<ul>\n<li><b>Mati\u00e8re sup\u00e9rieure :<\/b> 100% Cuir de veau pleine fleur<\/li>\n<li><b>Mati\u00e8re de la doublure :<\/b> 100% Cuir de ch\u00e8vre<\/li>\n<li><b>Semelle :<\/b> EVA l\u00e9ger et durable<\/li>\n<li><b>Hauteur du talon :<\/b> Classique 1-3 cm<\/li>\n<li><b>Tailles disponibles :<\/b> UE 39, 40, 41, 42, 43, 44, 45<\/li>\n<li><b>Quantit\u00e9 minimale de commande :<\/b> 8 paires (disponibilit\u00e9 en gros)<\/li>\n<li><b>D\u00e9lai de livraison estim\u00e9 :<\/b> 12 jours + Exp\u00e9dition<\/li>\n<\/ul>","protected":false},"featured_media":3684,"template":"","meta":{"_acf_changed":false,"_uag_custom_page_level_css":"","site-sidebar-layout":"default","site-content-layout":"","ast-site-content-layout":"default","site-content-style":"default","site-sidebar-style":"default","ast-global-header-display":"","ast-banner-title-visibility":"","ast-main-header-display":"","ast-hfb-above-header-display":"","ast-hfb-below-header-display":"","ast-hfb-mobile-header-display":"","site-post-title":"","ast-breadcrumbs-content":"","ast-featured-img":"","footer-sml-layout":"","ast-disable-related-posts":"","theme-transparent-header-meta":"default","adv-header-id-meta":"","stick-header-meta":"","header-above-stick-meta":"","header-main-stick-meta":"","header-below-stick-meta":"","astra-migrate-meta-layouts":"set","ast-page-background-enabled":"default","ast-page-background-meta":{"desktop":{"background-color":"var(--ast-global-color-4)","background-image":"","background-repeat":"repeat","background-position":"center center","background-size":"auto","background-attachment":"scroll","background-type":"","background-media":"","overlay-type":"","overlay-color":"","overlay-opacity":"","overlay-gradient":""},"tablet":{"background-color":"","background-image":"","background-repeat":"repeat","background-position":"center center","background-size":"auto","background-attachment":"scroll","background-type":"","background-media":"","overlay-type":"","overlay-color":"","overlay-opacity":"","overlay-gradient":""},"mobile":{"background-color":"","background-image":"","background-repeat":"repeat","background-position":"center center","background-size":"auto","background-attachment":"scroll","background-type":"","background-media":"","overlay-type":"","overlay-color":"","overlay-opacity":"","overlay-gradient":""}},"ast-content-background-meta":{"desktop":{"background-color":"var(--ast-global-color-5)","background-image":"","background-repeat":"repeat","background-position":"center center","background-size":"auto","background-attachment":"scroll","background-type":"","background-media":"","overlay-type":"","overlay-color":"","overlay-opacity":"","overlay-gradient":""},"tablet":{"background-color":"var(--ast-global-color-5)","background-image":"","background-repeat":"repeat","background-position":"center center","background-size":"auto","background-attachment":"scroll","background-type":"","background-media":"","overlay-type":"","overlay-color":"","overlay-opacity":"","overlay-gradient":""},"mobile":{"background-color":"var(--ast-global-color-5)","background-image":"","background-repeat":"repeat","background-position":"center center","background-size":"auto","background-attachment":"scroll","background-type":"","background-media":"","overlay-type":"","overlay-color":"","overlay-opacity":"","overlay-gradient":""}}},"product_brand":[],"product_cat":[47,430,40],"product_tag":[407,613,405,566,449,145,212,438,251,556,219,227,614,362,281],"class_list":{"0":"post-5482","1":"product","2":"type-product","3":"status-publish","4":"has-post-thumbnail","6":"product_cat-classic","7":"product_cat-men","8":"product_cat-mens-shoes","9":"product_tag-black-derby-shoes","10":"product_tag-brown-derby-shoes","11":"product_tag-business-shoes","12":"product_tag-calfskin-shoes","13":"product_tag-casual-shoes","14":"product_tag-classic-shoes","15":"product_tag-derby-shoes","16":"product_tag-eva-sole","17":"product_tag-formal-shoes","18":"product_tag-goatskin-lining","19":"product_tag-handmade-shoes","20":"product_tag-leather-shoes","21":"product_tag-navy-derby-shoes","22":"product_tag-premium-footwear","23":"product_tag-wholesale-shoes","24":"desktop-align-center","25":"tablet-align-center","26":"mobile-align-center","28":"first","29":"instock","30":"shipping-taxable","31":"purchasable","32":"product-type-variable","33":"has-default-attributes"},"acf":[],"uagb_featured_image_src":{"full":["https:\/\/turkishtrade.co\/wp-content\/uploads\/2026\/01\/2400EJOMN00239-DARK-BLUE-DKS_623-1-usd.png",453,250,false],"thumbnail":["https:\/\/turkishtrade.co\/wp-content\/uploads\/2026\/01\/2400EJOMN00239-DARK-BLUE-DKS_623-1-usd-150x150.png",150,150,true],"medium":["https:\/\/turkishtrade.co\/wp-content\/uploads\/2026\/01\/2400EJOMN00239-DARK-BLUE-DKS_623-1-usd-300x166.png",300,166,true],"medium_large":["https:\/\/turkishtrade.co\/wp-content\/uploads\/2026\/01\/2400EJOMN00239-DARK-BLUE-DKS_623-1-usd.png",453,250,false],"large":["https:\/\/turkishtrade.co\/wp-content\/uploads\/2026\/01\/2400EJOMN00239-DARK-BLUE-DKS_623-1-usd.png",453,250,false],"1536x1536":["https:\/\/turkishtrade.co\/wp-content\/uploads\/2026\/01\/2400EJOMN00239-DARK-BLUE-DKS_623-1-usd.png",453,250,false],"2048x2048":["https:\/\/turkishtrade.co\/wp-content\/uploads\/2026\/01\/2400EJOMN00239-DARK-BLUE-DKS_623-1-usd.png",453,250,false],"trp-custom-language-flag":["https:\/\/turkishtrade.co\/wp-content\/uploads\/2026\/01\/2400EJOMN00239-DARK-BLUE-DKS_623-1-usd-18x10.png",18,10,true],"woocommerce_thumbnail":["https:\/\/turkishtrade.co\/wp-content\/uploads\/2026\/01\/2400EJOMN00239-DARK-BLUE-DKS_623-1-usd-400x250.png",400,250,true],"woocommerce_single":["https:\/\/turkishtrade.co\/wp-content\/uploads\/2026\/01\/2400EJOMN00239-DARK-BLUE-DKS_623-1-usd.png",453,250,false],"woocommerce_gallery_thumbnail":["https:\/\/turkishtrade.co\/wp-content\/uploads\/2026\/01\/2400EJOMN00239-DARK-BLUE-DKS_623-1-usd-100x100.png",100,100,true]},"uagb_author_info":{"display_name":"yaser olabi","author_link":"https:\/\/turkishtrade.co\/fr\/author\/"},"uagb_comment_info":0,"uagb_excerpt":"Upper Material: 100% Full-Grain Calfskin Leather Lining Material: 100% Goatskin Leather Sole: Lightweight &amp; Durable EVA Heel Height: Classic 1-3 cm Sizes Available: EU 39, 40, 41, 42, 43, 44, 45 Minimum Order Quantity: 8 Pairs (wholesale availability) Estimated Delivery Time: 12 Days + Shipping","_links":{"self":[{"href":"https:\/\/turkishtrade.co\/fr\/wp-json\/wp\/v2\/product\/5482","targetHints":{"allow":["GET"]}}],"collection":[{"href":"https:\/\/turkishtrade.co\/fr\/wp-json\/wp\/v2\/product"}],"about":[{"href":"https:\/\/turkishtrade.co\/fr\/wp-json\/wp\/v2\/types\/product"}],"wp:featuredmedia":[{"embeddable":true,"href":"https:\/\/turkishtrade.co\/fr\/wp-json\/wp\/v2\/media\/3684"}],"wp:attachment":[{"href":"https:\/\/turkishtrade.co\/fr\/wp-json\/wp\/v2\/media?parent=5482"}],"wp:term":[{"taxonomy":"product_brand","embeddable":true,"href":"https:\/\/turkishtrade.co\/fr\/wp-json\/wp\/v2\/product_brand?post=5482"},{"taxonomy":"product_cat","embeddable":true,"href":"https:\/\/turkishtrade.co\/fr\/wp-json\/wp\/v2\/product_cat?post=5482"},{"taxonomy":"product_tag","embeddable":true,"href":"https:\/\/turkishtrade.co\/fr\/wp-json\/wp\/v2\/product_tag?post=5482"}],"curies":[{"name":"wp","href":"https:\/\/api.w.org\/{rel}","templated":true}]}}