{"id":5478,"date":"2026-01-14T12:05:11","date_gmt":"2026-01-14T12:05:11","guid":{"rendered":"https:\/\/turkishtrade.co\/product\/mens-brown-leather-derby-shoes-3\/"},"modified":"2026-04-09T19:33:12","modified_gmt":"2026-04-09T19:33:12","slug":"mens-brown-leather-derby-shoes-3","status":"publish","type":"product","link":"https:\/\/turkishtrade.co\/fr\/shop\/mens-brown-leather-derby-shoes-3\/","title":{"rendered":"Chaussures derby classiques en cuir de veau marron pour hommes"},"content":{"rendered":"<p><strong>Chaussures derby en cuir marron pour hommes<\/strong><\/p>\n<p>Le <strong>Chaussures derby en cuir marron pour hommes<\/strong> sont l'incarnation de l'\u00e9l\u00e9gance intemporelle et de l'artisanat sup\u00e9rieur. Con\u00e7ues pour le gentleman moderne qui appr\u00e9cie \u00e0 la fois le style et le confort, ces chaussures classiques ont \u00e9t\u00e9 con\u00e7ues pour r\u00e9pondre aux besoins de tous. <strong>Chaussures derby en cuir marron pour hommes<\/strong> sont un compl\u00e9ment indispensable \u00e0 toute garde-robe sophistiqu\u00e9e. Chaque paire est m\u00e9ticuleusement fabriqu\u00e9e pour offrir une exp\u00e9rience de port in\u00e9gal\u00e9e, vous assurant une impression durable o\u00f9 que vous alliez. Il ne s'agit pas de simples chaussures, mais d'un investissement dans un style durable et des chaussures de qualit\u00e9.<\/p>\n<h3>Un savoir-faire in\u00e9gal\u00e9 et des mat\u00e9riaux de premi\u00e8re qualit\u00e9<\/h3>\n<p>D\u00e9couvrez la diff\u00e9rence que fait la qualit\u00e9 authentique avec nos produits exquis. <strong>Chaussures derby en cuir marron pour hommes<\/strong>. La surface ext\u00e9rieure est fabriqu\u00e9e de mani\u00e8re experte \u00e0 partir de cuir de veau de premi\u00e8re qualit\u00e9, connu pour sa texture souple, sa finition riche et sa durabilit\u00e9 exceptionnelle. Ce cuir exquis d\u00e9veloppe une belle patine au fil du temps, ajoutant un caract\u00e8re unique \u00e0 votre sac \u00e0 main. <strong>Chaussures derby en cuir marron pour hommes<\/strong>. En compl\u00e9ment de l'ext\u00e9rieur robuste, l'int\u00e9rieur est doubl\u00e9 d'un cuir de ch\u00e8vre incroyablement doux, offrant une sensation de douceur, de respirabilit\u00e9 et de luxe contre votre pied. Cette combinaison de cuirs haut de gamme assure un confort maximal et aide \u00e0 r\u00e9guler la temp\u00e9rature, pour que vos pieds restent frais tout au long de la journ\u00e9e. L'attention port\u00e9e aux d\u00e9tails des coutures et des finitions met en \u00e9vidence le savoir-faire artisanal impliqu\u00e9 dans la cr\u00e9ation de ces magnifiques chaussures.<\/p>\n<p>&nbsp;<\/p>\n<h3>Investissez dans un style durable avec nos chaussures Derby<\/h3>\n<p>Choisir notre prime <strong>Chaussures derby en cuir marron pour hommes<\/strong> c'est opter pour un produit qui allie les valeurs traditionnelles de la cordonnerie au confort contemporain. La silhouette Derby intemporelle, associ\u00e9e au riche cuir de veau marron, garantit que ces chaussures resteront un \u00e9l\u00e9ment de style pour les ann\u00e9es \u00e0 venir. Disponibles dans une large gamme de pointures allant du 39 au 45, il est facile de trouver la chaussure id\u00e9ale. Pour les entreprises qui cherchent \u00e0 stocker des chaussures de haute qualit\u00e9, ces chaussures exquises sont un excellent choix. <strong>Chaussures derby en cuir marron pour hommes<\/strong> sont disponibles en gros, avec une quantit\u00e9 minimale de commande de 8 paires. Rehaussez votre collection de chaussures ou offrez \u00e0 vos clients exigeants ce qu'il y a de mieux en mati\u00e8re de style classique et de confort avec ces chaussures exceptionnelles. <strong>Chaussures derby en cuir marron pour hommes<\/strong>.<\/p>","protected":false},"excerpt":{"rendered":"<ul>\n<li><strong>Mat\u00e9riau de premi\u00e8re qualit\u00e9 :<\/strong> Ext\u00e9rieur en cuir de veau luxueux et int\u00e9rieur en cuir de ch\u00e8vre souple pour un confort et une respirabilit\u00e9 sup\u00e9rieurs.<\/li>\n<li><strong>Semelle durable :<\/strong> Semelle EVA l\u00e9g\u00e8re mais robuste pour une utilisation durable et un excellent amorti.<\/li>\n<li><strong>Design classique :<\/strong> Derby \u00e9l\u00e9gant \u00e0 lacets, parfait pour les occasions formelles et d\u00e9contract\u00e9es.<\/li>\n<li><strong>Talon confortable :<\/strong> Il est dot\u00e9 d'un talon confortable d'une hauteur de 1 \u00e0 3 cm pour une utilisation sans fatigue tout au long de la journ\u00e9e.<\/li>\n<li><strong>Tailles disponibles :<\/strong> Large gamme de 39 \u00e0 45 pour assurer un ajustement parfait \u00e0 chaque homme.<\/li>\n<li><strong>Disponibilit\u00e9 en vrac :<\/strong> Commande minimum de 8 paires, id\u00e9al pour les grossistes et les d\u00e9taillants.<\/li>\n<\/ul>","protected":false},"featured_media":3680,"template":"","meta":{"_acf_changed":false,"_uag_custom_page_level_css":"","site-sidebar-layout":"default","site-content-layout":"","ast-site-content-layout":"default","site-content-style":"default","site-sidebar-style":"default","ast-global-header-display":"","ast-banner-title-visibility":"","ast-main-header-display":"","ast-hfb-above-header-display":"","ast-hfb-below-header-display":"","ast-hfb-mobile-header-display":"","site-post-title":"","ast-breadcrumbs-content":"","ast-featured-img":"","footer-sml-layout":"","ast-disable-related-posts":"","theme-transparent-header-meta":"default","adv-header-id-meta":"","stick-header-meta":"","header-above-stick-meta":"","header-main-stick-meta":"","header-below-stick-meta":"","astra-migrate-meta-layouts":"set","ast-page-background-enabled":"default","ast-page-background-meta":{"desktop":{"background-color":"var(--ast-global-color-4)","background-image":"","background-repeat":"repeat","background-position":"center center","background-size":"auto","background-attachment":"scroll","background-type":"","background-media":"","overlay-type":"","overlay-color":"","overlay-opacity":"","overlay-gradient":""},"tablet":{"background-color":"","background-image":"","background-repeat":"repeat","background-position":"center center","background-size":"auto","background-attachment":"scroll","background-type":"","background-media":"","overlay-type":"","overlay-color":"","overlay-opacity":"","overlay-gradient":""},"mobile":{"background-color":"","background-image":"","background-repeat":"repeat","background-position":"center center","background-size":"auto","background-attachment":"scroll","background-type":"","background-media":"","overlay-type":"","overlay-color":"","overlay-opacity":"","overlay-gradient":""}},"ast-content-background-meta":{"desktop":{"background-color":"var(--ast-global-color-5)","background-image":"","background-repeat":"repeat","background-position":"center center","background-size":"auto","background-attachment":"scroll","background-type":"","background-media":"","overlay-type":"","overlay-color":"","overlay-opacity":"","overlay-gradient":""},"tablet":{"background-color":"var(--ast-global-color-5)","background-image":"","background-repeat":"repeat","background-position":"center center","background-size":"auto","background-attachment":"scroll","background-type":"","background-media":"","overlay-type":"","overlay-color":"","overlay-opacity":"","overlay-gradient":""},"mobile":{"background-color":"var(--ast-global-color-5)","background-image":"","background-repeat":"repeat","background-position":"center center","background-size":"auto","background-attachment":"scroll","background-type":"","background-media":"","overlay-type":"","overlay-color":"","overlay-opacity":"","overlay-gradient":""}}},"product_brand":[],"product_cat":[47,430,40],"product_tag":[613,405,185,754,480,438,251,189,324,198,286,362,280,281],"class_list":{"0":"post-5478","1":"product","2":"type-product","3":"status-publish","4":"has-post-thumbnail","6":"product_cat-classic","7":"product_cat-men","8":"product_cat-mens-shoes","9":"product_tag-brown-derby-shoes","10":"product_tag-business-shoes","11":"product_tag-calf-leather-shoes","12":"product_tag-classic-mens-shoes","13":"product_tag-elegant-shoes","14":"product_tag-eva-sole","15":"product_tag-formal-shoes","16":"product_tag-goat-leather-lining","17":"product_tag-mens-dress-shoes","18":"product_tag-mens-fashion","19":"product_tag-mens-leather-shoes","20":"product_tag-premium-footwear","21":"product_tag-smart-casual-shoes","22":"product_tag-wholesale-shoes","23":"desktop-align-center","24":"tablet-align-center","25":"mobile-align-center","27":"first","28":"instock","29":"shipping-taxable","30":"purchasable","31":"product-type-variable","32":"has-default-attributes"},"acf":[],"uagb_featured_image_src":{"full":["https:\/\/turkishtrade.co\/wp-content\/uploads\/2026\/01\/2400EJOMN00126-BROWN-K_875.png",453,250,false],"thumbnail":["https:\/\/turkishtrade.co\/wp-content\/uploads\/2026\/01\/2400EJOMN00126-BROWN-K_875.png",150,83,false],"medium":["https:\/\/turkishtrade.co\/wp-content\/uploads\/2026\/01\/2400EJOMN00126-BROWN-K_875.png",300,166,false],"medium_large":["https:\/\/turkishtrade.co\/wp-content\/uploads\/2026\/01\/2400EJOMN00126-BROWN-K_875.png",453,250,false],"large":["https:\/\/turkishtrade.co\/wp-content\/uploads\/2026\/01\/2400EJOMN00126-BROWN-K_875.png",453,250,false],"1536x1536":["https:\/\/turkishtrade.co\/wp-content\/uploads\/2026\/01\/2400EJOMN00126-BROWN-K_875.png",453,250,false],"2048x2048":["https:\/\/turkishtrade.co\/wp-content\/uploads\/2026\/01\/2400EJOMN00126-BROWN-K_875.png",453,250,false],"trp-custom-language-flag":["https:\/\/turkishtrade.co\/wp-content\/uploads\/2026\/01\/2400EJOMN00126-BROWN-K_875.png",18,10,false],"woocommerce_thumbnail":["https:\/\/turkishtrade.co\/wp-content\/uploads\/2026\/01\/2400EJOMN00126-BROWN-K_875-400x250.png",400,250,true],"woocommerce_single":["https:\/\/turkishtrade.co\/wp-content\/uploads\/2026\/01\/2400EJOMN00126-BROWN-K_875.png",453,250,false],"woocommerce_gallery_thumbnail":["https:\/\/turkishtrade.co\/wp-content\/uploads\/2026\/01\/2400EJOMN00126-BROWN-K_875-100x100.png",100,100,true]},"uagb_author_info":{"display_name":"yaser olabi","author_link":"https:\/\/turkishtrade.co\/fr\/author\/"},"uagb_comment_info":0,"uagb_excerpt":"Premium Material: Luxurious calf leather exterior and soft goat leather interior for superior comfort and breathability. Durable Sole: Lightweight yet robust EVA sole for long-lasting wear and excellent cushioning. Classic Design: Elegant lace-up Derby style perfect for both formal and smart-casual occasions. Comfortable Heel: Features a comfortable 1-3 cm heel height for all-day wear without\u2026","_links":{"self":[{"href":"https:\/\/turkishtrade.co\/fr\/wp-json\/wp\/v2\/product\/5478","targetHints":{"allow":["GET"]}}],"collection":[{"href":"https:\/\/turkishtrade.co\/fr\/wp-json\/wp\/v2\/product"}],"about":[{"href":"https:\/\/turkishtrade.co\/fr\/wp-json\/wp\/v2\/types\/product"}],"wp:featuredmedia":[{"embeddable":true,"href":"https:\/\/turkishtrade.co\/fr\/wp-json\/wp\/v2\/media\/3680"}],"wp:attachment":[{"href":"https:\/\/turkishtrade.co\/fr\/wp-json\/wp\/v2\/media?parent=5478"}],"wp:term":[{"taxonomy":"product_brand","embeddable":true,"href":"https:\/\/turkishtrade.co\/fr\/wp-json\/wp\/v2\/product_brand?post=5478"},{"taxonomy":"product_cat","embeddable":true,"href":"https:\/\/turkishtrade.co\/fr\/wp-json\/wp\/v2\/product_cat?post=5478"},{"taxonomy":"product_tag","embeddable":true,"href":"https:\/\/turkishtrade.co\/fr\/wp-json\/wp\/v2\/product_tag?post=5478"}],"curies":[{"name":"wp","href":"https:\/\/api.w.org\/{rel}","templated":true}]}}