{"id":5476,"date":"2026-01-14T12:04:55","date_gmt":"2026-01-14T12:04:55","guid":{"rendered":"https:\/\/turkishtrade.co\/product\/men-s-leather-monk-strap-shoes\/"},"modified":"2026-04-09T19:33:14","modified_gmt":"2026-04-09T19:33:14","slug":"mens-leather-monk-strap-shoes-4","status":"publish","type":"product","link":"https:\/\/turkishtrade.co\/fr\/shop\/mens-leather-monk-strap-shoes-4\/","title":{"rendered":"Chaussures en cuir de veau marron de qualit\u00e9 sup\u00e9rieure avec une seule bride de moine"},"content":{"rendered":"<p><strong>Chaussures en cuir pour hommes<\/strong><\/p>\n<p>Rehaussez votre garde-robe avec nos produits de qualit\u00e9 sup\u00e9rieure. <b>Chaussures en cuir pour hommes<\/b>, Ces chaussures sont un m\u00e9lange parfait de style classique et de confort moderne. Con\u00e7ues pour les personnes sophistiqu\u00e9es, ces chaussures ne sont pas seulement des chaussures, elles sont une d\u00e9claration d'\u00e9l\u00e9gance et de qualit\u00e9. Chaque paire de ces chaussures exceptionnelles <b>chaussures \u00e0 lani\u00e8res pour hommes<\/b> t\u00e9moigne d'une qualit\u00e9 de fabrication sup\u00e9rieure et vous permet de sortir en toute confiance, que ce soit pour les affaires ou les occasions formelles.<\/p>\n<h3>Un savoir-faire in\u00e9gal\u00e9 et des mat\u00e9riaux de premi\u00e8re qualit\u00e9<\/h3>\n<p>Nos chaussures \u00e0 lani\u00e8re monacale simple sont m\u00e9ticuleusement fabriqu\u00e9es \u00e0 partir des mat\u00e9riaux les plus nobles. La surface ext\u00e9rieure est fabriqu\u00e9e en cuir de veau souple, r\u00e9put\u00e9 pour sa texture lisse, sa durabilit\u00e9 et son aspect luxueux. Ce cuir de veau de qualit\u00e9 sup\u00e9rieure garantit que votre <b>chaussures en cuir pour hommes<\/b> Non seulement ils sont exquis, mais ils r\u00e9sistent \u00e9galement \u00e0 l'\u00e9preuve du temps, d\u00e9veloppant une riche patine \u00e0 l'usage. En compl\u00e9ment de l'ext\u00e9rieur robuste, l'int\u00e9rieur est doubl\u00e9 de cuir de ch\u00e8vre souple, offrant un niveau de confort et de respirabilit\u00e9 in\u00e9gal\u00e9. Cette combinaison judicieuse garantit une exp\u00e9rience de port agr\u00e9able tout au long de la journ\u00e9e, ce qui fait de ces <b>chaussures \u00e0 lani\u00e8res en cuir<\/b> un vrai plaisir pour les pieds.<\/p>\n<h3>Con\u00e7u pour le confort et le style<\/h3>\n<p>Le design distingu\u00e9 de ces <b>chaussures en cuir pour hommes<\/b> Les chaussures \u00e0 lacets de la marque sont dot\u00e9es d'une boucle unique classique, ce qui leur conf\u00e8re une esth\u00e9tique \u00e9l\u00e9gante et minimaliste qui les distingue des chaussures \u00e0 lacets traditionnelles. La riche teinte marron ajoute \u00e0 la polyvalence, ce qui en fait un choix id\u00e9al pour s'associer \u00e0 un large \u00e9ventail de tenues, des costumes d'affaires \u00e9l\u00e9gants aux tenues plus d\u00e9contract\u00e9es et \u00e9l\u00e9gantes. La semelle Microlight est con\u00e7ue pour une flexibilit\u00e9 l\u00e9g\u00e8re et une excellente traction, assurant stabilit\u00e9 et facilit\u00e9 \u00e0 chaque pas. Avec une hauteur de talon confortable de 1 \u00e0 3 cm, ces chaussures offrent la bonne portance sans compromettre le confort.<\/p>\n<h3>Disponible pour les acheteurs avertis<\/h3>\n<p>Profitez d'un confort in\u00e9gal\u00e9 gr\u00e2ce \u00e0 ces chaussures finement con\u00e7ues. <b>chaussures en cuir pour hommes<\/b>, Ces chaussures sont disponibles dans une gamme compl\u00e8te de tailles allant du 39 au 45, afin de garantir un ajustement parfait \u00e0 chaque homme. Pour les d\u00e9taillants et les entreprises qui souhaitent offrir \u00e0 leur client\u00e8le des chaussures de qualit\u00e9 sup\u00e9rieure, nous proposons ces chaussures luxueuses \u00e0 un prix comp\u00e9titif de USD par paire, \u00e0 l'exclusion des bottes. Nous acceptons les commandes en gros avec une quantit\u00e9 minimale de 8 paires, ce qui vous permet de vous approvisionner plus facilement en chaussures de haute qualit\u00e9 et tr\u00e8s demand\u00e9es. Attendez-vous \u00e0 une livraison efficace dans un d\u00e9lai de 12 jours plus les frais d'exp\u00e9dition, garantissant ainsi votre commande de chaussures exquises. <b>chaussures en cuir pour hommes<\/b> vous parvienne rapidement.<\/p>","protected":false},"excerpt":{"rendered":"<p>Faites l'exp\u00e9rience d'un confort sup\u00e9rieur et d'un style intemporel avec nos exquises chaussures en cuir pour hommes, m\u00e9ticuleusement con\u00e7ues pour le gentleman exigeant.<\/p>\n<ul>\n<li>Ext\u00e9rieur en cuir de veau de premi\u00e8re qualit\u00e9 pour une \u00e9l\u00e9gance et une durabilit\u00e9 durables<\/li>\n<li>Int\u00e9rieur en cuir de ch\u00e8vre souple et respirant pour un confort optimal<\/li>\n<li>Semelle Microlight l\u00e9g\u00e8re pour un port souple et facile<\/li>\n<li>Bracelet Monk simple et \u00e9l\u00e9gant avec boucle raffin\u00e9e<\/li>\n<li>Hauteur de talon confortable de 1 \u00e0 3 cm<\/li>\n<li>Disponible dans une large gamme de tailles : 39-45<\/li>\n<li>Disponibilit\u00e9 en vrac : Quantit\u00e9 minimale de commande de 8 paires<\/li>\n<li>Livraison efficace : 12 jours + exp\u00e9dition<\/li>\n<\/ul>","protected":false},"featured_media":3642,"template":"","meta":{"_acf_changed":false,"_uag_custom_page_level_css":"","site-sidebar-layout":"default","site-content-layout":"","ast-site-content-layout":"default","site-content-style":"default","site-sidebar-style":"default","ast-global-header-display":"","ast-banner-title-visibility":"","ast-main-header-display":"","ast-hfb-above-header-display":"","ast-hfb-below-header-display":"","ast-hfb-mobile-header-display":"","site-post-title":"","ast-breadcrumbs-content":"","ast-featured-img":"","footer-sml-layout":"","ast-disable-related-posts":"","theme-transparent-header-meta":"default","adv-header-id-meta":"","stick-header-meta":"","header-above-stick-meta":"","header-main-stick-meta":"","header-below-stick-meta":"","astra-migrate-meta-layouts":"set","ast-page-background-enabled":"default","ast-page-background-meta":{"desktop":{"background-color":"var(--ast-global-color-4)","background-image":"","background-repeat":"repeat","background-position":"center center","background-size":"auto","background-attachment":"scroll","background-type":"","background-media":"","overlay-type":"","overlay-color":"","overlay-opacity":"","overlay-gradient":""},"tablet":{"background-color":"","background-image":"","background-repeat":"repeat","background-position":"center center","background-size":"auto","background-attachment":"scroll","background-type":"","background-media":"","overlay-type":"","overlay-color":"","overlay-opacity":"","overlay-gradient":""},"mobile":{"background-color":"","background-image":"","background-repeat":"repeat","background-position":"center center","background-size":"auto","background-attachment":"scroll","background-type":"","background-media":"","overlay-type":"","overlay-color":"","overlay-opacity":"","overlay-gradient":""}},"ast-content-background-meta":{"desktop":{"background-color":"var(--ast-global-color-5)","background-image":"","background-repeat":"repeat","background-position":"center center","background-size":"auto","background-attachment":"scroll","background-type":"","background-media":"","overlay-type":"","overlay-color":"","overlay-opacity":"","overlay-gradient":""},"tablet":{"background-color":"var(--ast-global-color-5)","background-image":"","background-repeat":"repeat","background-position":"center center","background-size":"auto","background-attachment":"scroll","background-type":"","background-media":"","overlay-type":"","overlay-color":"","overlay-opacity":"","overlay-gradient":""},"mobile":{"background-color":"var(--ast-global-color-5)","background-image":"","background-repeat":"repeat","background-position":"center center","background-size":"auto","background-attachment":"scroll","background-type":"","background-media":"","overlay-type":"","overlay-color":"","overlay-opacity":"","overlay-gradient":""}}},"product_brand":[],"product_cat":[48,47,49,430,40],"product_tag":[218,405,185,454,251,189,351,324,466,261,787,858,281],"class_list":{"0":"post-5476","1":"product","2":"type-product","3":"status-publish","4":"has-post-thumbnail","6":"product_cat-casual","7":"product_cat-classic","8":"product_cat-loafer","9":"product_cat-men","10":"product_cat-mens-shoes","11":"product_tag-brown-shoes","12":"product_tag-business-shoes","13":"product_tag-calf-leather-shoes","14":"product_tag-elegant-footwear","15":"product_tag-formal-shoes","16":"product_tag-goat-leather-lining","17":"product_tag-leather-footwear","18":"product_tag-mens-dress-shoes","19":"product_tag-microlight-sole","20":"product_tag-monk-strap-shoes","21":"product_tag-premium-mens-shoes","22":"product_tag-single-monk","23":"product_tag-wholesale-shoes","24":"desktop-align-center","25":"tablet-align-center","26":"mobile-align-center","28":"first","29":"instock","30":"shipping-taxable","31":"purchasable","32":"product-type-variable","33":"has-default-attributes"},"acf":[],"uagb_featured_image_src":{"full":["https:\/\/turkishtrade.co\/wp-content\/uploads\/2026\/01\/2400EJOMN00423-BROWN-Y_12573.png",453,250,false],"thumbnail":["https:\/\/turkishtrade.co\/wp-content\/uploads\/2026\/01\/2400EJOMN00423-BROWN-Y_12573-150x150.png",150,150,true],"medium":["https:\/\/turkishtrade.co\/wp-content\/uploads\/2026\/01\/2400EJOMN00423-BROWN-Y_12573-300x166.png",300,166,true],"medium_large":["https:\/\/turkishtrade.co\/wp-content\/uploads\/2026\/01\/2400EJOMN00423-BROWN-Y_12573.png",453,250,false],"large":["https:\/\/turkishtrade.co\/wp-content\/uploads\/2026\/01\/2400EJOMN00423-BROWN-Y_12573.png",453,250,false],"1536x1536":["https:\/\/turkishtrade.co\/wp-content\/uploads\/2026\/01\/2400EJOMN00423-BROWN-Y_12573.png",453,250,false],"2048x2048":["https:\/\/turkishtrade.co\/wp-content\/uploads\/2026\/01\/2400EJOMN00423-BROWN-Y_12573.png",453,250,false],"trp-custom-language-flag":["https:\/\/turkishtrade.co\/wp-content\/uploads\/2026\/01\/2400EJOMN00423-BROWN-Y_12573-18x10.png",18,10,true],"woocommerce_thumbnail":["https:\/\/turkishtrade.co\/wp-content\/uploads\/2026\/01\/2400EJOMN00423-BROWN-Y_12573-400x250.png",400,250,true],"woocommerce_single":["https:\/\/turkishtrade.co\/wp-content\/uploads\/2026\/01\/2400EJOMN00423-BROWN-Y_12573.png",453,250,false],"woocommerce_gallery_thumbnail":["https:\/\/turkishtrade.co\/wp-content\/uploads\/2026\/01\/2400EJOMN00423-BROWN-Y_12573-100x100.png",100,100,true]},"uagb_author_info":{"display_name":"yaser olabi","author_link":"https:\/\/turkishtrade.co\/fr\/author\/"},"uagb_comment_info":0,"uagb_excerpt":"Experience superior comfort and timeless style with our exquisite men's leather monk strap shoes, meticulously crafted for the discerning gentleman. Premium Calf Leather Exterior for lasting elegance and durability Soft, Breathable Goat Leather Interior for ultimate comfort Lightweight Microlight Sole for flexible and easy wear Stylish Single Monk Strap Design with a refined buckle Comfortable\u2026","_links":{"self":[{"href":"https:\/\/turkishtrade.co\/fr\/wp-json\/wp\/v2\/product\/5476","targetHints":{"allow":["GET"]}}],"collection":[{"href":"https:\/\/turkishtrade.co\/fr\/wp-json\/wp\/v2\/product"}],"about":[{"href":"https:\/\/turkishtrade.co\/fr\/wp-json\/wp\/v2\/types\/product"}],"wp:featuredmedia":[{"embeddable":true,"href":"https:\/\/turkishtrade.co\/fr\/wp-json\/wp\/v2\/media\/3642"}],"wp:attachment":[{"href":"https:\/\/turkishtrade.co\/fr\/wp-json\/wp\/v2\/media?parent=5476"}],"wp:term":[{"taxonomy":"product_brand","embeddable":true,"href":"https:\/\/turkishtrade.co\/fr\/wp-json\/wp\/v2\/product_brand?post=5476"},{"taxonomy":"product_cat","embeddable":true,"href":"https:\/\/turkishtrade.co\/fr\/wp-json\/wp\/v2\/product_cat?post=5476"},{"taxonomy":"product_tag","embeddable":true,"href":"https:\/\/turkishtrade.co\/fr\/wp-json\/wp\/v2\/product_tag?post=5476"}],"curies":[{"name":"wp","href":"https:\/\/api.w.org\/{rel}","templated":true}]}}