{"id":5465,"date":"2026-01-14T12:03:23","date_gmt":"2026-01-14T12:03:23","guid":{"rendered":"https:\/\/turkishtrade.co\/product\/mens-black-leather-loafers-6\/"},"modified":"2026-04-09T19:33:30","modified_gmt":"2026-04-09T19:33:30","slug":"mens-black-leather-loafers-6","status":"publish","type":"product","link":"https:\/\/turkishtrade.co\/fr\/shop\/mens-black-leather-loafers-6\/","title":{"rendered":"Mocassins \u00e9l\u00e9gants en cuir de veau noir pour hommes avec embl\u00e8me dor\u00e9"},"content":{"rendered":"<p><strong>Mocassins en cuir noir pour hommes<\/strong><\/p>\n<p>\u00c9levez votre collection de chaussures gr\u00e2ce \u00e0 notre collection de chaussures au design exquis. <strong>Mocassins en cuir noir pour hommes<\/strong>, Ces mocassins sont un v\u00e9ritable t\u00e9moignage de l'\u00e9l\u00e9gance intemporelle et de la qualit\u00e9 de l'artisanat. Ces luxueux mocassins sont m\u00e9ticuleusement construits pour offrir \u00e0 la fois un style in\u00e9gal\u00e9 et un confort exceptionnel, ce qui en fait un compl\u00e9ment essentiel \u00e0 toute garde-robe sophistiqu\u00e9e.<\/p>\n<p>Fabriqu\u00e9s \u00e0 partir du cuir de veau le plus fin pour la surface ext\u00e9rieure, ces mocassins pr\u00e9sentent une teinte noire riche et profonde et une finition lisse et polie qui exsude le raffinement. Le lustre naturel du cuir de veau garantit une durabilit\u00e9 et une apparence distingu\u00e9e, parfaite pour les \u00e9v\u00e9nements formels, les r\u00e9unions d'affaires ou les sorties d\u00e9contract\u00e9es haut de gamme. L'int\u00e9rieur en cuir de ch\u00e8vre somptueusement souple compl\u00e8te l'ext\u00e9rieur robuste, offrant une exp\u00e9rience respirante et confortable pour un port tout au long de la journ\u00e9e. La douce \u00e9treinte de la doublure en cuir de ch\u00e8vre se moule \u00e0 votre pied, am\u00e9liorant le confort \u00e0 chaque pas que vous faites dans ces chaussures exceptionnelles. <strong>Mocassins en cuir noir pour hommes<\/strong>.<\/p>\n<h3>Un confort in\u00e9gal\u00e9 et un design distinctif<\/h3>\n<p>Au-del\u00e0 de leurs mat\u00e9riaux luxueux, ces <strong>Mocassins en cuir noir pour hommes<\/strong> sont dot\u00e9es d'une semelle Microlight l\u00e9g\u00e8re, con\u00e7ue pour une flexibilit\u00e9 et un amorti optimaux. Cette technologie de pointe garantit une absorption remarquable des chocs et une r\u00e9duction de la fatigue, ce qui vous permet de mener votre journ\u00e9e avec aisance et gr\u00e2ce. Un talon subtil de 1 \u00e0 3 cm ajoute une touche de sophistication sans compromettre le confort, pour une foul\u00e9e stable et assur\u00e9e.<\/p>\n<p>L'embl\u00e8me dor\u00e9 distinctif qui orne l'empeigne est le point central de ces mocassins, ajoutant une touche royale qui les distingue. Ce d\u00e9tail complexe rehausse non seulement l'attrait esth\u00e9tique de la chaussure, mais refl\u00e8te \u00e9galement un engagement en faveur d'un design unique et de haute qualit\u00e9. Associ\u00e9s \u00e0 des costumes, des pantalons \u00e9l\u00e9gants ou m\u00eame des jeans haut de gamme, ces mocassins passent sans effort d'un ensemble \u00e0 l'autre, offrant ainsi une grande polyvalence \u00e0 l'homme moderne.<\/p>\n<p>Pour nos estim\u00e9s clients grossistes, ces produits de qualit\u00e9 sup\u00e9rieure <strong>Mocassins en cuir noir pour hommes<\/strong> sont disponibles pour les commandes en gros, avec un minimum d'achat de 8 paires. Comptez environ 12 jours pour la production, en plus des d\u00e9lais d'exp\u00e9dition standard, afin de vous assurer que votre commande arrive avec la qualit\u00e9 et la pr\u00e9cision que vous attendez. Investissez dans ces mocassins sophistiqu\u00e9s et d\u00e9couvrez la fusion parfaite entre l'art traditionnel et le design contemporain.<\/p>","protected":false},"excerpt":{"rendered":"<ul>\n<li>Ext\u00e9rieur en cuir de veau de premi\u00e8re qualit\u00e9 pour une finition \u00e9l\u00e9gante<\/li>\n<li>Doublure int\u00e9rieure en cuir de ch\u00e8vre souple pour un confort ultime<\/li>\n<li>Semelle Microlight l\u00e9g\u00e8re pour un soutien flexible<\/li>\n<li>Talon subtil de 1 \u00e0 3 cm pour une posture raffin\u00e9e<\/li>\n<li>Disponible dans une large gamme de tailles : 39-45<\/li>\n<li>Disponibilit\u00e9 en gros : Commande minimum de 8 paires<\/li>\n<\/ul>","protected":false},"featured_media":3673,"template":"","meta":{"_acf_changed":false,"_uag_custom_page_level_css":"","site-sidebar-layout":"default","site-content-layout":"","ast-site-content-layout":"default","site-content-style":"default","site-sidebar-style":"default","ast-global-header-display":"","ast-banner-title-visibility":"","ast-main-header-display":"","ast-hfb-above-header-display":"","ast-hfb-below-header-display":"","ast-hfb-mobile-header-display":"","site-post-title":"","ast-breadcrumbs-content":"","ast-featured-img":"","footer-sml-layout":"","ast-disable-related-posts":"","theme-transparent-header-meta":"default","adv-header-id-meta":"","stick-header-meta":"","header-above-stick-meta":"","header-main-stick-meta":"","header-below-stick-meta":"","astra-migrate-meta-layouts":"set","ast-page-background-enabled":"default","ast-page-background-meta":{"desktop":{"background-color":"var(--ast-global-color-4)","background-image":"","background-repeat":"repeat","background-position":"center center","background-size":"auto","background-attachment":"scroll","background-type":"","background-media":"","overlay-type":"","overlay-color":"","overlay-opacity":"","overlay-gradient":""},"tablet":{"background-color":"","background-image":"","background-repeat":"repeat","background-position":"center center","background-size":"auto","background-attachment":"scroll","background-type":"","background-media":"","overlay-type":"","overlay-color":"","overlay-opacity":"","overlay-gradient":""},"mobile":{"background-color":"","background-image":"","background-repeat":"repeat","background-position":"center center","background-size":"auto","background-attachment":"scroll","background-type":"","background-media":"","overlay-type":"","overlay-color":"","overlay-opacity":"","overlay-gradient":""}},"ast-content-background-meta":{"desktop":{"background-color":"var(--ast-global-color-5)","background-image":"","background-repeat":"repeat","background-position":"center center","background-size":"auto","background-attachment":"scroll","background-type":"","background-media":"","overlay-type":"","overlay-color":"","overlay-opacity":"","overlay-gradient":""},"tablet":{"background-color":"var(--ast-global-color-5)","background-image":"","background-repeat":"repeat","background-position":"center center","background-size":"auto","background-attachment":"scroll","background-type":"","background-media":"","overlay-type":"","overlay-color":"","overlay-opacity":"","overlay-gradient":""},"mobile":{"background-color":"var(--ast-global-color-5)","background-image":"","background-repeat":"repeat","background-position":"center center","background-size":"auto","background-attachment":"scroll","background-type":"","background-media":"","overlay-type":"","overlay-color":"","overlay-opacity":"","overlay-gradient":""}}},"product_brand":[],"product_cat":[48,47,49,430,40],"product_tag":[196,202,284,544,251,437,937,217,198,186,466,374,184,262],"class_list":{"0":"post-5465","1":"product","2":"type-product","3":"status-publish","4":"has-post-thumbnail","6":"product_cat-casual","7":"product_cat-classic","8":"product_cat-loafer","9":"product_cat-men","10":"product_cat-mens-shoes","11":"product_tag-black-leather-shoes","12":"product_tag-calf-leather","13":"product_tag-dress-shoes","14":"product_tag-elegant-loafers","15":"product_tag-formal-shoes","16":"product_tag-goat-leather","17":"product_tag-gold-emblem-loafers","18":"product_tag-luxury-footwear","19":"product_tag-mens-fashion","20":"product_tag-mens-loafers","21":"product_tag-microlight-sole","22":"product_tag-premium-loafers","23":"product_tag-slip-on-shoes","24":"product_tag-wholesale-mens-shoes","25":"desktop-align-center","26":"tablet-align-center","27":"mobile-align-center","29":"first","30":"instock","31":"shipping-taxable","32":"purchasable","33":"product-type-variable","34":"has-default-attributes"},"acf":[],"uagb_featured_image_src":{"full":["https:\/\/turkishtrade.co\/wp-content\/uploads\/2026\/01\/2400EJOMN00190-BLACK-2SL_01.png",453,250,false],"thumbnail":["https:\/\/turkishtrade.co\/wp-content\/uploads\/2026\/01\/2400EJOMN00190-BLACK-2SL_01.png",150,83,false],"medium":["https:\/\/turkishtrade.co\/wp-content\/uploads\/2026\/01\/2400EJOMN00190-BLACK-2SL_01.png",300,166,false],"medium_large":["https:\/\/turkishtrade.co\/wp-content\/uploads\/2026\/01\/2400EJOMN00190-BLACK-2SL_01.png",453,250,false],"large":["https:\/\/turkishtrade.co\/wp-content\/uploads\/2026\/01\/2400EJOMN00190-BLACK-2SL_01.png",453,250,false],"1536x1536":["https:\/\/turkishtrade.co\/wp-content\/uploads\/2026\/01\/2400EJOMN00190-BLACK-2SL_01.png",453,250,false],"2048x2048":["https:\/\/turkishtrade.co\/wp-content\/uploads\/2026\/01\/2400EJOMN00190-BLACK-2SL_01.png",453,250,false],"trp-custom-language-flag":["https:\/\/turkishtrade.co\/wp-content\/uploads\/2026\/01\/2400EJOMN00190-BLACK-2SL_01.png",18,10,false],"woocommerce_thumbnail":["https:\/\/turkishtrade.co\/wp-content\/uploads\/2026\/01\/2400EJOMN00190-BLACK-2SL_01-400x250.png",400,250,true],"woocommerce_single":["https:\/\/turkishtrade.co\/wp-content\/uploads\/2026\/01\/2400EJOMN00190-BLACK-2SL_01.png",453,250,false],"woocommerce_gallery_thumbnail":["https:\/\/turkishtrade.co\/wp-content\/uploads\/2026\/01\/2400EJOMN00190-BLACK-2SL_01-100x100.png",100,100,true]},"uagb_author_info":{"display_name":"yaser olabi","author_link":"https:\/\/turkishtrade.co\/fr\/author\/"},"uagb_comment_info":0,"uagb_excerpt":"Premium Calf Leather Exterior for a sleek finish Soft Goat Leather Interior lining for ultimate comfort Lightweight Microlight Sole for flexible support Subtle 1-3cm Heel for refined posture Available in a wide range of sizes: 39-45 Wholesale Availability: Minimum order of 8 pairs required","_links":{"self":[{"href":"https:\/\/turkishtrade.co\/fr\/wp-json\/wp\/v2\/product\/5465","targetHints":{"allow":["GET"]}}],"collection":[{"href":"https:\/\/turkishtrade.co\/fr\/wp-json\/wp\/v2\/product"}],"about":[{"href":"https:\/\/turkishtrade.co\/fr\/wp-json\/wp\/v2\/types\/product"}],"wp:featuredmedia":[{"embeddable":true,"href":"https:\/\/turkishtrade.co\/fr\/wp-json\/wp\/v2\/media\/3673"}],"wp:attachment":[{"href":"https:\/\/turkishtrade.co\/fr\/wp-json\/wp\/v2\/media?parent=5465"}],"wp:term":[{"taxonomy":"product_brand","embeddable":true,"href":"https:\/\/turkishtrade.co\/fr\/wp-json\/wp\/v2\/product_brand?post=5465"},{"taxonomy":"product_cat","embeddable":true,"href":"https:\/\/turkishtrade.co\/fr\/wp-json\/wp\/v2\/product_cat?post=5465"},{"taxonomy":"product_tag","embeddable":true,"href":"https:\/\/turkishtrade.co\/fr\/wp-json\/wp\/v2\/product_tag?post=5465"}],"curies":[{"name":"wp","href":"https:\/\/api.w.org\/{rel}","templated":true}]}}