{"id":5459,"date":"2026-01-14T12:02:28","date_gmt":"2026-01-14T12:02:28","guid":{"rendered":"https:\/\/turkishtrade.co\/product\/black-patent-leather-loafers-2\/"},"modified":"2026-04-09T19:33:38","modified_gmt":"2026-04-09T19:33:38","slug":"black-patent-leather-loafers-2","status":"publish","type":"product","link":"https:\/\/turkishtrade.co\/fr\/shop\/black-patent-leather-loafers-2\/","title":{"rendered":"Mocassins en cuir verni noir de qualit\u00e9 sup\u00e9rieure pour hommes avec boucle"},"content":{"rendered":"<p><strong>Mocassins en cuir verni noir<\/strong><\/p>\n<p>Adoptez un style sophistiqu\u00e9 gr\u00e2ce \u00e0 nos produits haut de gamme <strong>mocassins en cuir verni noir<\/strong>, Ces chaussures pour hommes sont l'incarnation de l'\u00e9l\u00e9gance, con\u00e7ues pour les personnes exigeantes qui appr\u00e9cient \u00e0 la fois un style impeccable et un confort exceptionnel. Ces chaussures pour hommes sont l'incarnation de l'\u00e9l\u00e9gance, con\u00e7ues pour les personnes exigeantes qui appr\u00e9cient \u00e0 la fois un style impeccable et un confort exceptionnel. Chaque paire de ces luxueuses <strong>mocassins en cuir verni noir<\/strong> t\u00e9moigne d'une qualit\u00e9 de fabrication sup\u00e9rieure et vous permet de faire une impression durable lors de tout \u00e9v\u00e9nement.<\/p>\n<h3>Une qualit\u00e9 et un design in\u00e9gal\u00e9s<\/h3>\n<p>Notre <strong>mocassins en cuir verni noir<\/strong> sont fabriqu\u00e9s en cuir de veau de qualit\u00e9 sup\u00e9rieure, r\u00e9put\u00e9 pour sa texture lisse et sa remarquable durabilit\u00e9. La finition vernie lustr\u00e9e donne \u00e0 ces mocassins un \u00e9clat \u00e9blouissant, ce qui en fait le choix id\u00e9al pour les soir\u00e9es, les r\u00e9ceptions d'affaires ou les occasions sp\u00e9ciales. \u00c0 l'int\u00e9rieur, vos pieds b\u00e9n\u00e9ficieront d'un confort in\u00e9gal\u00e9 gr\u00e2ce \u00e0 la doublure en cuir de ch\u00e8vre. Cette mati\u00e8re int\u00e9rieure de qualit\u00e9 sup\u00e9rieure offre respirabilit\u00e9 et douceur, garantissant le confort m\u00eame en cas de port prolong\u00e9.<\/p>\n<p>Con\u00e7us pour \u00eatre \u00e0 la fois \u00e9l\u00e9gants et pratiques, ces produits sophistiqu\u00e9s ont \u00e9t\u00e9 con\u00e7us pour r\u00e9pondre aux besoins des consommateurs. <strong>mocassins en cuir verni noir<\/strong> sont dot\u00e9es d'une semelle l\u00e9g\u00e8re Microlight, qui offre une excellente adh\u00e9rence et une grande souplesse sans ajouter d'encombrement inutile. Le talon subtil, mesurant entre 1 et 3 cm, donne une \u00e9l\u00e9gante portance tout en maintenant la stabilit\u00e9. La silhouette classique des mocassins est joliment rehauss\u00e9e d'une boucle de bon go\u00fbt, qui ajoute une touche de caract\u00e8re raffin\u00e9 \u00e0 ces chaussures. <strong>mocassins en cuir verni noir<\/strong> \u00e0 part les chaussures ordinaires.<\/p>\n<h3>Une polyvalence pour toutes les occasions<\/h3>\n<p>Que vous assistiez \u00e0 un gala, \u00e0 un \u00e9v\u00e9nement d'entreprise ou que vous cherchiez simplement \u00e0 rehausser votre look sophistiqu\u00e9 de tous les jours, ces <strong>mocassins en cuir verni noir<\/strong> sont incroyablement polyvalents. Associez-les \u00e0 un smoking pour une esth\u00e9tique classique, ou \u00e0 un pantalon de tailleur et un blazer pour une allure distingu\u00e9e et d\u00e9contract\u00e9e. Disponibles dans une large gamme de tailles allant de l'UE 39 \u00e0 l'UE 45, il est facile de trouver la taille id\u00e9ale.<\/p>\n<p>Pour les d\u00e9taillants et les entreprises, ces <strong>mocassins en cuir verni noir<\/strong> sont disponibles pour les achats en gros avec une commande minimum de 8 paires. Avec un d\u00e9lai de livraison de 12 jours plus les frais d'exp\u00e9dition, vous pouvez rapidement vous approvisionner en ces chaussures formelles tr\u00e8s demand\u00e9es. Investissez dans la qualit\u00e9, le confort et un style ind\u00e9niable avec notre collection exceptionnelle de chaussures de ville. <strong>mocassins en cuir verni noir<\/strong> - une pierre angulaire de la garde-robe de l'homme moderne.<\/p>","protected":false},"excerpt":{"rendered":"<ul>\n<li>Mati\u00e8re : Cuir de veau luxueux (ext\u00e9rieur), cuir de ch\u00e8vre souple (int\u00e9rieur)<\/li>\n<li>Semelle : Semelle l\u00e9g\u00e8re Microlight<\/li>\n<li>Hauteur du talon : Subtil 1-3 cm pour une \u00e9l\u00e9vation \u00e9l\u00e9gante<\/li>\n<li>Design : Mocassin classique avec boucle raffin\u00e9e<\/li>\n<li>Tailles disponibles : EU 39, 40, 41, 42, 43, 44, 45<\/li>\n<li>Commande minimale : 8 paires disponibles pour les achats en gros<\/li>\n<li>D\u00e9lai de livraison : 12 jours + exp\u00e9dition<\/li>\n<\/ul>","protected":false},"featured_media":3670,"template":"","meta":{"_acf_changed":false,"_uag_custom_page_level_css":"","site-sidebar-layout":"default","site-content-layout":"","ast-site-content-layout":"default","site-content-style":"default","site-sidebar-style":"default","ast-global-header-display":"","ast-banner-title-visibility":"","ast-main-header-display":"","ast-hfb-above-header-display":"","ast-hfb-below-header-display":"","ast-hfb-mobile-header-display":"","site-post-title":"","ast-breadcrumbs-content":"","ast-featured-img":"","footer-sml-layout":"","ast-disable-related-posts":"","theme-transparent-header-meta":"default","adv-header-id-meta":"","stick-header-meta":"","header-above-stick-meta":"","header-main-stick-meta":"","header-below-stick-meta":"","astra-migrate-meta-layouts":"set","ast-page-background-enabled":"default","ast-page-background-meta":{"desktop":{"background-color":"var(--ast-global-color-4)","background-image":"","background-repeat":"repeat","background-position":"center center","background-size":"auto","background-attachment":"scroll","background-type":"","background-media":"","overlay-type":"","overlay-color":"","overlay-opacity":"","overlay-gradient":""},"tablet":{"background-color":"","background-image":"","background-repeat":"repeat","background-position":"center center","background-size":"auto","background-attachment":"scroll","background-type":"","background-media":"","overlay-type":"","overlay-color":"","overlay-opacity":"","overlay-gradient":""},"mobile":{"background-color":"","background-image":"","background-repeat":"repeat","background-position":"center center","background-size":"auto","background-attachment":"scroll","background-type":"","background-media":"","overlay-type":"","overlay-color":"","overlay-opacity":"","overlay-gradient":""}},"ast-content-background-meta":{"desktop":{"background-color":"var(--ast-global-color-5)","background-image":"","background-repeat":"repeat","background-position":"center center","background-size":"auto","background-attachment":"scroll","background-type":"","background-media":"","overlay-type":"","overlay-color":"","overlay-opacity":"","overlay-gradient":""},"tablet":{"background-color":"var(--ast-global-color-5)","background-image":"","background-repeat":"repeat","background-position":"center center","background-size":"auto","background-attachment":"scroll","background-type":"","background-media":"","overlay-type":"","overlay-color":"","overlay-opacity":"","overlay-gradient":""},"mobile":{"background-color":"var(--ast-global-color-5)","background-image":"","background-repeat":"repeat","background-position":"center center","background-size":"auto","background-attachment":"scroll","background-type":"","background-media":"","overlay-type":"","overlay-color":"","overlay-opacity":"","overlay-gradient":""}}},"product_brand":[],"product_cat":[48,47,49,430,40],"product_tag":[735,660,315,185,480,933,251,189,217,324,198,186,466,676,664],"class_list":{"0":"post-5459","1":"product","2":"type-product","3":"status-publish","4":"has-post-thumbnail","6":"product_cat-casual","7":"product_cat-classic","8":"product_cat-loafer","9":"product_cat-men","10":"product_cat-mens-shoes","11":"product_tag-black-formal-shoes","12":"product_tag-black-patent-leather-loafers","13":"product_tag-buckle-loafers","14":"product_tag-calf-leather-shoes","15":"product_tag-elegant-shoes","16":"product_tag-evening-wear-shoes","17":"product_tag-formal-shoes","18":"product_tag-goat-leather-lining","19":"product_tag-luxury-footwear","20":"product_tag-mens-dress-shoes","21":"product_tag-mens-fashion","22":"product_tag-mens-loafers","23":"product_tag-microlight-sole","24":"product_tag-party-shoes","25":"product_tag-tuxedo-shoes","26":"desktop-align-center","27":"tablet-align-center","28":"mobile-align-center","30":"first","31":"instock","32":"shipping-taxable","33":"purchasable","34":"product-type-variable","35":"has-default-attributes"},"acf":[],"uagb_featured_image_src":{"full":["https:\/\/turkishtrade.co\/wp-content\/uploads\/2026\/01\/2400EJOMN00186-BLACK-X_12572.png",453,250,false],"thumbnail":["https:\/\/turkishtrade.co\/wp-content\/uploads\/2026\/01\/2400EJOMN00186-BLACK-X_12572-150x150.png",150,150,true],"medium":["https:\/\/turkishtrade.co\/wp-content\/uploads\/2026\/01\/2400EJOMN00186-BLACK-X_12572-300x166.png",300,166,true],"medium_large":["https:\/\/turkishtrade.co\/wp-content\/uploads\/2026\/01\/2400EJOMN00186-BLACK-X_12572.png",453,250,false],"large":["https:\/\/turkishtrade.co\/wp-content\/uploads\/2026\/01\/2400EJOMN00186-BLACK-X_12572.png",453,250,false],"1536x1536":["https:\/\/turkishtrade.co\/wp-content\/uploads\/2026\/01\/2400EJOMN00186-BLACK-X_12572.png",453,250,false],"2048x2048":["https:\/\/turkishtrade.co\/wp-content\/uploads\/2026\/01\/2400EJOMN00186-BLACK-X_12572.png",453,250,false],"trp-custom-language-flag":["https:\/\/turkishtrade.co\/wp-content\/uploads\/2026\/01\/2400EJOMN00186-BLACK-X_12572-18x10.png",18,10,true],"woocommerce_thumbnail":["https:\/\/turkishtrade.co\/wp-content\/uploads\/2026\/01\/2400EJOMN00186-BLACK-X_12572-400x250.png",400,250,true],"woocommerce_single":["https:\/\/turkishtrade.co\/wp-content\/uploads\/2026\/01\/2400EJOMN00186-BLACK-X_12572.png",453,250,false],"woocommerce_gallery_thumbnail":["https:\/\/turkishtrade.co\/wp-content\/uploads\/2026\/01\/2400EJOMN00186-BLACK-X_12572-100x100.png",100,100,true]},"uagb_author_info":{"display_name":"yaser olabi","author_link":"https:\/\/turkishtrade.co\/fr\/author\/"},"uagb_comment_info":0,"uagb_excerpt":"Material: Luxurious Calf Leather (Exterior), Soft Goat Leather (Interior) Sole: Lightweight Microlight Sole Heel Height: Subtle 1-3 cm for an elegant lift Design: Classic Loafer with Refined Buckle Detail Available Sizes: EU 39, 40, 41, 42, 43, 44, 45 Minimum Order: 8 pairs available for bulk purchase Delivery Time: 12 days + shipping","_links":{"self":[{"href":"https:\/\/turkishtrade.co\/fr\/wp-json\/wp\/v2\/product\/5459","targetHints":{"allow":["GET"]}}],"collection":[{"href":"https:\/\/turkishtrade.co\/fr\/wp-json\/wp\/v2\/product"}],"about":[{"href":"https:\/\/turkishtrade.co\/fr\/wp-json\/wp\/v2\/types\/product"}],"wp:featuredmedia":[{"embeddable":true,"href":"https:\/\/turkishtrade.co\/fr\/wp-json\/wp\/v2\/media\/3670"}],"wp:attachment":[{"href":"https:\/\/turkishtrade.co\/fr\/wp-json\/wp\/v2\/media?parent=5459"}],"wp:term":[{"taxonomy":"product_brand","embeddable":true,"href":"https:\/\/turkishtrade.co\/fr\/wp-json\/wp\/v2\/product_brand?post=5459"},{"taxonomy":"product_cat","embeddable":true,"href":"https:\/\/turkishtrade.co\/fr\/wp-json\/wp\/v2\/product_cat?post=5459"},{"taxonomy":"product_tag","embeddable":true,"href":"https:\/\/turkishtrade.co\/fr\/wp-json\/wp\/v2\/product_tag?post=5459"}],"curies":[{"name":"wp","href":"https:\/\/api.w.org\/{rel}","templated":true}]}}