{"id":5457,"date":"2026-01-14T12:02:09","date_gmt":"2026-01-14T12:02:09","guid":{"rendered":"https:\/\/turkishtrade.co\/product\/men-s-black-patent-loafers\/"},"modified":"2026-04-09T19:33:41","modified_gmt":"2026-04-09T19:33:41","slug":"rare-your-style-mens-black-patent-loafers","status":"publish","type":"product","link":"https:\/\/turkishtrade.co\/fr\/shop\/rare-your-style-mens-black-patent-loafers\/","title":{"rendered":"Mocassins sophistiqu\u00e9s en cuir verni noir pour hommes"},"content":{"rendered":"<p><strong>Mocassins vernis noirs pour hommes<\/strong><\/p>\n<p>Rehaussez votre garde-robe gr\u00e2ce \u00e0 l'\u00e9l\u00e9gance in\u00e9gal\u00e9e de notre collection. <b>Mocassins sophistiqu\u00e9s en cuir verni noir pour hommes<\/b>. Con\u00e7us pour le gentleman moderne, ces mocassins exquis allient un style classique \u00e0 une finesse contemporaine, ce qui en fait un compl\u00e9ment indispensable \u00e0 tout ensemble formel ou semi-formel. Chaque paire est m\u00e9ticuleusement fabriqu\u00e9e pour garantir \u00e0 la fois une esth\u00e9tique \u00e9tonnante et un confort durable.<\/p>\n<h3>Un savoir-faire in\u00e9gal\u00e9 et des mat\u00e9riaux de premi\u00e8re qualit\u00e9<\/h3>\n<p>Notre <b>Mocassins vernis noirs pour hommes<\/b> sont dot\u00e9s d'une surface ext\u00e9rieure en cuir de veau brillant de haute qualit\u00e9. Ce mat\u00e9riau luxueux offre une finition \u00e9l\u00e9gante, semblable \u00e0 un miroir, qui capte magnifiquement la lumi\u00e8re et met instantan\u00e9ment en valeur votre pr\u00e9sence. L'int\u00e9rieur est doubl\u00e9 d'un cuir de ch\u00e8vre somptueusement doux, garantissant une exp\u00e9rience respirante et confortable, m\u00eame en cas de port prolong\u00e9. Les mat\u00e9riaux choisis avec soin garantissent une durabilit\u00e9 et une sensation de qualit\u00e9 sup\u00e9rieure que vous pouvez vraiment appr\u00e9cier.<\/p>\n<h3>Con\u00e7u pour le style et le confort<\/h3>\n<p>Dot\u00e9s d'une semelle Microlight l\u00e9g\u00e8re, ces mocassins offrent une flexibilit\u00e9 exceptionnelle et une foul\u00e9e confortable. Le talon subtil de 1 \u00e0 3 cm apporte juste ce qu'il faut de relief sans compromettre la stabilit\u00e9, ce qui rend ces chaussures parfaites pour se rendre \u00e0 n'importe quel \u00e9v\u00e9nement avec confiance. La silhouette intemporelle des mocassins, accentu\u00e9e par un d\u00e9tail m\u00e9tallique de bon go\u00fbt sur l'empeigne, garantit que ces mocassins seront toujours \u00e0 la hauteur de vos attentes. <b>Mocassins vernis noirs pour hommes<\/b> sont suffisamment polyvalents pour convenir \u00e0 de nombreuses occasions, qu'il s'agisse d'\u00e9v\u00e9nements en tenue de soir\u00e9e ou de r\u00e9unions d'affaires sophistiqu\u00e9es, ou encore pour rehausser une tenue d\u00e9contract\u00e9e.<\/p>\n<h3>Opportunit\u00e9 de vente en gros pour les entreprises<\/h3>\n<p>Pour les d\u00e9taillants et les entreprises qui cherchent \u00e0 stocker des chaussures formelles de haute qualit\u00e9, ces chaussures de qualit\u00e9 sup\u00e9rieure sont un excellent choix. <b>Mocassins vernis noirs pour hommes<\/b> repr\u00e9sentent une excellente opportunit\u00e9 de vente en gros. Avec une quantit\u00e9 minimale de commande de seulement 8 paires, vous pouvez facilement satisfaire votre client\u00e8le exigeante. Nous sommes fiers de notre service efficace, avec un d\u00e9lai de livraison estim\u00e9 \u00e0 12 jours plus les frais d'exp\u00e9dition. Offrez \u00e0 vos clients le m\u00e9lange ultime de style, de confort et de durabilit\u00e9, le tout dans un produit distingu\u00e9. Investissez dans la qualit\u00e9 et offrez \u00e0 vos clients des chaussures qui se d\u00e9marquent.<\/p>","protected":false},"excerpt":{"rendered":"<ul>\n<li>Ext\u00e9rieur en cuir de veau brillant de premi\u00e8re qualit\u00e9<\/li>\n<li>Doublure int\u00e9rieure en cuir de ch\u00e8vre luxueux pour le confort<\/li>\n<li>Semelle ultral\u00e9g\u00e8re avec un talon subtil de 1 \u00e0 3 cm<\/li>\n<li>Disponible dans une large gamme de tailles : 39-45<\/li>\n<li>Quantit\u00e9 minimale de commande : 8 paires (disponibilit\u00e9 en gros)<\/li>\n<li>D\u00e9lai de livraison estim\u00e9 : 12 jours + exp\u00e9dition<\/li>\n<li>Id\u00e9al pour les \u00e9v\u00e9nements formels, les tenues d'affaires et les occasions sp\u00e9ciales<\/li>\n<\/ul>","protected":false},"featured_media":3669,"template":"","meta":{"_acf_changed":false,"_uag_custom_page_level_css":"","site-sidebar-layout":"default","site-content-layout":"","ast-site-content-layout":"default","site-content-style":"default","site-sidebar-style":"default","ast-global-header-display":"","ast-banner-title-visibility":"","ast-main-header-display":"","ast-hfb-above-header-display":"","ast-hfb-below-header-display":"","ast-hfb-mobile-header-display":"","site-post-title":"","ast-breadcrumbs-content":"","ast-featured-img":"","footer-sml-layout":"","ast-disable-related-posts":"","theme-transparent-header-meta":"default","adv-header-id-meta":"","stick-header-meta":"","header-above-stick-meta":"","header-main-stick-meta":"","header-below-stick-meta":"","astra-migrate-meta-layouts":"set","ast-page-background-enabled":"default","ast-page-background-meta":{"desktop":{"background-color":"var(--ast-global-color-4)","background-image":"","background-repeat":"repeat","background-position":"center center","background-size":"auto","background-attachment":"scroll","background-type":"","background-media":"","overlay-type":"","overlay-color":"","overlay-opacity":"","overlay-gradient":""},"tablet":{"background-color":"","background-image":"","background-repeat":"repeat","background-position":"center center","background-size":"auto","background-attachment":"scroll","background-type":"","background-media":"","overlay-type":"","overlay-color":"","overlay-opacity":"","overlay-gradient":""},"mobile":{"background-color":"","background-image":"","background-repeat":"repeat","background-position":"center center","background-size":"auto","background-attachment":"scroll","background-type":"","background-media":"","overlay-type":"","overlay-color":"","overlay-opacity":"","overlay-gradient":""}},"ast-content-background-meta":{"desktop":{"background-color":"var(--ast-global-color-5)","background-image":"","background-repeat":"repeat","background-position":"center center","background-size":"auto","background-attachment":"scroll","background-type":"","background-media":"","overlay-type":"","overlay-color":"","overlay-opacity":"","overlay-gradient":""},"tablet":{"background-color":"var(--ast-global-color-5)","background-image":"","background-repeat":"repeat","background-position":"center center","background-size":"auto","background-attachment":"scroll","background-type":"","background-media":"","overlay-type":"","overlay-color":"","overlay-opacity":"","overlay-gradient":""},"mobile":{"background-color":"var(--ast-global-color-5)","background-image":"","background-repeat":"repeat","background-position":"center center","background-size":"auto","background-attachment":"scroll","background-type":"","background-media":"","overlay-type":"","overlay-color":"","overlay-opacity":"","overlay-gradient":""}}},"product_brand":[],"product_cat":[48,47,49,430,40],"product_tag":[370,629,405,202,284,480,822,352,591,437,384,932,198,466,657,210,680,281],"class_list":{"0":"post-5457","1":"product","2":"type-product","3":"status-publish","4":"has-post-thumbnail","6":"product_cat-casual","7":"product_cat-classic","8":"product_cat-loafer","9":"product_cat-men","10":"product_cat-mens-shoes","11":"product_tag-black-loafers","12":"product_tag-bulk-order-shoes","13":"product_tag-business-shoes","14":"product_tag-calf-leather","15":"product_tag-dress-shoes","16":"product_tag-elegant-shoes","17":"product_tag-event-shoes","18":"product_tag-formal-loafers","19":"product_tag-formal-wear","20":"product_tag-goat-leather","21":"product_tag-luxury-loafers","22":"product_tag-mens-black-patent-loafers","23":"product_tag-mens-fashion","24":"product_tag-microlight-sole","25":"product_tag-patent-leather-shoes","26":"product_tag-smart-casual","27":"product_tag-stylish-shoes","28":"product_tag-wholesale-shoes","29":"desktop-align-center","30":"tablet-align-center","31":"mobile-align-center","33":"first","34":"instock","35":"shipping-taxable","36":"purchasable","37":"product-type-variable","38":"has-default-attributes"},"acf":[],"uagb_featured_image_src":{"full":["https:\/\/turkishtrade.co\/wp-content\/uploads\/2026\/01\/2400EJOMN00181-BLACK-X_12575.png",453,250,false],"thumbnail":["https:\/\/turkishtrade.co\/wp-content\/uploads\/2026\/01\/2400EJOMN00181-BLACK-X_12575-150x150.png",150,150,true],"medium":["https:\/\/turkishtrade.co\/wp-content\/uploads\/2026\/01\/2400EJOMN00181-BLACK-X_12575-300x166.png",300,166,true],"medium_large":["https:\/\/turkishtrade.co\/wp-content\/uploads\/2026\/01\/2400EJOMN00181-BLACK-X_12575.png",453,250,false],"large":["https:\/\/turkishtrade.co\/wp-content\/uploads\/2026\/01\/2400EJOMN00181-BLACK-X_12575.png",453,250,false],"1536x1536":["https:\/\/turkishtrade.co\/wp-content\/uploads\/2026\/01\/2400EJOMN00181-BLACK-X_12575.png",453,250,false],"2048x2048":["https:\/\/turkishtrade.co\/wp-content\/uploads\/2026\/01\/2400EJOMN00181-BLACK-X_12575.png",453,250,false],"trp-custom-language-flag":["https:\/\/turkishtrade.co\/wp-content\/uploads\/2026\/01\/2400EJOMN00181-BLACK-X_12575-18x10.png",18,10,true],"woocommerce_thumbnail":["https:\/\/turkishtrade.co\/wp-content\/uploads\/2026\/01\/2400EJOMN00181-BLACK-X_12575-400x250.png",400,250,true],"woocommerce_single":["https:\/\/turkishtrade.co\/wp-content\/uploads\/2026\/01\/2400EJOMN00181-BLACK-X_12575.png",453,250,false],"woocommerce_gallery_thumbnail":["https:\/\/turkishtrade.co\/wp-content\/uploads\/2026\/01\/2400EJOMN00181-BLACK-X_12575-100x100.png",100,100,true]},"uagb_author_info":{"display_name":"yaser olabi","author_link":"https:\/\/turkishtrade.co\/fr\/author\/"},"uagb_comment_info":0,"uagb_excerpt":"Premium Glossy Calf Leather Exterior Luxurious Goat Leather Interior Lining for Comfort Lightweight Microlight Sole with a Subtle 1-3cm Heel Available in a Wide Range of Sizes: 39-45 Minimum Order Quantity: 8 Pairs (Wholesale Availability) Estimated Delivery Time: 12 Days + Shipping Ideal for Formal Events, Business Attire, and Special Occasions","_links":{"self":[{"href":"https:\/\/turkishtrade.co\/fr\/wp-json\/wp\/v2\/product\/5457","targetHints":{"allow":["GET"]}}],"collection":[{"href":"https:\/\/turkishtrade.co\/fr\/wp-json\/wp\/v2\/product"}],"about":[{"href":"https:\/\/turkishtrade.co\/fr\/wp-json\/wp\/v2\/types\/product"}],"wp:featuredmedia":[{"embeddable":true,"href":"https:\/\/turkishtrade.co\/fr\/wp-json\/wp\/v2\/media\/3669"}],"wp:attachment":[{"href":"https:\/\/turkishtrade.co\/fr\/wp-json\/wp\/v2\/media?parent=5457"}],"wp:term":[{"taxonomy":"product_brand","embeddable":true,"href":"https:\/\/turkishtrade.co\/fr\/wp-json\/wp\/v2\/product_brand?post=5457"},{"taxonomy":"product_cat","embeddable":true,"href":"https:\/\/turkishtrade.co\/fr\/wp-json\/wp\/v2\/product_cat?post=5457"},{"taxonomy":"product_tag","embeddable":true,"href":"https:\/\/turkishtrade.co\/fr\/wp-json\/wp\/v2\/product_tag?post=5457"}],"curies":[{"name":"wp","href":"https:\/\/api.w.org\/{rel}","templated":true}]}}