{"id":5455,"date":"2026-01-14T12:01:46","date_gmt":"2026-01-14T12:01:46","guid":{"rendered":"https:\/\/turkishtrade.co\/product\/mens-black-patent-loafer\/"},"modified":"2026-04-09T19:33:44","modified_gmt":"2026-04-09T19:33:44","slug":"mens-black-patent-loafer","status":"publish","type":"product","link":"https:\/\/turkishtrade.co\/fr\/shop\/mens-black-patent-loafer\/","title":{"rendered":"Mocassins \u00e9l\u00e9gants en cuir verni noir pour hommes avec mors en m\u00e9tal"},"content":{"rendered":"<p><strong>Mocassins vernis noirs pour hommes<\/strong><\/p>\n<p>D\u00e9couvrez le summum de la chaussure sophistiqu\u00e9e avec nos chaussures exquises. <strong>Mocassins vernis noirs pour hommes<\/strong>. Con\u00e7us pour les hommes exigeants, ces mocassins allient harmonieusement style classique et confort moderne, ce qui en fait un compl\u00e9ment indispensable \u00e0 toute garde-robe. Que vous assistiez \u00e0 un \u00e9v\u00e9nement formel, que vous vous rendiez \u00e0 une r\u00e9union d'affaires importante ou que vous cherchiez simplement \u00e0 rehausser votre tenue de tous les jours, ces mocassins de qualit\u00e9 sup\u00e9rieure offrent une \u00e9l\u00e9gance et une qualit\u00e9 in\u00e9gal\u00e9es.<\/p>\n<h3>Un savoir-faire in\u00e9gal\u00e9 et des mat\u00e9riaux de premi\u00e8re qualit\u00e9<\/h3>\n<p>Chaque paire de nos <strong>Mocassins vernis noirs pour hommes<\/strong> t\u00e9moigne d'un savoir-faire de qualit\u00e9 sup\u00e9rieure. L'ext\u00e9rieur est m\u00e9ticuleusement fabriqu\u00e9 en cuir de veau de qualit\u00e9 sup\u00e9rieure, r\u00e9put\u00e9 pour sa finition vernie brillante et \u00e9l\u00e9gante qui respire le luxe et attire l'attention. Ce mat\u00e9riau \u00e0 la fois durable et souple garantit un aspect sophistiqu\u00e9 qui r\u00e9siste \u00e0 l'\u00e9preuve du temps. \u00c0 l'int\u00e9rieur, vos pieds b\u00e9n\u00e9ficieront du confort moelleux d'une doublure en cuir de ch\u00e8vre v\u00e9ritable. Connu pour sa douceur et sa respirabilit\u00e9 exceptionnelles, le cuir de ch\u00e8vre offre une sensation luxueuse, r\u00e9duisant les frottements et garantissant le confort m\u00eame en cas de port prolong\u00e9. Cette combinaison judicieuse de mat\u00e9riaux garantit non seulement une esth\u00e9tique \u00e9blouissante, mais aussi une durabilit\u00e9 \u00e0 long terme et un confort supr\u00eame.<\/p>\n<h3>Con\u00e7u pour le confort et le style<\/h3>\n<p>Au-del\u00e0 de son apparence frappante, le <strong>Mocassins vernis noirs pour hommes<\/strong> est con\u00e7ue pour le confort. Elle est dot\u00e9e d'une semelle microlight l\u00e9g\u00e8re, qui offre une excellente absorption des chocs et une grande flexibilit\u00e9. Ce mat\u00e9riau de semelle innovant permet d'amortir chaque pas, ce qui donne la sensation de marcher sans effort tout au long de la journ\u00e9e. Avec une hauteur de talon subtile de 1 \u00e0 3 cm, ces mocassins offrent juste ce qu'il faut de hauteur, am\u00e9liorant votre posture et ajoutant \u00e0 la silhouette g\u00e9n\u00e9rale raffin\u00e9e. Le design \u00e0 enfiler, orn\u00e9 d'une \u00e9l\u00e9gante m\u00e8che en m\u00e9tal, offre une commodit\u00e9 sans sacrifier une once de style, ce qui fait de ces mocassins des chaussures \u00e0 la fois pratiques et \u00e9l\u00e9gantes. <strong>Mocassins vernis noirs pour hommes<\/strong> un v\u00e9ritable h\u00e9ros de la garde-robe.<\/p>\n<h3>Une polyvalence pour toutes les occasions<\/h3>\n<p>La finition intemporelle en vernis noir et le design \u00e9l\u00e9gant font de cette <strong>Mocassins vernis noirs pour hommes<\/strong> incroyablement polyvalent. Associez-les \u00e0 un smoking \u00e9l\u00e9gant pour les \u00e9v\u00e9nements \u00e0 cravate noire, \u00e0 un costume sur mesure pour les engagements professionnels, ou m\u00eame \u00e0 un pantalon d\u00e9contract\u00e9 \u00e9l\u00e9gant pour un look de week-end haut de gamme. Disponibles dans une large gamme de pointures allant du 39 au 45, elles s'adaptent parfaitement \u00e0 tous les pieds. Enrichissez votre collection de chaussures haut de gamme avec cette pi\u00e8ce essentielle qui promet d'offrir \u00e0 la fois un style sophistiqu\u00e9 et un confort exceptionnel. Pour les d\u00e9taillants et les entreprises, ces <strong>Mocassins vernis noirs pour hommes<\/strong> sont disponibles pour les commandes en gros avec un minimum de 8 paires, ce qui vous permet de vous approvisionner efficacement en ce mod\u00e8le populaire.<\/p>\n<h3>Investir dans une \u00e9l\u00e9gance durable<\/h3>\n<p>Choisir notre <strong>Mocassins vernis noirs pour hommes<\/strong> c'est investir dans une chaussure qui allie esth\u00e9tique et design pratique. D\u00e9couvrez la diff\u00e9rence que peuvent faire des mat\u00e9riaux de premi\u00e8re qualit\u00e9 comme le cuir de veau et le cuir de ch\u00e8vre, combin\u00e9s \u00e0 une semelle microlight moderne. Avec un prix attractif de seulement USD par paire, et un d\u00e9lai de livraison fiable de 12 jours plus les frais de port, l'acquisition de ces chaussures exceptionnelles est \u00e0 la fois facile et gratifiante. Am\u00e9liorez votre jeu de chaussures et faites une impression durable avec la sophistication in\u00e9gal\u00e9e de ce classique. <strong>Mocassins vernis noirs pour hommes<\/strong>.<\/p>","protected":false},"excerpt":{"rendered":"<ul>\n<li><b>Un savoir-faire exquis :<\/b> Fabriqu\u00e9 en cuir de veau de premi\u00e8re qualit\u00e9 \u00e0 l'ext\u00e9rieur et en cuir de ch\u00e8vre souple \u00e0 l'int\u00e9rieur pour un confort et une durabilit\u00e9 in\u00e9gal\u00e9s.<\/li>\n<li><b>Semelle Microlight :<\/b> Dot\u00e9e d'une semelle l\u00e9g\u00e8re mais robuste pour une meilleure adh\u00e9rence et une plus grande facilit\u00e9 de mouvement.<\/li>\n<li><b>Hauteur de talon id\u00e9ale :<\/b> Le talon subtil de 1 \u00e0 3 cm assure une portance parfaite sans compromettre le confort.<\/li>\n<li><b>Taille polyvalente :<\/b> Disponible dans une large gamme de tailles allant de l'UE 39 \u00e0 45, garantissant un ajustement parfait \u00e0 chaque pied.<\/li>\n<li><b>Disponibilit\u00e9 en vrac :<\/b> Commande minimum de 8 paires, avec un d\u00e9lai de livraison estim\u00e9 \u00e0 12 jours plus les frais de port.<\/li>\n<li><b>Un luxe abordable :<\/b> Le prix de la paire est de seulement USD, ce qui repr\u00e9sente un rapport qualit\u00e9-prix exceptionnel pour des chaussures haut de gamme.<\/li>\n<\/ul>","protected":false},"featured_media":3668,"template":"","meta":{"_acf_changed":false,"_uag_custom_page_level_css":"","site-sidebar-layout":"default","site-content-layout":"","ast-site-content-layout":"default","site-content-style":"default","site-sidebar-style":"default","ast-global-header-display":"","ast-banner-title-visibility":"","ast-main-header-display":"","ast-hfb-above-header-display":"","ast-hfb-below-header-display":"","ast-hfb-mobile-header-display":"","site-post-title":"","ast-breadcrumbs-content":"","ast-featured-img":"","footer-sml-layout":"","ast-disable-related-posts":"","theme-transparent-header-meta":"default","adv-header-id-meta":"","stick-header-meta":"","header-above-stick-meta":"","header-main-stick-meta":"","header-below-stick-meta":"","astra-migrate-meta-layouts":"set","ast-page-background-enabled":"default","ast-page-background-meta":{"desktop":{"background-color":"var(--ast-global-color-4)","background-image":"","background-repeat":"repeat","background-position":"center center","background-size":"auto","background-attachment":"scroll","background-type":"","background-media":"","overlay-type":"","overlay-color":"","overlay-opacity":"","overlay-gradient":""},"tablet":{"background-color":"","background-image":"","background-repeat":"repeat","background-position":"center center","background-size":"auto","background-attachment":"scroll","background-type":"","background-media":"","overlay-type":"","overlay-color":"","overlay-opacity":"","overlay-gradient":""},"mobile":{"background-color":"","background-image":"","background-repeat":"repeat","background-position":"center center","background-size":"auto","background-attachment":"scroll","background-type":"","background-media":"","overlay-type":"","overlay-color":"","overlay-opacity":"","overlay-gradient":""}},"ast-content-background-meta":{"desktop":{"background-color":"var(--ast-global-color-5)","background-image":"","background-repeat":"repeat","background-position":"center center","background-size":"auto","background-attachment":"scroll","background-type":"","background-media":"","overlay-type":"","overlay-color":"","overlay-opacity":"","overlay-gradient":""},"tablet":{"background-color":"var(--ast-global-color-5)","background-image":"","background-repeat":"repeat","background-position":"center center","background-size":"auto","background-attachment":"scroll","background-type":"","background-media":"","overlay-type":"","overlay-color":"","overlay-opacity":"","overlay-gradient":""},"mobile":{"background-color":"var(--ast-global-color-5)","background-image":"","background-repeat":"repeat","background-position":"center center","background-size":"auto","background-attachment":"scroll","background-type":"","background-media":"","overlay-type":"","overlay-color":"","overlay-opacity":"","overlay-gradient":""}}},"product_brand":[],"product_cat":[48,47,49,430,40],"product_tag":[405,202,737,480,251,437,217,931,324,198,926,466,657,184,665],"class_list":{"0":"post-5455","1":"product","2":"type-product","3":"status-publish","4":"has-post-thumbnail","6":"product_cat-casual","7":"product_cat-classic","8":"product_cat-loafer","9":"product_cat-men","10":"product_cat-mens-shoes","11":"product_tag-business-shoes","12":"product_tag-calf-leather","13":"product_tag-dress-loafers","14":"product_tag-elegant-shoes","15":"product_tag-formal-shoes","16":"product_tag-goat-leather","17":"product_tag-luxury-footwear","18":"product_tag-mens-black-patent-loafer","19":"product_tag-mens-dress-shoes","20":"product_tag-mens-fashion","21":"product_tag-metal-bit-loafers","22":"product_tag-microlight-sole","23":"product_tag-patent-leather-shoes","24":"product_tag-slip-on-shoes","25":"product_tag-special-occasion-shoes","26":"desktop-align-center","27":"tablet-align-center","28":"mobile-align-center","30":"first","31":"instock","32":"shipping-taxable","33":"purchasable","34":"product-type-variable","35":"has-default-attributes"},"acf":[],"uagb_featured_image_src":{"full":["https:\/\/turkishtrade.co\/wp-content\/uploads\/2026\/01\/2400EJOMN00180-BLACK-2-X_12575.png",453,250,false],"thumbnail":["https:\/\/turkishtrade.co\/wp-content\/uploads\/2026\/01\/2400EJOMN00180-BLACK-2-X_12575-150x150.png",150,150,true],"medium":["https:\/\/turkishtrade.co\/wp-content\/uploads\/2026\/01\/2400EJOMN00180-BLACK-2-X_12575-300x166.png",300,166,true],"medium_large":["https:\/\/turkishtrade.co\/wp-content\/uploads\/2026\/01\/2400EJOMN00180-BLACK-2-X_12575.png",453,250,false],"large":["https:\/\/turkishtrade.co\/wp-content\/uploads\/2026\/01\/2400EJOMN00180-BLACK-2-X_12575.png",453,250,false],"1536x1536":["https:\/\/turkishtrade.co\/wp-content\/uploads\/2026\/01\/2400EJOMN00180-BLACK-2-X_12575.png",453,250,false],"2048x2048":["https:\/\/turkishtrade.co\/wp-content\/uploads\/2026\/01\/2400EJOMN00180-BLACK-2-X_12575.png",453,250,false],"trp-custom-language-flag":["https:\/\/turkishtrade.co\/wp-content\/uploads\/2026\/01\/2400EJOMN00180-BLACK-2-X_12575-18x10.png",18,10,true],"woocommerce_thumbnail":["https:\/\/turkishtrade.co\/wp-content\/uploads\/2026\/01\/2400EJOMN00180-BLACK-2-X_12575-400x250.png",400,250,true],"woocommerce_single":["https:\/\/turkishtrade.co\/wp-content\/uploads\/2026\/01\/2400EJOMN00180-BLACK-2-X_12575.png",453,250,false],"woocommerce_gallery_thumbnail":["https:\/\/turkishtrade.co\/wp-content\/uploads\/2026\/01\/2400EJOMN00180-BLACK-2-X_12575-100x100.png",100,100,true]},"uagb_author_info":{"display_name":"yaser olabi","author_link":"https:\/\/turkishtrade.co\/fr\/author\/"},"uagb_comment_info":0,"uagb_excerpt":"Exquisite Craftsmanship: Crafted from premium calf leather exterior and soft goat leather interior for unparalleled comfort and durability. Microlight Sole: Features a lightweight yet robust microlight sole for superior traction and ease of movement. Ideal Heel Height: Subtle 1-3 cm heel provides a perfect lift without compromising comfort. Versatile Sizing: Available in a wide range\u2026","_links":{"self":[{"href":"https:\/\/turkishtrade.co\/fr\/wp-json\/wp\/v2\/product\/5455","targetHints":{"allow":["GET"]}}],"collection":[{"href":"https:\/\/turkishtrade.co\/fr\/wp-json\/wp\/v2\/product"}],"about":[{"href":"https:\/\/turkishtrade.co\/fr\/wp-json\/wp\/v2\/types\/product"}],"wp:featuredmedia":[{"embeddable":true,"href":"https:\/\/turkishtrade.co\/fr\/wp-json\/wp\/v2\/media\/3668"}],"wp:attachment":[{"href":"https:\/\/turkishtrade.co\/fr\/wp-json\/wp\/v2\/media?parent=5455"}],"wp:term":[{"taxonomy":"product_brand","embeddable":true,"href":"https:\/\/turkishtrade.co\/fr\/wp-json\/wp\/v2\/product_brand?post=5455"},{"taxonomy":"product_cat","embeddable":true,"href":"https:\/\/turkishtrade.co\/fr\/wp-json\/wp\/v2\/product_cat?post=5455"},{"taxonomy":"product_tag","embeddable":true,"href":"https:\/\/turkishtrade.co\/fr\/wp-json\/wp\/v2\/product_tag?post=5455"}],"curies":[{"name":"wp","href":"https:\/\/api.w.org\/{rel}","templated":true}]}}