{"id":5442,"date":"2026-01-14T11:59:51","date_gmt":"2026-01-14T11:59:51","guid":{"rendered":"https:\/\/turkishtrade.co\/product\/mens-leather-tassel-loafers-2\/"},"modified":"2026-04-09T19:34:07","modified_gmt":"2026-04-09T19:34:07","slug":"mens-leather-tassel-loafers-2","status":"publish","type":"product","link":"https:\/\/turkishtrade.co\/fr\/shop\/mens-leather-tassel-loafers-2\/","title":{"rendered":"Mocassins \u00e0 glands en cuir de premi\u00e8re qualit\u00e9 fabriqu\u00e9s \u00e0 la main pour hommes"},"content":{"rendered":"<p><strong>Mocassins en cuir pour hommes<\/strong><\/p>\n<p>Am\u00e9liorez votre collection de chaussures avec notre collection exquise de <strong>Mocassins en cuir pour hommes<\/strong>, Ces mocassins ont \u00e9t\u00e9 con\u00e7us pour les hommes exigeants qui appr\u00e9cient \u00e0 la fois le style et le confort. Ces mocassins sont un v\u00e9ritable t\u00e9moignage d'un design intemporel et d'un savoir-faire sup\u00e9rieur, parfaits pour ajouter une touche de sophistication \u00e0 des ensembles formels ou d\u00e9contract\u00e9s. Disponibles en brun riche et en bleu marine classique, ces mocassins fabriqu\u00e9s \u00e0 la main sont plus que de simples chaussures ; ils sont un investissement dans une \u00e9l\u00e9gance durable.<\/p>\n<h3>Un savoir-faire in\u00e9gal\u00e9 et des mat\u00e9riaux de premi\u00e8re qualit\u00e9<\/h3>\n<p>Chaque paire de ces mocassins haut de gamme est m\u00e9ticuleusement fabriqu\u00e9e par des artisans qualifi\u00e9s, ce qui garantit une qualit\u00e9 exceptionnelle et une attention particuli\u00e8re aux d\u00e9tails. L'ext\u00e9rieur est en cuir de veau luxueux, connu pour sa texture lisse, sa durabilit\u00e9 et sa capacit\u00e9 \u00e0 d\u00e9velopper une belle patine au fil du temps. C'est ce qui fait de nos <strong>Mocassins en cuir pour hommes<\/strong> non seulement \u00e9l\u00e9gante, mais aussi durable. En compl\u00e9ment de l'ext\u00e9rieur robuste, l'int\u00e9rieur est doubl\u00e9 d'un cuir de ch\u00e8vre incroyablement doux, offrant un environnement respirant et confortable \u00e0 vos pieds tout au long de la journ\u00e9e. Cette combinaison garantit une sensation de luxe \u00e0 chaque pas.<\/p>\n<p>La base de ces chaussures remarquables est la semelle innovante Microlight. Cette semelle, \u00e0 la fois l\u00e9g\u00e8re et durable, offre une flexibilit\u00e9 et un soutien excellents, permettant des mouvements sans effort et r\u00e9duisant la fatigue. Avec une hauteur de talon subtile de 1 \u00e0 3 cm, ces mocassins offrent juste ce qu'il faut de hauteur sans compromettre le confort, ce qui les rend id\u00e9aux pour un usage prolong\u00e9. L'\u00e9l\u00e9gant pompon sur l'empeigne ajoute une touche classique, incarnant une esth\u00e9tique raffin\u00e9e qui se d\u00e9marque.<\/p>\n<h3>Polyvalence et disponibilit\u00e9<\/h3>\n<p>Que vous vous rendiez \u00e0 une r\u00e9union d'affaires, \u00e0 une soir\u00e9e sophistiqu\u00e9e ou que vous profitiez simplement d'un week-end de d\u00e9tente, ces <strong>Mocassins en cuir pour hommes<\/strong> s'adaptent parfaitement \u00e0 toutes les occasions. Associez-les \u00e0 un costume cintr\u00e9 pour une allure professionnelle, ou habillez-les d'un pantalon chino ou d'un pantalon \u00e9l\u00e9gant pour une allure plus d\u00e9contract\u00e9e. La polyvalence de ces mocassins en fait un \u00e9l\u00e9ment essentiel de la garde-robe de l'homme moderne.<\/p>\n<p>Nous proposons ces mocassins exquis dans une gamme compl\u00e8te de pointures allant du 39 au 45, garantissant un ajustement parfait pour un large \u00e9ventail de clients. Pour les d\u00e9taillants et les entreprises qui cherchent \u00e0 stocker des chaussures pour hommes de haute qualit\u00e9, ces mocassins sont disponibles avec une quantit\u00e9 minimale de commande de seulement 8 paires, ce qui en fait un excellent choix pour la vente en gros. Avec un prix comp\u00e9titif de USD par paire et un d\u00e9lai de livraison estim\u00e9 \u00e0 12 jours plus les frais de port, vous pouvez rapidement et efficacement am\u00e9liorer vos offres de produits avec un article vraiment distingu\u00e9.<\/p>\n<p>Investissez d\u00e8s aujourd'hui dans une paire de mocassins \u00e0 glands en cuir pour hommes, fabriqu\u00e9s \u00e0 la main, et faites l'exp\u00e9rience d'un m\u00e9lange parfait de tradition, de qualit\u00e9 et de style contemporain.<\/p>","protected":false},"excerpt":{"rendered":"<ul>\n<li>Fabriqu\u00e9 \u00e0 la main en cuir de veau de premi\u00e8re qualit\u00e9 \u00e0 l'ext\u00e9rieur et en cuir de ch\u00e8vre souple \u00e0 l'int\u00e9rieur.<\/li>\n<li>Dot\u00e9e d'une semelle Microlight l\u00e9g\u00e8re et confortable avec un talon de 1 \u00e0 3 cm.<\/li>\n<li>Des d\u00e9tails \u00e9l\u00e9gants en forme de pompons pour un look classique et raffin\u00e9.<\/li>\n<li>Disponible dans une large gamme de tailles : 39, 40, 41, 42, 43, 44, 45.<\/li>\n<li>Quantit\u00e9 minimale de commande : 8 paires, id\u00e9al pour les grossistes et les d\u00e9taillants.<\/li>\n<li>Prix : USD par paire.<\/li>\n<\/ul>","protected":false},"featured_media":3660,"template":"","meta":{"_acf_changed":false,"_uag_custom_page_level_css":"","site-sidebar-layout":"default","site-content-layout":"","ast-site-content-layout":"default","site-content-style":"default","site-sidebar-style":"default","ast-global-header-display":"","ast-banner-title-visibility":"","ast-main-header-display":"","ast-hfb-above-header-display":"","ast-hfb-below-header-display":"","ast-hfb-mobile-header-display":"","site-post-title":"","ast-breadcrumbs-content":"","ast-featured-img":"","footer-sml-layout":"","ast-disable-related-posts":"","theme-transparent-header-meta":"default","adv-header-id-meta":"","stick-header-meta":"","header-above-stick-meta":"","header-main-stick-meta":"","header-below-stick-meta":"","astra-migrate-meta-layouts":"set","ast-page-background-enabled":"default","ast-page-background-meta":{"desktop":{"background-color":"var(--ast-global-color-4)","background-image":"","background-repeat":"repeat","background-position":"center center","background-size":"auto","background-attachment":"scroll","background-type":"","background-media":"","overlay-type":"","overlay-color":"","overlay-opacity":"","overlay-gradient":""},"tablet":{"background-color":"","background-image":"","background-repeat":"repeat","background-position":"center center","background-size":"auto","background-attachment":"scroll","background-type":"","background-media":"","overlay-type":"","overlay-color":"","overlay-opacity":"","overlay-gradient":""},"mobile":{"background-color":"","background-image":"","background-repeat":"repeat","background-position":"center center","background-size":"auto","background-attachment":"scroll","background-type":"","background-media":"","overlay-type":"","overlay-color":"","overlay-opacity":"","overlay-gradient":""}},"ast-content-background-meta":{"desktop":{"background-color":"var(--ast-global-color-5)","background-image":"","background-repeat":"repeat","background-position":"center center","background-size":"auto","background-attachment":"scroll","background-type":"","background-media":"","overlay-type":"","overlay-color":"","overlay-opacity":"","overlay-gradient":""},"tablet":{"background-color":"var(--ast-global-color-5)","background-image":"","background-repeat":"repeat","background-position":"center center","background-size":"auto","background-attachment":"scroll","background-type":"","background-media":"","overlay-type":"","overlay-color":"","overlay-opacity":"","overlay-gradient":""},"mobile":{"background-color":"var(--ast-global-color-5)","background-image":"","background-repeat":"repeat","background-position":"center center","background-size":"auto","background-attachment":"scroll","background-type":"","background-media":"","overlay-type":"","overlay-color":"","overlay-opacity":"","overlay-gradient":""}}},"product_brand":[],"product_cat":[48,47,49,430,40],"product_tag":[635,147,202,449,284,251,437,450,227,148,217,466,349],"class_list":{"0":"post-5442","1":"product","2":"type-product","3":"status-publish","4":"has-post-thumbnail","6":"product_cat-casual","7":"product_cat-classic","8":"product_cat-loafer","9":"product_cat-men","10":"product_cat-mens-shoes","11":"product_tag-blue-loafers","12":"product_tag-brown-loafers","13":"product_tag-calf-leather","14":"product_tag-casual-shoes","15":"product_tag-dress-shoes","16":"product_tag-formal-shoes","17":"product_tag-goat-leather","18":"product_tag-handcrafted-shoes","19":"product_tag-leather-shoes","20":"product_tag-loafers","21":"product_tag-luxury-footwear","22":"product_tag-microlight-sole","23":"product_tag-tassel-loafers","24":"desktop-align-center","25":"tablet-align-center","26":"mobile-align-center","28":"first","29":"instock","30":"shipping-taxable","31":"purchasable","32":"product-type-variable","33":"has-default-attributes"},"acf":[],"uagb_featured_image_src":{"full":["https:\/\/turkishtrade.co\/wp-content\/uploads\/2026\/01\/2400EJOMN00084-DARK-BLUE-K_0069.png",453,250,false],"thumbnail":["https:\/\/turkishtrade.co\/wp-content\/uploads\/2026\/01\/2400EJOMN00084-DARK-BLUE-K_0069-150x150.png",150,150,true],"medium":["https:\/\/turkishtrade.co\/wp-content\/uploads\/2026\/01\/2400EJOMN00084-DARK-BLUE-K_0069-300x166.png",300,166,true],"medium_large":["https:\/\/turkishtrade.co\/wp-content\/uploads\/2026\/01\/2400EJOMN00084-DARK-BLUE-K_0069.png",453,250,false],"large":["https:\/\/turkishtrade.co\/wp-content\/uploads\/2026\/01\/2400EJOMN00084-DARK-BLUE-K_0069.png",453,250,false],"1536x1536":["https:\/\/turkishtrade.co\/wp-content\/uploads\/2026\/01\/2400EJOMN00084-DARK-BLUE-K_0069.png",453,250,false],"2048x2048":["https:\/\/turkishtrade.co\/wp-content\/uploads\/2026\/01\/2400EJOMN00084-DARK-BLUE-K_0069.png",453,250,false],"trp-custom-language-flag":["https:\/\/turkishtrade.co\/wp-content\/uploads\/2026\/01\/2400EJOMN00084-DARK-BLUE-K_0069-18x10.png",18,10,true],"woocommerce_thumbnail":["https:\/\/turkishtrade.co\/wp-content\/uploads\/2026\/01\/2400EJOMN00084-DARK-BLUE-K_0069-400x250.png",400,250,true],"woocommerce_single":["https:\/\/turkishtrade.co\/wp-content\/uploads\/2026\/01\/2400EJOMN00084-DARK-BLUE-K_0069.png",453,250,false],"woocommerce_gallery_thumbnail":["https:\/\/turkishtrade.co\/wp-content\/uploads\/2026\/01\/2400EJOMN00084-DARK-BLUE-K_0069-100x100.png",100,100,true]},"uagb_author_info":{"display_name":"yaser olabi","author_link":"https:\/\/turkishtrade.co\/fr\/author\/"},"uagb_comment_info":0,"uagb_excerpt":"Handcrafted from premium Calf Leather exterior and soft Goat Leather interior. Features a lightweight and comfortable Microlight sole with a 1-3 cm heel. Elegant tassel detailing for a classic and refined look. Available in a wide range of sizes: 39, 40, 41, 42, 43, 44, 45. Minimum order quantity: 8 pairs, ideal for wholesale and\u2026","_links":{"self":[{"href":"https:\/\/turkishtrade.co\/fr\/wp-json\/wp\/v2\/product\/5442","targetHints":{"allow":["GET"]}}],"collection":[{"href":"https:\/\/turkishtrade.co\/fr\/wp-json\/wp\/v2\/product"}],"about":[{"href":"https:\/\/turkishtrade.co\/fr\/wp-json\/wp\/v2\/types\/product"}],"wp:featuredmedia":[{"embeddable":true,"href":"https:\/\/turkishtrade.co\/fr\/wp-json\/wp\/v2\/media\/3660"}],"wp:attachment":[{"href":"https:\/\/turkishtrade.co\/fr\/wp-json\/wp\/v2\/media?parent=5442"}],"wp:term":[{"taxonomy":"product_brand","embeddable":true,"href":"https:\/\/turkishtrade.co\/fr\/wp-json\/wp\/v2\/product_brand?post=5442"},{"taxonomy":"product_cat","embeddable":true,"href":"https:\/\/turkishtrade.co\/fr\/wp-json\/wp\/v2\/product_cat?post=5442"},{"taxonomy":"product_tag","embeddable":true,"href":"https:\/\/turkishtrade.co\/fr\/wp-json\/wp\/v2\/product_tag?post=5442"}],"curies":[{"name":"wp","href":"https:\/\/api.w.org\/{rel}","templated":true}]}}