{"id":5438,"date":"2026-01-14T11:59:11","date_gmt":"2026-01-14T11:59:11","guid":{"rendered":"https:\/\/turkishtrade.co\/product\/men-black-leather-loafers-2\/"},"modified":"2026-04-09T19:34:12","modified_gmt":"2026-04-09T19:34:12","slug":"rare-mens-black-leather-loafers","status":"publish","type":"product","link":"https:\/\/turkishtrade.co\/fr\/shop\/rare-mens-black-leather-loafers\/","title":{"rendered":"Mocassins en cuir de veau noir de qualit\u00e9 sup\u00e9rieure avec boucle en or pour hommes"},"content":{"rendered":"<p data-rm-block-id=\"block-1\"><strong>Mocassins en cuir noir pour hommes<\/strong><\/p>\n<p data-rm-block-id=\"block-2\">\u00c9levez votre collection de chaussures gr\u00e2ce \u00e0 nos chaussures exquises. <strong>Mocassins en cuir noir pour hommes<\/strong>, Ces mocassins sont un m\u00e9lange parfait d'\u00e9l\u00e9gance intemporelle et de sophistication moderne. Ces mocassins haut de gamme ont \u00e9t\u00e9 m\u00e9ticuleusement con\u00e7us pour les hommes exigeants qui appr\u00e9cient \u00e0 la fois le style et le confort. Fabriqu\u00e9s \u00e0 partir des mat\u00e9riaux les plus nobles, ils promettent d'\u00eatre un \u00e9l\u00e9ment essentiel de votre garde-robe, adapt\u00e9 \u00e0 diverses occasions, des r\u00e9unions d'affaires aux \u00e9v\u00e9nements sociaux haut de gamme. Nos <strong>mocassins en cuir noir pour hommes<\/strong> incarnent le luxe et un engagement in\u00e9branlable en faveur de la qualit\u00e9.<\/p>\n<h3 data-rm-block-id=\"block-3\">Un savoir-faire in\u00e9gal\u00e9 et des mat\u00e9riaux de premi\u00e8re qualit\u00e9<\/h3>\n<p data-rm-block-id=\"block-4\">D\u00e9couvrez la qualit\u00e9 sup\u00e9rieure de nos mocassins, dont l'ext\u00e9rieur en cuir de veau brillant offre un aspect \u00e9l\u00e9gant et poli, ainsi qu'une durabilit\u00e9 exceptionnelle. Le grain naturel du cuir de veau garantit une esth\u00e9tique raffin\u00e9e qui ne fait que s'am\u00e9liorer avec le temps. <strong>mocassins en cuir noir pour hommes<\/strong> un investissement durable. \u00c0 l'int\u00e9rieur, vos pieds seront envelopp\u00e9s dans la douceur luxueuse du cuir de ch\u00e8vre v\u00e9ritable, connu pour sa respirabilit\u00e9 et sa souplesse. Cette combinaison de cuirs de qualit\u00e9 sup\u00e9rieure offre un confort incroyable, m\u00eame en cas de port prolong\u00e9, et contribue \u00e0 maintenir un environnement sain pour le pied. La faible hauteur du talon, de 1 \u00e0 3 cm, ajoute juste ce qu'il faut de hauteur sans compromettre le confort ou la stabilit\u00e9.<\/p>\n<h3 data-rm-block-id=\"block-5\">Design sophistiqu\u00e9 et polyvalence<\/h3>\n<p data-rm-block-id=\"block-6\">Ce qui distingue vraiment ces <strong>mocassins en cuir noir pour hommes<\/strong> est leur design distinctif. Une boucle dor\u00e9e remarquable orne \u00e9l\u00e9gamment l'empeigne, ajoutant une touche de charme sophistiqu\u00e9 et un int\u00e9r\u00eat visuel qui attire l'attention. Cette silhouette de mocassin classique est suffisamment polyvalente pour s'associer \u00e0 toute une s\u00e9rie de tenues, des costumes \u00e9l\u00e9gants aux ensembles d\u00e9contract\u00e9s. Que vous assistiez \u00e0 un \u00e9v\u00e9nement formel, que vous alliez au bureau ou que vous profitiez d'une soir\u00e9e raffin\u00e9e, ces mocassins vous permettront de vous d\u00e9marquer. La semelle Microlight offre une flexibilit\u00e9 l\u00e9g\u00e8re et une excellente adh\u00e9rence, ce qui vous donne confiance \u00e0 chaque pas.<\/p>\n<p data-rm-block-id=\"block-8\">","protected":false},"excerpt":{"rendered":"<ul>\n<li>Fabriqu\u00e9 avec un ext\u00e9rieur en cuir de veau luxueux pour une finition \u00e9l\u00e9gante.<\/li>\n<li>L'int\u00e9rieur est en cuir de ch\u00e8vre souple et respirant pour un confort optimal.<\/li>\n<li>\u00c9quip\u00e9 d'une semelle Microlight durable mais l\u00e9g\u00e8re pour une excellente traction.<\/li>\n<li>Il est orn\u00e9 d'une \u00e9l\u00e9gante boucle dor\u00e9e qui lui conf\u00e8re un charme sophistiqu\u00e9.<\/li>\n<li>Disponible dans une large gamme de tailles : 39, 40, 41, 42, 43, 44, 45.<\/li>\n<li>Quantit\u00e9 minimale de commande : 8 paires, id\u00e9al pour les achats en gros et en masse.<\/li>\n<li>Vous b\u00e9n\u00e9ficiez d'une livraison rapide dans les 12 jours, plus le d\u00e9lai d'exp\u00e9dition standard.<\/li>\n<li>Prix comp\u00e9titif par paire (hors bottes).<\/li>\n<\/ul>","protected":false},"featured_media":3657,"template":"","meta":{"_acf_changed":false,"_uag_custom_page_level_css":"","site-sidebar-layout":"default","site-content-layout":"","ast-site-content-layout":"default","site-content-style":"default","site-sidebar-style":"default","ast-global-header-display":"","ast-banner-title-visibility":"","ast-main-header-display":"","ast-hfb-above-header-display":"","ast-hfb-below-header-display":"","ast-hfb-mobile-header-display":"","site-post-title":"","ast-breadcrumbs-content":"","ast-featured-img":"","footer-sml-layout":"","ast-disable-related-posts":"","theme-transparent-header-meta":"default","adv-header-id-meta":"","stick-header-meta":"","header-above-stick-meta":"","header-main-stick-meta":"","header-below-stick-meta":"","astra-migrate-meta-layouts":"set","ast-page-background-enabled":"default","ast-page-background-meta":{"desktop":{"background-color":"var(--ast-global-color-4)","background-image":"","background-repeat":"repeat","background-position":"center center","background-size":"auto","background-attachment":"scroll","background-type":"","background-media":"","overlay-type":"","overlay-color":"","overlay-opacity":"","overlay-gradient":""},"tablet":{"background-color":"","background-image":"","background-repeat":"repeat","background-position":"center center","background-size":"auto","background-attachment":"scroll","background-type":"","background-media":"","overlay-type":"","overlay-color":"","overlay-opacity":"","overlay-gradient":""},"mobile":{"background-color":"","background-image":"","background-repeat":"repeat","background-position":"center center","background-size":"auto","background-attachment":"scroll","background-type":"","background-media":"","overlay-type":"","overlay-color":"","overlay-opacity":"","overlay-gradient":""}},"ast-content-background-meta":{"desktop":{"background-color":"var(--ast-global-color-5)","background-image":"","background-repeat":"repeat","background-position":"center center","background-size":"auto","background-attachment":"scroll","background-type":"","background-media":"","overlay-type":"","overlay-color":"","overlay-opacity":"","overlay-gradient":""},"tablet":{"background-color":"var(--ast-global-color-5)","background-image":"","background-repeat":"repeat","background-position":"center center","background-size":"auto","background-attachment":"scroll","background-type":"","background-media":"","overlay-type":"","overlay-color":"","overlay-opacity":"","overlay-gradient":""},"mobile":{"background-color":"var(--ast-global-color-5)","background-image":"","background-repeat":"repeat","background-position":"center center","background-size":"auto","background-attachment":"scroll","background-type":"","background-media":"","overlay-type":"","overlay-color":"","overlay-opacity":"","overlay-gradient":""}}},"product_brand":[],"product_cat":[48,47,49,430,40],"product_tag":[814,405,202,284,251,437,927,416,324,198,186,466,362,670,281],"class_list":{"0":"post-5438","1":"product","2":"type-product","3":"status-publish","4":"has-post-thumbnail","6":"product_cat-casual","7":"product_cat-classic","8":"product_cat-loafer","9":"product_cat-men","10":"product_cat-mens-shoes","11":"product_tag-black-leather-loafers","12":"product_tag-business-shoes","13":"product_tag-calf-leather","14":"product_tag-dress-shoes","15":"product_tag-formal-shoes","16":"product_tag-goat-leather","17":"product_tag-gold-buckle-shoes","18":"product_tag-luxury-shoes","19":"product_tag-mens-dress-shoes","20":"product_tag-mens-fashion","21":"product_tag-mens-loafers","22":"product_tag-microlight-sole","23":"product_tag-premium-footwear","24":"product_tag-stylish-loafers","25":"product_tag-wholesale-shoes","26":"desktop-align-center","27":"tablet-align-center","28":"mobile-align-center","30":"first","31":"instock","32":"shipping-taxable","33":"purchasable","34":"product-type-variable","35":"has-default-attributes"},"acf":[],"uagb_featured_image_src":{"full":["https:\/\/turkishtrade.co\/wp-content\/uploads\/2026\/01\/2400EJOMN00020-BLACK-M_6.png",453,250,false],"thumbnail":["https:\/\/turkishtrade.co\/wp-content\/uploads\/2026\/01\/2400EJOMN00020-BLACK-M_6-150x150.png",150,150,true],"medium":["https:\/\/turkishtrade.co\/wp-content\/uploads\/2026\/01\/2400EJOMN00020-BLACK-M_6-300x166.png",300,166,true],"medium_large":["https:\/\/turkishtrade.co\/wp-content\/uploads\/2026\/01\/2400EJOMN00020-BLACK-M_6.png",453,250,false],"large":["https:\/\/turkishtrade.co\/wp-content\/uploads\/2026\/01\/2400EJOMN00020-BLACK-M_6.png",453,250,false],"1536x1536":["https:\/\/turkishtrade.co\/wp-content\/uploads\/2026\/01\/2400EJOMN00020-BLACK-M_6.png",453,250,false],"2048x2048":["https:\/\/turkishtrade.co\/wp-content\/uploads\/2026\/01\/2400EJOMN00020-BLACK-M_6.png",453,250,false],"trp-custom-language-flag":["https:\/\/turkishtrade.co\/wp-content\/uploads\/2026\/01\/2400EJOMN00020-BLACK-M_6-18x10.png",18,10,true],"woocommerce_thumbnail":["https:\/\/turkishtrade.co\/wp-content\/uploads\/2026\/01\/2400EJOMN00020-BLACK-M_6-400x250.png",400,250,true],"woocommerce_single":["https:\/\/turkishtrade.co\/wp-content\/uploads\/2026\/01\/2400EJOMN00020-BLACK-M_6.png",453,250,false],"woocommerce_gallery_thumbnail":["https:\/\/turkishtrade.co\/wp-content\/uploads\/2026\/01\/2400EJOMN00020-BLACK-M_6-100x100.png",100,100,true]},"uagb_author_info":{"display_name":"yaser olabi","author_link":"https:\/\/turkishtrade.co\/fr\/author\/"},"uagb_comment_info":0,"uagb_excerpt":"Crafted with a luxurious calf leather exterior for a sleek finish. Features a soft and breathable goat leather interior for ultimate comfort. Equipped with a durable yet lightweight Microlight sole for excellent traction. Adorned with an elegant gold buckle detail, adding a touch of sophisticated charm. Available in a wide range of sizes: 39, 40,\u2026","_links":{"self":[{"href":"https:\/\/turkishtrade.co\/fr\/wp-json\/wp\/v2\/product\/5438","targetHints":{"allow":["GET"]}}],"collection":[{"href":"https:\/\/turkishtrade.co\/fr\/wp-json\/wp\/v2\/product"}],"about":[{"href":"https:\/\/turkishtrade.co\/fr\/wp-json\/wp\/v2\/types\/product"}],"wp:featuredmedia":[{"embeddable":true,"href":"https:\/\/turkishtrade.co\/fr\/wp-json\/wp\/v2\/media\/3657"}],"wp:attachment":[{"href":"https:\/\/turkishtrade.co\/fr\/wp-json\/wp\/v2\/media?parent=5438"}],"wp:term":[{"taxonomy":"product_brand","embeddable":true,"href":"https:\/\/turkishtrade.co\/fr\/wp-json\/wp\/v2\/product_brand?post=5438"},{"taxonomy":"product_cat","embeddable":true,"href":"https:\/\/turkishtrade.co\/fr\/wp-json\/wp\/v2\/product_cat?post=5438"},{"taxonomy":"product_tag","embeddable":true,"href":"https:\/\/turkishtrade.co\/fr\/wp-json\/wp\/v2\/product_tag?post=5438"}],"curies":[{"name":"wp","href":"https:\/\/api.w.org\/{rel}","templated":true}]}}